{"id":7504,"date":"2025-01-03T06:18:45","date_gmt":"2025-01-03T06:18:45","guid":{"rendered":"https:\/\/radianslighting.com\/?post_type=product&#038;p=7504"},"modified":"2025-10-22T15:47:44","modified_gmt":"2025-10-22T15:47:44","slug":"zoomable-track-light","status":"publish","type":"product","link":"https:\/\/radianslighting.com\/de\/produkt\/zoomable-track-light","title":{"rendered":"Zoombares Schienenlicht"},"content":{"rendered":"<p>Das zoombare Schienenlicht ist eine vielseitige Beleuchtungsl\u00f6sung. Der Abstrahlwinkel l\u00e4sst sich einfach einstellen. Dadurch eignet es sich ideal f\u00fcr verschiedene Umgebungen, darunter Museen und Galerien.<\/p>\n<p>Diese Leuchten k\u00f6nnen Lichtpunkte in verschiedenen Formen erzeugen. Benutzer k\u00f6nnen Gr\u00f6\u00dfe und Richtung des Lichts ver\u00e4ndern. Diese Flexibilit\u00e4t erh\u00f6ht die optische Attraktivit\u00e4t der ausgestellten Artikel.<\/p>\n<p>In Museen setzt das zoombare Schienenlicht Kunstwerke wirkungsvoll in Szene. Es lenkt die Aufmerksamkeit auf bestimmte St\u00fccke und hebt sie hervor. Dieser Effekt tr\u00e4gt dazu bei, die Sch\u00f6nheit der Exponate zu unterstreichen.<\/p>\n<p>Zoombare Schienenleuchten eignen sich auch f\u00fcr gewerbliche R\u00e4ume. Sie eignen sich hervorragend f\u00fcr Caf\u00e9s, Hotels und Einzelhandelsgesch\u00e4fte. Ihre einstellbaren Funktionen erm\u00f6glichen individuelle Lichtl\u00f6sungen.<\/p>\n<p>Diese Leuchten nutzen fortschrittliche optische Technologie. Sie erzeugen scharfe, klare Lichtkanten ohne Verzerrung. Diese Eigenschaft stellt sicher, dass das Licht genau dort fokussiert wird, wo es ben\u00f6tigt wird.<\/p>\n<p>Die Installation ist unkompliziert, da sie sowohl auf der Oberfl\u00e4che als auch auf Schienen montiert werden k\u00f6nnen. Dank dieser Anpassungsf\u00e4higkeit lassen sie sich problemlos in bestehende Systeme integrieren. Nutzer k\u00f6nnen aus verschiedenen Stilen und Farben w\u00e4hlen, passend zu ihrer Einrichtung.<\/p>\n<p>Ein weiterer Vorteil dieser Leuchten ist ihre Energieeffizienz. Sie verwenden h\u00e4ufig LED-Technologie, die weniger Strom verbraucht. Das spart nicht nur Energie, sondern senkt auch langfristig die Kosten.<\/p>\n<p>Insgesamt vereint das zoombare Schienenlicht Funktionalit\u00e4t mit Stil. Die M\u00f6glichkeit, die Lichtleistung anzupassen, macht es zu einer beliebten Wahl. Ob f\u00fcr Kunstausstellungen oder den gewerblichen Einsatz \u2013 es erf\u00fcllt vielf\u00e4ltige Beleuchtungsbed\u00fcrfnisse.<\/p>\n<h2>Produktshow von Zoomable Track Light<\/h2>\n<h2><img fetchpriority=\"high\" decoding=\"async\" class=\"alignnone size-full wp-image-7510\" src=\"https:\/\/radianslighting.com\/wp-content\/uploads\/2025\/01\/zoom-track-light-1-1.jpg\" alt=\"Zoomable Track Light\" width=\"1200\" height=\"670\" srcset=\"https:\/\/radianslighting.com\/wp-content\/uploads\/2025\/01\/zoom-track-light-1-1.jpg 1200w, https:\/\/radianslighting.com\/wp-content\/uploads\/2025\/01\/zoom-track-light-1-1-300x168.jpg 300w, https:\/\/radianslighting.com\/wp-content\/uploads\/2025\/01\/zoom-track-light-1-1-1024x572.jpg 1024w, https:\/\/radianslighting.com\/wp-content\/uploads\/2025\/01\/zoom-track-light-1-1-768x429.jpg 768w, https:\/\/radianslighting.com\/wp-content\/uploads\/2025\/01\/zoom-track-light-1-1-600x335.jpg 600w\" sizes=\"(max-width: 1200px) 100vw, 1200px\" \/><\/h2>\n<h2>H\u00e4ufig gestellte Fragen:<\/h2>\n<p><strong>Frage<\/strong>: Sind Sie eine Fabrik?<br \/>\n<strong>Antwort<\/strong>: Ja, wir sind ein professioneller Hersteller mit vielen erfahrenen Ingenieuren und Mitarbeitern.<\/p>\n<p><strong>Frage<\/strong>: Gibt es bei Ihnen eine Mindestbestellmenge (MOQ) f\u00fcr LED-Lichtbestellungen?<br \/>\n<strong>Antwort<\/strong>: Nein. Keine Mindestbestellmenge begrenzt. Sie k\u00f6nnen 1 St\u00fcck zum Testen und Pr\u00fcfen abgeben.<\/p>\n<p><strong>Frage<\/strong>: Wie sieht es mit Ihrer Vorlaufzeit aus?<br \/>\n<strong>Antwort<\/strong>: 3-5 Arbeitstage f\u00fcr Muster, 15 Arbeitstage f\u00fcr Sammelbestellungen.<\/p>\n<p><strong>Frage<\/strong>: Wie viele Jahre Garantie bieten Sie auf Ihr Downlight?<br \/>\n<strong>Antwort<\/strong>:F\u00fcr die meisten unserer Downlights bieten wir grunds\u00e4tzlich eine Garantie von 3 oder 5 Jahren. Bei weiteren Fragen stehen wir Ihnen gerne zur Verf\u00fcgung.<\/p>\n<p><strong>Frage<\/strong>: Kann ich mein Logo auf Ihr Produkt und Ihre Verpackung setzen?<br \/>\n<strong>Antwort<\/strong>: Sicher. Aber wir haben MOQ f\u00fcr OEM-Service f\u00fcr verschiedene Produkte.<\/p>","protected":false},"excerpt":{"rendered":"<ul>\n<li>Modellnummer: RSTL118-ZM<\/li>\n<li>Leistung: 9-18W<\/li>\n<li>Lumeneffizienz: 100lm\/W<\/li>\n<li>CCT: 2700K\/3000K\/4000K\/57000K\/DTW<\/li>\n<li>Dimmen: Kein Dimmen, Triac, 0\/1-10V, DALI, Tuya, Zigbee<\/li>\n<li>Abstrahlwinkel: 15\u00b0~60\u00b0 ver\u00e4nderbar<\/li>\n<li>Adapter: 2-Wege, 3-Wege, 4-Wege<\/li>\n<li>IP-Schutzart: IP44<\/li>\n<li>Abmessung: AxB=\u03c660x118mm<\/li>\n<li>Farbe: Wei\u00df\/Schwarz<\/li>\n<li>Garantie: 3 Jahre\/ 5 Jahre<\/li>\n<li>Bemerkung: Zoombares Schienenlicht<\/li>\n<\/ul>","protected":false},"featured_media":7506,"comment_status":"open","ping_status":"closed","template":"","meta":[],"product_cat":[572,571,412,554,555,557,409,573,411,574,410,290,575,558,559,556,560],"product_tag":[415,423,443,414,439,425,418,417,432,424,455,435,427,456,454,433,413,436,447,430,452,442,300,429,444,420,421,416,428,434,437,422,451,457,298,441,450,453,426,449,446,448,445,419,299],"class_list":{"0":"post-7504","1":"product","2":"type-product","3":"status-publish","4":"has-post-thumbnail","6":"product_cat-2-circuit-track-lighting","7":"product_cat-3-circuit-track-lighting","8":"product_cat-adjustable-track-lighting","9":"product_cat-bathroom-track-lighting","10":"product_cat-bedroom-track-lighting","11":"product_cat-ciling-track-lighting-living-room","12":"product_cat-commercial-track-lighting","13":"product_cat-dimmable-led-track-lighting","14":"product_cat-dimmable-track-lighting","15":"product_cat-dimmable-track-lighting-led","16":"product_cat-kitchen-track-lighting","17":"product_cat-led-track-light","18":"product_cat-single-circuit-track-lighting","19":"product_cat-track-lighting-for-hair-salon","20":"product_cat-track-lighting-for-retail-stores","21":"product_cat-track-lights-for-dining-room","22":"product_cat-track-lights-for-office","23":"product_tag-black-led-track-lighting","24":"product_tag-black-spotlight-track","25":"product_tag-black-track-lighting","26":"product_tag-black-track-lighting-modern","27":"product_tag-ceiling-track-light-fixture","28":"product_tag-ceiling-track-spotlights","29":"product_tag-custom-track-lighting","30":"product_tag-dimmable-led-track-lighting","31":"product_tag-dimmable-track-lighting-led","32":"product_tag-indoor-track-lighting","33":"product_tag-led-lights-for-track-lighting","34":"product_tag-led-track-lighting","35":"product_tag-led-track-spotlights","36":"product_tag-light-track-lighting","37":"product_tag-lights-for-track-lighting","38":"product_tag-low-profile-led-track-lighting","39":"product_tag-low-profile-track-lighting","40":"product_tag-magnetic-track-light","41":"product_tag-magnetic-track-light-ceiling","42":"product_tag-magnetic-track-light-white","43":"product_tag-magnetic-track-lights-ceiling","44":"product_tag-modern-track-lighting","45":"product_tag-rail-lighting","46":"product_tag-rail-spotlight","47":"product_tag-recessed-track-lighting","48":"product_tag-restaurant-track-lighting","49":"product_tag-slim-track-lighting","50":"product_tag-spotlight-track-lighting","51":"product_tag-track-downlights","52":"product_tag-track-light","53":"product_tag-track-light-ceiling","54":"product_tag-track-light-magnetic","55":"product_tag-track-light-recessed","56":"product_tag-track-light-spot","57":"product_tag-track-light-spotlight","58":"product_tag-track-light-track-light","59":"product_tag-track-lighting-magnetic","60":"product_tag-track-lighting-track","61":"product_tag-track-luminaire","62":"product_tag-track-recessed-lighting","63":"product_tag-track-spotlights","64":"product_tag-track-spotlights-kitchen","65":"product_tag-wall-mounted-track-lighting","66":"product_tag-white-led-track-lighting","67":"product_tag-white-track-lighting","69":"first","70":"instock","71":"featured","72":"shipping-taxable","73":"purchasable","74":"product-type-simple"},"yoast_head":"<!-- This site is optimized with the Yoast SEO Premium plugin v20.8 (Yoast SEO v21.9.1) - https:\/\/yoast.com\/wordpress\/plugins\/seo\/ -->\n<title>Energy-Efficient Zoomable Track Light (4000K, 3000lm) Radians<\/title>\n<meta name=\"description\" content=\"Radians lighting is a professional manufacturer working on design and solution of Zoomable Track Light for commercial and residential.\" \/>\n<meta name=\"robots\" content=\"index, follow, max-snippet:-1, max-image-preview:large, max-video-preview:-1\" \/>\n<link rel=\"canonical\" href=\"https:\/\/radianslighting.com\/de\/produkt\/zoomable-track-light\/\" \/>\n<meta property=\"og:locale\" content=\"de_DE\" \/>\n<meta property=\"og:type\" content=\"article\" \/>\n<meta property=\"og:title\" content=\"Zoomable Track Light\" \/>\n<meta property=\"og:description\" content=\"Radians lighting is a professional manufacturer working on design and solution of Zoomable Track Light for commercial and residential.\" \/>\n<meta property=\"og:url\" content=\"https:\/\/radianslighting.com\/de\/produkt\/zoomable-track-light\/\" \/>\n<meta property=\"og:site_name\" content=\"Radians Lighting\" \/>\n<meta property=\"article:modified_time\" content=\"2025-10-22T15:47:44+00:00\" \/>\n<meta property=\"og:image\" content=\"https:\/\/radianslighting.com\/wp-content\/uploads\/2025\/01\/track-light.jpg\" \/>\n\t<meta property=\"og:image:width\" content=\"1000\" \/>\n\t<meta property=\"og:image:height\" content=\"1000\" \/>\n\t<meta property=\"og:image:type\" content=\"image\/jpeg\" \/>\n<meta name=\"twitter:card\" content=\"summary_large_image\" \/>\n<meta name=\"twitter:label1\" content=\"Gesch\u00e4tzte Lesezeit\" \/>\n\t<meta name=\"twitter:data1\" content=\"2\u00a0Minuten\" \/>\n<script type=\"application\/ld+json\" class=\"yoast-schema-graph\">{\"@context\":\"https:\/\/schema.org\",\"@graph\":[{\"@type\":\"WebPage\",\"@id\":\"https:\/\/radianslighting.com\/product\/zoomable-track-light\",\"url\":\"https:\/\/radianslighting.com\/product\/zoomable-track-light\",\"name\":\"Energy-Efficient Zoomable Track Light (4000K, 3000lm) Radians\",\"isPartOf\":{\"@id\":\"https:\/\/radianslighting.com\/#website\"},\"datePublished\":\"2025-01-03T06:18:45+00:00\",\"dateModified\":\"2025-10-22T15:47:44+00:00\",\"description\":\"Radians lighting is a professional manufacturer working on design and solution of Zoomable Track Light for commercial and residential.\",\"breadcrumb\":{\"@id\":\"https:\/\/radianslighting.com\/product\/zoomable-track-light#breadcrumb\"},\"inLanguage\":\"de\",\"potentialAction\":[{\"@type\":\"ReadAction\",\"target\":[\"https:\/\/radianslighting.com\/product\/zoomable-track-light\"]}]},{\"@type\":\"BreadcrumbList\",\"@id\":\"https:\/\/radianslighting.com\/product\/zoomable-track-light#breadcrumb\",\"itemListElement\":[{\"@type\":\"ListItem\",\"position\":1,\"name\":\"Home\",\"item\":\"https:\/\/radianslighting.com\/\"},{\"@type\":\"ListItem\",\"position\":2,\"name\":\"Shop\",\"item\":\"https:\/\/radianslighting.com\/shop\"},{\"@type\":\"ListItem\",\"position\":3,\"name\":\"Zoomable Track Light\"}]},{\"@type\":\"WebSite\",\"@id\":\"https:\/\/radianslighting.com\/#website\",\"url\":\"https:\/\/radianslighting.com\/\",\"name\":\"Radians Lighting\",\"description\":\"LED Lights Manufacturer | LED Downlights | Track Lights | High-Efficiency, 5-year warranty | Radians\",\"publisher\":{\"@id\":\"https:\/\/radianslighting.com\/#organization\"},\"potentialAction\":[{\"@type\":\"SearchAction\",\"target\":{\"@type\":\"EntryPoint\",\"urlTemplate\":\"https:\/\/radianslighting.com\/?s={search_term_string}\"},\"query-input\":\"required name=search_term_string\"}],\"inLanguage\":\"de\"},{\"@type\":\"Organization\",\"@id\":\"https:\/\/radianslighting.com\/#organization\",\"name\":\"Radians Lighting\",\"url\":\"https:\/\/radianslighting.com\/\",\"logo\":{\"@type\":\"ImageObject\",\"inLanguage\":\"de\",\"@id\":\"https:\/\/radianslighting.com\/#\/schema\/logo\/image\/\",\"url\":\"https:\/\/radianslighting.com\/wp-content\/uploads\/2024\/07\/LOGO-1.jpg\",\"contentUrl\":\"https:\/\/radianslighting.com\/wp-content\/uploads\/2024\/07\/LOGO-1.jpg\",\"width\":1835,\"height\":411,\"caption\":\"Radians Lighting\"},\"image\":{\"@id\":\"https:\/\/radianslighting.com\/#\/schema\/logo\/image\/\"}}]}<\/script>\n<!-- \/ Yoast SEO Premium plugin. -->","yoast_head_json":{"title":"Energy-Efficient Zoomable Track Light (4000K, 3000lm) Radians","description":"Radians lighting is a professional manufacturer working on design and solution of Zoomable Track Light for commercial and residential.","robots":{"index":"index","follow":"follow","max-snippet":"max-snippet:-1","max-image-preview":"max-image-preview:large","max-video-preview":"max-video-preview:-1"},"canonical":"https:\/\/radianslighting.com\/de\/produkt\/zoomable-track-light\/","og_locale":"de_DE","og_type":"article","og_title":"Zoomable Track Light","og_description":"Radians lighting is a professional manufacturer working on design and solution of Zoomable Track Light for commercial and residential.","og_url":"https:\/\/radianslighting.com\/de\/produkt\/zoomable-track-light\/","og_site_name":"Radians Lighting","article_modified_time":"2025-10-22T15:47:44+00:00","og_image":[{"width":1000,"height":1000,"url":"https:\/\/radianslighting.com\/wp-content\/uploads\/2025\/01\/track-light.jpg","type":"image\/jpeg"}],"twitter_card":"summary_large_image","twitter_misc":{"Gesch\u00e4tzte Lesezeit":"2\u00a0Minuten"},"schema":{"@context":"https:\/\/schema.org","@graph":[{"@type":"WebPage","@id":"https:\/\/radianslighting.com\/product\/zoomable-track-light","url":"https:\/\/radianslighting.com\/product\/zoomable-track-light","name":"Energy-Efficient Zoomable Track Light (4000K, 3000lm) Radians","isPartOf":{"@id":"https:\/\/radianslighting.com\/#website"},"datePublished":"2025-01-03T06:18:45+00:00","dateModified":"2025-10-22T15:47:44+00:00","description":"Radians lighting is a professional manufacturer working on design and solution of Zoomable Track Light for commercial and residential.","breadcrumb":{"@id":"https:\/\/radianslighting.com\/product\/zoomable-track-light#breadcrumb"},"inLanguage":"de","potentialAction":[{"@type":"ReadAction","target":["https:\/\/radianslighting.com\/product\/zoomable-track-light"]}]},{"@type":"BreadcrumbList","@id":"https:\/\/radianslighting.com\/product\/zoomable-track-light#breadcrumb","itemListElement":[{"@type":"ListItem","position":1,"name":"Home","item":"https:\/\/radianslighting.com\/"},{"@type":"ListItem","position":2,"name":"Shop","item":"https:\/\/radianslighting.com\/shop"},{"@type":"ListItem","position":3,"name":"Zoomable Track Light"}]},{"@type":"WebSite","@id":"https:\/\/radianslighting.com\/#website","url":"https:\/\/radianslighting.com\/","name":"Radians Lighting","description":"LED Lights Manufacturer | LED Downlights | Track Lights | High-Efficiency, 5-year warranty | Radians","publisher":{"@id":"https:\/\/radianslighting.com\/#organization"},"potentialAction":[{"@type":"SearchAction","target":{"@type":"EntryPoint","urlTemplate":"https:\/\/radianslighting.com\/?s={search_term_string}"},"query-input":"required name=search_term_string"}],"inLanguage":"de"},{"@type":"Organization","@id":"https:\/\/radianslighting.com\/#organization","name":"Radians Lighting","url":"https:\/\/radianslighting.com\/","logo":{"@type":"ImageObject","inLanguage":"de","@id":"https:\/\/radianslighting.com\/#\/schema\/logo\/image\/","url":"https:\/\/radianslighting.com\/wp-content\/uploads\/2024\/07\/LOGO-1.jpg","contentUrl":"https:\/\/radianslighting.com\/wp-content\/uploads\/2024\/07\/LOGO-1.jpg","width":1835,"height":411,"caption":"Radians Lighting"},"image":{"@id":"https:\/\/radianslighting.com\/#\/schema\/logo\/image\/"}}]}},"_links":{"self":[{"href":"https:\/\/radianslighting.com\/de\/wp-json\/wp\/v2\/product\/7504"}],"collection":[{"href":"https:\/\/radianslighting.com\/de\/wp-json\/wp\/v2\/product"}],"about":[{"href":"https:\/\/radianslighting.com\/de\/wp-json\/wp\/v2\/types\/product"}],"replies":[{"embeddable":true,"href":"https:\/\/radianslighting.com\/de\/wp-json\/wp\/v2\/comments?post=7504"}],"wp:featuredmedia":[{"embeddable":true,"href":"https:\/\/radianslighting.com\/de\/wp-json\/wp\/v2\/media\/7506"}],"wp:attachment":[{"href":"https:\/\/radianslighting.com\/de\/wp-json\/wp\/v2\/media?parent=7504"}],"wp:term":[{"taxonomy":"product_cat","embeddable":true,"href":"https:\/\/radianslighting.com\/de\/wp-json\/wp\/v2\/product_cat?post=7504"},{"taxonomy":"product_tag","embeddable":true,"href":"https:\/\/radianslighting.com\/de\/wp-json\/wp\/v2\/product_tag?post=7504"}],"curies":[{"name":"wp","href":"https:\/\/api.w.org\/{rel}","templated":true}]}}