{"id":6867,"date":"2024-12-10T02:35:45","date_gmt":"2024-12-10T02:35:45","guid":{"rendered":"https:\/\/radianslighting.com\/?post_type=product&#038;p=6867"},"modified":"2025-06-06T02:45:54","modified_gmt":"2025-06-06T02:45:54","slug":"downlight-spotlight","status":"publish","type":"product","link":"https:\/\/radianslighting.com\/de\/produkt\/downlight-spotlight","title":{"rendered":"Downlight-Strahler"},"content":{"rendered":"<p>Dies ist ein hocheffizienter Downlight-Strahler mit 110 lm pro Watt. F\u00fcr das neue Energielabel entspricht er der E-Klasse, obwohl er mit einem dimmbaren Treiber ausgestattet ist.<\/p>\n<p>LED-Einbaustrahler werden mit einem sch\u00f6nen Reflektor von Shinland geliefert und liefern eine sch\u00f6ne Strahlform mit einer klaren V-Form.<\/p>\n<h2>Produktshow von Downlight Spotlight:<\/h2>\n<h2><img fetchpriority=\"high\" decoding=\"async\" class=\"alignnone size-full wp-image-6476\" src=\"https:\/\/radianslighting.com\/wp-content\/uploads\/2023\/02\/\u4ea7\u54c11.780.png\" alt=\"LED Spot Downlight\" width=\"7680\" height=\"5760\" srcset=\"https:\/\/radianslighting.com\/wp-content\/uploads\/2023\/02\/\u4ea7\u54c11.780.png 7680w, https:\/\/radianslighting.com\/wp-content\/uploads\/2023\/02\/\u4ea7\u54c11.780-300x225.png 300w, https:\/\/radianslighting.com\/wp-content\/uploads\/2023\/02\/\u4ea7\u54c11.780-1024x768.png 1024w, https:\/\/radianslighting.com\/wp-content\/uploads\/2023\/02\/\u4ea7\u54c11.780-768x576.png 768w, https:\/\/radianslighting.com\/wp-content\/uploads\/2023\/02\/\u4ea7\u54c11.780-1536x1152.png 1536w, https:\/\/radianslighting.com\/wp-content\/uploads\/2023\/02\/\u4ea7\u54c11.780-2048x1536.png 2048w, https:\/\/radianslighting.com\/wp-content\/uploads\/2023\/02\/\u4ea7\u54c11.780-600x450.png 600w\" sizes=\"(max-width: 7680px) 100vw, 7680px\" \/> <img decoding=\"async\" class=\"alignnone size-full wp-image-6475\" src=\"https:\/\/radianslighting.com\/wp-content\/uploads\/2023\/02\/\u4ea7\u54c11.782.png\" alt=\"LED Spot Downlight\" width=\"7680\" height=\"5760\" srcset=\"https:\/\/radianslighting.com\/wp-content\/uploads\/2023\/02\/\u4ea7\u54c11.782.png 7680w, https:\/\/radianslighting.com\/wp-content\/uploads\/2023\/02\/\u4ea7\u54c11.782-300x225.png 300w, https:\/\/radianslighting.com\/wp-content\/uploads\/2023\/02\/\u4ea7\u54c11.782-1024x768.png 1024w, https:\/\/radianslighting.com\/wp-content\/uploads\/2023\/02\/\u4ea7\u54c11.782-768x576.png 768w, https:\/\/radianslighting.com\/wp-content\/uploads\/2023\/02\/\u4ea7\u54c11.782-1536x1152.png 1536w, https:\/\/radianslighting.com\/wp-content\/uploads\/2023\/02\/\u4ea7\u54c11.782-2048x1536.png 2048w, https:\/\/radianslighting.com\/wp-content\/uploads\/2023\/02\/\u4ea7\u54c11.782-600x450.png 600w\" sizes=\"(max-width: 7680px) 100vw, 7680px\" \/> <img decoding=\"async\" class=\"alignnone size-full wp-image-6474\" src=\"https:\/\/radianslighting.com\/wp-content\/uploads\/2023\/02\/\u4ea7\u54c11.781.png\" alt=\"LED Spot Downlight\" width=\"7680\" height=\"5760\" srcset=\"https:\/\/radianslighting.com\/wp-content\/uploads\/2023\/02\/\u4ea7\u54c11.781.png 7680w, https:\/\/radianslighting.com\/wp-content\/uploads\/2023\/02\/\u4ea7\u54c11.781-300x225.png 300w, https:\/\/radianslighting.com\/wp-content\/uploads\/2023\/02\/\u4ea7\u54c11.781-1024x768.png 1024w, https:\/\/radianslighting.com\/wp-content\/uploads\/2023\/02\/\u4ea7\u54c11.781-768x576.png 768w, https:\/\/radianslighting.com\/wp-content\/uploads\/2023\/02\/\u4ea7\u54c11.781-1536x1152.png 1536w, https:\/\/radianslighting.com\/wp-content\/uploads\/2023\/02\/\u4ea7\u54c11.781-2048x1536.png 2048w, https:\/\/radianslighting.com\/wp-content\/uploads\/2023\/02\/\u4ea7\u54c11.781-600x450.png 600w\" sizes=\"(max-width: 7680px) 100vw, 7680px\" \/><\/h2>\n<h2>H\u00e4ufig gestellte Fragen:<\/h2>\n<p><strong>Frage<\/strong>: Sind Sie eine Fabrik?<br \/>\n<strong>Antwort<\/strong>: Ja, wir sind ein professioneller Hersteller mit vielen erfahrenen Ingenieuren und Mitarbeitern.<\/p>\n<p><strong>Frage<\/strong>: Gibt es bei Ihnen eine Mindestbestellmenge (MOQ) f\u00fcr LED-Lichtbestellungen?<br \/>\n<strong>Antwort<\/strong>: Nein. Keine Mindestbestellmenge begrenzt. Sie k\u00f6nnen 1 St\u00fcck zum Testen und Pr\u00fcfen abgeben.<\/p>\n<p><strong>Frage<\/strong>: Wie sieht es mit Ihrer Vorlaufzeit aus?<br \/>\n<strong>Antwort<\/strong>: 3-5 Arbeitstage f\u00fcr Muster, 15 Arbeitstage f\u00fcr Sammelbestellungen.<\/p>\n<p><strong>Frage<\/strong>: Wie viele Jahre Garantie bieten Sie auf Ihr Downlight?<br \/>\n<strong>Antwort<\/strong>:F\u00fcr die meisten unserer Downlights bieten wir grunds\u00e4tzlich eine Garantie von 3 oder 5 Jahren. Bei weiteren Fragen stehen wir Ihnen gerne zur Verf\u00fcgung.<\/p>\n<p><strong>Frage<\/strong>: Kann ich mein Logo auf Ihr Produkt und Ihre Verpackung setzen?<br \/>\n<strong>Antwort<\/strong>: Sicher. Aber wir haben MOQ f\u00fcr OEM-Service f\u00fcr verschiedene Produkte.<\/p>","protected":false},"excerpt":{"rendered":"<ul>\n<li>Modellnummer: RSRD1T6R<\/li>\n<li>Leistung: 6W<\/li>\n<li>Spannung: AC 120 V\/AC 22\u2013240 V, 50\u201360 Hz<\/li>\n<li>Lumen: 660lm<\/li>\n<li>CCT: 2700K\/3000K\/4000K\/57000K\/DTW<\/li>\n<li>CRI: 80\/90 oder \u00fcber Ra93, Ra95 verf\u00fcgbar.<\/li>\n<li>SDCM: 3<\/li>\n<li>Dimmen: Kein Dimmen, Triac, 0\/1-10V, DALI, Tuya, Zigbee<\/li>\n<li>Leistungsfaktor: 0,9<\/li>\n<li>Abstrahlwinkel: 15\u00b0\/25\u00b0\/38\u00b0\/60\u00b0<\/li>\n<li>Ausschnitt: \u03c668-75mm<\/li>\n<li>IP-Schutzart: IP44<\/li>\n<li>Abmessungen: \u03c685x32mm<\/li>\n<li>Farbe: Wei\u00df\/Schwarz\/Nickel\/Chrom\/Golden\/Andere<\/li>\n<li>Material: Aluminiumlegierung<\/li>\n<li>Lebensdauer: 25.000 Stunden oder 50.000 Stunden<\/li>\n<li>Garantie: 3 Jahre\/ 5 Jahre<\/li>\n<li>Bemerkung: Downlight Strahler<\/li>\n<\/ul>","protected":false},"featured_media":6301,"comment_status":"closed","ping_status":"closed","template":"","meta":[],"product_cat":[504,520,521,522,539,483,490,491,497,499,501,500,481,506,580,531,532,513,538,493,494,487,534,150,492,509,200,590,545,484,503,505,498],"product_tag":[35,41,44,45,46,47,51,79,84,87,88,89,90,91,92,93,472,94,336,343,105,106,335,107,287,355,334,158,162,174,196,223,224,225,226,227,234,250,251,252,253],"class_list":{"0":"post-6867","1":"product","2":"type-product","3":"status-publish","4":"has-post-thumbnail","6":"product_cat-2700k-downlight","7":"product_cat-68mm-cut-out-downlights","8":"product_cat-70mm-downlight","9":"product_cat-75mm-downlight","10":"product_cat-7w-led-downlight","11":"product_cat-adjustable-downlights","12":"product_cat-bathroom-spotlights-ceiling","13":"product_cat-bedroom-downlights","14":"product_cat-black-downlights","15":"product_cat-brushed-brass-downlights","16":"product_cat-brushed-steel-downlights","17":"product_cat-chrome-downlights","18":"product_cat-cob-downlight","19":"product_cat-cool-white-downlight","20":"product_cat-dim-to-warm-downlights","21":"product_cat-dimmable-downlights","22":"product_cat-dimmable-led-downlights","23":"product_cat-downlight-ip44","24":"product_cat-downlight-led-6w","25":"product_cat-downlights-for-hallway","26":"product_cat-hotel-downlight","27":"product_cat-ic-rated-downlights","28":"product_cat-led-dimmable-spotlights","29":"product_cat-led-downlight","30":"product_cat-living-room-downlights","31":"product_cat-low-profile-led-downlights","32":"product_cat-recessed-downlight","33":"product_cat-recessed-spotlights","34":"product_cat-round-led-downlight","35":"product_cat-tilt-led-downlights","36":"product_cat-tri-colour-downlight","37":"product_cat-warm-led-downlights","38":"product_cat-white-downlights","39":"product_tag-240v-spotlight","40":"product_tag-6w-led-downlight","41":"product_tag-adjustable-down-lights","42":"product_tag-adjustable-downlights","43":"product_tag-adjustable-led-downlight","44":"product_tag-adjustable-led-recessed-lighting","45":"product_tag-bathroom-downlights","46":"product_tag-chrome-spot-lights","47":"product_tag-cool-white-spotlights","48":"product_tag-dimmable-down-lights","49":"product_tag-dimmable-downlight","50":"product_tag-dimmable-downlights","51":"product_tag-dimmable-led-downlights","52":"product_tag-dimmable-led-spotlights","53":"product_tag-dimmable-spotlights","54":"product_tag-dimmer-downlights","55":"product_tag-dimmer-downlightsac","56":"product_tag-dimmer-led-spots","57":"product_tag-downlight-led-ceiling","58":"product_tag-downlight-orientable","59":"product_tag-downlight-slim","60":"product_tag-downlight-spot","61":"product_tag-downlight-spotlight","62":"product_tag-fire-rated-dimmable-led-downlights","63":"product_tag-gyro-led-downlight","64":"product_tag-led-dimmable-spotlights","65":"product_tag-led-downlights","66":"product_tag-led-light-downlight","67":"product_tag-led-recessed-lighting-dimmable","68":"product_tag-low-profile-led-downlights","69":"product_tag-recessed-adjustable-downlight","70":"product_tag-smd-led-downlight","71":"product_tag-spot-dimmable","72":"product_tag-spot-dimmable-led","73":"product_tag-spot-downlight-led","74":"product_tag-spot-led-dimmable","75":"product_tag-spotlight-lamp","76":"product_tag-tilt-downlights","77":"product_tag-tilt-led-downlights","78":"product_tag-tilt-spotlights","79":"product_tag-tiltable-downlights","81":"first","82":"instock","83":"shipping-taxable","84":"purchasable","85":"product-type-simple"},"yoast_head":"<!-- This site is optimized with the Yoast SEO Premium plugin v20.8 (Yoast SEO v21.9.1) - https:\/\/yoast.com\/wordpress\/plugins\/seo\/ -->\n<title>Wholesale LED Downlight Spotlights Energy-Efficient, IP44, 50,000hr Lifespan Radians<\/title>\n<meta name=\"description\" content=\"Discover bulk discounts on high-quality LED downlight spotlights. Enjoy quick shipping, tiered pricing, and versatile applications. Perfect for commercial lighting projects.\" \/>\n<meta name=\"robots\" content=\"index, follow, max-snippet:-1, max-image-preview:large, max-video-preview:-1\" \/>\n<link rel=\"canonical\" href=\"https:\/\/radianslighting.com\/de\/produkt\/downlight-spotlight\/\" \/>\n<meta property=\"og:locale\" content=\"de_DE\" \/>\n<meta property=\"og:type\" content=\"article\" \/>\n<meta property=\"og:title\" content=\"Downlight Spotlight\" \/>\n<meta property=\"og:description\" content=\"Discover bulk discounts on high-quality LED downlight spotlights. Enjoy quick shipping, tiered pricing, and versatile applications. Perfect for commercial lighting projects.\" \/>\n<meta property=\"og:url\" content=\"https:\/\/radianslighting.com\/de\/produkt\/downlight-spotlight\/\" \/>\n<meta property=\"og:site_name\" content=\"Radians Lighting\" \/>\n<meta property=\"article:modified_time\" content=\"2025-06-06T02:45:54+00:00\" \/>\n<meta property=\"og:image\" content=\"https:\/\/radianslighting.com\/wp-content\/uploads\/2023\/02\/RSRD1T6R.jpg\" \/>\n\t<meta property=\"og:image:width\" content=\"1000\" \/>\n\t<meta property=\"og:image:height\" content=\"1000\" \/>\n\t<meta property=\"og:image:type\" content=\"image\/jpeg\" \/>\n<meta name=\"twitter:card\" content=\"summary_large_image\" \/>\n<meta name=\"twitter:label1\" content=\"Gesch\u00e4tzte Lesezeit\" \/>\n\t<meta name=\"twitter:data1\" content=\"2\u00a0Minuten\" \/>\n<script type=\"application\/ld+json\" class=\"yoast-schema-graph\">{\"@context\":\"https:\/\/schema.org\",\"@graph\":[{\"@type\":\"WebPage\",\"@id\":\"https:\/\/radianslighting.com\/product\/downlight-spotlight\",\"url\":\"https:\/\/radianslighting.com\/product\/downlight-spotlight\",\"name\":\"Wholesale LED Downlight Spotlights Energy-Efficient, IP44, 50,000hr Lifespan Radians\",\"isPartOf\":{\"@id\":\"https:\/\/radianslighting.com\/#website\"},\"datePublished\":\"2024-12-10T02:35:45+00:00\",\"dateModified\":\"2025-06-06T02:45:54+00:00\",\"description\":\"Discover bulk discounts on high-quality LED downlight spotlights. Enjoy quick shipping, tiered pricing, and versatile applications. Perfect for commercial lighting projects.\",\"breadcrumb\":{\"@id\":\"https:\/\/radianslighting.com\/product\/downlight-spotlight#breadcrumb\"},\"inLanguage\":\"de\",\"potentialAction\":[{\"@type\":\"ReadAction\",\"target\":[\"https:\/\/radianslighting.com\/product\/downlight-spotlight\"]}]},{\"@type\":\"BreadcrumbList\",\"@id\":\"https:\/\/radianslighting.com\/product\/downlight-spotlight#breadcrumb\",\"itemListElement\":[{\"@type\":\"ListItem\",\"position\":1,\"name\":\"Home\",\"item\":\"https:\/\/radianslighting.com\/\"},{\"@type\":\"ListItem\",\"position\":2,\"name\":\"Shop\",\"item\":\"https:\/\/radianslighting.com\/shop\"},{\"@type\":\"ListItem\",\"position\":3,\"name\":\"Downlight Spotlight\"}]},{\"@type\":\"WebSite\",\"@id\":\"https:\/\/radianslighting.com\/#website\",\"url\":\"https:\/\/radianslighting.com\/\",\"name\":\"Radians Lighting\",\"description\":\"LED Lights Manufacturer | LED Downlights | Track Lights | High-Efficiency, 5-year warranty | Radians\",\"publisher\":{\"@id\":\"https:\/\/radianslighting.com\/#organization\"},\"potentialAction\":[{\"@type\":\"SearchAction\",\"target\":{\"@type\":\"EntryPoint\",\"urlTemplate\":\"https:\/\/radianslighting.com\/?s={search_term_string}\"},\"query-input\":\"required name=search_term_string\"}],\"inLanguage\":\"de\"},{\"@type\":\"Organization\",\"@id\":\"https:\/\/radianslighting.com\/#organization\",\"name\":\"Radians Lighting\",\"url\":\"https:\/\/radianslighting.com\/\",\"logo\":{\"@type\":\"ImageObject\",\"inLanguage\":\"de\",\"@id\":\"https:\/\/radianslighting.com\/#\/schema\/logo\/image\/\",\"url\":\"https:\/\/radianslighting.com\/wp-content\/uploads\/2024\/07\/LOGO-1.jpg\",\"contentUrl\":\"https:\/\/radianslighting.com\/wp-content\/uploads\/2024\/07\/LOGO-1.jpg\",\"width\":1835,\"height\":411,\"caption\":\"Radians Lighting\"},\"image\":{\"@id\":\"https:\/\/radianslighting.com\/#\/schema\/logo\/image\/\"}}]}<\/script>\n<!-- \/ Yoast SEO Premium plugin. -->","yoast_head_json":{"title":"Wholesale LED Downlight Spotlights Energy-Efficient, IP44, 50,000hr Lifespan Radians","description":"Discover bulk discounts on high-quality LED downlight spotlights. Enjoy quick shipping, tiered pricing, and versatile applications. Perfect for commercial lighting projects.","robots":{"index":"index","follow":"follow","max-snippet":"max-snippet:-1","max-image-preview":"max-image-preview:large","max-video-preview":"max-video-preview:-1"},"canonical":"https:\/\/radianslighting.com\/de\/produkt\/downlight-spotlight\/","og_locale":"de_DE","og_type":"article","og_title":"Downlight Spotlight","og_description":"Discover bulk discounts on high-quality LED downlight spotlights. Enjoy quick shipping, tiered pricing, and versatile applications. Perfect for commercial lighting projects.","og_url":"https:\/\/radianslighting.com\/de\/produkt\/downlight-spotlight\/","og_site_name":"Radians Lighting","article_modified_time":"2025-06-06T02:45:54+00:00","og_image":[{"width":1000,"height":1000,"url":"https:\/\/radianslighting.com\/wp-content\/uploads\/2023\/02\/RSRD1T6R.jpg","type":"image\/jpeg"}],"twitter_card":"summary_large_image","twitter_misc":{"Gesch\u00e4tzte Lesezeit":"2\u00a0Minuten"},"schema":{"@context":"https:\/\/schema.org","@graph":[{"@type":"WebPage","@id":"https:\/\/radianslighting.com\/product\/downlight-spotlight","url":"https:\/\/radianslighting.com\/product\/downlight-spotlight","name":"Wholesale LED Downlight Spotlights Energy-Efficient, IP44, 50,000hr Lifespan Radians","isPartOf":{"@id":"https:\/\/radianslighting.com\/#website"},"datePublished":"2024-12-10T02:35:45+00:00","dateModified":"2025-06-06T02:45:54+00:00","description":"Discover bulk discounts on high-quality LED downlight spotlights. Enjoy quick shipping, tiered pricing, and versatile applications. Perfect for commercial lighting projects.","breadcrumb":{"@id":"https:\/\/radianslighting.com\/product\/downlight-spotlight#breadcrumb"},"inLanguage":"de","potentialAction":[{"@type":"ReadAction","target":["https:\/\/radianslighting.com\/product\/downlight-spotlight"]}]},{"@type":"BreadcrumbList","@id":"https:\/\/radianslighting.com\/product\/downlight-spotlight#breadcrumb","itemListElement":[{"@type":"ListItem","position":1,"name":"Home","item":"https:\/\/radianslighting.com\/"},{"@type":"ListItem","position":2,"name":"Shop","item":"https:\/\/radianslighting.com\/shop"},{"@type":"ListItem","position":3,"name":"Downlight Spotlight"}]},{"@type":"WebSite","@id":"https:\/\/radianslighting.com\/#website","url":"https:\/\/radianslighting.com\/","name":"Radians Lighting","description":"LED Lights Manufacturer | LED Downlights | Track Lights | High-Efficiency, 5-year warranty | Radians","publisher":{"@id":"https:\/\/radianslighting.com\/#organization"},"potentialAction":[{"@type":"SearchAction","target":{"@type":"EntryPoint","urlTemplate":"https:\/\/radianslighting.com\/?s={search_term_string}"},"query-input":"required name=search_term_string"}],"inLanguage":"de"},{"@type":"Organization","@id":"https:\/\/radianslighting.com\/#organization","name":"Radians Lighting","url":"https:\/\/radianslighting.com\/","logo":{"@type":"ImageObject","inLanguage":"de","@id":"https:\/\/radianslighting.com\/#\/schema\/logo\/image\/","url":"https:\/\/radianslighting.com\/wp-content\/uploads\/2024\/07\/LOGO-1.jpg","contentUrl":"https:\/\/radianslighting.com\/wp-content\/uploads\/2024\/07\/LOGO-1.jpg","width":1835,"height":411,"caption":"Radians Lighting"},"image":{"@id":"https:\/\/radianslighting.com\/#\/schema\/logo\/image\/"}}]}},"_links":{"self":[{"href":"https:\/\/radianslighting.com\/de\/wp-json\/wp\/v2\/product\/6867"}],"collection":[{"href":"https:\/\/radianslighting.com\/de\/wp-json\/wp\/v2\/product"}],"about":[{"href":"https:\/\/radianslighting.com\/de\/wp-json\/wp\/v2\/types\/product"}],"replies":[{"embeddable":true,"href":"https:\/\/radianslighting.com\/de\/wp-json\/wp\/v2\/comments?post=6867"}],"wp:featuredmedia":[{"embeddable":true,"href":"https:\/\/radianslighting.com\/de\/wp-json\/wp\/v2\/media\/6301"}],"wp:attachment":[{"href":"https:\/\/radianslighting.com\/de\/wp-json\/wp\/v2\/media?parent=6867"}],"wp:term":[{"taxonomy":"product_cat","embeddable":true,"href":"https:\/\/radianslighting.com\/de\/wp-json\/wp\/v2\/product_cat?post=6867"},{"taxonomy":"product_tag","embeddable":true,"href":"https:\/\/radianslighting.com\/de\/wp-json\/wp\/v2\/product_tag?post=6867"}],"curies":[{"name":"wp","href":"https:\/\/api.w.org\/{rel}","templated":true}]}}