{"id":6865,"date":"2024-12-10T02:30:34","date_gmt":"2024-12-10T02:30:34","guid":{"rendered":"https:\/\/radianslighting.com\/?post_type=product&#038;p=6865"},"modified":"2025-04-27T03:52:32","modified_gmt":"2025-04-27T03:52:32","slug":"downlight-led-3w","status":"publish","type":"product","link":"https:\/\/radianslighting.com\/de\/produkt\/downlight-led-3w","title":{"rendered":"Downlight LED 3W"},"content":{"rendered":"<p>Diese 3W LED-Downlights eignen sich f\u00fcr Schr\u00e4nke und Vitrinen. Sie k\u00f6nnen kleine R\u00e4ume beleuchten und kleine Objekte hervorheben. Gleichzeitig k\u00f6nnen sie im Raum platziert werden, um einen sch\u00f6nen Blick auf den Sternenhimmel zu erm\u00f6glichen.<\/p>\n<h2>Produktpr\u00e4sentation der Downlight LED 3W:<\/h2>\n<p><img fetchpriority=\"high\" decoding=\"async\" class=\"alignnone size-full wp-image-6341\" src=\"https:\/\/radianslighting.com\/wp-content\/uploads\/2024\/11\/2011-2.jpg\" alt=\"\" width=\"1775\" height=\"1775\" srcset=\"https:\/\/radianslighting.com\/wp-content\/uploads\/2024\/11\/2011-2.jpg 1775w, https:\/\/radianslighting.com\/wp-content\/uploads\/2024\/11\/2011-2-300x300.jpg 300w, https:\/\/radianslighting.com\/wp-content\/uploads\/2024\/11\/2011-2-1024x1024.jpg 1024w, https:\/\/radianslighting.com\/wp-content\/uploads\/2024\/11\/2011-2-150x150.jpg 150w, https:\/\/radianslighting.com\/wp-content\/uploads\/2024\/11\/2011-2-768x768.jpg 768w, https:\/\/radianslighting.com\/wp-content\/uploads\/2024\/11\/2011-2-1536x1536.jpg 1536w, https:\/\/radianslighting.com\/wp-content\/uploads\/2024\/11\/2011-2-600x600.jpg 600w, https:\/\/radianslighting.com\/wp-content\/uploads\/2024\/11\/2011-2-100x100.jpg 100w\" sizes=\"(max-width: 1775px) 100vw, 1775px\" \/><\/p>\n<h2>H\u00e4ufig gestellte Fragen:<\/h2>\n<p><strong>Frage<\/strong>: Sind Sie eine Fabrik?<br \/>\n<strong>Antwort<\/strong>: Ja, wir sind ein professioneller Hersteller mit vielen erfahrenen Ingenieuren und Mitarbeitern.<\/p>\n<p><strong>Frage<\/strong>: Gibt es bei Ihnen eine Mindestbestellmenge (MOQ) f\u00fcr LED-Lichtbestellungen?<br \/>\n<strong>Antwort<\/strong>: Nein. Keine Mindestbestellmenge begrenzt. Sie k\u00f6nnen 1 St\u00fcck zum Testen und Pr\u00fcfen abgeben.<\/p>\n<p><strong>Frage<\/strong>: Wie sieht es mit Ihrer Vorlaufzeit aus?<br \/>\n<strong>Antwort<\/strong>: 3-5 Arbeitstage f\u00fcr Muster, 15 Arbeitstage f\u00fcr Sammelbestellungen.<\/p>\n<p><strong>Frage<\/strong>: Wie viele Jahre Garantie bieten Sie auf Ihr Downlight?<br \/>\n<strong>Antwort<\/strong>: Generell bieten wir f\u00fcr die meisten unserer Downlights 3 oder 5 Jahre Garantie. Bei weiteren W\u00fcnschen k\u00f6nnen Sie uns gerne kontaktieren.<\/p>\n<p><strong>Frage<\/strong>: Kann ich mein Logo auf Ihr Produkt und Ihre Verpackung setzen?<br \/>\n<strong>Antwort<\/strong>: Sicher. Aber wir haben MOQ f\u00fcr OEM-Service f\u00fcr verschiedene Produkte.<\/p>","protected":false},"excerpt":{"rendered":"<ul>\n<li>Modellnummer: RSRD2011<\/li>\n<li>Leistung: 3W<\/li>\n<li>Spannung: DC6V-Ausgang, AC 120V\/AC22-240V 50~60Hz-Eingang.<\/li>\n<li>Lumen: 240lm<\/li>\n<li>CCT: 2700K\/3000K\/4000K\/57000K\/DTW<\/li>\n<li>CRI: 80\/90 oder \u00fcber Ra93, Ra95 verf\u00fcgbar.<\/li>\n<li>SDCM: 3<\/li>\n<li>Dimmen: Kein Dimmen, Triac, 0\/1-10V, DALI, Tuya, Zigbee<\/li>\n<li>Leistungsfaktor: 0,9<\/li>\n<li>Abstrahlwinkel: 10\u00b0,15\u00b0,25\u00b0,40\u00b0<\/li>\n<li>Ausschnitt: \u03c627mm<\/li>\n<li>IP-Schutzart: IP44<\/li>\n<li>Abmessungen: \u03c632x50mm<\/li>\n<li>Farbe: Wei\u00df\/Schwarz\/Nickel\/Chrom<\/li>\n<li>Material: Aluminiumlegierung.<\/li>\n<li>Lebensdauer: 25.000 Stunden oder 50.000 Stunden<\/li>\n<li>Garantie: 3 Jahre\/ 5 Jahre<\/li>\n<li>Bemerkung: Downlight LED 3W<\/li>\n<\/ul>","protected":false},"featured_media":6340,"comment_status":"closed","ping_status":"closed","template":"","meta":[],"product_cat":[20,504,536,483,491,497,481,506,531,532,494,514,389,150,291,507,200,590,545,484,489,505,498],"product_tag":[37,38,44,45,46,47,51,70,71,90,324,103,343,287,137,140,146,168,177,178,179,180,325,181,182,183,196,204,205,213,323,302,214,215,344,216,379,231,250,251,252,253,260,381,383,261,382,405],"class_list":{"0":"post-6865","1":"product","2":"type-product","3":"status-publish","4":"has-post-thumbnail","6":"product_cat-anti-glare-downlights","7":"product_cat-2700k-downlight","8":"product_cat-3w-led-downlight","9":"product_cat-adjustable-downlights","10":"product_cat-bedroom-downlights","11":"product_cat-black-downlights","12":"product_cat-cob-downlight","13":"product_cat-cool-white-downlight","14":"product_cat-dimmable-downlights","15":"product_cat-dimmable-led-downlights","16":"product_cat-hotel-downlight","17":"product_cat-ip20-downlights","18":"product_cat-kitchen-under-cabinet-downlights","19":"product_cat-led-downlight","20":"product_cat-mini-downlight","21":"product_cat-neutral-light-downlight","22":"product_cat-recessed-downlight","23":"product_cat-recessed-spotlights","24":"product_cat-round-led-downlight","25":"product_cat-tilt-led-downlights","26":"product_cat-under-cabinet-lighting","27":"product_cat-warm-led-downlights","28":"product_cat-white-downlights","29":"product_tag-3w-led-downlight","30":"product_tag-3w-led-spotlight","31":"product_tag-adjustable-down-lights","32":"product_tag-adjustable-downlights","33":"product_tag-adjustable-led-downlight","34":"product_tag-adjustable-led-recessed-lighting","35":"product_tag-bathroom-downlights","36":"product_tag-cabinet-downlight","37":"product_tag-cabinet-spotlight","38":"product_tag-dimmable-led-downlights","39":"product_tag-downlight-led-3w","40":"product_tag-downlight-mini","41":"product_tag-downlight-orientable","42":"product_tag-gyro-led-downlight","43":"product_tag-kitchen-cabinet-downlights","44":"product_tag-kitchen-downlights","45":"product_tag-led-cabinet-downlights","46":"product_tag-led-spotlights-kitchen-ceiling","47":"product_tag-mini-down-lights","48":"product_tag-mini-downlights","49":"product_tag-mini-downlights-ip65","50":"product_tag-mini-led-downlights","51":"product_tag-mini-led-downlights-3w-dimmable","52":"product_tag-mini-led-spotlights","53":"product_tag-mini-spot-lights-led","54":"product_tag-mini-spotlight","55":"product_tag-recessed-adjustable-downlight","56":"product_tag-recessed-spotlights","57":"product_tag-recessed-under-cabinet-lighting","58":"product_tag-small-ceiling-spotlights","59":"product_tag-small-down-lights","60":"product_tag-small-downlights","61":"product_tag-small-led-downlights","62":"product_tag-small-led-spotlights","63":"product_tag-small-recessed-lights","64":"product_tag-small-spotlight","65":"product_tag-small-spotlight-black-down-lights","66":"product_tag-spot-lights-for-kitchen","67":"product_tag-tilt-downlights","68":"product_tag-tilt-led-downlights","69":"product_tag-tilt-spotlights","70":"product_tag-tiltable-downlights","71":"product_tag-under-cabinet-downlights","72":"product_tag-under-cabinet-led-lighting","73":"product_tag-under-cabinet-lighting","74":"product_tag-under-counter-spotlights","75":"product_tag-under-kitchen-cabinet-lighting","76":"product_tag-under-kitchen-cabinet-lightingchrome-spot-lights","78":"first","79":"instock","80":"shipping-taxable","81":"purchasable","82":"product-type-simple"},"yoast_head":"<!-- This site is optimized with the Yoast SEO Premium plugin v20.8 (Yoast SEO v21.9.1) - https:\/\/yoast.com\/wordpress\/plugins\/seo\/ -->\n<title>3W LED Downlight | 200lm, IP20, CE Certified | Bulk Discounts | Radians<\/title>\n<meta name=\"description\" content=\"Order 3W LED Downlights in bulk with tiered pricing. Quick shipping &amp; reliable service. Ideal for commercial spaces with long lifespan &amp; energy efficiency.\" \/>\n<meta name=\"robots\" content=\"index, follow, max-snippet:-1, max-image-preview:large, max-video-preview:-1\" \/>\n<link rel=\"canonical\" href=\"https:\/\/radianslighting.com\/de\/produkt\/downlight-led-3w\/\" \/>\n<meta property=\"og:locale\" content=\"de_DE\" \/>\n<meta property=\"og:type\" content=\"article\" \/>\n<meta property=\"og:title\" content=\"Downlight LED 3W\" \/>\n<meta property=\"og:description\" content=\"Order 3W LED Downlights in bulk with tiered pricing. Quick shipping &amp; reliable service. Ideal for commercial spaces with long lifespan &amp; energy efficiency.\" \/>\n<meta property=\"og:url\" content=\"https:\/\/radianslighting.com\/de\/produkt\/downlight-led-3w\/\" \/>\n<meta property=\"og:site_name\" content=\"Radians Lighting\" \/>\n<meta property=\"article:modified_time\" content=\"2025-04-27T03:52:32+00:00\" \/>\n<meta property=\"og:image\" content=\"https:\/\/radianslighting.com\/wp-content\/uploads\/2024\/11\/\u4e3b\u56feLOGO\u8ba4\u8bc1.jpg\" \/>\n\t<meta property=\"og:image:width\" content=\"1000\" \/>\n\t<meta property=\"og:image:height\" content=\"1000\" \/>\n\t<meta property=\"og:image:type\" content=\"image\/jpeg\" \/>\n<meta name=\"twitter:card\" content=\"summary_large_image\" \/>\n<meta name=\"twitter:label1\" content=\"Gesch\u00e4tzte Lesezeit\" \/>\n\t<meta name=\"twitter:data1\" content=\"2\u00a0Minuten\" \/>\n<script type=\"application\/ld+json\" class=\"yoast-schema-graph\">{\"@context\":\"https:\/\/schema.org\",\"@graph\":[{\"@type\":\"WebPage\",\"@id\":\"https:\/\/radianslighting.com\/product\/downlight-led-3w\",\"url\":\"https:\/\/radianslighting.com\/product\/downlight-led-3w\",\"name\":\"3W LED Downlight | 200lm, IP20, CE Certified | Bulk Discounts | Radians\",\"isPartOf\":{\"@id\":\"https:\/\/radianslighting.com\/#website\"},\"datePublished\":\"2024-12-10T02:30:34+00:00\",\"dateModified\":\"2025-04-27T03:52:32+00:00\",\"description\":\"Order 3W LED Downlights in bulk with tiered pricing. Quick shipping & reliable service. Ideal for commercial spaces with long lifespan & energy efficiency.\",\"breadcrumb\":{\"@id\":\"https:\/\/radianslighting.com\/product\/downlight-led-3w#breadcrumb\"},\"inLanguage\":\"de\",\"potentialAction\":[{\"@type\":\"ReadAction\",\"target\":[\"https:\/\/radianslighting.com\/product\/downlight-led-3w\"]}]},{\"@type\":\"BreadcrumbList\",\"@id\":\"https:\/\/radianslighting.com\/product\/downlight-led-3w#breadcrumb\",\"itemListElement\":[{\"@type\":\"ListItem\",\"position\":1,\"name\":\"Home\",\"item\":\"https:\/\/radianslighting.com\/\"},{\"@type\":\"ListItem\",\"position\":2,\"name\":\"Shop\",\"item\":\"https:\/\/radianslighting.com\/shop\"},{\"@type\":\"ListItem\",\"position\":3,\"name\":\"Downlight LED 3W\"}]},{\"@type\":\"WebSite\",\"@id\":\"https:\/\/radianslighting.com\/#website\",\"url\":\"https:\/\/radianslighting.com\/\",\"name\":\"Radians Lighting\",\"description\":\"LED Lights Manufacturer | LED Downlights | Track Lights | High-Efficiency, 5-year warranty | Radians\",\"publisher\":{\"@id\":\"https:\/\/radianslighting.com\/#organization\"},\"potentialAction\":[{\"@type\":\"SearchAction\",\"target\":{\"@type\":\"EntryPoint\",\"urlTemplate\":\"https:\/\/radianslighting.com\/?s={search_term_string}\"},\"query-input\":\"required name=search_term_string\"}],\"inLanguage\":\"de\"},{\"@type\":\"Organization\",\"@id\":\"https:\/\/radianslighting.com\/#organization\",\"name\":\"Radians Lighting\",\"url\":\"https:\/\/radianslighting.com\/\",\"logo\":{\"@type\":\"ImageObject\",\"inLanguage\":\"de\",\"@id\":\"https:\/\/radianslighting.com\/#\/schema\/logo\/image\/\",\"url\":\"https:\/\/radianslighting.com\/wp-content\/uploads\/2024\/07\/LOGO-1.jpg\",\"contentUrl\":\"https:\/\/radianslighting.com\/wp-content\/uploads\/2024\/07\/LOGO-1.jpg\",\"width\":1835,\"height\":411,\"caption\":\"Radians Lighting\"},\"image\":{\"@id\":\"https:\/\/radianslighting.com\/#\/schema\/logo\/image\/\"}}]}<\/script>\n<!-- \/ Yoast SEO Premium plugin. -->","yoast_head_json":{"title":"3W LED Downlight | 200lm, IP20, CE Certified | Bulk Discounts | Radians","description":"Order 3W LED Downlights in bulk with tiered pricing. Quick shipping & reliable service. Ideal for commercial spaces with long lifespan & energy efficiency.","robots":{"index":"index","follow":"follow","max-snippet":"max-snippet:-1","max-image-preview":"max-image-preview:large","max-video-preview":"max-video-preview:-1"},"canonical":"https:\/\/radianslighting.com\/de\/produkt\/downlight-led-3w\/","og_locale":"de_DE","og_type":"article","og_title":"Downlight LED 3W","og_description":"Order 3W LED Downlights in bulk with tiered pricing. Quick shipping & reliable service. Ideal for commercial spaces with long lifespan & energy efficiency.","og_url":"https:\/\/radianslighting.com\/de\/produkt\/downlight-led-3w\/","og_site_name":"Radians Lighting","article_modified_time":"2025-04-27T03:52:32+00:00","og_image":[{"width":1000,"height":1000,"url":"https:\/\/radianslighting.com\/wp-content\/uploads\/2024\/11\/\u4e3b\u56feLOGO\u8ba4\u8bc1.jpg","type":"image\/jpeg"}],"twitter_card":"summary_large_image","twitter_misc":{"Gesch\u00e4tzte Lesezeit":"2\u00a0Minuten"},"schema":{"@context":"https:\/\/schema.org","@graph":[{"@type":"WebPage","@id":"https:\/\/radianslighting.com\/product\/downlight-led-3w","url":"https:\/\/radianslighting.com\/product\/downlight-led-3w","name":"3W LED Downlight | 200lm, IP20, CE Certified | Bulk Discounts | Radians","isPartOf":{"@id":"https:\/\/radianslighting.com\/#website"},"datePublished":"2024-12-10T02:30:34+00:00","dateModified":"2025-04-27T03:52:32+00:00","description":"Order 3W LED Downlights in bulk with tiered pricing. Quick shipping & reliable service. Ideal for commercial spaces with long lifespan & energy efficiency.","breadcrumb":{"@id":"https:\/\/radianslighting.com\/product\/downlight-led-3w#breadcrumb"},"inLanguage":"de","potentialAction":[{"@type":"ReadAction","target":["https:\/\/radianslighting.com\/product\/downlight-led-3w"]}]},{"@type":"BreadcrumbList","@id":"https:\/\/radianslighting.com\/product\/downlight-led-3w#breadcrumb","itemListElement":[{"@type":"ListItem","position":1,"name":"Home","item":"https:\/\/radianslighting.com\/"},{"@type":"ListItem","position":2,"name":"Shop","item":"https:\/\/radianslighting.com\/shop"},{"@type":"ListItem","position":3,"name":"Downlight LED 3W"}]},{"@type":"WebSite","@id":"https:\/\/radianslighting.com\/#website","url":"https:\/\/radianslighting.com\/","name":"Radians Lighting","description":"LED Lights Manufacturer | LED Downlights | Track Lights | High-Efficiency, 5-year warranty | Radians","publisher":{"@id":"https:\/\/radianslighting.com\/#organization"},"potentialAction":[{"@type":"SearchAction","target":{"@type":"EntryPoint","urlTemplate":"https:\/\/radianslighting.com\/?s={search_term_string}"},"query-input":"required name=search_term_string"}],"inLanguage":"de"},{"@type":"Organization","@id":"https:\/\/radianslighting.com\/#organization","name":"Radians Lighting","url":"https:\/\/radianslighting.com\/","logo":{"@type":"ImageObject","inLanguage":"de","@id":"https:\/\/radianslighting.com\/#\/schema\/logo\/image\/","url":"https:\/\/radianslighting.com\/wp-content\/uploads\/2024\/07\/LOGO-1.jpg","contentUrl":"https:\/\/radianslighting.com\/wp-content\/uploads\/2024\/07\/LOGO-1.jpg","width":1835,"height":411,"caption":"Radians Lighting"},"image":{"@id":"https:\/\/radianslighting.com\/#\/schema\/logo\/image\/"}}]}},"_links":{"self":[{"href":"https:\/\/radianslighting.com\/de\/wp-json\/wp\/v2\/product\/6865"}],"collection":[{"href":"https:\/\/radianslighting.com\/de\/wp-json\/wp\/v2\/product"}],"about":[{"href":"https:\/\/radianslighting.com\/de\/wp-json\/wp\/v2\/types\/product"}],"replies":[{"embeddable":true,"href":"https:\/\/radianslighting.com\/de\/wp-json\/wp\/v2\/comments?post=6865"}],"wp:featuredmedia":[{"embeddable":true,"href":"https:\/\/radianslighting.com\/de\/wp-json\/wp\/v2\/media\/6340"}],"wp:attachment":[{"href":"https:\/\/radianslighting.com\/de\/wp-json\/wp\/v2\/media?parent=6865"}],"wp:term":[{"taxonomy":"product_cat","embeddable":true,"href":"https:\/\/radianslighting.com\/de\/wp-json\/wp\/v2\/product_cat?post=6865"},{"taxonomy":"product_tag","embeddable":true,"href":"https:\/\/radianslighting.com\/de\/wp-json\/wp\/v2\/product_tag?post=6865"}],"curies":[{"name":"wp","href":"https:\/\/api.w.org\/{rel}","templated":true}]}}