{"id":6794,"date":"2024-12-06T03:19:02","date_gmt":"2024-12-06T03:19:02","guid":{"rendered":"https:\/\/radianslighting.com\/?post_type=product&#038;p=6794"},"modified":"2025-03-31T07:11:53","modified_gmt":"2025-03-31T07:11:53","slug":"surface-mounted-adjustable-downlight","status":"publish","type":"product","link":"https:\/\/radianslighting.com\/de\/produkt\/surface-mounted-adjustable-downlight","title":{"rendered":"Oberfl\u00e4chenmontiertes, verstellbares Downlight"},"content":{"rendered":"<p>Dies ist ein verstellbares Downlight zur Oberfl\u00e4chenmontage, erh\u00e4ltlich in runder und quadratischer Form. Der Kopf l\u00e4sst sich um 360 Grad in jede Richtung drehen, und der Leuchtenkopf kann horizontal gedreht werden.<\/p>\n<p>Auch das Aussehen dieser Lampe ist sehr schlicht und sie kann bei der Raumdekoration hilfreich sein.<\/p>\n<h2>Produktpr\u00e4sentation des oberfl\u00e4chenmontierten, verstellbaren Downlights:<\/h2>\n<p><img fetchpriority=\"high\" decoding=\"async\" class=\"alignnone size-full wp-image-6806\" src=\"https:\/\/radianslighting.com\/wp-content\/uploads\/2024\/12\/4323-\u526f\u672c.jpg\" alt=\"Surface Mounted Adjustable Downlight\" width=\"1200\" height=\"806\" srcset=\"https:\/\/radianslighting.com\/wp-content\/uploads\/2024\/12\/4323-\u526f\u672c.jpg 1200w, https:\/\/radianslighting.com\/wp-content\/uploads\/2024\/12\/4323-\u526f\u672c-300x202.jpg 300w, https:\/\/radianslighting.com\/wp-content\/uploads\/2024\/12\/4323-\u526f\u672c-1024x688.jpg 1024w, https:\/\/radianslighting.com\/wp-content\/uploads\/2024\/12\/4323-\u526f\u672c-768x516.jpg 768w, https:\/\/radianslighting.com\/wp-content\/uploads\/2024\/12\/4323-\u526f\u672c-600x403.jpg 600w\" sizes=\"(max-width: 1200px) 100vw, 1200px\" \/> <img decoding=\"async\" class=\"alignnone size-full wp-image-6803\" src=\"https:\/\/radianslighting.com\/wp-content\/uploads\/2024\/12\/543-\u526f\u672c.jpg\" alt=\"Surface Mounted Adjustable Downlight\" width=\"1200\" height=\"806\" srcset=\"https:\/\/radianslighting.com\/wp-content\/uploads\/2024\/12\/543-\u526f\u672c.jpg 1200w, https:\/\/radianslighting.com\/wp-content\/uploads\/2024\/12\/543-\u526f\u672c-300x202.jpg 300w, https:\/\/radianslighting.com\/wp-content\/uploads\/2024\/12\/543-\u526f\u672c-1024x688.jpg 1024w, https:\/\/radianslighting.com\/wp-content\/uploads\/2024\/12\/543-\u526f\u672c-768x516.jpg 768w, https:\/\/radianslighting.com\/wp-content\/uploads\/2024\/12\/543-\u526f\u672c-600x403.jpg 600w\" sizes=\"(max-width: 1200px) 100vw, 1200px\" \/> \u00a0\u00a0<img decoding=\"async\" class=\"alignnone size-full wp-image-6805\" src=\"https:\/\/radianslighting.com\/wp-content\/uploads\/2024\/12\/2132-\u526f\u672c.jpg\" alt=\"Surface Mounted Adjustable Downlight\" width=\"1200\" height=\"806\" srcset=\"https:\/\/radianslighting.com\/wp-content\/uploads\/2024\/12\/2132-\u526f\u672c.jpg 1200w, https:\/\/radianslighting.com\/wp-content\/uploads\/2024\/12\/2132-\u526f\u672c-300x202.jpg 300w, https:\/\/radianslighting.com\/wp-content\/uploads\/2024\/12\/2132-\u526f\u672c-1024x688.jpg 1024w, https:\/\/radianslighting.com\/wp-content\/uploads\/2024\/12\/2132-\u526f\u672c-768x516.jpg 768w, https:\/\/radianslighting.com\/wp-content\/uploads\/2024\/12\/2132-\u526f\u672c-600x403.jpg 600w\" sizes=\"(max-width: 1200px) 100vw, 1200px\" \/> <img loading=\"lazy\" decoding=\"async\" class=\"alignnone size-full wp-image-6804\" src=\"https:\/\/radianslighting.com\/wp-content\/uploads\/2024\/12\/1111-\u526f\u672c.jpg\" alt=\"Surface Mounted Adjustable Downlight\" width=\"1200\" height=\"806\" srcset=\"https:\/\/radianslighting.com\/wp-content\/uploads\/2024\/12\/1111-\u526f\u672c.jpg 1200w, https:\/\/radianslighting.com\/wp-content\/uploads\/2024\/12\/1111-\u526f\u672c-300x202.jpg 300w, https:\/\/radianslighting.com\/wp-content\/uploads\/2024\/12\/1111-\u526f\u672c-1024x688.jpg 1024w, https:\/\/radianslighting.com\/wp-content\/uploads\/2024\/12\/1111-\u526f\u672c-768x516.jpg 768w, https:\/\/radianslighting.com\/wp-content\/uploads\/2024\/12\/1111-\u526f\u672c-600x403.jpg 600w\" sizes=\"(max-width: 1200px) 100vw, 1200px\" \/><\/p>\n<h2>H\u00e4ufig gestellte Fragen:<\/h2>\n<p><strong>Frage<\/strong>: Sind Sie eine Fabrik?<br \/>\n<strong>Antwort<\/strong>: Ja, wir sind ein professioneller Hersteller mit vielen erfahrenen Ingenieuren und Mitarbeitern.<\/p>\n<p><strong>Frage<\/strong>: Gibt es bei Ihnen eine Mindestbestellmenge (MOQ) f\u00fcr LED-Lichtbestellungen?<br \/>\n<strong>Antwort<\/strong>: Nein. Keine Mindestbestellmenge begrenzt. Sie k\u00f6nnen 1 St\u00fcck zum Testen und Pr\u00fcfen abgeben.<\/p>\n<p><strong>Frage<\/strong>: Wie sieht es mit Ihrer Vorlaufzeit aus?<br \/>\n<strong>Antwort<\/strong>: 3-5 Arbeitstage f\u00fcr Muster und 15 Arbeitstage f\u00fcr Sammelbestellungen.<\/p>\n<p><strong>Frage<\/strong>: Wie viele Jahre Garantie bieten Sie auf Ihr Downlight?<br \/>\n<strong>Antwort<\/strong>: F\u00fcr die meisten unserer Downlights bieten wir grunds\u00e4tzlich 3 oder 5 Jahre Garantie. Bei weiteren W\u00fcnschen k\u00f6nnen Sie uns gerne kontaktieren.<\/p>\n<p><strong>Frage<\/strong>: Kann ich mein Logo auf Ihr Produkt und Ihre Verpackung setzen?<br \/>\n<strong>Antwort<\/strong>: Sicher. Aber wir haben MOQ f\u00fcr OEM-Service f\u00fcr verschiedene Produkte.<\/p>\n<p>&nbsp;<\/p>","protected":false},"excerpt":{"rendered":"<ul>\n<li>Modellnummer: RSSD1T10F\/RSSD2T10F<\/li>\n<li>Leistung: 10W<\/li>\n<li>Spannung: AC 120 V\/AC 22\u2013240 V, 50\u201360 Hz<\/li>\n<li>Lumen: 800lm<\/li>\n<li>CCT: 2700K\/3000K\/4000K\/57000K\/DTW\/RGBCW<\/li>\n<li>CRI: 80\/90 oder \u00fcber Ra93, Ra95 verf\u00fcgbar.<\/li>\n<li>SDCM: 3<\/li>\n<li>Leistungsfaktor: 0,9<\/li>\n<li>Dimmen: Kein Dimmen, Triac, 0\/1-10V, DALI, Tuya, Zigbee<\/li>\n<li>Abstrahlwinkel: 15\u00b0, 24\u00b0, 36\u00b0,60\u00b0,<\/li>\n<li>Installationsart: Oberfl\u00e4chenmontage<\/li>\n<li>IP-Schutzart: IP44<\/li>\n<li>Abmessungen: \u03c675 x 18 mm (rund), 75 x 75 x 108 mm (quadratisch)<\/li>\n<li>Farbe: Wei\u00df\/Schwarz oder andere Farben k\u00f6nnen angepasst werden.<\/li>\n<li>Material: Aluminiumlegierung<\/li>\n<li>Lebensdauer: 25.000 Stunden oder 50.000 Stunden<\/li>\n<li>Garantie: 3 Jahre\/ 5 Jahre<\/li>\n<li>Bemerkung: Oberfl\u00e4chenmontiertes, verstellbares Downlight<\/li>\n<\/ul>","protected":false},"featured_media":6810,"comment_status":"open","ping_status":"closed","template":"","meta":[],"product_cat":[20,540,504,483,490,491,497,481,506,531,532,513,493,494,534,150,492,507,544,238,484,503,505,498],"product_tag":[44,45,46,47,51,343,287,158,196,363,361,358,362,359,239,356,364,240,241,360,404,250,251,252,253],"class_list":{"0":"post-6794","1":"product","2":"type-product","3":"status-publish","4":"has-post-thumbnail","6":"product_cat-anti-glare-downlights","7":"product_cat-10w-led-downlight","8":"product_cat-2700k-downlight","9":"product_cat-adjustable-downlights","10":"product_cat-bathroom-spotlights-ceiling","11":"product_cat-bedroom-downlights","12":"product_cat-black-downlights","13":"product_cat-cob-downlight","14":"product_cat-cool-white-downlight","15":"product_cat-dimmable-downlights","16":"product_cat-dimmable-led-downlights","17":"product_cat-downlight-ip44","18":"product_cat-downlights-for-hallway","19":"product_cat-hotel-downlight","20":"product_cat-led-dimmable-spotlights","21":"product_cat-led-downlight","22":"product_cat-living-room-downlights","23":"product_cat-neutral-light-downlight","24":"product_cat-square-downlights","25":"product_cat-surface-downlight","26":"product_cat-tilt-led-downlights","27":"product_cat-tri-colour-downlight","28":"product_cat-warm-led-downlights","29":"product_cat-white-downlights","30":"product_tag-adjustable-down-lights","31":"product_tag-adjustable-downlights","32":"product_tag-adjustable-led-downlight","33":"product_tag-adjustable-led-recessed-lighting","34":"product_tag-bathroom-downlights","35":"product_tag-downlight-orientable","36":"product_tag-gyro-led-downlight","37":"product_tag-led-light-downlight","38":"product_tag-recessed-adjustable-downlight","39":"product_tag-round-surface-mount-led-lights","40":"product_tag-slim-surface-mounted-led-downlights","41":"product_tag-square-surface-mounted-downlight","42":"product_tag-surface-cob-downlight","43":"product_tag-surface-down-light","44":"product_tag-surface-downlight","45":"product_tag-surface-downlight-led","46":"product_tag-surface-mounted-adjustable-downlight","47":"product_tag-surface-mounted-downlight","48":"product_tag-surface-mounted-led-downlight","49":"product_tag-surface-mounted-led-downlights","50":"product_tag-surface-mounted-led-downlightssurface-mounted-led-downlight","51":"product_tag-tilt-downlights","52":"product_tag-tilt-led-downlights","53":"product_tag-tilt-spotlights","54":"product_tag-tiltable-downlights","56":"first","57":"instock","58":"shipping-taxable","59":"purchasable","60":"product-type-simple"},"yoast_head":"<!-- This site is optimized with the Yoast SEO Premium plugin v20.8 (Yoast SEO v21.9.1) - https:\/\/yoast.com\/wordpress\/plugins\/seo\/ -->\n<title>Wholesale Surface Mounted Adjustable Downlights | Energy-Efficient, IP44, 3000K-5000K | Radians<\/title>\n<meta name=\"description\" content=\"Discover bulk Surface Mounted Adjustable Downlights with tiered pricing. Enjoy quick shipping, versatile applications, and long-term energy savings. Ideal for commercial projects.\" \/>\n<meta name=\"robots\" content=\"index, follow, max-snippet:-1, max-image-preview:large, max-video-preview:-1\" \/>\n<link rel=\"canonical\" href=\"https:\/\/radianslighting.com\/de\/produkt\/surface-mounted-adjustable-downlight\/\" \/>\n<meta property=\"og:locale\" content=\"de_DE\" \/>\n<meta property=\"og:type\" content=\"article\" \/>\n<meta property=\"og:title\" content=\"Surface Mounted Adjustable Downlight\" \/>\n<meta property=\"og:description\" content=\"Discover bulk Surface Mounted Adjustable Downlights with tiered pricing. Enjoy quick shipping, versatile applications, and long-term energy savings. Ideal for commercial projects.\" \/>\n<meta property=\"og:url\" content=\"https:\/\/radianslighting.com\/de\/produkt\/surface-mounted-adjustable-downlight\/\" \/>\n<meta property=\"og:site_name\" content=\"Radians Lighting\" \/>\n<meta property=\"article:modified_time\" content=\"2025-03-31T07:11:53+00:00\" \/>\n<meta property=\"og:image\" content=\"https:\/\/radianslighting.com\/wp-content\/uploads\/2024\/12\/\u660e\u88c54-\u526f\u672c.jpg\" \/>\n\t<meta property=\"og:image:width\" content=\"1000\" \/>\n\t<meta property=\"og:image:height\" content=\"1000\" \/>\n\t<meta property=\"og:image:type\" content=\"image\/jpeg\" \/>\n<meta name=\"twitter:card\" content=\"summary_large_image\" \/>\n<meta name=\"twitter:label1\" content=\"Gesch\u00e4tzte Lesezeit\" \/>\n\t<meta name=\"twitter:data1\" content=\"2\u00a0Minuten\" \/>\n<script type=\"application\/ld+json\" class=\"yoast-schema-graph\">{\"@context\":\"https:\/\/schema.org\",\"@graph\":[{\"@type\":\"WebPage\",\"@id\":\"https:\/\/radianslighting.com\/product\/surface-mounted-adjustable-downlight\",\"url\":\"https:\/\/radianslighting.com\/product\/surface-mounted-adjustable-downlight\",\"name\":\"Wholesale Surface Mounted Adjustable Downlights | Energy-Efficient, IP44, 3000K-5000K | Radians\",\"isPartOf\":{\"@id\":\"https:\/\/radianslighting.com\/#website\"},\"datePublished\":\"2024-12-06T03:19:02+00:00\",\"dateModified\":\"2025-03-31T07:11:53+00:00\",\"description\":\"Discover bulk Surface Mounted Adjustable Downlights with tiered pricing. Enjoy quick shipping, versatile applications, and long-term energy savings. Ideal for commercial projects.\",\"breadcrumb\":{\"@id\":\"https:\/\/radianslighting.com\/product\/surface-mounted-adjustable-downlight#breadcrumb\"},\"inLanguage\":\"de\",\"potentialAction\":[{\"@type\":\"ReadAction\",\"target\":[\"https:\/\/radianslighting.com\/product\/surface-mounted-adjustable-downlight\"]}]},{\"@type\":\"BreadcrumbList\",\"@id\":\"https:\/\/radianslighting.com\/product\/surface-mounted-adjustable-downlight#breadcrumb\",\"itemListElement\":[{\"@type\":\"ListItem\",\"position\":1,\"name\":\"Home\",\"item\":\"https:\/\/radianslighting.com\/\"},{\"@type\":\"ListItem\",\"position\":2,\"name\":\"Shop\",\"item\":\"https:\/\/radianslighting.com\/shop\"},{\"@type\":\"ListItem\",\"position\":3,\"name\":\"Surface Mounted Adjustable Downlight\"}]},{\"@type\":\"WebSite\",\"@id\":\"https:\/\/radianslighting.com\/#website\",\"url\":\"https:\/\/radianslighting.com\/\",\"name\":\"Radians Lighting\",\"description\":\"LED Lights Manufacturer | LED Downlights | Track Lights | High-Efficiency, 5-year warranty | Radians\",\"publisher\":{\"@id\":\"https:\/\/radianslighting.com\/#organization\"},\"potentialAction\":[{\"@type\":\"SearchAction\",\"target\":{\"@type\":\"EntryPoint\",\"urlTemplate\":\"https:\/\/radianslighting.com\/?s={search_term_string}\"},\"query-input\":\"required name=search_term_string\"}],\"inLanguage\":\"de\"},{\"@type\":\"Organization\",\"@id\":\"https:\/\/radianslighting.com\/#organization\",\"name\":\"Radians Lighting\",\"url\":\"https:\/\/radianslighting.com\/\",\"logo\":{\"@type\":\"ImageObject\",\"inLanguage\":\"de\",\"@id\":\"https:\/\/radianslighting.com\/#\/schema\/logo\/image\/\",\"url\":\"https:\/\/radianslighting.com\/wp-content\/uploads\/2024\/07\/LOGO-1.jpg\",\"contentUrl\":\"https:\/\/radianslighting.com\/wp-content\/uploads\/2024\/07\/LOGO-1.jpg\",\"width\":1835,\"height\":411,\"caption\":\"Radians Lighting\"},\"image\":{\"@id\":\"https:\/\/radianslighting.com\/#\/schema\/logo\/image\/\"}}]}<\/script>\n<!-- \/ Yoast SEO Premium plugin. -->","yoast_head_json":{"title":"Wholesale Surface Mounted Adjustable Downlights | Energy-Efficient, IP44, 3000K-5000K | Radians","description":"Discover bulk Surface Mounted Adjustable Downlights with tiered pricing. Enjoy quick shipping, versatile applications, and long-term energy savings. Ideal for commercial projects.","robots":{"index":"index","follow":"follow","max-snippet":"max-snippet:-1","max-image-preview":"max-image-preview:large","max-video-preview":"max-video-preview:-1"},"canonical":"https:\/\/radianslighting.com\/de\/produkt\/surface-mounted-adjustable-downlight\/","og_locale":"de_DE","og_type":"article","og_title":"Surface Mounted Adjustable Downlight","og_description":"Discover bulk Surface Mounted Adjustable Downlights with tiered pricing. Enjoy quick shipping, versatile applications, and long-term energy savings. Ideal for commercial projects.","og_url":"https:\/\/radianslighting.com\/de\/produkt\/surface-mounted-adjustable-downlight\/","og_site_name":"Radians Lighting","article_modified_time":"2025-03-31T07:11:53+00:00","og_image":[{"width":1000,"height":1000,"url":"https:\/\/radianslighting.com\/wp-content\/uploads\/2024\/12\/\u660e\u88c54-\u526f\u672c.jpg","type":"image\/jpeg"}],"twitter_card":"summary_large_image","twitter_misc":{"Gesch\u00e4tzte Lesezeit":"2\u00a0Minuten"},"schema":{"@context":"https:\/\/schema.org","@graph":[{"@type":"WebPage","@id":"https:\/\/radianslighting.com\/product\/surface-mounted-adjustable-downlight","url":"https:\/\/radianslighting.com\/product\/surface-mounted-adjustable-downlight","name":"Wholesale Surface Mounted Adjustable Downlights | Energy-Efficient, IP44, 3000K-5000K | Radians","isPartOf":{"@id":"https:\/\/radianslighting.com\/#website"},"datePublished":"2024-12-06T03:19:02+00:00","dateModified":"2025-03-31T07:11:53+00:00","description":"Discover bulk Surface Mounted Adjustable Downlights with tiered pricing. Enjoy quick shipping, versatile applications, and long-term energy savings. Ideal for commercial projects.","breadcrumb":{"@id":"https:\/\/radianslighting.com\/product\/surface-mounted-adjustable-downlight#breadcrumb"},"inLanguage":"de","potentialAction":[{"@type":"ReadAction","target":["https:\/\/radianslighting.com\/product\/surface-mounted-adjustable-downlight"]}]},{"@type":"BreadcrumbList","@id":"https:\/\/radianslighting.com\/product\/surface-mounted-adjustable-downlight#breadcrumb","itemListElement":[{"@type":"ListItem","position":1,"name":"Home","item":"https:\/\/radianslighting.com\/"},{"@type":"ListItem","position":2,"name":"Shop","item":"https:\/\/radianslighting.com\/shop"},{"@type":"ListItem","position":3,"name":"Surface Mounted Adjustable Downlight"}]},{"@type":"WebSite","@id":"https:\/\/radianslighting.com\/#website","url":"https:\/\/radianslighting.com\/","name":"Radians Lighting","description":"LED Lights Manufacturer | LED Downlights | Track Lights | High-Efficiency, 5-year warranty | Radians","publisher":{"@id":"https:\/\/radianslighting.com\/#organization"},"potentialAction":[{"@type":"SearchAction","target":{"@type":"EntryPoint","urlTemplate":"https:\/\/radianslighting.com\/?s={search_term_string}"},"query-input":"required name=search_term_string"}],"inLanguage":"de"},{"@type":"Organization","@id":"https:\/\/radianslighting.com\/#organization","name":"Radians Lighting","url":"https:\/\/radianslighting.com\/","logo":{"@type":"ImageObject","inLanguage":"de","@id":"https:\/\/radianslighting.com\/#\/schema\/logo\/image\/","url":"https:\/\/radianslighting.com\/wp-content\/uploads\/2024\/07\/LOGO-1.jpg","contentUrl":"https:\/\/radianslighting.com\/wp-content\/uploads\/2024\/07\/LOGO-1.jpg","width":1835,"height":411,"caption":"Radians Lighting"},"image":{"@id":"https:\/\/radianslighting.com\/#\/schema\/logo\/image\/"}}]}},"_links":{"self":[{"href":"https:\/\/radianslighting.com\/de\/wp-json\/wp\/v2\/product\/6794"}],"collection":[{"href":"https:\/\/radianslighting.com\/de\/wp-json\/wp\/v2\/product"}],"about":[{"href":"https:\/\/radianslighting.com\/de\/wp-json\/wp\/v2\/types\/product"}],"replies":[{"embeddable":true,"href":"https:\/\/radianslighting.com\/de\/wp-json\/wp\/v2\/comments?post=6794"}],"wp:featuredmedia":[{"embeddable":true,"href":"https:\/\/radianslighting.com\/de\/wp-json\/wp\/v2\/media\/6810"}],"wp:attachment":[{"href":"https:\/\/radianslighting.com\/de\/wp-json\/wp\/v2\/media?parent=6794"}],"wp:term":[{"taxonomy":"product_cat","embeddable":true,"href":"https:\/\/radianslighting.com\/de\/wp-json\/wp\/v2\/product_cat?post=6794"},{"taxonomy":"product_tag","embeddable":true,"href":"https:\/\/radianslighting.com\/de\/wp-json\/wp\/v2\/product_tag?post=6794"}],"curies":[{"name":"wp","href":"https:\/\/api.w.org\/{rel}","templated":true}]}}