{"id":6767,"date":"2024-12-06T02:54:09","date_gmt":"2024-12-06T02:54:09","guid":{"rendered":"https:\/\/radianslighting.com\/?post_type=product&#038;p=6767"},"modified":"2025-03-31T07:12:00","modified_gmt":"2025-03-31T07:12:00","slug":"surface-mounted-led-downlights","status":"publish","type":"product","link":"https:\/\/radianslighting.com\/de\/produkt\/surface-mounted-led-downlights","title":{"rendered":"Aufbau-LED-Downlights"},"content":{"rendered":"<p>F\u00fcr oberfl\u00e4chenmontierte LED-Downlights sind viele Farbreflektoren erh\u00e4ltlich, die Sie passend zu Ihrem Einrichtungsstil ausw\u00e4hlen k\u00f6nnen. Die Installation und Wartung von oberfl\u00e4chenmontierten LED-Downlights spart viel Zeit und Arbeit und ist die beste Wahl f\u00fcr den privaten und gewerblichen Gebrauch.<\/p>\n<table style=\"border-collapse: collapse; width: 800px; height: 226px;\" border=\"0\" width=\"544\" cellspacing=\"0\" cellpadding=\"0\">\n<tbody>\n<tr style=\"height: 13.50pt;\">\n<td class=\"et2\" style=\"height: 13.5pt; width: 51pt; text-align: center;\" width=\"136\" height=\"36\"><strong>Modell Nr.\u00a0<\/strong><\/td>\n<td class=\"et2\" style=\"width: 51pt; text-align: center;\" width=\"136\"><strong>Leistung<\/strong><\/td>\n<td class=\"et2\" style=\"width: 51pt; text-align: center;\" width=\"136\"><strong>Installationsmethode<\/strong><\/td>\n<td class=\"et2\" style=\"width: 51pt; text-align: center;\" width=\"136\"><strong>Dimension<\/strong><\/td>\n<\/tr>\n<tr style=\"height: 13.50pt;\">\n<td class=\"et2\" style=\"height: 13.5pt; text-align: center;\" height=\"36\">RSSD1F10F<\/td>\n<td class=\"et2\" style=\"text-align: center;\">10 W<\/td>\n<td class=\"et2\" style=\"text-align: center;\">Aufputzmontage<\/td>\n<td class=\"et2\" style=\"text-align: center;\">\u03c694x110mm<\/td>\n<\/tr>\n<tr style=\"height: 13.50pt;\">\n<td class=\"et2\" style=\"height: 13.5pt; text-align: center;\" height=\"36\">RSSD1F15F<\/td>\n<td class=\"et2\" style=\"text-align: center;\">15 W<\/td>\n<td class=\"et2\" style=\"text-align: center;\">Aufputzmontage<\/td>\n<td class=\"et2\" style=\"text-align: center;\">\u00a0\u03c6114x121mm<\/td>\n<\/tr>\n<tr style=\"height: 13.50pt;\">\n<td class=\"et2\" style=\"height: 13.5pt; text-align: center;\" height=\"36\">RSSD1F20F<\/td>\n<td class=\"et2\" style=\"text-align: center;\">20 W<\/td>\n<td class=\"et2\" style=\"text-align: center;\">Aufputzmontage<\/td>\n<td class=\"et2\" style=\"text-align: center;\">\u03c6141x141mm<\/td>\n<\/tr>\n<tr style=\"height: 13.50pt;\">\n<td class=\"et2\" style=\"height: 13.5pt; text-align: center;\" height=\"36\">RSSD1F30F<\/td>\n<td class=\"et2\" style=\"text-align: center;\">30 W<\/td>\n<td class=\"et2\" style=\"text-align: center;\">Aufputzmontage<\/td>\n<td class=\"et2\" style=\"text-align: center;\">\u03c6170x161mm<\/td>\n<\/tr>\n<tr style=\"height: 13.50pt;\">\n<td class=\"et2\" style=\"height: 13.5pt; text-align: center;\" height=\"36\">RSSD1F70F<\/td>\n<td class=\"et2\" style=\"text-align: center;\">70 W<\/td>\n<td class=\"et2\" style=\"text-align: center;\">Aufputzmontage<\/td>\n<td class=\"et2\" style=\"text-align: center;\">\u03c6204x181mm<\/td>\n<\/tr>\n<\/tbody>\n<\/table>\n<h2>Produktpr\u00e4sentation der oberfl\u00e4chenmontierten LED-Downlights:<\/h2>\n<p><img fetchpriority=\"high\" decoding=\"async\" class=\"alignnone size-full wp-image-6785\" src=\"https:\/\/radianslighting.com\/wp-content\/uploads\/2024\/12\/RSSD1F10F-22.jpg\" alt=\"Surface Mounted LED Downlights\" width=\"1200\" height=\"1161\" srcset=\"https:\/\/radianslighting.com\/wp-content\/uploads\/2024\/12\/RSSD1F10F-22.jpg 1200w, https:\/\/radianslighting.com\/wp-content\/uploads\/2024\/12\/RSSD1F10F-22-300x290.jpg 300w, https:\/\/radianslighting.com\/wp-content\/uploads\/2024\/12\/RSSD1F10F-22-1024x991.jpg 1024w, https:\/\/radianslighting.com\/wp-content\/uploads\/2024\/12\/RSSD1F10F-22-768x743.jpg 768w, https:\/\/radianslighting.com\/wp-content\/uploads\/2024\/12\/RSSD1F10F-22-600x581.jpg 600w\" sizes=\"(max-width: 1200px) 100vw, 1200px\" \/> <img decoding=\"async\" class=\"alignnone size-full wp-image-6784\" src=\"https:\/\/radianslighting.com\/wp-content\/uploads\/2024\/12\/RSSD1F10F-11.jpg\" alt=\"Surface Mounted LED Downlights\" width=\"1200\" height=\"1161\" srcset=\"https:\/\/radianslighting.com\/wp-content\/uploads\/2024\/12\/RSSD1F10F-11.jpg 1200w, https:\/\/radianslighting.com\/wp-content\/uploads\/2024\/12\/RSSD1F10F-11-300x290.jpg 300w, https:\/\/radianslighting.com\/wp-content\/uploads\/2024\/12\/RSSD1F10F-11-1024x991.jpg 1024w, https:\/\/radianslighting.com\/wp-content\/uploads\/2024\/12\/RSSD1F10F-11-768x743.jpg 768w, https:\/\/radianslighting.com\/wp-content\/uploads\/2024\/12\/RSSD1F10F-11-600x581.jpg 600w\" sizes=\"(max-width: 1200px) 100vw, 1200px\" \/> <img decoding=\"async\" class=\"alignnone size-full wp-image-6783\" src=\"https:\/\/radianslighting.com\/wp-content\/uploads\/2024\/12\/RSSD1F10F-10.jpg\" alt=\"Surface Mounted LED Downlights\" width=\"1200\" height=\"1161\" srcset=\"https:\/\/radianslighting.com\/wp-content\/uploads\/2024\/12\/RSSD1F10F-10.jpg 1200w, https:\/\/radianslighting.com\/wp-content\/uploads\/2024\/12\/RSSD1F10F-10-300x290.jpg 300w, https:\/\/radianslighting.com\/wp-content\/uploads\/2024\/12\/RSSD1F10F-10-1024x991.jpg 1024w, https:\/\/radianslighting.com\/wp-content\/uploads\/2024\/12\/RSSD1F10F-10-768x743.jpg 768w, https:\/\/radianslighting.com\/wp-content\/uploads\/2024\/12\/RSSD1F10F-10-600x581.jpg 600w\" sizes=\"(max-width: 1200px) 100vw, 1200px\" \/> <img loading=\"lazy\" decoding=\"async\" class=\"alignnone size-full wp-image-6782\" src=\"https:\/\/radianslighting.com\/wp-content\/uploads\/2024\/12\/RSSD1F10F-9.jpg\" alt=\"Surface Mounted LED Downlights\" width=\"1200\" height=\"1161\" srcset=\"https:\/\/radianslighting.com\/wp-content\/uploads\/2024\/12\/RSSD1F10F-9.jpg 1200w, https:\/\/radianslighting.com\/wp-content\/uploads\/2024\/12\/RSSD1F10F-9-300x290.jpg 300w, https:\/\/radianslighting.com\/wp-content\/uploads\/2024\/12\/RSSD1F10F-9-1024x991.jpg 1024w, https:\/\/radianslighting.com\/wp-content\/uploads\/2024\/12\/RSSD1F10F-9-768x743.jpg 768w, https:\/\/radianslighting.com\/wp-content\/uploads\/2024\/12\/RSSD1F10F-9-600x581.jpg 600w\" sizes=\"(max-width: 1200px) 100vw, 1200px\" \/> <img loading=\"lazy\" decoding=\"async\" class=\"alignnone size-full wp-image-6781\" src=\"https:\/\/radianslighting.com\/wp-content\/uploads\/2024\/12\/RSSD1F10F-8.jpg\" alt=\"Surface Mounted LED Downlights\" width=\"1200\" height=\"1161\" srcset=\"https:\/\/radianslighting.com\/wp-content\/uploads\/2024\/12\/RSSD1F10F-8.jpg 1200w, https:\/\/radianslighting.com\/wp-content\/uploads\/2024\/12\/RSSD1F10F-8-300x290.jpg 300w, https:\/\/radianslighting.com\/wp-content\/uploads\/2024\/12\/RSSD1F10F-8-1024x991.jpg 1024w, https:\/\/radianslighting.com\/wp-content\/uploads\/2024\/12\/RSSD1F10F-8-768x743.jpg 768w, https:\/\/radianslighting.com\/wp-content\/uploads\/2024\/12\/RSSD1F10F-8-600x581.jpg 600w\" sizes=\"(max-width: 1200px) 100vw, 1200px\" \/> <img loading=\"lazy\" decoding=\"async\" class=\"alignnone size-full wp-image-6790\" src=\"https:\/\/radianslighting.com\/wp-content\/uploads\/2024\/12\/RSSD1F10F-29.jpg\" alt=\"Surface Mounted LED Downlights\" width=\"1200\" height=\"806\" srcset=\"https:\/\/radianslighting.com\/wp-content\/uploads\/2024\/12\/RSSD1F10F-29.jpg 1200w, https:\/\/radianslighting.com\/wp-content\/uploads\/2024\/12\/RSSD1F10F-29-300x202.jpg 300w, https:\/\/radianslighting.com\/wp-content\/uploads\/2024\/12\/RSSD1F10F-29-1024x688.jpg 1024w, https:\/\/radianslighting.com\/wp-content\/uploads\/2024\/12\/RSSD1F10F-29-768x516.jpg 768w, https:\/\/radianslighting.com\/wp-content\/uploads\/2024\/12\/RSSD1F10F-29-600x403.jpg 600w\" sizes=\"(max-width: 1200px) 100vw, 1200px\" \/><\/p>\n<h2>H\u00e4ufig gestellte Fragen:<\/h2>\n<p><strong>Frage<\/strong>: Sind Sie eine Fabrik?<br \/>\n<strong>Antwort<\/strong>: Ja, wir sind ein professioneller Hersteller mit vielen erfahrenen Ingenieuren und Mitarbeitern.<\/p>\n<p><strong>Frage<\/strong>: Gibt es bei Ihnen eine Mindestbestellmenge (MOQ) f\u00fcr LED-Lichtbestellungen?<br \/>\n<strong>Antwort<\/strong>: Nein. Keine Mindestbestellmenge begrenzt. Sie k\u00f6nnen 1 St\u00fcck zum Testen und Pr\u00fcfen abgeben.<\/p>\n<p><strong>Frage<\/strong>: Wie sieht es mit Ihrer Vorlaufzeit aus?<br \/>\n<strong>Antwort<\/strong>: 3-5 Arbeitstage f\u00fcr Muster und 15 Arbeitstage f\u00fcr Sammelbestellungen.<\/p>\n<p><strong>Frage<\/strong>: Wie viele Jahre Garantie bieten Sie auf Ihr Downlight?<br \/>\n<strong>Antwort<\/strong>: F\u00fcr die meisten unserer Downlights bieten wir grunds\u00e4tzlich 3 oder 5 Jahre Garantie. Bei weiteren W\u00fcnschen k\u00f6nnen Sie uns gerne kontaktieren.<\/p>\n<p><strong>Frage<\/strong>: Kann ich mein Logo auf Ihr Produkt und Ihre Verpackung setzen?<br \/>\n<strong>Antwort<\/strong>: Sicher. Aber wir haben MOQ f\u00fcr OEM-Service f\u00fcr verschiedene Produkte.<\/p>","protected":false},"excerpt":{"rendered":"<ul>\n<li>Modellnummer: RSSD1F10F<\/li>\n<li>Leistung: 10W<\/li>\n<li>Spannung: AC 120 V\/AC 22\u2013240 V, 50\u201360 Hz<\/li>\n<li>Lumen: 800lm<\/li>\n<li>CCT: 2700K\/3000K\/4000K\/57000K\/DTW\/RGBCW<\/li>\n<li>CRI: 80\/90 oder \u00fcber Ra93, Ra95 verf\u00fcgbar.<\/li>\n<li>SDCM: 3<\/li>\n<li>Leistungsfaktor: 0,9<\/li>\n<li>Dimmen: Kein Dimmen, Triac, 0\/1-10V, DALI, Tuya, Zigbee<\/li>\n<li>Abstrahlwinkel: 30\u00b0<\/li>\n<li>Installationsart: Oberfl\u00e4chenmontage<\/li>\n<li>IP-Schutzart: IP44<\/li>\n<li>Abmessungen: \u03c694x110mm<\/li>\n<li>Farbe: Wei\u00df\/Schwarz oder andere Farben k\u00f6nnen angepasst werden.<\/li>\n<li>Material: Aluminiumlegierung<\/li>\n<li>Lebensdauer: 25.000 Stunden oder 50.000 Stunden<\/li>\n<li>Garantie: 3 Jahre\/ 5 Jahre<\/li>\n<li>Bemerkung: Aufbau-LED-Downlights<\/li>\n<\/ul>","protected":false},"featured_media":6769,"comment_status":"open","ping_status":"closed","template":"","meta":[],"product_cat":[20,527,540,543,529,551,530,504,541,491,497,481,531,532,549,513,493,494,534,150,552,492,507,545,238,503,505,498],"product_tag":[51,90,91,361,358,362,359,239,356,364,240,241,360,471,404],"class_list":{"0":"post-6767","1":"product","2":"type-product","3":"status-publish","4":"has-post-thumbnail","6":"product_cat-anti-glare-downlights","7":"product_cat-100mm-downlight","8":"product_cat-10w-led-downlight","9":"product_cat-12-watt-downlight","10":"product_cat-120mm-downlight","11":"product_cat-15w-downlight","12":"product_cat-200mm-led-downlight","13":"product_cat-2700k-downlight","14":"product_cat-9w-led-downlight","15":"product_cat-bedroom-downlights","16":"product_cat-black-downlights","17":"product_cat-cob-downlight","18":"product_cat-dimmable-downlights","19":"product_cat-dimmable-led-downlights","20":"product_cat-downlight-18w","21":"product_cat-downlight-ip44","22":"product_cat-downlights-for-hallway","23":"product_cat-hotel-downlight","24":"product_cat-led-dimmable-spotlights","25":"product_cat-led-downlight","26":"product_cat-led-downlight-30w","27":"product_cat-living-room-downlights","28":"product_cat-neutral-light-downlight","29":"product_cat-round-led-downlight","30":"product_cat-surface-downlight","31":"product_cat-tri-colour-downlight","32":"product_cat-warm-led-downlights","33":"product_cat-white-downlights","34":"product_tag-bathroom-downlights","35":"product_tag-dimmable-led-downlights","36":"product_tag-dimmable-led-spotlights","37":"product_tag-slim-surface-mounted-led-downlights","38":"product_tag-square-surface-mounted-downlight","39":"product_tag-surface-cob-downlight","40":"product_tag-surface-down-light","41":"product_tag-surface-downlight","42":"product_tag-surface-downlight-led","43":"product_tag-surface-mounted-adjustable-downlight","44":"product_tag-surface-mounted-downlight","45":"product_tag-surface-mounted-led-downlight","46":"product_tag-surface-mounted-led-downlights","47":"product_tag-surface-mounted-led-downlightsround-surface-mount-led-lights","48":"product_tag-surface-mounted-led-downlightssurface-mounted-led-downlight","50":"first","51":"instock","52":"shipping-taxable","53":"purchasable","54":"product-type-simple"},"yoast_head":"<!-- This site is optimized with the Yoast SEO Premium plugin v20.8 (Yoast SEO v21.9.1) - https:\/\/yoast.com\/wordpress\/plugins\/seo\/ -->\n<title>Wholesale Surface Mounted LED Downlights - Energy-Efficient, CRI90+, 3000K-5000K | Radians<\/title>\n<meta name=\"description\" content=\"Get bulk Surface Mounted LED Downlights with tiered pricing and quick shipping. Ideal for commercial spaces, these energy-efficient lights offer long lifespan and ROI benefits.\" \/>\n<meta name=\"robots\" content=\"index, follow, max-snippet:-1, max-image-preview:large, max-video-preview:-1\" \/>\n<link rel=\"canonical\" href=\"https:\/\/radianslighting.com\/de\/produkt\/surface-mounted-led-downlights\/\" \/>\n<meta property=\"og:locale\" content=\"de_DE\" \/>\n<meta property=\"og:type\" content=\"article\" \/>\n<meta property=\"og:title\" content=\"Surface Mounted LED Downlights\" \/>\n<meta property=\"og:description\" content=\"Get bulk Surface Mounted LED Downlights with tiered pricing and quick shipping. Ideal for commercial spaces, these energy-efficient lights offer long lifespan and ROI benefits.\" \/>\n<meta property=\"og:url\" content=\"https:\/\/radianslighting.com\/de\/produkt\/surface-mounted-led-downlights\/\" \/>\n<meta property=\"og:site_name\" content=\"Radians Lighting\" \/>\n<meta property=\"article:modified_time\" content=\"2025-03-31T07:12:00+00:00\" \/>\n<meta property=\"og:image\" content=\"https:\/\/radianslighting.com\/wp-content\/uploads\/2024\/12\/RSSD1F10F-16.jpg\" \/>\n\t<meta property=\"og:image:width\" content=\"1000\" \/>\n\t<meta property=\"og:image:height\" content=\"1000\" \/>\n\t<meta property=\"og:image:type\" content=\"image\/jpeg\" \/>\n<meta name=\"twitter:card\" content=\"summary_large_image\" \/>\n<meta name=\"twitter:label1\" content=\"Gesch\u00e4tzte Lesezeit\" \/>\n\t<meta name=\"twitter:data1\" content=\"3\u00a0Minuten\" \/>\n<script type=\"application\/ld+json\" class=\"yoast-schema-graph\">{\"@context\":\"https:\/\/schema.org\",\"@graph\":[{\"@type\":\"WebPage\",\"@id\":\"https:\/\/radianslighting.com\/product\/surface-mounted-led-downlights\",\"url\":\"https:\/\/radianslighting.com\/product\/surface-mounted-led-downlights\",\"name\":\"Wholesale Surface Mounted LED Downlights - Energy-Efficient, CRI90+, 3000K-5000K | Radians\",\"isPartOf\":{\"@id\":\"https:\/\/radianslighting.com\/#website\"},\"datePublished\":\"2024-12-06T02:54:09+00:00\",\"dateModified\":\"2025-03-31T07:12:00+00:00\",\"description\":\"Get bulk Surface Mounted LED Downlights with tiered pricing and quick shipping. Ideal for commercial spaces, these energy-efficient lights offer long lifespan and ROI benefits.\",\"breadcrumb\":{\"@id\":\"https:\/\/radianslighting.com\/product\/surface-mounted-led-downlights#breadcrumb\"},\"inLanguage\":\"de\",\"potentialAction\":[{\"@type\":\"ReadAction\",\"target\":[\"https:\/\/radianslighting.com\/product\/surface-mounted-led-downlights\"]}]},{\"@type\":\"BreadcrumbList\",\"@id\":\"https:\/\/radianslighting.com\/product\/surface-mounted-led-downlights#breadcrumb\",\"itemListElement\":[{\"@type\":\"ListItem\",\"position\":1,\"name\":\"Home\",\"item\":\"https:\/\/radianslighting.com\/\"},{\"@type\":\"ListItem\",\"position\":2,\"name\":\"Shop\",\"item\":\"https:\/\/radianslighting.com\/shop\"},{\"@type\":\"ListItem\",\"position\":3,\"name\":\"Surface Mounted LED Downlights\"}]},{\"@type\":\"WebSite\",\"@id\":\"https:\/\/radianslighting.com\/#website\",\"url\":\"https:\/\/radianslighting.com\/\",\"name\":\"Radians Lighting\",\"description\":\"LED Lights Manufacturer | LED Downlights | Track Lights | High-Efficiency, 5-year warranty | Radians\",\"publisher\":{\"@id\":\"https:\/\/radianslighting.com\/#organization\"},\"potentialAction\":[{\"@type\":\"SearchAction\",\"target\":{\"@type\":\"EntryPoint\",\"urlTemplate\":\"https:\/\/radianslighting.com\/?s={search_term_string}\"},\"query-input\":\"required name=search_term_string\"}],\"inLanguage\":\"de\"},{\"@type\":\"Organization\",\"@id\":\"https:\/\/radianslighting.com\/#organization\",\"name\":\"Radians Lighting\",\"url\":\"https:\/\/radianslighting.com\/\",\"logo\":{\"@type\":\"ImageObject\",\"inLanguage\":\"de\",\"@id\":\"https:\/\/radianslighting.com\/#\/schema\/logo\/image\/\",\"url\":\"https:\/\/radianslighting.com\/wp-content\/uploads\/2024\/07\/LOGO-1.jpg\",\"contentUrl\":\"https:\/\/radianslighting.com\/wp-content\/uploads\/2024\/07\/LOGO-1.jpg\",\"width\":1835,\"height\":411,\"caption\":\"Radians Lighting\"},\"image\":{\"@id\":\"https:\/\/radianslighting.com\/#\/schema\/logo\/image\/\"}}]}<\/script>\n<!-- \/ Yoast SEO Premium plugin. -->","yoast_head_json":{"title":"Wholesale Surface Mounted LED Downlights - Energy-Efficient, CRI90+, 3000K-5000K | Radians","description":"Get bulk Surface Mounted LED Downlights with tiered pricing and quick shipping. Ideal for commercial spaces, these energy-efficient lights offer long lifespan and ROI benefits.","robots":{"index":"index","follow":"follow","max-snippet":"max-snippet:-1","max-image-preview":"max-image-preview:large","max-video-preview":"max-video-preview:-1"},"canonical":"https:\/\/radianslighting.com\/de\/produkt\/surface-mounted-led-downlights\/","og_locale":"de_DE","og_type":"article","og_title":"Surface Mounted LED Downlights","og_description":"Get bulk Surface Mounted LED Downlights with tiered pricing and quick shipping. Ideal for commercial spaces, these energy-efficient lights offer long lifespan and ROI benefits.","og_url":"https:\/\/radianslighting.com\/de\/produkt\/surface-mounted-led-downlights\/","og_site_name":"Radians Lighting","article_modified_time":"2025-03-31T07:12:00+00:00","og_image":[{"width":1000,"height":1000,"url":"https:\/\/radianslighting.com\/wp-content\/uploads\/2024\/12\/RSSD1F10F-16.jpg","type":"image\/jpeg"}],"twitter_card":"summary_large_image","twitter_misc":{"Gesch\u00e4tzte Lesezeit":"3\u00a0Minuten"},"schema":{"@context":"https:\/\/schema.org","@graph":[{"@type":"WebPage","@id":"https:\/\/radianslighting.com\/product\/surface-mounted-led-downlights","url":"https:\/\/radianslighting.com\/product\/surface-mounted-led-downlights","name":"Wholesale Surface Mounted LED Downlights - Energy-Efficient, CRI90+, 3000K-5000K | Radians","isPartOf":{"@id":"https:\/\/radianslighting.com\/#website"},"datePublished":"2024-12-06T02:54:09+00:00","dateModified":"2025-03-31T07:12:00+00:00","description":"Get bulk Surface Mounted LED Downlights with tiered pricing and quick shipping. Ideal for commercial spaces, these energy-efficient lights offer long lifespan and ROI benefits.","breadcrumb":{"@id":"https:\/\/radianslighting.com\/product\/surface-mounted-led-downlights#breadcrumb"},"inLanguage":"de","potentialAction":[{"@type":"ReadAction","target":["https:\/\/radianslighting.com\/product\/surface-mounted-led-downlights"]}]},{"@type":"BreadcrumbList","@id":"https:\/\/radianslighting.com\/product\/surface-mounted-led-downlights#breadcrumb","itemListElement":[{"@type":"ListItem","position":1,"name":"Home","item":"https:\/\/radianslighting.com\/"},{"@type":"ListItem","position":2,"name":"Shop","item":"https:\/\/radianslighting.com\/shop"},{"@type":"ListItem","position":3,"name":"Surface Mounted LED Downlights"}]},{"@type":"WebSite","@id":"https:\/\/radianslighting.com\/#website","url":"https:\/\/radianslighting.com\/","name":"Radians Lighting","description":"LED Lights Manufacturer | LED Downlights | Track Lights | High-Efficiency, 5-year warranty | Radians","publisher":{"@id":"https:\/\/radianslighting.com\/#organization"},"potentialAction":[{"@type":"SearchAction","target":{"@type":"EntryPoint","urlTemplate":"https:\/\/radianslighting.com\/?s={search_term_string}"},"query-input":"required name=search_term_string"}],"inLanguage":"de"},{"@type":"Organization","@id":"https:\/\/radianslighting.com\/#organization","name":"Radians Lighting","url":"https:\/\/radianslighting.com\/","logo":{"@type":"ImageObject","inLanguage":"de","@id":"https:\/\/radianslighting.com\/#\/schema\/logo\/image\/","url":"https:\/\/radianslighting.com\/wp-content\/uploads\/2024\/07\/LOGO-1.jpg","contentUrl":"https:\/\/radianslighting.com\/wp-content\/uploads\/2024\/07\/LOGO-1.jpg","width":1835,"height":411,"caption":"Radians Lighting"},"image":{"@id":"https:\/\/radianslighting.com\/#\/schema\/logo\/image\/"}}]}},"_links":{"self":[{"href":"https:\/\/radianslighting.com\/de\/wp-json\/wp\/v2\/product\/6767"}],"collection":[{"href":"https:\/\/radianslighting.com\/de\/wp-json\/wp\/v2\/product"}],"about":[{"href":"https:\/\/radianslighting.com\/de\/wp-json\/wp\/v2\/types\/product"}],"replies":[{"embeddable":true,"href":"https:\/\/radianslighting.com\/de\/wp-json\/wp\/v2\/comments?post=6767"}],"wp:featuredmedia":[{"embeddable":true,"href":"https:\/\/radianslighting.com\/de\/wp-json\/wp\/v2\/media\/6769"}],"wp:attachment":[{"href":"https:\/\/radianslighting.com\/de\/wp-json\/wp\/v2\/media?parent=6767"}],"wp:term":[{"taxonomy":"product_cat","embeddable":true,"href":"https:\/\/radianslighting.com\/de\/wp-json\/wp\/v2\/product_cat?post=6767"},{"taxonomy":"product_tag","embeddable":true,"href":"https:\/\/radianslighting.com\/de\/wp-json\/wp\/v2\/product_tag?post=6767"}],"curies":[{"name":"wp","href":"https:\/\/api.w.org\/{rel}","templated":true}]}}