{"id":6753,"date":"2024-12-06T02:12:40","date_gmt":"2024-12-06T02:12:40","guid":{"rendered":"https:\/\/radianslighting.com\/?post_type=product&#038;p=6753"},"modified":"2025-03-31T07:12:11","modified_gmt":"2025-03-31T07:12:11","slug":"surface-downlight-led","status":"publish","type":"product","link":"https:\/\/radianslighting.com\/de\/produkt\/surface-downlight-led","title":{"rendered":"LED-Deckenstrahler"},"content":{"rendered":"<p>Es handelt sich um ein LED-Surface-Downlight mit mehreren Leistungsstufen und verschiedenen Formen. Die Leistung kann von 4 Watt bis 40 Watt gew\u00e4hlt werden. Es kann in verschiedenen R\u00e4umen eingesetzt werden, von kleinen Zimmern bis hin zur Hotelhalle.<\/p>\n<p>Das Geh\u00e4use dieses LED-Deckenstrahlers besteht aus einer Aluminiumlegierung, die sich durch ein hochwertiges Aussehen und eine lange Lebensdauer auszeichnet. Wir bieten verschiedene Dimmmethoden f\u00fcr diese Leuchte an: Triac-Dimmung, 0\/1-10 V oder DALI. Unsere erfahrenen Ingenieure bieten Ihnen gerne individuellen Service.<\/p>\n<table style=\"border-collapse: collapse; width: 800px; height: 189px;\" border=\"0\" width=\"544\" cellspacing=\"0\" cellpadding=\"0\">\n<tbody>\n<tr style=\"height: 13.50pt;\">\n<td class=\"et2\" style=\"height: 13.5pt; width: 51pt; text-align: center;\" width=\"136\" height=\"36\"><strong>Modell Nr.<\/strong><\/td>\n<td class=\"et2\" style=\"width: 51pt; text-align: center;\" width=\"136\"><strong>Leistung<\/strong><\/td>\n<td class=\"et2\" style=\"width: 51pt; text-align: center;\" width=\"136\"><strong>Installationsmethode<\/strong><\/td>\n<td class=\"et2\" style=\"width: 51pt; text-align: center;\" width=\"136\"><strong>Dimension<\/strong><\/td>\n<\/tr>\n<tr style=\"height: 13.50pt;\">\n<td class=\"et2\" style=\"height: 13.5pt; text-align: center;\" height=\"36\">RSSD2F4L<\/td>\n<td class=\"et2\" style=\"text-align: center;\">4w<\/td>\n<td class=\"et2\" style=\"text-align: center;\">Aufputzmontage<\/td>\n<td class=\"et2\" style=\"text-align: center;\">36 x 38 x 29 mm<\/td>\n<\/tr>\n<tr style=\"height: 13.50pt;\">\n<td class=\"et2\" style=\"height: 13.5pt; text-align: center;\" height=\"36\">RSSD2F12L<\/td>\n<td class=\"et2\" style=\"text-align: center;\">12 W<\/td>\n<td class=\"et2\" style=\"text-align: center;\">Aufputzmontage<\/td>\n<td class=\"et2\" style=\"text-align: center;\">114 x 38 x 29 mm<\/td>\n<\/tr>\n<tr style=\"height: 13.50pt;\">\n<td class=\"et2\" style=\"height: 13.5pt; text-align: center;\" height=\"36\">RSSD2F16L<\/td>\n<td class=\"et2\" style=\"text-align: center;\">16 W<\/td>\n<td class=\"et2\" style=\"text-align: center;\">Aufputzmontage<\/td>\n<td class=\"et2\" style=\"text-align: center;\">76 x 76 x 29 mm<\/td>\n<\/tr>\n<tr style=\"height: 13.50pt;\">\n<td class=\"et2\" style=\"height: 13.5pt; text-align: center;\" height=\"36\">RSSD2F20L<\/td>\n<td class=\"et2\" style=\"text-align: center;\">20 W<\/td>\n<td class=\"et2\" style=\"text-align: center;\">Aufputzmontage<\/td>\n<td class=\"et2\" style=\"text-align: center;\">189 x 38 x 29 mm<\/td>\n<\/tr>\n<tr style=\"height: 13.50pt;\">\n<td class=\"et2\" style=\"height: 13.5pt; text-align: center;\" height=\"36\">RSSD2F36L<\/td>\n<td class=\"et2\" style=\"text-align: center;\">36 W<\/td>\n<td class=\"et2\" style=\"text-align: center;\">Aufputzmontage<\/td>\n<td class=\"et2\" style=\"text-align: center;\">110 x 110 x 29 mm<\/td>\n<\/tr>\n<tr style=\"height: 13.50pt;\">\n<td class=\"et2\" style=\"height: 13.5pt; text-align: center;\" height=\"36\">RSSD2F40L<\/td>\n<td class=\"et2\" style=\"text-align: center;\">40 W<\/td>\n<td class=\"et2\" style=\"text-align: center;\">Aufputzmontage<\/td>\n<td class=\"et2\" style=\"text-align: center;\">379 x 38 x 29 mm<\/td>\n<\/tr>\n<\/tbody>\n<\/table>\n<h3><span style=\"font-size: 1.7em; font-weight: bold;\">Produktpr\u00e4sentation der Surface Downlight LED:\u00a0 \u00a0<\/span><\/h3>\n<p><img fetchpriority=\"high\" decoding=\"async\" class=\"alignnone size-full wp-image-6763\" src=\"https:\/\/radianslighting.com\/wp-content\/uploads\/2024\/12\/\u96c6\u5408\u56fe-2.jpg\" alt=\"surface downlight led\" width=\"1200\" height=\"800\" srcset=\"https:\/\/radianslighting.com\/wp-content\/uploads\/2024\/12\/\u96c6\u5408\u56fe-2.jpg 1200w, https:\/\/radianslighting.com\/wp-content\/uploads\/2024\/12\/\u96c6\u5408\u56fe-2-300x200.jpg 300w, https:\/\/radianslighting.com\/wp-content\/uploads\/2024\/12\/\u96c6\u5408\u56fe-2-1024x683.jpg 1024w, https:\/\/radianslighting.com\/wp-content\/uploads\/2024\/12\/\u96c6\u5408\u56fe-2-768x512.jpg 768w, https:\/\/radianslighting.com\/wp-content\/uploads\/2024\/12\/\u96c6\u5408\u56fe-2-600x400.jpg 600w\" sizes=\"(max-width: 1200px) 100vw, 1200px\" \/> <img decoding=\"async\" class=\"alignnone size-full wp-image-6764\" src=\"https:\/\/radianslighting.com\/wp-content\/uploads\/2024\/12\/\u96c6\u5408\u56fe-3.jpg\" alt=\"surface downlight led\" width=\"1200\" height=\"801\" srcset=\"https:\/\/radianslighting.com\/wp-content\/uploads\/2024\/12\/\u96c6\u5408\u56fe-3.jpg 1200w, https:\/\/radianslighting.com\/wp-content\/uploads\/2024\/12\/\u96c6\u5408\u56fe-3-300x200.jpg 300w, https:\/\/radianslighting.com\/wp-content\/uploads\/2024\/12\/\u96c6\u5408\u56fe-3-1024x684.jpg 1024w, https:\/\/radianslighting.com\/wp-content\/uploads\/2024\/12\/\u96c6\u5408\u56fe-3-768x513.jpg 768w, https:\/\/radianslighting.com\/wp-content\/uploads\/2024\/12\/\u96c6\u5408\u56fe-3-600x401.jpg 600w\" sizes=\"(max-width: 1200px) 100vw, 1200px\" \/> <img decoding=\"async\" class=\"alignnone size-full wp-image-6765\" src=\"https:\/\/radianslighting.com\/wp-content\/uploads\/2024\/12\/\u96c6\u5408\u56fe.jpg\" alt=\"surface downlight led\" width=\"1079\" height=\"1009\" srcset=\"https:\/\/radianslighting.com\/wp-content\/uploads\/2024\/12\/\u96c6\u5408\u56fe.jpg 1079w, https:\/\/radianslighting.com\/wp-content\/uploads\/2024\/12\/\u96c6\u5408\u56fe-300x281.jpg 300w, https:\/\/radianslighting.com\/wp-content\/uploads\/2024\/12\/\u96c6\u5408\u56fe-1024x958.jpg 1024w, https:\/\/radianslighting.com\/wp-content\/uploads\/2024\/12\/\u96c6\u5408\u56fe-768x718.jpg 768w, https:\/\/radianslighting.com\/wp-content\/uploads\/2024\/12\/\u96c6\u5408\u56fe-600x561.jpg 600w\" sizes=\"(max-width: 1079px) 100vw, 1079px\" \/><\/p>\n<h2>H\u00e4ufig gestellte Fragen:<\/h2>\n<p><strong>Frage<\/strong>: Sind Sie eine Fabrik?<br \/>\n<strong>Antwort<\/strong>: Ja, wir sind ein professioneller Hersteller mit vielen erfahrenen Ingenieuren und Mitarbeitern.<\/p>\n<p><strong>Frage<\/strong>: Gibt es bei Ihnen eine Mindestbestellmenge (MOQ) f\u00fcr LED-Lichtbestellungen?<br \/>\n<strong>Antwort<\/strong>: Nein. Keine Mindestbestellmenge begrenzt. Sie k\u00f6nnen 1 St\u00fcck zum Testen und Pr\u00fcfen abgeben.<\/p>\n<p><strong>Frage<\/strong>: Wie sieht es mit Ihrer Vorlaufzeit aus?<br \/>\n<strong>Antwort<\/strong>: 3-5 Arbeitstage f\u00fcr Muster und 15 Arbeitstage f\u00fcr Sammelbestellungen.<\/p>\n<p><strong>Frage<\/strong>: Wie viele Jahre Garantie bieten Sie auf Ihr Downlight?<br \/>\n<strong>Antwort<\/strong>: F\u00fcr die meisten unserer Downlights bieten wir grunds\u00e4tzlich 3 oder 5 Jahre Garantie. Bei weiteren W\u00fcnschen k\u00f6nnen Sie uns gerne kontaktieren.<\/p>\n<p><strong>Frage<\/strong>: Kann ich mein Logo auf Ihr Produkt und Ihre Verpackung setzen?<br \/>\n<strong>Antwort<\/strong>: Sicher. Aber wir haben MOQ f\u00fcr OEM-Service f\u00fcr verschiedene Produkte.<\/p>","protected":false},"excerpt":{"rendered":"<ul>\n<li>Modellnummer: RSSD2F36L<\/li>\n<li>Leistung: 36W<\/li>\n<li>Spannung: AC 120 V\/AC 22\u2013240 V, 50\u201360 Hz<\/li>\n<li>Lumen: 2880lm<\/li>\n<li>CCT: 2700K\/3000K\/4000K\/57000K\/DTW\/RGBCW<\/li>\n<li>CRI: 80\/90 oder \u00fcber Ra93, Ra95 verf\u00fcgbar.<\/li>\n<li>SDCM: 3<\/li>\n<li>Leistungsfaktor: 0,9<\/li>\n<li>Dimmen: Kein Dimmen, Triac, 0\/1-10V, DALI, Tuya, Zigbee<\/li>\n<li>Abstrahlwinkel: 60\u00b0<\/li>\n<li>Installationsart: Oberfl\u00e4chenmontage<\/li>\n<li>IP-Schutzart: IP44<\/li>\n<li>Abmessungen: 110x110x29mm<\/li>\n<li>Farbe: Wei\u00df\/Schwarz oder andere Farben k\u00f6nnen angepasst werden.<\/li>\n<li>Material: Aluminiumlegierung<\/li>\n<li>Lebensdauer: 25.000 Stunden oder 50.000 Stunden<\/li>\n<li>Garantie: 3 Jahre\/5 Jahre Surface Downlight LED<\/li>\n<li>Bemerkung: Quadratische LED Downlights<\/li>\n<\/ul>","protected":false},"featured_media":6760,"comment_status":"open","ping_status":"closed","template":"","meta":[],"product_cat":[20,543,551,504,491,497,481,506,549,513,493,494,150,492,544,238,488,505,498],"product_tag":[51,357,363,361,358,362,359,239,356,364,240,241,360,404],"class_list":{"0":"post-6753","1":"product","2":"type-product","3":"status-publish","4":"has-post-thumbnail","6":"product_cat-anti-glare-downlights","7":"product_cat-12-watt-downlight","8":"product_cat-15w-downlight","9":"product_cat-2700k-downlight","10":"product_cat-bedroom-downlights","11":"product_cat-black-downlights","12":"product_cat-cob-downlight","13":"product_cat-cool-white-downlight","14":"product_cat-downlight-18w","15":"product_cat-downlight-ip44","16":"product_cat-downlights-for-hallway","17":"product_cat-hotel-downlight","18":"product_cat-led-downlight","19":"product_cat-living-room-downlights","20":"product_cat-square-downlights","21":"product_cat-surface-downlight","22":"product_cat-twin-downlights","23":"product_cat-warm-led-downlights","24":"product_cat-white-downlights","25":"product_tag-bathroom-downlights","26":"product_tag-black-surface-mounted-downlight","27":"product_tag-round-surface-mount-led-lights","28":"product_tag-slim-surface-mounted-led-downlights","29":"product_tag-square-surface-mounted-downlight","30":"product_tag-surface-cob-downlight","31":"product_tag-surface-down-light","32":"product_tag-surface-downlight","33":"product_tag-surface-downlight-led","34":"product_tag-surface-mounted-adjustable-downlight","35":"product_tag-surface-mounted-downlight","36":"product_tag-surface-mounted-led-downlight","37":"product_tag-surface-mounted-led-downlights","38":"product_tag-surface-mounted-led-downlightssurface-mounted-led-downlight","40":"first","41":"instock","42":"shipping-taxable","43":"purchasable","44":"product-type-simple"},"yoast_head":"<!-- This site is optimized with the Yoast SEO Premium plugin v20.8 (Yoast SEO v21.9.1) - https:\/\/yoast.com\/wordpress\/plugins\/seo\/ -->\n<title>Energy-Efficient Surface Downlight LED, 3000K, 90lm\/W | Radians<\/title>\n<meta name=\"description\" content=\"Bulk Surface Downlight LEDs with tiered pricing. Quick shipping &amp; hassle-free ordering. Ideal for commercial projects with high energy efficiency &amp; durability.\" \/>\n<meta name=\"robots\" content=\"index, follow, max-snippet:-1, max-image-preview:large, max-video-preview:-1\" \/>\n<link rel=\"canonical\" href=\"https:\/\/radianslighting.com\/de\/produkt\/surface-downlight-led\/\" \/>\n<meta property=\"og:locale\" content=\"de_DE\" \/>\n<meta property=\"og:type\" content=\"article\" \/>\n<meta property=\"og:title\" content=\"Surface Downlight LED\" \/>\n<meta property=\"og:description\" content=\"Bulk Surface Downlight LEDs with tiered pricing. Quick shipping &amp; hassle-free ordering. Ideal for commercial projects with high energy efficiency &amp; durability.\" \/>\n<meta property=\"og:url\" content=\"https:\/\/radianslighting.com\/de\/produkt\/surface-downlight-led\/\" \/>\n<meta property=\"og:site_name\" content=\"Radians Lighting\" \/>\n<meta property=\"article:modified_time\" content=\"2025-03-31T07:12:11+00:00\" \/>\n<meta property=\"og:image\" content=\"https:\/\/radianslighting.com\/wp-content\/uploads\/2024\/12\/RSSD2F36L.jpg\" \/>\n\t<meta property=\"og:image:width\" content=\"1000\" \/>\n\t<meta property=\"og:image:height\" content=\"1000\" \/>\n\t<meta property=\"og:image:type\" content=\"image\/jpeg\" \/>\n<meta name=\"twitter:card\" content=\"summary_large_image\" \/>\n<meta name=\"twitter:label1\" content=\"Gesch\u00e4tzte Lesezeit\" \/>\n\t<meta name=\"twitter:data1\" content=\"2\u00a0Minuten\" \/>\n<script type=\"application\/ld+json\" class=\"yoast-schema-graph\">{\"@context\":\"https:\/\/schema.org\",\"@graph\":[{\"@type\":\"WebPage\",\"@id\":\"https:\/\/radianslighting.com\/product\/surface-downlight-led\",\"url\":\"https:\/\/radianslighting.com\/product\/surface-downlight-led\",\"name\":\"Energy-Efficient Surface Downlight LED, 3000K, 90lm\/W | Radians\",\"isPartOf\":{\"@id\":\"https:\/\/radianslighting.com\/#website\"},\"datePublished\":\"2024-12-06T02:12:40+00:00\",\"dateModified\":\"2025-03-31T07:12:11+00:00\",\"description\":\"Bulk Surface Downlight LEDs with tiered pricing. Quick shipping & hassle-free ordering. Ideal for commercial projects with high energy efficiency & durability.\",\"breadcrumb\":{\"@id\":\"https:\/\/radianslighting.com\/product\/surface-downlight-led#breadcrumb\"},\"inLanguage\":\"de\",\"potentialAction\":[{\"@type\":\"ReadAction\",\"target\":[\"https:\/\/radianslighting.com\/product\/surface-downlight-led\"]}]},{\"@type\":\"BreadcrumbList\",\"@id\":\"https:\/\/radianslighting.com\/product\/surface-downlight-led#breadcrumb\",\"itemListElement\":[{\"@type\":\"ListItem\",\"position\":1,\"name\":\"Home\",\"item\":\"https:\/\/radianslighting.com\/\"},{\"@type\":\"ListItem\",\"position\":2,\"name\":\"Shop\",\"item\":\"https:\/\/radianslighting.com\/shop\"},{\"@type\":\"ListItem\",\"position\":3,\"name\":\"Surface Downlight LED\"}]},{\"@type\":\"WebSite\",\"@id\":\"https:\/\/radianslighting.com\/#website\",\"url\":\"https:\/\/radianslighting.com\/\",\"name\":\"Radians Lighting\",\"description\":\"LED Lights Manufacturer | LED Downlights | Track Lights | High-Efficiency, 5-year warranty | Radians\",\"publisher\":{\"@id\":\"https:\/\/radianslighting.com\/#organization\"},\"potentialAction\":[{\"@type\":\"SearchAction\",\"target\":{\"@type\":\"EntryPoint\",\"urlTemplate\":\"https:\/\/radianslighting.com\/?s={search_term_string}\"},\"query-input\":\"required name=search_term_string\"}],\"inLanguage\":\"de\"},{\"@type\":\"Organization\",\"@id\":\"https:\/\/radianslighting.com\/#organization\",\"name\":\"Radians Lighting\",\"url\":\"https:\/\/radianslighting.com\/\",\"logo\":{\"@type\":\"ImageObject\",\"inLanguage\":\"de\",\"@id\":\"https:\/\/radianslighting.com\/#\/schema\/logo\/image\/\",\"url\":\"https:\/\/radianslighting.com\/wp-content\/uploads\/2024\/07\/LOGO-1.jpg\",\"contentUrl\":\"https:\/\/radianslighting.com\/wp-content\/uploads\/2024\/07\/LOGO-1.jpg\",\"width\":1835,\"height\":411,\"caption\":\"Radians Lighting\"},\"image\":{\"@id\":\"https:\/\/radianslighting.com\/#\/schema\/logo\/image\/\"}}]}<\/script>\n<!-- \/ Yoast SEO Premium plugin. -->","yoast_head_json":{"title":"Energy-Efficient Surface Downlight LED, 3000K, 90lm\/W | Radians","description":"Bulk Surface Downlight LEDs with tiered pricing. Quick shipping & hassle-free ordering. Ideal for commercial projects with high energy efficiency & durability.","robots":{"index":"index","follow":"follow","max-snippet":"max-snippet:-1","max-image-preview":"max-image-preview:large","max-video-preview":"max-video-preview:-1"},"canonical":"https:\/\/radianslighting.com\/de\/produkt\/surface-downlight-led\/","og_locale":"de_DE","og_type":"article","og_title":"Surface Downlight LED","og_description":"Bulk Surface Downlight LEDs with tiered pricing. Quick shipping & hassle-free ordering. Ideal for commercial projects with high energy efficiency & durability.","og_url":"https:\/\/radianslighting.com\/de\/produkt\/surface-downlight-led\/","og_site_name":"Radians Lighting","article_modified_time":"2025-03-31T07:12:11+00:00","og_image":[{"width":1000,"height":1000,"url":"https:\/\/radianslighting.com\/wp-content\/uploads\/2024\/12\/RSSD2F36L.jpg","type":"image\/jpeg"}],"twitter_card":"summary_large_image","twitter_misc":{"Gesch\u00e4tzte Lesezeit":"2\u00a0Minuten"},"schema":{"@context":"https:\/\/schema.org","@graph":[{"@type":"WebPage","@id":"https:\/\/radianslighting.com\/product\/surface-downlight-led","url":"https:\/\/radianslighting.com\/product\/surface-downlight-led","name":"Energy-Efficient Surface Downlight LED, 3000K, 90lm\/W | Radians","isPartOf":{"@id":"https:\/\/radianslighting.com\/#website"},"datePublished":"2024-12-06T02:12:40+00:00","dateModified":"2025-03-31T07:12:11+00:00","description":"Bulk Surface Downlight LEDs with tiered pricing. Quick shipping & hassle-free ordering. Ideal for commercial projects with high energy efficiency & durability.","breadcrumb":{"@id":"https:\/\/radianslighting.com\/product\/surface-downlight-led#breadcrumb"},"inLanguage":"de","potentialAction":[{"@type":"ReadAction","target":["https:\/\/radianslighting.com\/product\/surface-downlight-led"]}]},{"@type":"BreadcrumbList","@id":"https:\/\/radianslighting.com\/product\/surface-downlight-led#breadcrumb","itemListElement":[{"@type":"ListItem","position":1,"name":"Home","item":"https:\/\/radianslighting.com\/"},{"@type":"ListItem","position":2,"name":"Shop","item":"https:\/\/radianslighting.com\/shop"},{"@type":"ListItem","position":3,"name":"Surface Downlight LED"}]},{"@type":"WebSite","@id":"https:\/\/radianslighting.com\/#website","url":"https:\/\/radianslighting.com\/","name":"Radians Lighting","description":"LED Lights Manufacturer | LED Downlights | Track Lights | High-Efficiency, 5-year warranty | Radians","publisher":{"@id":"https:\/\/radianslighting.com\/#organization"},"potentialAction":[{"@type":"SearchAction","target":{"@type":"EntryPoint","urlTemplate":"https:\/\/radianslighting.com\/?s={search_term_string}"},"query-input":"required name=search_term_string"}],"inLanguage":"de"},{"@type":"Organization","@id":"https:\/\/radianslighting.com\/#organization","name":"Radians Lighting","url":"https:\/\/radianslighting.com\/","logo":{"@type":"ImageObject","inLanguage":"de","@id":"https:\/\/radianslighting.com\/#\/schema\/logo\/image\/","url":"https:\/\/radianslighting.com\/wp-content\/uploads\/2024\/07\/LOGO-1.jpg","contentUrl":"https:\/\/radianslighting.com\/wp-content\/uploads\/2024\/07\/LOGO-1.jpg","width":1835,"height":411,"caption":"Radians Lighting"},"image":{"@id":"https:\/\/radianslighting.com\/#\/schema\/logo\/image\/"}}]}},"_links":{"self":[{"href":"https:\/\/radianslighting.com\/de\/wp-json\/wp\/v2\/product\/6753"}],"collection":[{"href":"https:\/\/radianslighting.com\/de\/wp-json\/wp\/v2\/product"}],"about":[{"href":"https:\/\/radianslighting.com\/de\/wp-json\/wp\/v2\/types\/product"}],"replies":[{"embeddable":true,"href":"https:\/\/radianslighting.com\/de\/wp-json\/wp\/v2\/comments?post=6753"}],"wp:featuredmedia":[{"embeddable":true,"href":"https:\/\/radianslighting.com\/de\/wp-json\/wp\/v2\/media\/6760"}],"wp:attachment":[{"href":"https:\/\/radianslighting.com\/de\/wp-json\/wp\/v2\/media?parent=6753"}],"wp:term":[{"taxonomy":"product_cat","embeddable":true,"href":"https:\/\/radianslighting.com\/de\/wp-json\/wp\/v2\/product_cat?post=6753"},{"taxonomy":"product_tag","embeddable":true,"href":"https:\/\/radianslighting.com\/de\/wp-json\/wp\/v2\/product_tag?post=6753"}],"curies":[{"name":"wp","href":"https:\/\/api.w.org\/{rel}","templated":true}]}}