{"id":6705,"date":"2024-12-04T06:04:52","date_gmt":"2024-12-04T06:04:52","guid":{"rendered":"https:\/\/radianslighting.com\/?post_type=product&#038;p=6705"},"modified":"2025-04-27T03:52:03","modified_gmt":"2025-04-27T03:52:03","slug":"integral-led-downlight","status":"publish","type":"product","link":"https:\/\/radianslighting.com\/de\/produkt\/integral-led-downlight","title":{"rendered":"Integriertes LED-Downlight"},"content":{"rendered":"<p>Dies ist ein nachhaltiges Downlight mit 3CCT in einem und austauschbarem Modul. Sie k\u00f6nnen die Leuchte f\u00fcr die feste und die schwenkbare Version austauschen. Es verf\u00fcgt \u00fcber einen internen Triac-Dimmtreiber und bietet eine hervorragende Dimmleistung von 1-100%. Das schlanke Design ist ideal f\u00fcr schmale Decken und auf dem europ\u00e4ischen Markt sehr beliebt.<\/p>\n<p><span style=\"font-size: 1.7em; font-weight: bold;\">Produktpr\u00e4sentation des integrierten LED-Downlights:<\/span><\/p>\n<p><img fetchpriority=\"high\" decoding=\"async\" class=\"size-full wp-image-7897\" src=\"https:\/\/radianslighting.com\/wp-content\/uploads\/2025\/01\/Einbauleuchten.jpg\" alt=\"Recessed downlights\" width=\"1900\" height=\"900\" srcset=\"https:\/\/radianslighting.com\/wp-content\/uploads\/2025\/01\/Einbauleuchten.jpg 1900w, https:\/\/radianslighting.com\/wp-content\/uploads\/2025\/01\/Einbauleuchten-300x142.jpg 300w, https:\/\/radianslighting.com\/wp-content\/uploads\/2025\/01\/Einbauleuchten-1024x485.jpg 1024w, https:\/\/radianslighting.com\/wp-content\/uploads\/2025\/01\/Einbauleuchten-768x364.jpg 768w, https:\/\/radianslighting.com\/wp-content\/uploads\/2025\/01\/Einbauleuchten-1536x728.jpg 1536w, https:\/\/radianslighting.com\/wp-content\/uploads\/2025\/01\/Einbauleuchten-600x284.jpg 600w\" sizes=\"(max-width: 1900px) 100vw, 1900px\" \/><\/p>\n<h2>H\u00e4ufig gestellte Fragen:<\/h2>\n<p><strong>Frage<\/strong>: Sind Sie eine Fabrik?<br \/>\n<strong>Antwort<\/strong>: Ja, wir sind ein professioneller Hersteller mit vielen erfahrenen Ingenieuren und Mitarbeitern.<\/p>\n<p><strong>Frage<\/strong>: Gibt es bei Ihnen eine Mindestbestellmenge (MOQ) f\u00fcr LED-Lichtbestellungen?<br \/>\n<strong>Antwort<\/strong>: Nein. Keine Mindestbestellmenge begrenzt. Sie k\u00f6nnen 1 St\u00fcck zum Testen und Pr\u00fcfen abgeben.<\/p>\n<p><strong>Frage<\/strong>: Wie sieht es mit Ihrer Vorlaufzeit aus?<br \/>\n<strong>Antwort<\/strong>: 3-5 Arbeitstage f\u00fcr Muster, 15 Arbeitstage f\u00fcr Sammelbestellungen.<\/p>\n<p><strong>Frage<\/strong>: Wie viele Jahre Garantie bieten Sie auf Ihr Downlight?<br \/>\n<strong>Antwort<\/strong>: Generell bieten wir f\u00fcr die meisten unserer Downlights 3 oder 5 Jahre Garantie. Bei weiteren W\u00fcnschen k\u00f6nnen Sie uns gerne kontaktieren.<\/p>\n<p><strong>Frage<\/strong>: Kann ich mein Logo auf Ihr Produkt und Ihre Verpackung setzen?<br \/>\n<strong>Antwort<\/strong>: Sicher. Aber wir haben MOQ f\u00fcr OEM-Service f\u00fcr verschiedene Produkte.<\/p>","protected":false},"excerpt":{"rendered":"<ul>\n<li>Modellnummer: RSRD1F6R-IN<\/li>\n<li>Spannung: AC 230V Eingang direkt<\/li>\n<li>Leistung: 6W<\/li>\n<li>Lumen: 500lm<\/li>\n<li>CCT: 2700K\/3000K\/4000K\/57000K\/DTW<\/li>\n<li>Dimmen: Kein Dimmen, Triac, Tuya, Zigbee<\/li>\n<li>Abstrahlwinkel: 50\u00b0 Reflektor.<\/li>\n<li>CRI: 80 oder 90<\/li>\n<li>Leistungsfaktor: 0,9<\/li>\n<li>Ausschnitt: \u03c668mm<\/li>\n<li>SDCM: 4<\/li>\n<li>IP-Schutzart: IP44<\/li>\n<li>Abmessungen: \u03c682x25mm<\/li>\n<li>Farbe: Wei\u00df\/Schwarz\/Nickel\/Chrom\/Golden\/Andere<\/li>\n<li>Geh\u00e4usematerial: Eisen und PA.<\/li>\n<li>Lebensdauer: 25.000 Stunden oder 50.000 Stunden Stunden Stunden<\/li>\n<li>Garantie: 3 Jahre\/ 5 Jahre<\/li>\n<li>Bemerkung: Integriertes LED-Downlight<\/li>\n<\/ul>","protected":false},"featured_media":6307,"comment_status":"closed","ping_status":"closed","template":"","meta":[],"product_cat":[504,520,521,522,490,497,499,501,500,481,506,580,532,537,538,493,494,487,486,512,150,492,291,200,590,545,508,503,505,475,498],"product_tag":[315,49,50,51,52,53,54,352,55,56,57,61,62,79,84,87,88,89,90,91,92,93,472,94,331,347,107,109,110,353,127,128,129,130,131,132,133,134,135,136,145,355,154,162,174,204,210,223,224,225,226,227,234,266,476,267,268,269,270,271],"class_list":{"0":"post-6705","1":"product","2":"type-product","3":"status-publish","4":"has-post-thumbnail","6":"product_cat-2700k-downlight","7":"product_cat-68mm-cut-out-downlights","8":"product_cat-70mm-downlight","9":"product_cat-75mm-downlight","10":"product_cat-bathroom-spotlights-ceiling","11":"product_cat-black-downlights","12":"product_cat-brushed-brass-downlights","13":"product_cat-brushed-steel-downlights","14":"product_cat-chrome-downlights","15":"product_cat-cob-downlight","16":"product_cat-cool-white-downlight","17":"product_cat-dim-to-warm-downlights","18":"product_cat-dimmable-led-downlights","19":"product_cat-downlight-5w","20":"product_cat-downlight-led-6w","21":"product_cat-downlights-for-hallway","22":"product_cat-hotel-downlight","23":"product_cat-ic-rated-downlights","24":"product_cat-integrated-led-downlights","25":"product_cat-ip65-downlights","26":"product_cat-led-downlight","27":"product_cat-living-room-downlights","28":"product_cat-mini-downlight","29":"product_cat-recessed-downlight","30":"product_cat-recessed-spotlights","31":"product_cat-round-led-downlight","32":"product_cat-slim-downlights","33":"product_cat-tri-colour-downlight","34":"product_cat-warm-led-downlights","35":"product_cat-waterproof-downlight","36":"product_cat-white-downlights","37":"product_tag-5w-downlight","38":"product_tag-bathroom-ceiling-spot-lights","39":"product_tag-bathroom-ceiling-spotlights","40":"product_tag-bathroom-downlights","41":"product_tag-bathroom-downlights-ip65","42":"product_tag-bathroom-led-downlights","43":"product_tag-bathroom-spotlight","44":"product_tag-bathroom-spotlights-ceiling","45":"product_tag-bathroom-spotlights-ip65","46":"product_tag-best-bathroom-downlights","47":"product_tag-black-bathroom-downlights","48":"product_tag-black-downlights-ip65","49":"product_tag-black-ip65-downlights","50":"product_tag-chrome-spot-lights","51":"product_tag-cool-white-spotlights","52":"product_tag-dimmable-down-lights","53":"product_tag-dimmable-downlight","54":"product_tag-dimmable-downlights","55":"product_tag-dimmable-led-downlights","56":"product_tag-dimmable-led-spotlights","57":"product_tag-dimmable-spotlights","58":"product_tag-dimmer-downlights","59":"product_tag-dimmer-downlightsac","60":"product_tag-dimmer-led-spots","61":"product_tag-downlight-ip44","62":"product_tag-downlight-led-ip44","63":"product_tag-fire-rated-dimmable-led-downlights","64":"product_tag-fixed-downlights","65":"product_tag-fixed-led-downlight","66":"product_tag-integral-led-downlight","67":"product_tag-ip-rated-bathroom-downlights","68":"product_tag-ip-rated-spotlights","69":"product_tag-ip44-downlights","70":"product_tag-ip44-spotlight","71":"product_tag-ip65-adjustable-downlight","72":"product_tag-ip65-downlight","73":"product_tag-ip65-downlights","74":"product_tag-ip65-downlights-bathroom","75":"product_tag-ip65-led-downlights","76":"product_tag-ip65-spotlights","77":"product_tag-led-bathroom-downlights-ip65","78":"product_tag-led-dimmable-spotlights","79":"product_tag-led-downlight-ip44","80":"product_tag-led-recessed-lighting-dimmable","81":"product_tag-low-profile-led-downlights","82":"product_tag-recessed-spotlights","83":"product_tag-slim-downlights","84":"product_tag-smd-led-downlight","85":"product_tag-spot-dimmable","86":"product_tag-spot-dimmable-led","87":"product_tag-spot-downlight-led","88":"product_tag-spot-led-dimmable","89":"product_tag-spotlight-lamp","90":"product_tag-waterproof-bathroom-spotlights","91":"product_tag-waterproof-downlight","92":"product_tag-waterproof-downlights","93":"product_tag-waterproof-led-downlights","94":"product_tag-waterproof-led-spotlight","95":"product_tag-waterproof-spotlight","96":"product_tag-white-bathroom-spotlights","98":"first","99":"instock","100":"shipping-taxable","101":"purchasable","102":"product-type-simple"},"yoast_head":"<!-- This site is optimized with the Yoast SEO Premium plugin v20.8 (Yoast SEO v21.9.1) - https:\/\/yoast.com\/wordpress\/plugins\/seo\/ -->\n<title>Integral LED Downlight: 450lm, IP65, 3 CCTs | Radians<\/title>\n<meta name=\"description\" content=\"Bulk Integral LED Downlights: Tiered pricing, fast shipping, and versatile CCT options for commercial use.\" \/>\n<meta name=\"robots\" content=\"index, follow, max-snippet:-1, max-image-preview:large, max-video-preview:-1\" \/>\n<link rel=\"canonical\" href=\"https:\/\/radianslighting.com\/de\/produkt\/integral-led-downlight\/\" \/>\n<meta property=\"og:locale\" content=\"de_DE\" \/>\n<meta property=\"og:type\" content=\"article\" \/>\n<meta property=\"og:title\" content=\"Integral LED Downlight\" \/>\n<meta property=\"og:description\" content=\"Bulk Integral LED Downlights: Tiered pricing, fast shipping, and versatile CCT options for commercial use.\" \/>\n<meta property=\"og:url\" content=\"https:\/\/radianslighting.com\/de\/produkt\/integral-led-downlight\/\" \/>\n<meta property=\"og:site_name\" content=\"Radians Lighting\" \/>\n<meta property=\"article:modified_time\" content=\"2025-04-27T03:52:03+00:00\" \/>\n<meta property=\"og:image\" content=\"https:\/\/radianslighting.com\/wp-content\/uploads\/2022\/05\/RSRD1F6R-IN.jpg\" \/>\n\t<meta property=\"og:image:width\" content=\"1000\" \/>\n\t<meta property=\"og:image:height\" content=\"1000\" \/>\n\t<meta property=\"og:image:type\" content=\"image\/jpeg\" \/>\n<meta name=\"twitter:card\" content=\"summary_large_image\" \/>\n<meta name=\"twitter:label1\" content=\"Gesch\u00e4tzte Lesezeit\" \/>\n\t<meta name=\"twitter:data1\" content=\"2\u00a0Minuten\" \/>\n<script type=\"application\/ld+json\" class=\"yoast-schema-graph\">{\"@context\":\"https:\/\/schema.org\",\"@graph\":[{\"@type\":\"WebPage\",\"@id\":\"https:\/\/radianslighting.com\/product\/integral-led-downlight\",\"url\":\"https:\/\/radianslighting.com\/product\/integral-led-downlight\",\"name\":\"Integral LED Downlight: 450lm, IP65, 3 CCTs | Radians\",\"isPartOf\":{\"@id\":\"https:\/\/radianslighting.com\/#website\"},\"datePublished\":\"2024-12-04T06:04:52+00:00\",\"dateModified\":\"2025-04-27T03:52:03+00:00\",\"description\":\"Bulk Integral LED Downlights: Tiered pricing, fast shipping, and versatile CCT options for commercial use.\",\"breadcrumb\":{\"@id\":\"https:\/\/radianslighting.com\/product\/integral-led-downlight#breadcrumb\"},\"inLanguage\":\"de\",\"potentialAction\":[{\"@type\":\"ReadAction\",\"target\":[\"https:\/\/radianslighting.com\/product\/integral-led-downlight\"]}]},{\"@type\":\"BreadcrumbList\",\"@id\":\"https:\/\/radianslighting.com\/product\/integral-led-downlight#breadcrumb\",\"itemListElement\":[{\"@type\":\"ListItem\",\"position\":1,\"name\":\"Home\",\"item\":\"https:\/\/radianslighting.com\/\"},{\"@type\":\"ListItem\",\"position\":2,\"name\":\"Shop\",\"item\":\"https:\/\/radianslighting.com\/shop\"},{\"@type\":\"ListItem\",\"position\":3,\"name\":\"Integral LED Downlight\"}]},{\"@type\":\"WebSite\",\"@id\":\"https:\/\/radianslighting.com\/#website\",\"url\":\"https:\/\/radianslighting.com\/\",\"name\":\"Radians Lighting\",\"description\":\"LED Lights Manufacturer | LED Downlights | Track Lights | High-Efficiency, 5-year warranty | Radians\",\"publisher\":{\"@id\":\"https:\/\/radianslighting.com\/#organization\"},\"potentialAction\":[{\"@type\":\"SearchAction\",\"target\":{\"@type\":\"EntryPoint\",\"urlTemplate\":\"https:\/\/radianslighting.com\/?s={search_term_string}\"},\"query-input\":\"required name=search_term_string\"}],\"inLanguage\":\"de\"},{\"@type\":\"Organization\",\"@id\":\"https:\/\/radianslighting.com\/#organization\",\"name\":\"Radians Lighting\",\"url\":\"https:\/\/radianslighting.com\/\",\"logo\":{\"@type\":\"ImageObject\",\"inLanguage\":\"de\",\"@id\":\"https:\/\/radianslighting.com\/#\/schema\/logo\/image\/\",\"url\":\"https:\/\/radianslighting.com\/wp-content\/uploads\/2024\/07\/LOGO-1.jpg\",\"contentUrl\":\"https:\/\/radianslighting.com\/wp-content\/uploads\/2024\/07\/LOGO-1.jpg\",\"width\":1835,\"height\":411,\"caption\":\"Radians Lighting\"},\"image\":{\"@id\":\"https:\/\/radianslighting.com\/#\/schema\/logo\/image\/\"}}]}<\/script>\n<!-- \/ Yoast SEO Premium plugin. -->","yoast_head_json":{"title":"Integral LED Downlight: 450lm, IP65, 3 CCTs | Radians","description":"Bulk Integral LED Downlights: Tiered pricing, fast shipping, and versatile CCT options for commercial use.","robots":{"index":"index","follow":"follow","max-snippet":"max-snippet:-1","max-image-preview":"max-image-preview:large","max-video-preview":"max-video-preview:-1"},"canonical":"https:\/\/radianslighting.com\/de\/produkt\/integral-led-downlight\/","og_locale":"de_DE","og_type":"article","og_title":"Integral LED Downlight","og_description":"Bulk Integral LED Downlights: Tiered pricing, fast shipping, and versatile CCT options for commercial use.","og_url":"https:\/\/radianslighting.com\/de\/produkt\/integral-led-downlight\/","og_site_name":"Radians Lighting","article_modified_time":"2025-04-27T03:52:03+00:00","og_image":[{"width":1000,"height":1000,"url":"https:\/\/radianslighting.com\/wp-content\/uploads\/2022\/05\/RSRD1F6R-IN.jpg","type":"image\/jpeg"}],"twitter_card":"summary_large_image","twitter_misc":{"Gesch\u00e4tzte Lesezeit":"2\u00a0Minuten"},"schema":{"@context":"https:\/\/schema.org","@graph":[{"@type":"WebPage","@id":"https:\/\/radianslighting.com\/product\/integral-led-downlight","url":"https:\/\/radianslighting.com\/product\/integral-led-downlight","name":"Integral LED Downlight: 450lm, IP65, 3 CCTs | Radians","isPartOf":{"@id":"https:\/\/radianslighting.com\/#website"},"datePublished":"2024-12-04T06:04:52+00:00","dateModified":"2025-04-27T03:52:03+00:00","description":"Bulk Integral LED Downlights: Tiered pricing, fast shipping, and versatile CCT options for commercial use.","breadcrumb":{"@id":"https:\/\/radianslighting.com\/product\/integral-led-downlight#breadcrumb"},"inLanguage":"de","potentialAction":[{"@type":"ReadAction","target":["https:\/\/radianslighting.com\/product\/integral-led-downlight"]}]},{"@type":"BreadcrumbList","@id":"https:\/\/radianslighting.com\/product\/integral-led-downlight#breadcrumb","itemListElement":[{"@type":"ListItem","position":1,"name":"Home","item":"https:\/\/radianslighting.com\/"},{"@type":"ListItem","position":2,"name":"Shop","item":"https:\/\/radianslighting.com\/shop"},{"@type":"ListItem","position":3,"name":"Integral LED Downlight"}]},{"@type":"WebSite","@id":"https:\/\/radianslighting.com\/#website","url":"https:\/\/radianslighting.com\/","name":"Radians Lighting","description":"LED Lights Manufacturer | LED Downlights | Track Lights | High-Efficiency, 5-year warranty | Radians","publisher":{"@id":"https:\/\/radianslighting.com\/#organization"},"potentialAction":[{"@type":"SearchAction","target":{"@type":"EntryPoint","urlTemplate":"https:\/\/radianslighting.com\/?s={search_term_string}"},"query-input":"required name=search_term_string"}],"inLanguage":"de"},{"@type":"Organization","@id":"https:\/\/radianslighting.com\/#organization","name":"Radians Lighting","url":"https:\/\/radianslighting.com\/","logo":{"@type":"ImageObject","inLanguage":"de","@id":"https:\/\/radianslighting.com\/#\/schema\/logo\/image\/","url":"https:\/\/radianslighting.com\/wp-content\/uploads\/2024\/07\/LOGO-1.jpg","contentUrl":"https:\/\/radianslighting.com\/wp-content\/uploads\/2024\/07\/LOGO-1.jpg","width":1835,"height":411,"caption":"Radians Lighting"},"image":{"@id":"https:\/\/radianslighting.com\/#\/schema\/logo\/image\/"}}]}},"_links":{"self":[{"href":"https:\/\/radianslighting.com\/de\/wp-json\/wp\/v2\/product\/6705"}],"collection":[{"href":"https:\/\/radianslighting.com\/de\/wp-json\/wp\/v2\/product"}],"about":[{"href":"https:\/\/radianslighting.com\/de\/wp-json\/wp\/v2\/types\/product"}],"replies":[{"embeddable":true,"href":"https:\/\/radianslighting.com\/de\/wp-json\/wp\/v2\/comments?post=6705"}],"wp:featuredmedia":[{"embeddable":true,"href":"https:\/\/radianslighting.com\/de\/wp-json\/wp\/v2\/media\/6307"}],"wp:attachment":[{"href":"https:\/\/radianslighting.com\/de\/wp-json\/wp\/v2\/media?parent=6705"}],"wp:term":[{"taxonomy":"product_cat","embeddable":true,"href":"https:\/\/radianslighting.com\/de\/wp-json\/wp\/v2\/product_cat?post=6705"},{"taxonomy":"product_tag","embeddable":true,"href":"https:\/\/radianslighting.com\/de\/wp-json\/wp\/v2\/product_tag?post=6705"}],"curies":[{"name":"wp","href":"https:\/\/api.w.org\/{rel}","templated":true}]}}