{"id":6415,"date":"2024-11-02T07:34:45","date_gmt":"2024-11-02T07:34:45","guid":{"rendered":"https:\/\/radianslighting.com\/?post_type=product&#038;p=6415"},"modified":"2025-04-15T14:33:46","modified_gmt":"2025-04-15T14:33:46","slug":"small-track-lighting","status":"publish","type":"product","link":"https:\/\/radianslighting.com\/de\/produkt\/small-track-lighting","title":{"rendered":"Kleine Schienenbeleuchtung-RSTL501"},"content":{"rendered":"<p>Die Radians 501-Serie ist als Aufbau- und Halbeinbauversion erh\u00e4ltlich. Wir bieten au\u00dferdem Adapter mit 2, 3 und 4 Anschl\u00fcssen f\u00fcr verschiedene Schienensysteme an. Dar\u00fcber hinaus ist umfangreiches Zubeh\u00f6r f\u00fcr verschiedene Anwendungen erh\u00e4ltlich, wie z. B. Waben, ovale Blenden, Abschirmklappen usw.<\/p>\n<h3><span style=\"font-size: 1.7em; font-weight: bold;\">Produktpr\u00e4sentation f\u00fcr kleine Schienenbeleuchtung:<\/span><\/h3>\n<h3><\/h3>\n<p><img fetchpriority=\"high\" decoding=\"async\" class=\"alignnone size-full wp-image-6505\" src=\"https:\/\/radianslighting.com\/wp-content\/uploads\/2024\/11\/\u534a\u5b89\u88c5\u548c\u660e\u88c5\u548c\u9a71\u52a8\u4e00\u4f53\u5316-1.png\" alt=\"track light\" width=\"1658\" height=\"310\" srcset=\"https:\/\/radianslighting.com\/wp-content\/uploads\/2024\/11\/\u534a\u5b89\u88c5\u548c\u660e\u88c5\u548c\u9a71\u52a8\u4e00\u4f53\u5316-1.png 1658w, https:\/\/radianslighting.com\/wp-content\/uploads\/2024\/11\/\u534a\u5b89\u88c5\u548c\u660e\u88c5\u548c\u9a71\u52a8\u4e00\u4f53\u5316-1-300x56.png 300w, https:\/\/radianslighting.com\/wp-content\/uploads\/2024\/11\/\u534a\u5b89\u88c5\u548c\u660e\u88c5\u548c\u9a71\u52a8\u4e00\u4f53\u5316-1-1024x191.png 1024w, https:\/\/radianslighting.com\/wp-content\/uploads\/2024\/11\/\u534a\u5b89\u88c5\u548c\u660e\u88c5\u548c\u9a71\u52a8\u4e00\u4f53\u5316-1-768x144.png 768w, https:\/\/radianslighting.com\/wp-content\/uploads\/2024\/11\/\u534a\u5b89\u88c5\u548c\u660e\u88c5\u548c\u9a71\u52a8\u4e00\u4f53\u5316-1-1536x287.png 1536w, https:\/\/radianslighting.com\/wp-content\/uploads\/2024\/11\/\u534a\u5b89\u88c5\u548c\u660e\u88c5\u548c\u9a71\u52a8\u4e00\u4f53\u5316-1-600x112.png 600w\" sizes=\"(max-width: 1658px) 100vw, 1658px\" \/><\/p>\n<p>Es stehen verschiedene Installationsm\u00f6glichkeiten zur Verf\u00fcgung: f\u00fcr Schienenfahrzeuge, Aufputzmontage und Halbeinbau.<\/p>\n<p>&nbsp;<\/p>\n<p><img decoding=\"async\" class=\"alignnone size-full wp-image-6503\" src=\"https:\/\/radianslighting.com\/wp-content\/uploads\/2024\/11\/2\u7ebf3\u7ebf4\u7ebf5\u7ebf.png\" alt=\"track light\" width=\"2000\" height=\"387\" srcset=\"https:\/\/radianslighting.com\/wp-content\/uploads\/2024\/11\/2\u7ebf3\u7ebf4\u7ebf5\u7ebf.png 2000w, https:\/\/radianslighting.com\/wp-content\/uploads\/2024\/11\/2\u7ebf3\u7ebf4\u7ebf5\u7ebf-300x58.png 300w, https:\/\/radianslighting.com\/wp-content\/uploads\/2024\/11\/2\u7ebf3\u7ebf4\u7ebf5\u7ebf-1024x198.png 1024w, https:\/\/radianslighting.com\/wp-content\/uploads\/2024\/11\/2\u7ebf3\u7ebf4\u7ebf5\u7ebf-768x149.png 768w, https:\/\/radianslighting.com\/wp-content\/uploads\/2024\/11\/2\u7ebf3\u7ebf4\u7ebf5\u7ebf-1536x297.png 1536w, https:\/\/radianslighting.com\/wp-content\/uploads\/2024\/11\/2\u7ebf3\u7ebf4\u7ebf5\u7ebf-600x116.png 600w\" sizes=\"(max-width: 2000px) 100vw, 2000px\" \/><\/p>\n<p>2-Wege-, 3-Wege-, 4-Wege- und 5-Wege-Adapter verf\u00fcgbar.<\/p>\n<p><img decoding=\"async\" class=\"alignnone size-full wp-image-6502\" src=\"https:\/\/radianslighting.com\/wp-content\/uploads\/2024\/11\/\u56db\u9875\u677f-1.png\" alt=\"track light\" width=\"534\" height=\"384\" srcset=\"https:\/\/radianslighting.com\/wp-content\/uploads\/2024\/11\/\u56db\u9875\u677f-1.png 534w, https:\/\/radianslighting.com\/wp-content\/uploads\/2024\/11\/\u56db\u9875\u677f-1-300x216.png 300w\" sizes=\"(max-width: 534px) 100vw, 534px\" \/><\/p>\n<p>Zahlreiches Zubeh\u00f6r, um Ihren Anforderungen f\u00fcr verschiedene Anwendungen gerecht zu werden. Waben, ovaler Snoot, Abschirmklappen usw.<\/p>\n<h2>H\u00e4ufig gestellte Fragen:<\/h2>\n<p><strong>Frage<\/strong>: Sind Sie eine Fabrik?<br \/>\n<strong>Antwort<\/strong>: Ja, wir sind ein professioneller Hersteller mit vielen erfahrenen Ingenieuren und Mitarbeitern.<\/p>\n<p><strong>Frage<\/strong>: Gibt es bei Ihnen eine Mindestbestellmenge (MOQ) f\u00fcr LED-Lichtbestellungen?<br \/>\n<strong>Antwort<\/strong>: Nein. Keine Mindestbestellmenge begrenzt. Sie k\u00f6nnen 1 St\u00fcck zum Testen und Pr\u00fcfen abgeben.<\/p>\n<p><strong>Frage<\/strong>: Wie sieht es mit Ihrer Vorlaufzeit aus?<br \/>\n<strong>Antwort<\/strong>: 3-5 Arbeitstage f\u00fcr Muster und 15 Arbeitstage f\u00fcr Sammelbestellungen.<\/p>\n<p><strong>Frage<\/strong>: Wie viele Jahre Garantie bieten Sie auf Ihr Downlight?<br \/>\n<strong>Antwort<\/strong>: F\u00fcr die meisten unserer Downlights bieten wir grunds\u00e4tzlich 3 oder 5 Jahre Garantie. Bei weiteren W\u00fcnschen k\u00f6nnen Sie uns gerne kontaktieren.<\/p>\n<p><strong>Frage<\/strong>: Kann ich mein Logo auf Ihr Produkt und Ihre Verpackung setzen?<br \/>\n<strong>Antwort<\/strong>: Sicher. Aber wir haben MOQ f\u00fcr OEM-Service f\u00fcr verschiedene Produkte.<\/p>","protected":false},"excerpt":{"rendered":"<ul>\n<li>Modellnummer: RSTL501<\/li>\n<li>Leistung: 25W<\/li>\n<li>Lumen: 2000lm<\/li>\n<li>CCT: 2700K\/3000K\/4000K\/57000K\/DTW\/RGBCW<\/li>\n<li>Dimmen: Kein Dimmen, Triac, 0\/1-10V, DALI, Tuya, Zigbee<\/li>\n<li>Abstrahlwinkel: 15\u00b0\/24\u00b0\/36\u00b0<\/li>\n<li>Adapter: 2-Wege, 3-Wege, 4-Wege<\/li>\n<li>IP-Schutzart: IP44<\/li>\n<li>Abmessung: AxB=\u03c658x90mm<\/li>\n<li>Farbe: Wei\u00df\/Schwarz<\/li>\n<li>Garantie: 3 Jahre\/ 5 Jahre<\/li>\n<li>Bemerkung: Kleine Schienenbeleuchtung<\/li>\n<\/ul>","protected":false},"featured_media":6416,"comment_status":"closed","ping_status":"closed","template":"","meta":[],"product_cat":[572,569,571,412,554,555,561,557,409,411,410,290,575,558,556],"product_tag":[415,423,443,414,439,425,418,417,432,424,455,435,427,456,454,433,413,436,447,430,452,442,300,429,444,420,421,416,428,434,437,422,451,457,298,441,450,453,426,449,446,448,445,419,299],"class_list":{"0":"post-6415","1":"product","2":"type-product","3":"status-publish","4":"has-post-thumbnail","6":"product_cat-2-circuit-track-lighting","7":"product_cat-25w-led-track-light","8":"product_cat-3-circuit-track-lighting","9":"product_cat-adjustable-track-lighting","10":"product_cat-bathroom-track-lighting","11":"product_cat-bedroom-track-lighting","12":"product_cat-black-track-lighting","13":"product_cat-ciling-track-lighting-living-room","14":"product_cat-commercial-track-lighting","15":"product_cat-dimmable-track-lighting","16":"product_cat-kitchen-track-lighting","17":"product_cat-led-track-light","18":"product_cat-single-circuit-track-lighting","19":"product_cat-track-lighting-for-hair-salon","20":"product_cat-track-lights-for-dining-room","21":"product_tag-black-led-track-lighting","22":"product_tag-black-spotlight-track","23":"product_tag-black-track-lighting","24":"product_tag-black-track-lighting-modern","25":"product_tag-ceiling-track-light-fixture","26":"product_tag-ceiling-track-spotlights","27":"product_tag-custom-track-lighting","28":"product_tag-dimmable-led-track-lighting","29":"product_tag-dimmable-track-lighting-led","30":"product_tag-indoor-track-lighting","31":"product_tag-led-lights-for-track-lighting","32":"product_tag-led-track-lighting","33":"product_tag-led-track-spotlights","34":"product_tag-light-track-lighting","35":"product_tag-lights-for-track-lighting","36":"product_tag-low-profile-led-track-lighting","37":"product_tag-low-profile-track-lighting","38":"product_tag-magnetic-track-light","39":"product_tag-magnetic-track-light-ceiling","40":"product_tag-magnetic-track-light-white","41":"product_tag-magnetic-track-lights-ceiling","42":"product_tag-modern-track-lighting","43":"product_tag-rail-lighting","44":"product_tag-rail-spotlight","45":"product_tag-recessed-track-lighting","46":"product_tag-restaurant-track-lighting","47":"product_tag-slim-track-lighting","48":"product_tag-spotlight-track-lighting","49":"product_tag-track-downlights","50":"product_tag-track-light","51":"product_tag-track-light-ceiling","52":"product_tag-track-light-magnetic","53":"product_tag-track-light-recessed","54":"product_tag-track-light-spot","55":"product_tag-track-light-spotlight","56":"product_tag-track-light-track-light","57":"product_tag-track-lighting-magnetic","58":"product_tag-track-lighting-track","59":"product_tag-track-luminaire","60":"product_tag-track-recessed-lighting","61":"product_tag-track-spotlights","62":"product_tag-track-spotlights-kitchen","63":"product_tag-wall-mounted-track-lighting","64":"product_tag-white-led-track-lighting","65":"product_tag-white-track-lighting","67":"first","68":"instock","69":"shipping-taxable","70":"purchasable","71":"product-type-simple"},"yoast_head":"<!-- This site is optimized with the Yoast SEO Premium plugin v20.8 (Yoast SEO v21.9.1) - https:\/\/yoast.com\/wordpress\/plugins\/seo\/ -->\n<title>Small Track Lighting-RSTL501 - Radians Lighting Factory<\/title>\n<meta name=\"description\" content=\"Radians lighting is a professional manufacturer working on design and solution of Wall Light Track for commercial and residential.\" \/>\n<meta name=\"robots\" content=\"index, follow, max-snippet:-1, max-image-preview:large, max-video-preview:-1\" \/>\n<link rel=\"canonical\" href=\"https:\/\/radianslighting.com\/de\/produkt\/small-track-lighting\/\" \/>\n<meta property=\"og:locale\" content=\"de_DE\" \/>\n<meta property=\"og:type\" content=\"article\" \/>\n<meta property=\"og:title\" content=\"Small Track Lighting-RSTL501\" \/>\n<meta property=\"og:description\" content=\"Radians lighting is a professional manufacturer working on design and solution of Wall Light Track for commercial and residential.\" \/>\n<meta property=\"og:url\" content=\"https:\/\/radianslighting.com\/de\/produkt\/small-track-lighting\/\" \/>\n<meta property=\"og:site_name\" content=\"Radians Lighting\" \/>\n<meta property=\"article:modified_time\" content=\"2025-04-15T14:33:46+00:00\" \/>\n<meta property=\"og:image\" content=\"https:\/\/radianslighting.com\/wp-content\/uploads\/2024\/11\/RSTL501.jpg\" \/>\n\t<meta property=\"og:image:width\" content=\"1000\" \/>\n\t<meta property=\"og:image:height\" content=\"1000\" \/>\n\t<meta property=\"og:image:type\" content=\"image\/jpeg\" \/>\n<meta name=\"twitter:card\" content=\"summary_large_image\" \/>\n<meta name=\"twitter:label1\" content=\"Gesch\u00e4tzte Lesezeit\" \/>\n\t<meta name=\"twitter:data1\" content=\"2\u00a0Minuten\" \/>\n<script type=\"application\/ld+json\" class=\"yoast-schema-graph\">{\"@context\":\"https:\/\/schema.org\",\"@graph\":[{\"@type\":\"WebPage\",\"@id\":\"https:\/\/radianslighting.com\/product\/small-track-lighting\",\"url\":\"https:\/\/radianslighting.com\/product\/small-track-lighting\",\"name\":\"Small Track Lighting-RSTL501 - Radians Lighting Factory\",\"isPartOf\":{\"@id\":\"https:\/\/radianslighting.com\/#website\"},\"datePublished\":\"2024-11-02T07:34:45+00:00\",\"dateModified\":\"2025-04-15T14:33:46+00:00\",\"description\":\"Radians lighting is a professional manufacturer working on design and solution of Wall Light Track for commercial and residential.\",\"breadcrumb\":{\"@id\":\"https:\/\/radianslighting.com\/product\/small-track-lighting#breadcrumb\"},\"inLanguage\":\"de\",\"potentialAction\":[{\"@type\":\"ReadAction\",\"target\":[\"https:\/\/radianslighting.com\/product\/small-track-lighting\"]}]},{\"@type\":\"BreadcrumbList\",\"@id\":\"https:\/\/radianslighting.com\/product\/small-track-lighting#breadcrumb\",\"itemListElement\":[{\"@type\":\"ListItem\",\"position\":1,\"name\":\"Home\",\"item\":\"https:\/\/radianslighting.com\/\"},{\"@type\":\"ListItem\",\"position\":2,\"name\":\"Shop\",\"item\":\"https:\/\/radianslighting.com\/shop\"},{\"@type\":\"ListItem\",\"position\":3,\"name\":\"Small Track Lighting-RSTL501\"}]},{\"@type\":\"WebSite\",\"@id\":\"https:\/\/radianslighting.com\/#website\",\"url\":\"https:\/\/radianslighting.com\/\",\"name\":\"Radians Lighting\",\"description\":\"LED Lights Manufacturer | LED Downlights | Track Lights | High-Efficiency, 5-year warranty | Radians\",\"publisher\":{\"@id\":\"https:\/\/radianslighting.com\/#organization\"},\"potentialAction\":[{\"@type\":\"SearchAction\",\"target\":{\"@type\":\"EntryPoint\",\"urlTemplate\":\"https:\/\/radianslighting.com\/?s={search_term_string}\"},\"query-input\":\"required name=search_term_string\"}],\"inLanguage\":\"de\"},{\"@type\":\"Organization\",\"@id\":\"https:\/\/radianslighting.com\/#organization\",\"name\":\"Radians Lighting\",\"url\":\"https:\/\/radianslighting.com\/\",\"logo\":{\"@type\":\"ImageObject\",\"inLanguage\":\"de\",\"@id\":\"https:\/\/radianslighting.com\/#\/schema\/logo\/image\/\",\"url\":\"https:\/\/radianslighting.com\/wp-content\/uploads\/2024\/07\/LOGO-1.jpg\",\"contentUrl\":\"https:\/\/radianslighting.com\/wp-content\/uploads\/2024\/07\/LOGO-1.jpg\",\"width\":1835,\"height\":411,\"caption\":\"Radians Lighting\"},\"image\":{\"@id\":\"https:\/\/radianslighting.com\/#\/schema\/logo\/image\/\"}}]}<\/script>\n<!-- \/ Yoast SEO Premium plugin. -->","yoast_head_json":{"title":"Small Track Lighting-RSTL501 - Radians Lighting Factory","description":"Radians lighting is a professional manufacturer working on design and solution of Wall Light Track for commercial and residential.","robots":{"index":"index","follow":"follow","max-snippet":"max-snippet:-1","max-image-preview":"max-image-preview:large","max-video-preview":"max-video-preview:-1"},"canonical":"https:\/\/radianslighting.com\/de\/produkt\/small-track-lighting\/","og_locale":"de_DE","og_type":"article","og_title":"Small Track Lighting-RSTL501","og_description":"Radians lighting is a professional manufacturer working on design and solution of Wall Light Track for commercial and residential.","og_url":"https:\/\/radianslighting.com\/de\/produkt\/small-track-lighting\/","og_site_name":"Radians Lighting","article_modified_time":"2025-04-15T14:33:46+00:00","og_image":[{"width":1000,"height":1000,"url":"https:\/\/radianslighting.com\/wp-content\/uploads\/2024\/11\/RSTL501.jpg","type":"image\/jpeg"}],"twitter_card":"summary_large_image","twitter_misc":{"Gesch\u00e4tzte Lesezeit":"2\u00a0Minuten"},"schema":{"@context":"https:\/\/schema.org","@graph":[{"@type":"WebPage","@id":"https:\/\/radianslighting.com\/product\/small-track-lighting","url":"https:\/\/radianslighting.com\/product\/small-track-lighting","name":"Small Track Lighting-RSTL501 - Radians Lighting Factory","isPartOf":{"@id":"https:\/\/radianslighting.com\/#website"},"datePublished":"2024-11-02T07:34:45+00:00","dateModified":"2025-04-15T14:33:46+00:00","description":"Radians lighting is a professional manufacturer working on design and solution of Wall Light Track for commercial and residential.","breadcrumb":{"@id":"https:\/\/radianslighting.com\/product\/small-track-lighting#breadcrumb"},"inLanguage":"de","potentialAction":[{"@type":"ReadAction","target":["https:\/\/radianslighting.com\/product\/small-track-lighting"]}]},{"@type":"BreadcrumbList","@id":"https:\/\/radianslighting.com\/product\/small-track-lighting#breadcrumb","itemListElement":[{"@type":"ListItem","position":1,"name":"Home","item":"https:\/\/radianslighting.com\/"},{"@type":"ListItem","position":2,"name":"Shop","item":"https:\/\/radianslighting.com\/shop"},{"@type":"ListItem","position":3,"name":"Small Track Lighting-RSTL501"}]},{"@type":"WebSite","@id":"https:\/\/radianslighting.com\/#website","url":"https:\/\/radianslighting.com\/","name":"Radians Lighting","description":"LED Lights Manufacturer | LED Downlights | Track Lights | High-Efficiency, 5-year warranty | Radians","publisher":{"@id":"https:\/\/radianslighting.com\/#organization"},"potentialAction":[{"@type":"SearchAction","target":{"@type":"EntryPoint","urlTemplate":"https:\/\/radianslighting.com\/?s={search_term_string}"},"query-input":"required name=search_term_string"}],"inLanguage":"de"},{"@type":"Organization","@id":"https:\/\/radianslighting.com\/#organization","name":"Radians Lighting","url":"https:\/\/radianslighting.com\/","logo":{"@type":"ImageObject","inLanguage":"de","@id":"https:\/\/radianslighting.com\/#\/schema\/logo\/image\/","url":"https:\/\/radianslighting.com\/wp-content\/uploads\/2024\/07\/LOGO-1.jpg","contentUrl":"https:\/\/radianslighting.com\/wp-content\/uploads\/2024\/07\/LOGO-1.jpg","width":1835,"height":411,"caption":"Radians Lighting"},"image":{"@id":"https:\/\/radianslighting.com\/#\/schema\/logo\/image\/"}}]}},"_links":{"self":[{"href":"https:\/\/radianslighting.com\/de\/wp-json\/wp\/v2\/product\/6415"}],"collection":[{"href":"https:\/\/radianslighting.com\/de\/wp-json\/wp\/v2\/product"}],"about":[{"href":"https:\/\/radianslighting.com\/de\/wp-json\/wp\/v2\/types\/product"}],"replies":[{"embeddable":true,"href":"https:\/\/radianslighting.com\/de\/wp-json\/wp\/v2\/comments?post=6415"}],"wp:featuredmedia":[{"embeddable":true,"href":"https:\/\/radianslighting.com\/de\/wp-json\/wp\/v2\/media\/6416"}],"wp:attachment":[{"href":"https:\/\/radianslighting.com\/de\/wp-json\/wp\/v2\/media?parent=6415"}],"wp:term":[{"taxonomy":"product_cat","embeddable":true,"href":"https:\/\/radianslighting.com\/de\/wp-json\/wp\/v2\/product_cat?post=6415"},{"taxonomy":"product_tag","embeddable":true,"href":"https:\/\/radianslighting.com\/de\/wp-json\/wp\/v2\/product_tag?post=6415"}],"curies":[{"name":"wp","href":"https:\/\/api.w.org\/{rel}","templated":true}]}}