{"id":6389,"date":"2024-11-02T07:12:56","date_gmt":"2024-11-02T07:12:56","guid":{"rendered":"https:\/\/radianslighting.com\/?post_type=product&#038;p=6389"},"modified":"2025-04-14T13:51:52","modified_gmt":"2025-04-14T13:51:52","slug":"white-track-lighting","status":"publish","type":"product","link":"https:\/\/radianslighting.com\/de\/produkt\/white-track-lighting","title":{"rendered":"Wei\u00dfe Schienenbeleuchtung-RSTL607"},"content":{"rendered":"<p>Die Radians 607-Serie ist in einer Aufputz- und einer Halbeinbauversion erh\u00e4ltlich. Wir bieten au\u00dferdem Adapter mit 2, 3 und 4 Anschl\u00fcssen f\u00fcr verschiedene Schienensysteme an. Dar\u00fcber hinaus ist umfangreiches Zubeh\u00f6r f\u00fcr verschiedene Anwendungen erh\u00e4ltlich, wie z. B. Waben, ovale Blenden, Abschirmklappen usw.<\/p>\n<h3><span style=\"font-size: 1.7em; font-weight: bold;\">Produktpr\u00e4sentation der wei\u00dfen Schienenbeleuchtung:<img fetchpriority=\"high\" decoding=\"async\" class=\"alignnone size-full wp-image-6511\" src=\"https:\/\/radianslighting.com\/wp-content\/uploads\/2024\/11\/PLS607ABE-1.png\" alt=\"\" width=\"2000\" height=\"775\" srcset=\"https:\/\/radianslighting.com\/wp-content\/uploads\/2024\/11\/PLS607ABE-1.png 2000w, https:\/\/radianslighting.com\/wp-content\/uploads\/2024\/11\/PLS607ABE-1-300x116.png 300w, https:\/\/radianslighting.com\/wp-content\/uploads\/2024\/11\/PLS607ABE-1-1024x397.png 1024w, https:\/\/radianslighting.com\/wp-content\/uploads\/2024\/11\/PLS607ABE-1-768x298.png 768w, https:\/\/radianslighting.com\/wp-content\/uploads\/2024\/11\/PLS607ABE-1-1536x595.png 1536w, https:\/\/radianslighting.com\/wp-content\/uploads\/2024\/11\/PLS607ABE-1-600x233.png 600w\" sizes=\"(max-width: 2000px) 100vw, 2000px\" \/><\/span><\/h3>\n<p><img decoding=\"async\" class=\"size-full wp-image-6392 aligncenter\" src=\"https:\/\/radianslighting.com\/wp-content\/uploads\/2024\/11\/PLS607A-black.png\" alt=\"White Track Lighting\" width=\"499\" height=\"526\" srcset=\"https:\/\/radianslighting.com\/wp-content\/uploads\/2024\/11\/PLS607A-black.png 499w, https:\/\/radianslighting.com\/wp-content\/uploads\/2024\/11\/PLS607A-black-285x300.png 285w\" sizes=\"(max-width: 499px) 100vw, 499px\" \/> <img decoding=\"async\" class=\"alignnone size-full wp-image-6391\" src=\"https:\/\/radianslighting.com\/wp-content\/uploads\/2024\/11\/PLS607ABE.png\" alt=\"White Track Lighting\" width=\"2000\" height=\"775\" srcset=\"https:\/\/radianslighting.com\/wp-content\/uploads\/2024\/11\/PLS607ABE.png 2000w, https:\/\/radianslighting.com\/wp-content\/uploads\/2024\/11\/PLS607ABE-300x116.png 300w, https:\/\/radianslighting.com\/wp-content\/uploads\/2024\/11\/PLS607ABE-1024x397.png 1024w, https:\/\/radianslighting.com\/wp-content\/uploads\/2024\/11\/PLS607ABE-768x298.png 768w, https:\/\/radianslighting.com\/wp-content\/uploads\/2024\/11\/PLS607ABE-1536x595.png 1536w, https:\/\/radianslighting.com\/wp-content\/uploads\/2024\/11\/PLS607ABE-600x233.png 600w\" sizes=\"(max-width: 2000px) 100vw, 2000px\" \/><\/p>\n<h2>H\u00e4ufig gestellte Fragen:<\/h2>\n<p><strong>Frage<\/strong>: Sind Sie eine Fabrik?<br \/>\n<strong>Antwort<\/strong>: Ja, wir sind ein professioneller Hersteller mit vielen erfahrenen Ingenieuren und Mitarbeitern.<\/p>\n<p><strong>Frage<\/strong>: Gibt es bei Ihnen eine Mindestbestellmenge (MOQ) f\u00fcr LED-Lichtbestellungen?<br \/>\n<strong>Antwort<\/strong>: Nein. Keine Mindestbestellmenge begrenzt. Sie k\u00f6nnen 1 St\u00fcck zum Testen und Pr\u00fcfen abgeben.<\/p>\n<p><strong>Frage<\/strong>: Wie sieht es mit Ihrer Vorlaufzeit aus?<br \/>\n<strong>Antwort<\/strong>: 3-5 Arbeitstage f\u00fcr Muster und 15 Arbeitstage f\u00fcr Sammelbestellungen.<\/p>\n<p><strong>Frage<\/strong>: Wie viele Jahre Garantie bieten Sie auf Ihr Downlight?<br \/>\n<strong>Antwort<\/strong>: F\u00fcr die meisten unserer Downlights bieten wir grunds\u00e4tzlich 3 oder 5 Jahre Garantie. Bei weiteren W\u00fcnschen k\u00f6nnen Sie uns gerne kontaktieren.<\/p>\n<p><strong>Frage<\/strong>: Kann ich mein Logo auf Ihr Produkt und Ihre Verpackung setzen?<br \/>\n<strong>Antwort<\/strong>: Sicher. Aber wir haben MOQ f\u00fcr OEM-Service f\u00fcr verschiedene Produkte.<\/p>","protected":false},"excerpt":{"rendered":"<ul>\n<li>Modellnummer: RSTL607<\/li>\n<li>Leistung: 15W<\/li>\n<li>Lumen: 1200lm<\/li>\n<li>CCT: 2700K\/3000K\/4000K\/57000K\/DTW\/RGBCW<\/li>\n<li>Dimmen: Kein Dimmen, Triac, 0\/1-10V, DALI, Tuya, Zigbee<\/li>\n<li>Abstrahlwinkel: 15\u00b0\/24\u00b0\/36\u00b0<\/li>\n<li>Adapter: 2-Wege, 3-Wege, 4-Wege<\/li>\n<li>IP-Schutzart: IP44<\/li>\n<li>Abmessung: AxB=\u03c6120x\u03c675mm<\/li>\n<li>Farbe: Wei\u00df\/Schwarz<\/li>\n<li>Garantie: 3 Jahre\/ 5 Jahre<\/li>\n<li>Bemerkung: Wei\u00dfe Schienenbeleuchtung<\/li>\n<\/ul>","protected":false},"featured_media":6390,"comment_status":"closed","ping_status":"closed","template":"","meta":[],"product_cat":[572,568,412,554,555,409,573,411,574,410,290,556],"product_tag":[415,423,443,414,439,425,418,417,432,424,455,435,427,456,454,433,413,436,447,430,442,431,300,429,444,420,421,416,428,434,437,422,451,298,441,450,453,426,449,446,448,445,419,299],"class_list":{"0":"post-6389","1":"product","2":"type-product","3":"status-publish","4":"has-post-thumbnail","6":"product_cat-2-circuit-track-lighting","7":"product_cat-20w-track-light","8":"product_cat-adjustable-track-lighting","9":"product_cat-bathroom-track-lighting","10":"product_cat-bedroom-track-lighting","11":"product_cat-commercial-track-lighting","12":"product_cat-dimmable-led-track-lighting","13":"product_cat-dimmable-track-lighting","14":"product_cat-dimmable-track-lighting-led","15":"product_cat-kitchen-track-lighting","16":"product_cat-led-track-light","17":"product_cat-track-lights-for-dining-room","18":"product_tag-black-led-track-lighting","19":"product_tag-black-spotlight-track","20":"product_tag-black-track-lighting","21":"product_tag-black-track-lighting-modern","22":"product_tag-ceiling-track-light-fixture","23":"product_tag-ceiling-track-spotlights","24":"product_tag-custom-track-lighting","25":"product_tag-dimmable-led-track-lighting","26":"product_tag-dimmable-track-lighting-led","27":"product_tag-indoor-track-lighting","28":"product_tag-led-lights-for-track-lighting","29":"product_tag-led-track-lighting","30":"product_tag-led-track-spotlights","31":"product_tag-light-track-lighting","32":"product_tag-lights-for-track-lighting","33":"product_tag-low-profile-led-track-lighting","34":"product_tag-low-profile-track-lighting","35":"product_tag-magnetic-track-light","36":"product_tag-magnetic-track-light-ceiling","37":"product_tag-magnetic-track-light-white","38":"product_tag-modern-track-lighting","39":"product_tag-rack-light-spot","40":"product_tag-rail-lighting","41":"product_tag-rail-spotlight","42":"product_tag-recessed-track-lighting","43":"product_tag-restaurant-track-lighting","44":"product_tag-slim-track-lighting","45":"product_tag-spotlight-track-lighting","46":"product_tag-track-downlights","47":"product_tag-track-light","48":"product_tag-track-light-ceiling","49":"product_tag-track-light-magnetic","50":"product_tag-track-light-recessed","51":"product_tag-track-light-spotlight","52":"product_tag-track-light-track-light","53":"product_tag-track-lighting-magnetic","54":"product_tag-track-lighting-track","55":"product_tag-track-luminaire","56":"product_tag-track-recessed-lighting","57":"product_tag-track-spotlights","58":"product_tag-track-spotlights-kitchen","59":"product_tag-wall-mounted-track-lighting","60":"product_tag-white-led-track-lighting","61":"product_tag-white-track-lighting","63":"first","64":"instock","65":"shipping-taxable","66":"purchasable","67":"product-type-simple"},"yoast_head":"<!-- This site is optimized with the Yoast SEO Premium plugin v20.8 (Yoast SEO v21.9.1) - https:\/\/yoast.com\/wordpress\/plugins\/seo\/ -->\n<title>White Track Lighting-RSTL607 - Radians Lighting Factory<\/title>\n<meta name=\"description\" content=\"Radians lighting is a professional manufacturer working on design and solution of Track Light Spotlight for commercial and residential.\" \/>\n<meta name=\"robots\" content=\"index, follow, max-snippet:-1, max-image-preview:large, max-video-preview:-1\" \/>\n<link rel=\"canonical\" href=\"https:\/\/radianslighting.com\/de\/produkt\/white-track-lighting\/\" \/>\n<meta property=\"og:locale\" content=\"de_DE\" \/>\n<meta property=\"og:type\" content=\"article\" \/>\n<meta property=\"og:title\" content=\"White Track Lighting-RSTL607\" \/>\n<meta property=\"og:description\" content=\"Radians lighting is a professional manufacturer working on design and solution of Track Light Spotlight for commercial and residential.\" \/>\n<meta property=\"og:url\" content=\"https:\/\/radianslighting.com\/de\/produkt\/white-track-lighting\/\" \/>\n<meta property=\"og:site_name\" content=\"Radians Lighting\" \/>\n<meta property=\"article:modified_time\" content=\"2025-04-14T13:51:52+00:00\" \/>\n<meta property=\"og:image\" content=\"https:\/\/radianslighting.com\/wp-content\/uploads\/2024\/11\/PLS607A.jpg\" \/>\n\t<meta property=\"og:image:width\" content=\"1000\" \/>\n\t<meta property=\"og:image:height\" content=\"1000\" \/>\n\t<meta property=\"og:image:type\" content=\"image\/jpeg\" \/>\n<meta name=\"twitter:card\" content=\"summary_large_image\" \/>\n<meta name=\"twitter:label1\" content=\"Gesch\u00e4tzte Lesezeit\" \/>\n\t<meta name=\"twitter:data1\" content=\"2\u00a0Minuten\" \/>\n<script type=\"application\/ld+json\" class=\"yoast-schema-graph\">{\"@context\":\"https:\/\/schema.org\",\"@graph\":[{\"@type\":\"WebPage\",\"@id\":\"https:\/\/radianslighting.com\/product\/white-track-lighting\",\"url\":\"https:\/\/radianslighting.com\/product\/white-track-lighting\",\"name\":\"White Track Lighting-RSTL607 - Radians Lighting Factory\",\"isPartOf\":{\"@id\":\"https:\/\/radianslighting.com\/#website\"},\"datePublished\":\"2024-11-02T07:12:56+00:00\",\"dateModified\":\"2025-04-14T13:51:52+00:00\",\"description\":\"Radians lighting is a professional manufacturer working on design and solution of Track Light Spotlight for commercial and residential.\",\"breadcrumb\":{\"@id\":\"https:\/\/radianslighting.com\/product\/white-track-lighting#breadcrumb\"},\"inLanguage\":\"de\",\"potentialAction\":[{\"@type\":\"ReadAction\",\"target\":[\"https:\/\/radianslighting.com\/product\/white-track-lighting\"]}]},{\"@type\":\"BreadcrumbList\",\"@id\":\"https:\/\/radianslighting.com\/product\/white-track-lighting#breadcrumb\",\"itemListElement\":[{\"@type\":\"ListItem\",\"position\":1,\"name\":\"Home\",\"item\":\"https:\/\/radianslighting.com\/\"},{\"@type\":\"ListItem\",\"position\":2,\"name\":\"Shop\",\"item\":\"https:\/\/radianslighting.com\/shop\"},{\"@type\":\"ListItem\",\"position\":3,\"name\":\"White Track Lighting-RSTL607\"}]},{\"@type\":\"WebSite\",\"@id\":\"https:\/\/radianslighting.com\/#website\",\"url\":\"https:\/\/radianslighting.com\/\",\"name\":\"Radians Lighting\",\"description\":\"LED Lights Manufacturer | LED Downlights | Track Lights | High-Efficiency, 5-year warranty | Radians\",\"publisher\":{\"@id\":\"https:\/\/radianslighting.com\/#organization\"},\"potentialAction\":[{\"@type\":\"SearchAction\",\"target\":{\"@type\":\"EntryPoint\",\"urlTemplate\":\"https:\/\/radianslighting.com\/?s={search_term_string}\"},\"query-input\":\"required name=search_term_string\"}],\"inLanguage\":\"de\"},{\"@type\":\"Organization\",\"@id\":\"https:\/\/radianslighting.com\/#organization\",\"name\":\"Radians Lighting\",\"url\":\"https:\/\/radianslighting.com\/\",\"logo\":{\"@type\":\"ImageObject\",\"inLanguage\":\"de\",\"@id\":\"https:\/\/radianslighting.com\/#\/schema\/logo\/image\/\",\"url\":\"https:\/\/radianslighting.com\/wp-content\/uploads\/2024\/07\/LOGO-1.jpg\",\"contentUrl\":\"https:\/\/radianslighting.com\/wp-content\/uploads\/2024\/07\/LOGO-1.jpg\",\"width\":1835,\"height\":411,\"caption\":\"Radians Lighting\"},\"image\":{\"@id\":\"https:\/\/radianslighting.com\/#\/schema\/logo\/image\/\"}}]}<\/script>\n<!-- \/ Yoast SEO Premium plugin. -->","yoast_head_json":{"title":"White Track Lighting-RSTL607 - Radians Lighting Factory","description":"Radians lighting is a professional manufacturer working on design and solution of Track Light Spotlight for commercial and residential.","robots":{"index":"index","follow":"follow","max-snippet":"max-snippet:-1","max-image-preview":"max-image-preview:large","max-video-preview":"max-video-preview:-1"},"canonical":"https:\/\/radianslighting.com\/de\/produkt\/white-track-lighting\/","og_locale":"de_DE","og_type":"article","og_title":"White Track Lighting-RSTL607","og_description":"Radians lighting is a professional manufacturer working on design and solution of Track Light Spotlight for commercial and residential.","og_url":"https:\/\/radianslighting.com\/de\/produkt\/white-track-lighting\/","og_site_name":"Radians Lighting","article_modified_time":"2025-04-14T13:51:52+00:00","og_image":[{"width":1000,"height":1000,"url":"https:\/\/radianslighting.com\/wp-content\/uploads\/2024\/11\/PLS607A.jpg","type":"image\/jpeg"}],"twitter_card":"summary_large_image","twitter_misc":{"Gesch\u00e4tzte Lesezeit":"2\u00a0Minuten"},"schema":{"@context":"https:\/\/schema.org","@graph":[{"@type":"WebPage","@id":"https:\/\/radianslighting.com\/product\/white-track-lighting","url":"https:\/\/radianslighting.com\/product\/white-track-lighting","name":"White Track Lighting-RSTL607 - Radians Lighting Factory","isPartOf":{"@id":"https:\/\/radianslighting.com\/#website"},"datePublished":"2024-11-02T07:12:56+00:00","dateModified":"2025-04-14T13:51:52+00:00","description":"Radians lighting is a professional manufacturer working on design and solution of Track Light Spotlight for commercial and residential.","breadcrumb":{"@id":"https:\/\/radianslighting.com\/product\/white-track-lighting#breadcrumb"},"inLanguage":"de","potentialAction":[{"@type":"ReadAction","target":["https:\/\/radianslighting.com\/product\/white-track-lighting"]}]},{"@type":"BreadcrumbList","@id":"https:\/\/radianslighting.com\/product\/white-track-lighting#breadcrumb","itemListElement":[{"@type":"ListItem","position":1,"name":"Home","item":"https:\/\/radianslighting.com\/"},{"@type":"ListItem","position":2,"name":"Shop","item":"https:\/\/radianslighting.com\/shop"},{"@type":"ListItem","position":3,"name":"White Track Lighting-RSTL607"}]},{"@type":"WebSite","@id":"https:\/\/radianslighting.com\/#website","url":"https:\/\/radianslighting.com\/","name":"Radians Lighting","description":"LED Lights Manufacturer | LED Downlights | Track Lights | High-Efficiency, 5-year warranty | Radians","publisher":{"@id":"https:\/\/radianslighting.com\/#organization"},"potentialAction":[{"@type":"SearchAction","target":{"@type":"EntryPoint","urlTemplate":"https:\/\/radianslighting.com\/?s={search_term_string}"},"query-input":"required name=search_term_string"}],"inLanguage":"de"},{"@type":"Organization","@id":"https:\/\/radianslighting.com\/#organization","name":"Radians Lighting","url":"https:\/\/radianslighting.com\/","logo":{"@type":"ImageObject","inLanguage":"de","@id":"https:\/\/radianslighting.com\/#\/schema\/logo\/image\/","url":"https:\/\/radianslighting.com\/wp-content\/uploads\/2024\/07\/LOGO-1.jpg","contentUrl":"https:\/\/radianslighting.com\/wp-content\/uploads\/2024\/07\/LOGO-1.jpg","width":1835,"height":411,"caption":"Radians Lighting"},"image":{"@id":"https:\/\/radianslighting.com\/#\/schema\/logo\/image\/"}}]}},"_links":{"self":[{"href":"https:\/\/radianslighting.com\/de\/wp-json\/wp\/v2\/product\/6389"}],"collection":[{"href":"https:\/\/radianslighting.com\/de\/wp-json\/wp\/v2\/product"}],"about":[{"href":"https:\/\/radianslighting.com\/de\/wp-json\/wp\/v2\/types\/product"}],"replies":[{"embeddable":true,"href":"https:\/\/radianslighting.com\/de\/wp-json\/wp\/v2\/comments?post=6389"}],"wp:featuredmedia":[{"embeddable":true,"href":"https:\/\/radianslighting.com\/de\/wp-json\/wp\/v2\/media\/6390"}],"wp:attachment":[{"href":"https:\/\/radianslighting.com\/de\/wp-json\/wp\/v2\/media?parent=6389"}],"wp:term":[{"taxonomy":"product_cat","embeddable":true,"href":"https:\/\/radianslighting.com\/de\/wp-json\/wp\/v2\/product_cat?post=6389"},{"taxonomy":"product_tag","embeddable":true,"href":"https:\/\/radianslighting.com\/de\/wp-json\/wp\/v2\/product_tag?post=6389"}],"curies":[{"name":"wp","href":"https:\/\/api.w.org\/{rel}","templated":true}]}}