{"id":6354,"date":"2024-11-01T08:09:21","date_gmt":"2024-11-01T08:09:21","guid":{"rendered":"https:\/\/radianslighting.com\/?post_type=product&#038;p=6354"},"modified":"2025-03-31T07:15:25","modified_gmt":"2025-03-31T07:15:25","slug":"led-backlight-panel","status":"publish","type":"product","link":"https:\/\/radianslighting.com\/de\/produkt\/led-backlight-panel","title":{"rendered":"LED-Hintergrundbeleuchtung f\u00fcr Klassenzimmer-RSPL2-6060-36D"},"content":{"rendered":"<p>Die Panelleuchte liefert angenehmes, gleichm\u00e4\u00dfiges Licht. Dank verschiedener Treiber ist sie mit vielen Dimmm\u00f6glichkeiten kompatibel, z. B. No Dim (Aus\/Ein), Triac, 0\u201310 V\/1\u201310 V, DALI oder anderen drahtlosen Dimmm\u00f6glichkeiten wie Bluetooth, WLAN, Zigbee usw. F\u00fcr eine ges\u00fcndere Beleuchtung am Arbeitsplatz, im B\u00fcro und in der Schule verwenden wir ein spezielles Material f\u00fcr den Diffusor, um den UGR-Wert auf UGR19 oder sogar UGR16 zu senken.<\/p>\n<h2>Produktshow des LED-Hintergrundbeleuchtungspanels:<img fetchpriority=\"high\" decoding=\"async\" class=\"alignnone wp-image-6357\" src=\"https:\/\/radianslighting.com\/wp-content\/uploads\/2024\/11\/04254c49130f666ed2f0ab912c6c5bb.jpg\" alt=\"LED Backlight Panel\" width=\"1000\" height=\"1296\" srcset=\"https:\/\/radianslighting.com\/wp-content\/uploads\/2024\/11\/04254c49130f666ed2f0ab912c6c5bb.jpg 736w, https:\/\/radianslighting.com\/wp-content\/uploads\/2024\/11\/04254c49130f666ed2f0ab912c6c5bb-231x300.jpg 231w, https:\/\/radianslighting.com\/wp-content\/uploads\/2024\/11\/04254c49130f666ed2f0ab912c6c5bb-600x778.jpg 600w\" sizes=\"(max-width: 1000px) 100vw, 1000px\" \/><\/h2>\n<p><img decoding=\"async\" class=\"alignnone wp-image-6514\" src=\"https:\/\/radianslighting.com\/wp-content\/uploads\/2024\/11\/6075b1e42a91d710d03c506899dc2d9.jpg\" alt=\"\" width=\"1000\" height=\"667\" srcset=\"https:\/\/radianslighting.com\/wp-content\/uploads\/2024\/11\/6075b1e42a91d710d03c506899dc2d9.jpg 1620w, https:\/\/radianslighting.com\/wp-content\/uploads\/2024\/11\/6075b1e42a91d710d03c506899dc2d9-300x200.jpg 300w, https:\/\/radianslighting.com\/wp-content\/uploads\/2024\/11\/6075b1e42a91d710d03c506899dc2d9-1024x683.jpg 1024w, https:\/\/radianslighting.com\/wp-content\/uploads\/2024\/11\/6075b1e42a91d710d03c506899dc2d9-768x512.jpg 768w, https:\/\/radianslighting.com\/wp-content\/uploads\/2024\/11\/6075b1e42a91d710d03c506899dc2d9-1536x1024.jpg 1536w, https:\/\/radianslighting.com\/wp-content\/uploads\/2024\/11\/6075b1e42a91d710d03c506899dc2d9-600x400.jpg 600w\" sizes=\"(max-width: 1000px) 100vw, 1000px\" \/><\/p>\n<p><img decoding=\"async\" class=\"alignnone wp-image-6517\" src=\"https:\/\/radianslighting.com\/wp-content\/uploads\/2024\/11\/c6da1bef10b9aaccf34d0f3d4883af7-1.jpg\" alt=\"panel light\" width=\"1000\" height=\"1000\" srcset=\"https:\/\/radianslighting.com\/wp-content\/uploads\/2024\/11\/c6da1bef10b9aaccf34d0f3d4883af7-1.jpg 1080w, https:\/\/radianslighting.com\/wp-content\/uploads\/2024\/11\/c6da1bef10b9aaccf34d0f3d4883af7-1-300x300.jpg 300w, https:\/\/radianslighting.com\/wp-content\/uploads\/2024\/11\/c6da1bef10b9aaccf34d0f3d4883af7-1-1024x1024.jpg 1024w, https:\/\/radianslighting.com\/wp-content\/uploads\/2024\/11\/c6da1bef10b9aaccf34d0f3d4883af7-1-150x150.jpg 150w, https:\/\/radianslighting.com\/wp-content\/uploads\/2024\/11\/c6da1bef10b9aaccf34d0f3d4883af7-1-768x768.jpg 768w, https:\/\/radianslighting.com\/wp-content\/uploads\/2024\/11\/c6da1bef10b9aaccf34d0f3d4883af7-1-600x600.jpg 600w, https:\/\/radianslighting.com\/wp-content\/uploads\/2024\/11\/c6da1bef10b9aaccf34d0f3d4883af7-1-100x100.jpg 100w\" sizes=\"(max-width: 1000px) 100vw, 1000px\" \/><\/p>\n<h2>H\u00e4ufig gestellte Fragen:<\/h2>\n<p><strong>Frage<\/strong>: Sind Sie eine Fabrik?<br \/>\n<strong>Antwort<\/strong>: Ja, wir sind ein professioneller Hersteller mit vielen erfahrenen Ingenieuren und Mitarbeitern.<\/p>\n<p><strong>Frage<\/strong>: Gibt es bei Ihnen eine Mindestbestellmenge (MOQ) f\u00fcr LED-Lichtbestellungen?<br \/>\n<strong>Antwort<\/strong>: Nein. Keine Mindestbestellmenge begrenzt. Sie k\u00f6nnen 1 St\u00fcck zum Testen und Pr\u00fcfen abgeben.<\/p>\n<p><strong>Frage<\/strong>: Wie sieht es mit Ihrer Vorlaufzeit aus?<br \/>\n<strong>Antwort<\/strong>: 3-5 Arbeitstage f\u00fcr Muster, 15 Arbeitstage f\u00fcr Sammelbestellungen.<\/p>\n<p><strong>Frage<\/strong>: Wie viele Jahre Garantie bieten Sie auf Ihr Downlight?<br \/>\n<strong>Antwort<\/strong>: Generell bieten wir f\u00fcr die meisten unserer Downlights 3 oder 5 Jahre Garantie. Bei weiteren W\u00fcnschen k\u00f6nnen Sie uns gerne kontaktieren.<\/p>\n<p><strong>Frage<\/strong>: Kann ich mein Logo auf Ihr Produkt und Ihre Verpackung setzen?<br \/>\n<strong>Antwort<\/strong>: Sicher. Aber wir haben MOQ f\u00fcr OEM-Service f\u00fcr verschiedene Produkte.<\/p>","protected":false},"excerpt":{"rendered":"<ul>\n<li>Modellnummer: RSPL2-6060-36D<\/li>\n<li>Leistung: 36W<\/li>\n<li>Lumen: 3060lm<\/li>\n<li>Farbtemperatur: 2700 K\/3000 K\/4000 K\/57000 K<\/li>\n<li>Dimmen: Kein Dimmen, Triac, 0\/1-10V, DALI, Tuya, Zigbee<\/li>\n<li>Leistungsfaktor: 0,9<\/li>\n<li>Installationsart: Einbaumontage, Oberfl\u00e4chenmontage, Pendelmontage<\/li>\n<li>IP-Schutzart: IP44<\/li>\n<li>Abmessungen: 595 x 595 x 34 mm oder andere k\u00f6nnen angepasst werden.<\/li>\n<li>Farbe: Silber\/Wei\u00df<\/li>\n<li>Garantie: 3 Jahre\/ 5 Jahre<\/li>\n<li>Bemerkung: LED-Hintergrundbeleuchtung<\/li>\n<\/ul>","protected":false},"featured_media":6356,"comment_status":"closed","ping_status":"closed","template":"","meta":[],"product_cat":[289],"product_tag":[294],"class_list":{"0":"post-6354","1":"product","2":"type-product","3":"status-publish","4":"has-post-thumbnail","6":"product_cat-classroom-led-light","7":"product_tag-led-backlight-panel","9":"first","10":"instock","11":"shipping-taxable","12":"purchasable","13":"product-type-simple"},"yoast_head":"<!-- This site is optimized with the Yoast SEO Premium plugin v20.8 (Yoast SEO v21.9.1) - https:\/\/yoast.com\/wordpress\/plugins\/seo\/ -->\n<title>LED Backlight Panel - Radians Lighting<\/title>\n<meta name=\"description\" content=\"Radians lighting is a professional manufacturer working on design and solution of LED Backlight Panel For classrooms commercial and residential.\" \/>\n<meta name=\"robots\" content=\"index, follow, max-snippet:-1, max-image-preview:large, max-video-preview:-1\" \/>\n<link rel=\"canonical\" href=\"https:\/\/radianslighting.com\/de\/produkt\/led-backlight-panel\/\" \/>\n<meta property=\"og:locale\" content=\"de_DE\" \/>\n<meta property=\"og:type\" content=\"article\" \/>\n<meta property=\"og:title\" content=\"LED Backlight Panel For Classrooms-RSPL2-6060-36D\" \/>\n<meta property=\"og:description\" content=\"Radians lighting is a professional manufacturer working on design and solution of LED Backlight Panel For classrooms commercial and residential.\" \/>\n<meta property=\"og:url\" content=\"https:\/\/radianslighting.com\/de\/produkt\/led-backlight-panel\/\" \/>\n<meta property=\"og:site_name\" content=\"Radians Lighting\" \/>\n<meta property=\"article:modified_time\" content=\"2025-03-31T07:15:25+00:00\" \/>\n<meta property=\"og:image\" content=\"https:\/\/radianslighting.com\/wp-content\/uploads\/2024\/11\/panel-light-1.jpg\" \/>\n\t<meta property=\"og:image:width\" content=\"1000\" \/>\n\t<meta property=\"og:image:height\" content=\"1000\" \/>\n\t<meta property=\"og:image:type\" content=\"image\/jpeg\" \/>\n<meta name=\"twitter:card\" content=\"summary_large_image\" \/>\n<meta name=\"twitter:label1\" content=\"Gesch\u00e4tzte Lesezeit\" \/>\n\t<meta name=\"twitter:data1\" content=\"2\u00a0Minuten\" \/>\n<script type=\"application\/ld+json\" class=\"yoast-schema-graph\">{\"@context\":\"https:\/\/schema.org\",\"@graph\":[{\"@type\":\"WebPage\",\"@id\":\"https:\/\/radianslighting.com\/product\/led-backlight-panel\",\"url\":\"https:\/\/radianslighting.com\/product\/led-backlight-panel\",\"name\":\"LED Backlight Panel - Radians Lighting\",\"isPartOf\":{\"@id\":\"https:\/\/radianslighting.com\/#website\"},\"datePublished\":\"2024-11-01T08:09:21+00:00\",\"dateModified\":\"2025-03-31T07:15:25+00:00\",\"description\":\"Radians lighting is a professional manufacturer working on design and solution of LED Backlight Panel For classrooms commercial and residential.\",\"breadcrumb\":{\"@id\":\"https:\/\/radianslighting.com\/product\/led-backlight-panel#breadcrumb\"},\"inLanguage\":\"de\",\"potentialAction\":[{\"@type\":\"ReadAction\",\"target\":[\"https:\/\/radianslighting.com\/product\/led-backlight-panel\"]}]},{\"@type\":\"BreadcrumbList\",\"@id\":\"https:\/\/radianslighting.com\/product\/led-backlight-panel#breadcrumb\",\"itemListElement\":[{\"@type\":\"ListItem\",\"position\":1,\"name\":\"Home\",\"item\":\"https:\/\/radianslighting.com\/\"},{\"@type\":\"ListItem\",\"position\":2,\"name\":\"Shop\",\"item\":\"https:\/\/radianslighting.com\/shop\"},{\"@type\":\"ListItem\",\"position\":3,\"name\":\"LED Backlight Panel For Classrooms-RSPL2-6060-36D\"}]},{\"@type\":\"WebSite\",\"@id\":\"https:\/\/radianslighting.com\/#website\",\"url\":\"https:\/\/radianslighting.com\/\",\"name\":\"Radians Lighting\",\"description\":\"LED Lights Manufacturer | LED Downlights | Track Lights | High-Efficiency, 5-year warranty | Radians\",\"publisher\":{\"@id\":\"https:\/\/radianslighting.com\/#organization\"},\"potentialAction\":[{\"@type\":\"SearchAction\",\"target\":{\"@type\":\"EntryPoint\",\"urlTemplate\":\"https:\/\/radianslighting.com\/?s={search_term_string}\"},\"query-input\":\"required name=search_term_string\"}],\"inLanguage\":\"de\"},{\"@type\":\"Organization\",\"@id\":\"https:\/\/radianslighting.com\/#organization\",\"name\":\"Radians Lighting\",\"url\":\"https:\/\/radianslighting.com\/\",\"logo\":{\"@type\":\"ImageObject\",\"inLanguage\":\"de\",\"@id\":\"https:\/\/radianslighting.com\/#\/schema\/logo\/image\/\",\"url\":\"https:\/\/radianslighting.com\/wp-content\/uploads\/2024\/07\/LOGO-1.jpg\",\"contentUrl\":\"https:\/\/radianslighting.com\/wp-content\/uploads\/2024\/07\/LOGO-1.jpg\",\"width\":1835,\"height\":411,\"caption\":\"Radians Lighting\"},\"image\":{\"@id\":\"https:\/\/radianslighting.com\/#\/schema\/logo\/image\/\"}}]}<\/script>\n<!-- \/ Yoast SEO Premium plugin. -->","yoast_head_json":{"title":"LED Backlight Panel - Radians Lighting","description":"Radians lighting is a professional manufacturer working on design and solution of LED Backlight Panel For classrooms commercial and residential.","robots":{"index":"index","follow":"follow","max-snippet":"max-snippet:-1","max-image-preview":"max-image-preview:large","max-video-preview":"max-video-preview:-1"},"canonical":"https:\/\/radianslighting.com\/de\/produkt\/led-backlight-panel\/","og_locale":"de_DE","og_type":"article","og_title":"LED Backlight Panel For Classrooms-RSPL2-6060-36D","og_description":"Radians lighting is a professional manufacturer working on design and solution of LED Backlight Panel For classrooms commercial and residential.","og_url":"https:\/\/radianslighting.com\/de\/produkt\/led-backlight-panel\/","og_site_name":"Radians Lighting","article_modified_time":"2025-03-31T07:15:25+00:00","og_image":[{"width":1000,"height":1000,"url":"https:\/\/radianslighting.com\/wp-content\/uploads\/2024\/11\/panel-light-1.jpg","type":"image\/jpeg"}],"twitter_card":"summary_large_image","twitter_misc":{"Gesch\u00e4tzte Lesezeit":"2\u00a0Minuten"},"schema":{"@context":"https:\/\/schema.org","@graph":[{"@type":"WebPage","@id":"https:\/\/radianslighting.com\/product\/led-backlight-panel","url":"https:\/\/radianslighting.com\/product\/led-backlight-panel","name":"LED Backlight Panel - Radians Lighting","isPartOf":{"@id":"https:\/\/radianslighting.com\/#website"},"datePublished":"2024-11-01T08:09:21+00:00","dateModified":"2025-03-31T07:15:25+00:00","description":"Radians lighting is a professional manufacturer working on design and solution of LED Backlight Panel For classrooms commercial and residential.","breadcrumb":{"@id":"https:\/\/radianslighting.com\/product\/led-backlight-panel#breadcrumb"},"inLanguage":"de","potentialAction":[{"@type":"ReadAction","target":["https:\/\/radianslighting.com\/product\/led-backlight-panel"]}]},{"@type":"BreadcrumbList","@id":"https:\/\/radianslighting.com\/product\/led-backlight-panel#breadcrumb","itemListElement":[{"@type":"ListItem","position":1,"name":"Home","item":"https:\/\/radianslighting.com\/"},{"@type":"ListItem","position":2,"name":"Shop","item":"https:\/\/radianslighting.com\/shop"},{"@type":"ListItem","position":3,"name":"LED Backlight Panel For Classrooms-RSPL2-6060-36D"}]},{"@type":"WebSite","@id":"https:\/\/radianslighting.com\/#website","url":"https:\/\/radianslighting.com\/","name":"Radians Lighting","description":"LED Lights Manufacturer | LED Downlights | Track Lights | High-Efficiency, 5-year warranty | Radians","publisher":{"@id":"https:\/\/radianslighting.com\/#organization"},"potentialAction":[{"@type":"SearchAction","target":{"@type":"EntryPoint","urlTemplate":"https:\/\/radianslighting.com\/?s={search_term_string}"},"query-input":"required name=search_term_string"}],"inLanguage":"de"},{"@type":"Organization","@id":"https:\/\/radianslighting.com\/#organization","name":"Radians Lighting","url":"https:\/\/radianslighting.com\/","logo":{"@type":"ImageObject","inLanguage":"de","@id":"https:\/\/radianslighting.com\/#\/schema\/logo\/image\/","url":"https:\/\/radianslighting.com\/wp-content\/uploads\/2024\/07\/LOGO-1.jpg","contentUrl":"https:\/\/radianslighting.com\/wp-content\/uploads\/2024\/07\/LOGO-1.jpg","width":1835,"height":411,"caption":"Radians Lighting"},"image":{"@id":"https:\/\/radianslighting.com\/#\/schema\/logo\/image\/"}}]}},"_links":{"self":[{"href":"https:\/\/radianslighting.com\/de\/wp-json\/wp\/v2\/product\/6354"}],"collection":[{"href":"https:\/\/radianslighting.com\/de\/wp-json\/wp\/v2\/product"}],"about":[{"href":"https:\/\/radianslighting.com\/de\/wp-json\/wp\/v2\/types\/product"}],"replies":[{"embeddable":true,"href":"https:\/\/radianslighting.com\/de\/wp-json\/wp\/v2\/comments?post=6354"}],"wp:featuredmedia":[{"embeddable":true,"href":"https:\/\/radianslighting.com\/de\/wp-json\/wp\/v2\/media\/6356"}],"wp:attachment":[{"href":"https:\/\/radianslighting.com\/de\/wp-json\/wp\/v2\/media?parent=6354"}],"wp:term":[{"taxonomy":"product_cat","embeddable":true,"href":"https:\/\/radianslighting.com\/de\/wp-json\/wp\/v2\/product_cat?post=6354"},{"taxonomy":"product_tag","embeddable":true,"href":"https:\/\/radianslighting.com\/de\/wp-json\/wp\/v2\/product_tag?post=6354"}],"curies":[{"name":"wp","href":"https:\/\/api.w.org\/{rel}","templated":true}]}}