{"id":6069,"date":"2024-05-09T03:00:19","date_gmt":"2024-05-09T03:00:19","guid":{"rendered":"https:\/\/radianslighting.com\/?post_type=product&#038;p=6069"},"modified":"2025-03-31T07:40:45","modified_gmt":"2025-03-31T07:40:45","slug":"large-downlights","status":"publish","type":"product","link":"https:\/\/radianslighting.com\/de\/produkt\/large-downlights","title":{"rendered":"Gro\u00dfe Downlights"},"content":{"rendered":"<ul>\n<li>Gute W\u00e4rmeableitungsleistung, dadurch Lebensdauer von 50.000 Stunden.<\/li>\n<li>Um den unterschiedlichen Anforderungen im Projekt gerecht zu werden, stehen mehrere Leistungsoptionen (60 W\/70 W) zur Verf\u00fcgung.<\/li>\n<li>Optional sind dimmbare und nicht dimmbare Versionen erh\u00e4ltlich.<\/li>\n<\/ul>\n<table style=\"border-collapse: collapse; width: 800px; height: 186px;\" border=\"0\" width=\"544\" cellspacing=\"0\" cellpadding=\"0\">\n<tbody>\n<tr style=\"height: 13.50pt;\">\n<td class=\"et2\" style=\"height: 13.5pt; width: 51pt; text-align: center;\" width=\"136\" height=\"36\"><strong>Modell Nr.<\/strong><\/td>\n<td class=\"et2\" style=\"width: 51pt; text-align: center;\" width=\"136\"><strong>Leistung<\/strong><\/td>\n<td class=\"et2\" style=\"width: 51pt; text-align: center;\" width=\"136\"><strong>Ausgeschnitten<\/strong><\/td>\n<td class=\"et2\" style=\"width: 51pt; text-align: center;\" width=\"136\"><strong>Dimension<\/strong><\/td>\n<\/tr>\n<tr style=\"height: 13.50pt;\">\n<td class=\"et2\" style=\"height: 13.5pt; text-align: center;\" height=\"36\">RSRD1D60R<\/td>\n<td class=\"et2\" style=\"text-align: center;\">60 W<\/td>\n<td class=\"et2\" style=\"text-align: center;\">\u03c6200mm<\/td>\n<td class=\"et2\" style=\"text-align: center;\">\u03c6220x110mm<\/td>\n<\/tr>\n<tr style=\"height: 13.50pt;\">\n<td class=\"et2\" style=\"height: 13.5pt; text-align: center;\" height=\"36\">RSRD1D70R<\/td>\n<td class=\"et2\" style=\"text-align: center;\">70 W<\/td>\n<td class=\"et2\" style=\"text-align: center;\">\u03c6250 mm<\/td>\n<td class=\"et2\" style=\"text-align: center;\">\u03c6280x130mm<\/td>\n<\/tr>\n<\/tbody>\n<\/table>\n<h3><span style=\"font-size: 1.7em;\">Produktpr\u00e4sentation gro\u00dfer Downlights:<\/span><\/h3>\n<p><img fetchpriority=\"high\" decoding=\"async\" class=\"wp-image-6073\" src=\"https:\/\/radianslighting.com\/wp-content\/uploads\/2024\/05\/IMG_016120200312-231357.jpg\" alt=\"LED Ceiling Downlights\" width=\"800\" height=\"678\" srcset=\"https:\/\/radianslighting.com\/wp-content\/uploads\/2024\/05\/IMG_016120200312-231357.jpg 970w, https:\/\/radianslighting.com\/wp-content\/uploads\/2024\/05\/IMG_016120200312-231357-300x254.jpg 300w, https:\/\/radianslighting.com\/wp-content\/uploads\/2024\/05\/IMG_016120200312-231357-768x651.jpg 768w, https:\/\/radianslighting.com\/wp-content\/uploads\/2024\/05\/IMG_016120200312-231357-600x508.jpg 600w\" sizes=\"(max-width: 800px) 100vw, 800px\" \/><\/p>\n<p><img decoding=\"async\" class=\"wp-image-6070 size-large\" src=\"https:\/\/radianslighting.com\/wp-content\/uploads\/2024\/05\/\u5fae\u4fe1\u56fe\u7247_20220419131825-1024x768.jpg\" alt=\"LED Ceiling Downlights\" width=\"800\" height=\"600\" srcset=\"https:\/\/radianslighting.com\/wp-content\/uploads\/2024\/05\/\u5fae\u4fe1\u56fe\u7247_20220419131825-1024x768.jpg 1024w, https:\/\/radianslighting.com\/wp-content\/uploads\/2024\/05\/\u5fae\u4fe1\u56fe\u7247_20220419131825-300x225.jpg 300w, https:\/\/radianslighting.com\/wp-content\/uploads\/2024\/05\/\u5fae\u4fe1\u56fe\u7247_20220419131825-768x576.jpg 768w, https:\/\/radianslighting.com\/wp-content\/uploads\/2024\/05\/\u5fae\u4fe1\u56fe\u7247_20220419131825-1536x1152.jpg 1536w, https:\/\/radianslighting.com\/wp-content\/uploads\/2024\/05\/\u5fae\u4fe1\u56fe\u7247_20220419131825-2048x1536.jpg 2048w, https:\/\/radianslighting.com\/wp-content\/uploads\/2024\/05\/\u5fae\u4fe1\u56fe\u7247_20220419131825-600x450.jpg 600w\" sizes=\"(max-width: 800px) 100vw, 800px\" \/><\/p>\n<h2>H\u00e4ufig gestellte Fragen:<\/h2>\n<p><strong>Frage<\/strong>: Sind Sie eine Fabrik?<br \/>\n<strong>Antwort<\/strong>: Ja, wir sind ein professioneller Hersteller mit vielen erfahrenen Ingenieuren und Mitarbeitern.<\/p>\n<p><strong>Frage<\/strong>: Gibt es bei Ihnen eine Mindestbestellmenge (MOQ) f\u00fcr LED-Lichtbestellungen?<br \/>\n<strong>Antwort<\/strong>: Nein. Keine Mindestbestellmenge begrenzt. Sie k\u00f6nnen 1 St\u00fcck zum Testen und Pr\u00fcfen abgeben.<\/p>\n<p><strong>Frage<\/strong>: Wie sieht es mit Ihrer Vorlaufzeit aus?<br \/>\n<strong>Antwort<\/strong>: 3-5 Arbeitstage f\u00fcr Muster und 15 f\u00fcr Sammelbestellungen.<\/p>\n<p><strong>Frage<\/strong>: Wie viele Jahre Garantie bieten Sie auf Ihr Downlight?<br \/>\n<strong>Antwort<\/strong>: F\u00fcr die meisten unserer Downlights bieten wir grunds\u00e4tzlich 3 oder 5 Jahre Garantie. Bei weiteren W\u00fcnschen k\u00f6nnen Sie uns gerne kontaktieren.<\/p>\n<p><strong>Frage<\/strong>: Kann ich mein Logo auf Ihr Produkt und Ihre Verpackung setzen?<br \/>\n<strong>Antwort<\/strong>: Sicher. Aber wir haben MOQ f\u00fcr OEM-Service f\u00fcr verschiedene Produkte.<\/p>","protected":false},"excerpt":{"rendered":"<ul>\n<li>Modell Nr. RSRD1D60R<\/li>\n<li>Spannung: AC 120 V\/AC 220-24 V 50~60 Hz<\/li>\n<li>Leistung: 60W<\/li>\n<li>Lumen: 4800lm<\/li>\n<li>CCT: 2700K\/3000K\/4000K\/57000K\/DTW<\/li>\n<li>Dimmen: Nicht dimmen, Triac, 0\/1-10 V, DALI<\/li>\n<li>Abstrahlwinkel: 60\u00b0<\/li>\n<li>CRI: 80, 90 oder \u00fcber 93\/95 verf\u00fcgbar.<\/li>\n<li>Leistungsfaktor: 0,9<\/li>\n<li>Ausschnitt: 200mm<\/li>\n<li>SDCM: 3<\/li>\n<li>IP-Schutzart: IP44<\/li>\n<li>Abmessungen: \u03c6220x110mm<\/li>\n<li>Farbe: Wei\u00df\/Schwarz oder andere Farben k\u00f6nnen angepasst werden.<\/li>\n<li>Geh\u00e4usematerial: Aluminiumlegierung<\/li>\n<li>Lebensdauer: 25.000 Stunden oder 50.000 Stunden Stunden Stunden<\/li>\n<li>Garantie: 3 Jahre\/ 5 Jahre<\/li>\n<li>Bemerkung: Gro\u00dfe Downlights<\/li>\n<\/ul>","protected":false},"featured_media":6291,"comment_status":"closed","ping_status":"closed","template":"","meta":[],"product_cat":[20,530,504,481,506,531,532,513,494,534,150,507,200,545,505,498],"product_tag":[327,326],"class_list":{"0":"post-6069","1":"product","2":"type-product","3":"status-publish","4":"has-post-thumbnail","6":"product_cat-anti-glare-downlights","7":"product_cat-200mm-led-downlight","8":"product_cat-2700k-downlight","9":"product_cat-cob-downlight","10":"product_cat-cool-white-downlight","11":"product_cat-dimmable-downlights","12":"product_cat-dimmable-led-downlights","13":"product_cat-downlight-ip44","14":"product_cat-hotel-downlight","15":"product_cat-led-dimmable-spotlights","16":"product_cat-led-downlight","17":"product_cat-neutral-light-downlight","18":"product_cat-recessed-downlight","19":"product_cat-round-led-downlight","20":"product_cat-warm-led-downlights","21":"product_cat-white-downlights","22":"product_tag-200mm-led-downlight","23":"product_tag-large-downlights","25":"first","26":"instock","27":"shipping-taxable","28":"purchasable","29":"product-type-simple"},"yoast_head":"<!-- This site is optimized with the Yoast SEO Premium plugin v20.8 (Yoast SEO v21.9.1) - https:\/\/yoast.com\/wordpress\/plugins\/seo\/ -->\n<title>Wholesale Large Downlights: Energy-Efficient, IP65, 60W | Radians<\/title>\n<meta name=\"description\" content=\"Buy Large Downlights in bulk with tiered pricing &amp; quick shipping. Ideal for commercial spaces, these energy-efficient lights offer long lifespan &amp; ROI benefits.\" \/>\n<meta name=\"robots\" content=\"index, follow, max-snippet:-1, max-image-preview:large, max-video-preview:-1\" \/>\n<link rel=\"canonical\" href=\"https:\/\/radianslighting.com\/de\/produkt\/large-downlights\/\" \/>\n<meta property=\"og:locale\" content=\"de_DE\" \/>\n<meta property=\"og:type\" content=\"article\" \/>\n<meta property=\"og:title\" content=\"Large Downlights\" \/>\n<meta property=\"og:description\" content=\"Buy Large Downlights in bulk with tiered pricing &amp; quick shipping. Ideal for commercial spaces, these energy-efficient lights offer long lifespan &amp; ROI benefits.\" \/>\n<meta property=\"og:url\" content=\"https:\/\/radianslighting.com\/de\/produkt\/large-downlights\/\" \/>\n<meta property=\"og:site_name\" content=\"Radians Lighting\" \/>\n<meta property=\"article:modified_time\" content=\"2025-03-31T07:40:45+00:00\" \/>\n<meta property=\"og:image\" content=\"https:\/\/radianslighting.com\/wp-content\/uploads\/2024\/05\/RSRD1D60R.jpg\" \/>\n\t<meta property=\"og:image:width\" content=\"1000\" \/>\n\t<meta property=\"og:image:height\" content=\"1000\" \/>\n\t<meta property=\"og:image:type\" content=\"image\/jpeg\" \/>\n<meta name=\"twitter:card\" content=\"summary_large_image\" \/>\n<meta name=\"twitter:label1\" content=\"Gesch\u00e4tzte Lesezeit\" \/>\n\t<meta name=\"twitter:data1\" content=\"2\u00a0Minuten\" \/>\n<script type=\"application\/ld+json\" class=\"yoast-schema-graph\">{\"@context\":\"https:\/\/schema.org\",\"@graph\":[{\"@type\":\"WebPage\",\"@id\":\"https:\/\/radianslighting.com\/product\/large-downlights\",\"url\":\"https:\/\/radianslighting.com\/product\/large-downlights\",\"name\":\"Wholesale Large Downlights: Energy-Efficient, IP65, 60W | Radians\",\"isPartOf\":{\"@id\":\"https:\/\/radianslighting.com\/#website\"},\"datePublished\":\"2024-05-09T03:00:19+00:00\",\"dateModified\":\"2025-03-31T07:40:45+00:00\",\"description\":\"Buy Large Downlights in bulk with tiered pricing & quick shipping. Ideal for commercial spaces, these energy-efficient lights offer long lifespan & ROI benefits.\",\"breadcrumb\":{\"@id\":\"https:\/\/radianslighting.com\/product\/large-downlights#breadcrumb\"},\"inLanguage\":\"de\",\"potentialAction\":[{\"@type\":\"ReadAction\",\"target\":[\"https:\/\/radianslighting.com\/product\/large-downlights\"]}]},{\"@type\":\"BreadcrumbList\",\"@id\":\"https:\/\/radianslighting.com\/product\/large-downlights#breadcrumb\",\"itemListElement\":[{\"@type\":\"ListItem\",\"position\":1,\"name\":\"Home\",\"item\":\"https:\/\/radianslighting.com\/\"},{\"@type\":\"ListItem\",\"position\":2,\"name\":\"Shop\",\"item\":\"https:\/\/radianslighting.com\/shop\"},{\"@type\":\"ListItem\",\"position\":3,\"name\":\"Large Downlights\"}]},{\"@type\":\"WebSite\",\"@id\":\"https:\/\/radianslighting.com\/#website\",\"url\":\"https:\/\/radianslighting.com\/\",\"name\":\"Radians Lighting\",\"description\":\"LED Lights Manufacturer | LED Downlights | Track Lights | High-Efficiency, 5-year warranty | Radians\",\"publisher\":{\"@id\":\"https:\/\/radianslighting.com\/#organization\"},\"potentialAction\":[{\"@type\":\"SearchAction\",\"target\":{\"@type\":\"EntryPoint\",\"urlTemplate\":\"https:\/\/radianslighting.com\/?s={search_term_string}\"},\"query-input\":\"required name=search_term_string\"}],\"inLanguage\":\"de\"},{\"@type\":\"Organization\",\"@id\":\"https:\/\/radianslighting.com\/#organization\",\"name\":\"Radians Lighting\",\"url\":\"https:\/\/radianslighting.com\/\",\"logo\":{\"@type\":\"ImageObject\",\"inLanguage\":\"de\",\"@id\":\"https:\/\/radianslighting.com\/#\/schema\/logo\/image\/\",\"url\":\"https:\/\/radianslighting.com\/wp-content\/uploads\/2024\/07\/LOGO-1.jpg\",\"contentUrl\":\"https:\/\/radianslighting.com\/wp-content\/uploads\/2024\/07\/LOGO-1.jpg\",\"width\":1835,\"height\":411,\"caption\":\"Radians Lighting\"},\"image\":{\"@id\":\"https:\/\/radianslighting.com\/#\/schema\/logo\/image\/\"}}]}<\/script>\n<!-- \/ Yoast SEO Premium plugin. -->","yoast_head_json":{"title":"Wholesale Large Downlights: Energy-Efficient, IP65, 60W | Radians","description":"Buy Large Downlights in bulk with tiered pricing & quick shipping. Ideal for commercial spaces, these energy-efficient lights offer long lifespan & ROI benefits.","robots":{"index":"index","follow":"follow","max-snippet":"max-snippet:-1","max-image-preview":"max-image-preview:large","max-video-preview":"max-video-preview:-1"},"canonical":"https:\/\/radianslighting.com\/de\/produkt\/large-downlights\/","og_locale":"de_DE","og_type":"article","og_title":"Large Downlights","og_description":"Buy Large Downlights in bulk with tiered pricing & quick shipping. Ideal for commercial spaces, these energy-efficient lights offer long lifespan & ROI benefits.","og_url":"https:\/\/radianslighting.com\/de\/produkt\/large-downlights\/","og_site_name":"Radians Lighting","article_modified_time":"2025-03-31T07:40:45+00:00","og_image":[{"width":1000,"height":1000,"url":"https:\/\/radianslighting.com\/wp-content\/uploads\/2024\/05\/RSRD1D60R.jpg","type":"image\/jpeg"}],"twitter_card":"summary_large_image","twitter_misc":{"Gesch\u00e4tzte Lesezeit":"2\u00a0Minuten"},"schema":{"@context":"https:\/\/schema.org","@graph":[{"@type":"WebPage","@id":"https:\/\/radianslighting.com\/product\/large-downlights","url":"https:\/\/radianslighting.com\/product\/large-downlights","name":"Wholesale Large Downlights: Energy-Efficient, IP65, 60W | Radians","isPartOf":{"@id":"https:\/\/radianslighting.com\/#website"},"datePublished":"2024-05-09T03:00:19+00:00","dateModified":"2025-03-31T07:40:45+00:00","description":"Buy Large Downlights in bulk with tiered pricing & quick shipping. Ideal for commercial spaces, these energy-efficient lights offer long lifespan & ROI benefits.","breadcrumb":{"@id":"https:\/\/radianslighting.com\/product\/large-downlights#breadcrumb"},"inLanguage":"de","potentialAction":[{"@type":"ReadAction","target":["https:\/\/radianslighting.com\/product\/large-downlights"]}]},{"@type":"BreadcrumbList","@id":"https:\/\/radianslighting.com\/product\/large-downlights#breadcrumb","itemListElement":[{"@type":"ListItem","position":1,"name":"Home","item":"https:\/\/radianslighting.com\/"},{"@type":"ListItem","position":2,"name":"Shop","item":"https:\/\/radianslighting.com\/shop"},{"@type":"ListItem","position":3,"name":"Large Downlights"}]},{"@type":"WebSite","@id":"https:\/\/radianslighting.com\/#website","url":"https:\/\/radianslighting.com\/","name":"Radians Lighting","description":"LED Lights Manufacturer | LED Downlights | Track Lights | High-Efficiency, 5-year warranty | Radians","publisher":{"@id":"https:\/\/radianslighting.com\/#organization"},"potentialAction":[{"@type":"SearchAction","target":{"@type":"EntryPoint","urlTemplate":"https:\/\/radianslighting.com\/?s={search_term_string}"},"query-input":"required name=search_term_string"}],"inLanguage":"de"},{"@type":"Organization","@id":"https:\/\/radianslighting.com\/#organization","name":"Radians Lighting","url":"https:\/\/radianslighting.com\/","logo":{"@type":"ImageObject","inLanguage":"de","@id":"https:\/\/radianslighting.com\/#\/schema\/logo\/image\/","url":"https:\/\/radianslighting.com\/wp-content\/uploads\/2024\/07\/LOGO-1.jpg","contentUrl":"https:\/\/radianslighting.com\/wp-content\/uploads\/2024\/07\/LOGO-1.jpg","width":1835,"height":411,"caption":"Radians Lighting"},"image":{"@id":"https:\/\/radianslighting.com\/#\/schema\/logo\/image\/"}}]}},"_links":{"self":[{"href":"https:\/\/radianslighting.com\/de\/wp-json\/wp\/v2\/product\/6069"}],"collection":[{"href":"https:\/\/radianslighting.com\/de\/wp-json\/wp\/v2\/product"}],"about":[{"href":"https:\/\/radianslighting.com\/de\/wp-json\/wp\/v2\/types\/product"}],"replies":[{"embeddable":true,"href":"https:\/\/radianslighting.com\/de\/wp-json\/wp\/v2\/comments?post=6069"}],"wp:featuredmedia":[{"embeddable":true,"href":"https:\/\/radianslighting.com\/de\/wp-json\/wp\/v2\/media\/6291"}],"wp:attachment":[{"href":"https:\/\/radianslighting.com\/de\/wp-json\/wp\/v2\/media?parent=6069"}],"wp:term":[{"taxonomy":"product_cat","embeddable":true,"href":"https:\/\/radianslighting.com\/de\/wp-json\/wp\/v2\/product_cat?post=6069"},{"taxonomy":"product_tag","embeddable":true,"href":"https:\/\/radianslighting.com\/de\/wp-json\/wp\/v2\/product_tag?post=6069"}],"curies":[{"name":"wp","href":"https:\/\/api.w.org\/{rel}","templated":true}]}}