{"id":6031,"date":"2024-04-29T09:52:57","date_gmt":"2024-04-29T09:52:57","guid":{"rendered":"https:\/\/radianslighting.com\/?post_type=product&#038;p=6031"},"modified":"2025-03-31T07:41:43","modified_gmt":"2025-03-31T07:41:43","slug":"cob-downlight","status":"publish","type":"product","link":"https:\/\/radianslighting.com\/de\/produkt\/cob-downlight","title":{"rendered":"COB-Downlight"},"content":{"rendered":"<p>\u25cf Druckgussgeh\u00e4use mit wei\u00df lackiertem Frontring und wei\u00dfem oder schwarzem Reflektor;<br \/>\n\u25cf SMD2835 mit Triac-Dimmung oder ohne Dimmung, optional.<br \/>\n\u25cf Tief eingebaut mit austauschbarem Reflektor in Wei\u00df und Schwarz, UGR&lt;16.<\/p>\n<h2>Produktshow des LED-Spot-Downlights:<img fetchpriority=\"high\" decoding=\"async\" class=\"alignnone size-full wp-image-6466\" src=\"https:\/\/radianslighting.com\/wp-content\/uploads\/2024\/04\/2.jpg\" alt=\"LED Spot Downlight\" width=\"997\" height=\"1515\" srcset=\"https:\/\/radianslighting.com\/wp-content\/uploads\/2024\/04\/2.jpg 997w, https:\/\/radianslighting.com\/wp-content\/uploads\/2024\/04\/2-197x300.jpg 197w, https:\/\/radianslighting.com\/wp-content\/uploads\/2024\/04\/2-674x1024.jpg 674w, https:\/\/radianslighting.com\/wp-content\/uploads\/2024\/04\/2-768x1167.jpg 768w, https:\/\/radianslighting.com\/wp-content\/uploads\/2024\/04\/2-600x912.jpg 600w\" sizes=\"(max-width: 997px) 100vw, 997px\" \/> <img decoding=\"async\" class=\"alignnone size-full wp-image-6469\" src=\"https:\/\/radianslighting.com\/wp-content\/uploads\/2024\/04\/7.jpg\" alt=\"LED Spot Downlight\" width=\"1000\" height=\"1036\" srcset=\"https:\/\/radianslighting.com\/wp-content\/uploads\/2024\/04\/7.jpg 1000w, https:\/\/radianslighting.com\/wp-content\/uploads\/2024\/04\/7-290x300.jpg 290w, https:\/\/radianslighting.com\/wp-content\/uploads\/2024\/04\/7-988x1024.jpg 988w, https:\/\/radianslighting.com\/wp-content\/uploads\/2024\/04\/7-768x796.jpg 768w, https:\/\/radianslighting.com\/wp-content\/uploads\/2024\/04\/7-600x622.jpg 600w\" sizes=\"(max-width: 1000px) 100vw, 1000px\" \/> <img decoding=\"async\" class=\"alignnone size-full wp-image-6468\" src=\"https:\/\/radianslighting.com\/wp-content\/uploads\/2024\/04\/5.jpg\" alt=\"LED Spot Downlight\" width=\"998\" height=\"1387\" srcset=\"https:\/\/radianslighting.com\/wp-content\/uploads\/2024\/04\/5.jpg 998w, https:\/\/radianslighting.com\/wp-content\/uploads\/2024\/04\/5-216x300.jpg 216w, https:\/\/radianslighting.com\/wp-content\/uploads\/2024\/04\/5-737x1024.jpg 737w, https:\/\/radianslighting.com\/wp-content\/uploads\/2024\/04\/5-768x1067.jpg 768w, https:\/\/radianslighting.com\/wp-content\/uploads\/2024\/04\/5-600x834.jpg 600w\" sizes=\"(max-width: 998px) 100vw, 998px\" \/> <img loading=\"lazy\" decoding=\"async\" class=\"alignnone size-full wp-image-6467\" src=\"https:\/\/radianslighting.com\/wp-content\/uploads\/2024\/04\/4.jpg\" alt=\"LED Spot Downlight\" width=\"1000\" height=\"1059\" srcset=\"https:\/\/radianslighting.com\/wp-content\/uploads\/2024\/04\/4.jpg 1000w, https:\/\/radianslighting.com\/wp-content\/uploads\/2024\/04\/4-283x300.jpg 283w, https:\/\/radianslighting.com\/wp-content\/uploads\/2024\/04\/4-967x1024.jpg 967w, https:\/\/radianslighting.com\/wp-content\/uploads\/2024\/04\/4-768x813.jpg 768w, https:\/\/radianslighting.com\/wp-content\/uploads\/2024\/04\/4-600x635.jpg 600w\" sizes=\"(max-width: 1000px) 100vw, 1000px\" \/><\/h2>\n<h2>H\u00e4ufig gestellte Fragen:<\/h2>\n<p><strong>Frage<\/strong>: Sind Sie eine Fabrik?<br \/>\n<strong>Antwort<\/strong>: Ja, wir sind ein professioneller Hersteller mit vielen erfahrenen Ingenieuren und Mitarbeitern.<\/p>\n<p><strong>Frage<\/strong>: Gibt es bei Ihnen eine Mindestbestellmenge (MOQ) f\u00fcr LED-Lichtbestellungen?<br \/>\n<strong>Antwort<\/strong>: Nein. Keine Mindestbestellmenge begrenzt. Sie k\u00f6nnen 1 St\u00fcck zum Testen und Pr\u00fcfen abgeben.<\/p>\n<p><strong>Frage<\/strong>: Wie sieht es mit Ihrer Vorlaufzeit aus?<br \/>\n<strong>Antwort<\/strong>: 3-5 Arbeitstage f\u00fcr Muster und 15 f\u00fcr Sammelbestellungen.<\/p>\n<p><strong>Frage<\/strong>: Wie viele Jahre Garantie bieten Sie auf Ihr Downlight?<br \/>\n<strong>Antwort<\/strong>: F\u00fcr die meisten unserer Downlights bieten wir grunds\u00e4tzlich 3 oder 5 Jahre Garantie. Bei weiteren W\u00fcnschen k\u00f6nnen Sie uns gerne kontaktieren.<\/p>\n<p><strong>Frage<\/strong>: Kann ich mein Logo auf Ihr Produkt und Ihre Verpackung setzen?<br \/>\n<strong>Antwort<\/strong>: Sicher. Aber wir haben MOQ f\u00fcr OEM-Service f\u00fcr verschiedene Produkte.<\/p>","protected":false},"excerpt":{"rendered":"<ul>\n<li>Modellnummer: RSRD1D8L<\/li>\n<li>Leistung: 8W<\/li>\n<li>Spannung: AC 120 V\/AC 22\u2013240 V, 50\u201360 Hz<\/li>\n<li>Lumen: 640lm<\/li>\n<li>CCT: 2700K\/3000K\/4000K\/57000K\/DTW<\/li>\n<li>Dimmen: Kein Dimmen, Triac, 0\/1-10V, DALI, Tuya, Zigbee<\/li>\n<li>CRI: 80\/90 oder \u00fcber Ra93, Ra95 verf\u00fcgbar.<\/li>\n<li>SDCM: 3<\/li>\n<li>Dimmen: Kein Dimmen, Triac, 0\/1-10V, DALI, Tuya, Zigbee<\/li>\n<li>Leistungsfaktor: 0,9<\/li>\n<li>Abstrahlwinkel: 15\u00b0\/ 24\u00b0\/36\u00b0<\/li>\n<li>Ausschnitt: \u03c675mm<\/li>\n<li>IP-Schutzart: IP44<\/li>\n<li>Abmessungen: \u03c685x52mm<\/li>\n<li>Farbe: Wei\u00df\/Schwarz oder andere Farben k\u00f6nnen angepasst werden.<\/li>\n<li>Lebensdauer: 25.000 Stunden oder 50.000 Stunden<\/li>\n<li>Garantie: 3 Jahre\/ 5 Jahre<\/li>\n<li>Bemerkung: COB Downlight<\/li>\n<\/ul>","protected":false},"featured_media":6298,"comment_status":"closed","ping_status":"closed","template":"","meta":[],"product_cat":[20,504,522,542,491,497,481,506,531,532,513,493,494,534,150,492,507,200,545,482,511,505,498],"product_tag":[333,332,82,84,87,88,89,90,91,92,93,472,94,331,107,355,162,223,224,225,226,227,330],"class_list":{"0":"post-6031","1":"product","2":"type-product","3":"status-publish","4":"has-post-thumbnail","6":"product_cat-anti-glare-downlights","7":"product_cat-2700k-downlight","8":"product_cat-75mm-downlight","9":"product_cat-8w-led-downlight","10":"product_cat-bedroom-downlights","11":"product_cat-black-downlights","12":"product_cat-cob-downlight","13":"product_cat-cool-white-downlight","14":"product_cat-dimmable-downlights","15":"product_cat-dimmable-led-downlights","16":"product_cat-downlight-ip44","17":"product_cat-downlights-for-hallway","18":"product_cat-hotel-downlight","19":"product_cat-led-dimmable-spotlights","20":"product_cat-led-downlight","21":"product_cat-living-room-downlights","22":"product_cat-neutral-light-downlight","23":"product_cat-recessed-downlight","24":"product_cat-round-led-downlight","25":"product_cat-smd-led-downlight","26":"product_cat-thin-downlights","27":"product_cat-warm-led-downlights","28":"product_cat-white-downlights","29":"product_tag-8w-downlight","30":"product_tag-8w-led-downlight","31":"product_tag-cob-downlight","32":"product_tag-cool-white-spotlights","33":"product_tag-dimmable-down-lights","34":"product_tag-dimmable-downlight","35":"product_tag-dimmable-downlights","36":"product_tag-dimmable-led-downlights","37":"product_tag-dimmable-led-spotlights","38":"product_tag-dimmable-spotlights","39":"product_tag-dimmer-downlights","40":"product_tag-dimmer-downlightsac","41":"product_tag-dimmer-led-spots","42":"product_tag-downlight-ip44","43":"product_tag-fire-rated-dimmable-led-downlights","44":"product_tag-led-dimmable-spotlights","45":"product_tag-led-recessed-lighting-dimmable","46":"product_tag-smd-led-downlight","47":"product_tag-spot-dimmable","48":"product_tag-spot-dimmable-led","49":"product_tag-spot-downlight-led","50":"product_tag-spot-led-dimmable","51":"product_tag-white-led-downlights","53":"first","54":"instock","55":"shipping-taxable","56":"purchasable","57":"product-type-simple"},"yoast_head":"<!-- This site is optimized with the Yoast SEO Premium plugin v20.8 (Yoast SEO v21.9.1) - https:\/\/yoast.com\/wordpress\/plugins\/seo\/ -->\n<title>Energy-Efficient COB Downlight | 90lm\/W, CRI90, CE Certified | Radians<\/title>\n<meta name=\"description\" content=\"Bulk COB Downlights with tiered pricing. Quick shipping &amp; hassle-free ordering. Ideal for commercial spaces, offering long-term energy savings &amp; durability.\" \/>\n<meta name=\"robots\" content=\"index, follow, max-snippet:-1, max-image-preview:large, max-video-preview:-1\" \/>\n<link rel=\"canonical\" href=\"https:\/\/radianslighting.com\/de\/produkt\/cob-downlight\/\" \/>\n<meta property=\"og:locale\" content=\"de_DE\" \/>\n<meta property=\"og:type\" content=\"article\" \/>\n<meta property=\"og:title\" content=\"COB Downlight\" \/>\n<meta property=\"og:description\" content=\"Bulk COB Downlights with tiered pricing. Quick shipping &amp; hassle-free ordering. Ideal for commercial spaces, offering long-term energy savings &amp; durability.\" \/>\n<meta property=\"og:url\" content=\"https:\/\/radianslighting.com\/de\/produkt\/cob-downlight\/\" \/>\n<meta property=\"og:site_name\" content=\"Radians Lighting\" \/>\n<meta property=\"article:modified_time\" content=\"2025-03-31T07:41:43+00:00\" \/>\n<meta property=\"og:image\" content=\"https:\/\/radianslighting.com\/wp-content\/uploads\/2024\/04\/RSRD1D8L.jpg\" \/>\n\t<meta property=\"og:image:width\" content=\"1000\" \/>\n\t<meta property=\"og:image:height\" content=\"1000\" \/>\n\t<meta property=\"og:image:type\" content=\"image\/jpeg\" \/>\n<meta name=\"twitter:card\" content=\"summary_large_image\" \/>\n<meta name=\"twitter:label1\" content=\"Gesch\u00e4tzte Lesezeit\" \/>\n\t<meta name=\"twitter:data1\" content=\"2\u00a0Minuten\" \/>\n<script type=\"application\/ld+json\" class=\"yoast-schema-graph\">{\"@context\":\"https:\/\/schema.org\",\"@graph\":[{\"@type\":\"WebPage\",\"@id\":\"https:\/\/radianslighting.com\/product\/cob-downlight\",\"url\":\"https:\/\/radianslighting.com\/product\/cob-downlight\",\"name\":\"Energy-Efficient COB Downlight | 90lm\/W, CRI90, CE Certified | Radians\",\"isPartOf\":{\"@id\":\"https:\/\/radianslighting.com\/#website\"},\"datePublished\":\"2024-04-29T09:52:57+00:00\",\"dateModified\":\"2025-03-31T07:41:43+00:00\",\"description\":\"Bulk COB Downlights with tiered pricing. Quick shipping & hassle-free ordering. Ideal for commercial spaces, offering long-term energy savings & durability.\",\"breadcrumb\":{\"@id\":\"https:\/\/radianslighting.com\/product\/cob-downlight#breadcrumb\"},\"inLanguage\":\"de\",\"potentialAction\":[{\"@type\":\"ReadAction\",\"target\":[\"https:\/\/radianslighting.com\/product\/cob-downlight\"]}]},{\"@type\":\"BreadcrumbList\",\"@id\":\"https:\/\/radianslighting.com\/product\/cob-downlight#breadcrumb\",\"itemListElement\":[{\"@type\":\"ListItem\",\"position\":1,\"name\":\"Home\",\"item\":\"https:\/\/radianslighting.com\/\"},{\"@type\":\"ListItem\",\"position\":2,\"name\":\"Shop\",\"item\":\"https:\/\/radianslighting.com\/shop\"},{\"@type\":\"ListItem\",\"position\":3,\"name\":\"COB Downlight\"}]},{\"@type\":\"WebSite\",\"@id\":\"https:\/\/radianslighting.com\/#website\",\"url\":\"https:\/\/radianslighting.com\/\",\"name\":\"Radians Lighting\",\"description\":\"LED Lights Manufacturer | LED Downlights | Track Lights | High-Efficiency, 5-year warranty | Radians\",\"publisher\":{\"@id\":\"https:\/\/radianslighting.com\/#organization\"},\"potentialAction\":[{\"@type\":\"SearchAction\",\"target\":{\"@type\":\"EntryPoint\",\"urlTemplate\":\"https:\/\/radianslighting.com\/?s={search_term_string}\"},\"query-input\":\"required name=search_term_string\"}],\"inLanguage\":\"de\"},{\"@type\":\"Organization\",\"@id\":\"https:\/\/radianslighting.com\/#organization\",\"name\":\"Radians Lighting\",\"url\":\"https:\/\/radianslighting.com\/\",\"logo\":{\"@type\":\"ImageObject\",\"inLanguage\":\"de\",\"@id\":\"https:\/\/radianslighting.com\/#\/schema\/logo\/image\/\",\"url\":\"https:\/\/radianslighting.com\/wp-content\/uploads\/2024\/07\/LOGO-1.jpg\",\"contentUrl\":\"https:\/\/radianslighting.com\/wp-content\/uploads\/2024\/07\/LOGO-1.jpg\",\"width\":1835,\"height\":411,\"caption\":\"Radians Lighting\"},\"image\":{\"@id\":\"https:\/\/radianslighting.com\/#\/schema\/logo\/image\/\"}}]}<\/script>\n<!-- \/ Yoast SEO Premium plugin. -->","yoast_head_json":{"title":"Energy-Efficient COB Downlight | 90lm\/W, CRI90, CE Certified | Radians","description":"Bulk COB Downlights with tiered pricing. Quick shipping & hassle-free ordering. Ideal for commercial spaces, offering long-term energy savings & durability.","robots":{"index":"index","follow":"follow","max-snippet":"max-snippet:-1","max-image-preview":"max-image-preview:large","max-video-preview":"max-video-preview:-1"},"canonical":"https:\/\/radianslighting.com\/de\/produkt\/cob-downlight\/","og_locale":"de_DE","og_type":"article","og_title":"COB Downlight","og_description":"Bulk COB Downlights with tiered pricing. Quick shipping & hassle-free ordering. Ideal for commercial spaces, offering long-term energy savings & durability.","og_url":"https:\/\/radianslighting.com\/de\/produkt\/cob-downlight\/","og_site_name":"Radians Lighting","article_modified_time":"2025-03-31T07:41:43+00:00","og_image":[{"width":1000,"height":1000,"url":"https:\/\/radianslighting.com\/wp-content\/uploads\/2024\/04\/RSRD1D8L.jpg","type":"image\/jpeg"}],"twitter_card":"summary_large_image","twitter_misc":{"Gesch\u00e4tzte Lesezeit":"2\u00a0Minuten"},"schema":{"@context":"https:\/\/schema.org","@graph":[{"@type":"WebPage","@id":"https:\/\/radianslighting.com\/product\/cob-downlight","url":"https:\/\/radianslighting.com\/product\/cob-downlight","name":"Energy-Efficient COB Downlight | 90lm\/W, CRI90, CE Certified | Radians","isPartOf":{"@id":"https:\/\/radianslighting.com\/#website"},"datePublished":"2024-04-29T09:52:57+00:00","dateModified":"2025-03-31T07:41:43+00:00","description":"Bulk COB Downlights with tiered pricing. Quick shipping & hassle-free ordering. Ideal for commercial spaces, offering long-term energy savings & durability.","breadcrumb":{"@id":"https:\/\/radianslighting.com\/product\/cob-downlight#breadcrumb"},"inLanguage":"de","potentialAction":[{"@type":"ReadAction","target":["https:\/\/radianslighting.com\/product\/cob-downlight"]}]},{"@type":"BreadcrumbList","@id":"https:\/\/radianslighting.com\/product\/cob-downlight#breadcrumb","itemListElement":[{"@type":"ListItem","position":1,"name":"Home","item":"https:\/\/radianslighting.com\/"},{"@type":"ListItem","position":2,"name":"Shop","item":"https:\/\/radianslighting.com\/shop"},{"@type":"ListItem","position":3,"name":"COB Downlight"}]},{"@type":"WebSite","@id":"https:\/\/radianslighting.com\/#website","url":"https:\/\/radianslighting.com\/","name":"Radians Lighting","description":"LED Lights Manufacturer | LED Downlights | Track Lights | High-Efficiency, 5-year warranty | Radians","publisher":{"@id":"https:\/\/radianslighting.com\/#organization"},"potentialAction":[{"@type":"SearchAction","target":{"@type":"EntryPoint","urlTemplate":"https:\/\/radianslighting.com\/?s={search_term_string}"},"query-input":"required name=search_term_string"}],"inLanguage":"de"},{"@type":"Organization","@id":"https:\/\/radianslighting.com\/#organization","name":"Radians Lighting","url":"https:\/\/radianslighting.com\/","logo":{"@type":"ImageObject","inLanguage":"de","@id":"https:\/\/radianslighting.com\/#\/schema\/logo\/image\/","url":"https:\/\/radianslighting.com\/wp-content\/uploads\/2024\/07\/LOGO-1.jpg","contentUrl":"https:\/\/radianslighting.com\/wp-content\/uploads\/2024\/07\/LOGO-1.jpg","width":1835,"height":411,"caption":"Radians Lighting"},"image":{"@id":"https:\/\/radianslighting.com\/#\/schema\/logo\/image\/"}}]}},"_links":{"self":[{"href":"https:\/\/radianslighting.com\/de\/wp-json\/wp\/v2\/product\/6031"}],"collection":[{"href":"https:\/\/radianslighting.com\/de\/wp-json\/wp\/v2\/product"}],"about":[{"href":"https:\/\/radianslighting.com\/de\/wp-json\/wp\/v2\/types\/product"}],"replies":[{"embeddable":true,"href":"https:\/\/radianslighting.com\/de\/wp-json\/wp\/v2\/comments?post=6031"}],"wp:featuredmedia":[{"embeddable":true,"href":"https:\/\/radianslighting.com\/de\/wp-json\/wp\/v2\/media\/6298"}],"wp:attachment":[{"href":"https:\/\/radianslighting.com\/de\/wp-json\/wp\/v2\/media?parent=6031"}],"wp:term":[{"taxonomy":"product_cat","embeddable":true,"href":"https:\/\/radianslighting.com\/de\/wp-json\/wp\/v2\/product_cat?post=6031"},{"taxonomy":"product_tag","embeddable":true,"href":"https:\/\/radianslighting.com\/de\/wp-json\/wp\/v2\/product_tag?post=6031"}],"curies":[{"name":"wp","href":"https:\/\/api.w.org\/{rel}","templated":true}]}}