{"id":5992,"date":"2024-04-22T06:48:27","date_gmt":"2024-04-22T06:48:27","guid":{"rendered":"https:\/\/radianslighting.com\/?post_type=product&#038;p=5992"},"modified":"2025-04-27T03:51:11","modified_gmt":"2025-04-27T03:51:11","slug":"downlight-orientable","status":"publish","type":"product","link":"https:\/\/radianslighting.com\/de\/produkt\/downlight-orientable","title":{"rendered":"Downlight Orientierbar"},"content":{"rendered":"<p>Das Gyro Downlight Orientable ist ein 3-Farb-Downlight mit umschaltbarer Temperatur. Sie k\u00f6nnen die Farbtemperatur \u00fcber den Schalter am Downlight-Kabel nach Belieben \u00e4ndern. Dieses Design eignet sich hervorragend f\u00fcr verschiedene R\u00e4ume. Gleichzeitig ist es f\u00fcr Gro\u00dfh\u00e4ndler g\u00fcnstig und reduziert den Lagerbedarf f\u00fcr Downlights mit unterschiedlichen Farbtemperaturen. Das schwenkbare Downlight l\u00e4sst sich um 360\u00b0 frei einstellen.<\/p>\n<p>Gleichzeitig handelt es sich hierbei um ein Downlight mit nachhaltigem Design. Sie k\u00f6nnen die verschiedenen Reflektoren und LEDs von der Vorderseite aus austauschen, was die Wartung und den Austausch erleichtert.<\/p>\n<h2>Produktpr\u00e4sentation von Downlight Orientable\u00a0<img fetchpriority=\"high\" decoding=\"async\" class=\"alignnone size-full wp-image-7028\" src=\"https:\/\/radianslighting.com\/wp-content\/uploads\/2024\/04\/\u706f\u5177-2-\u62f7\u8d1d.jpg\" alt=\"Downlight Orientable\" width=\"2000\" height=\"1115\" srcset=\"https:\/\/radianslighting.com\/wp-content\/uploads\/2024\/04\/\u706f\u5177-2-\u62f7\u8d1d.jpg 2000w, https:\/\/radianslighting.com\/wp-content\/uploads\/2024\/04\/\u706f\u5177-2-\u62f7\u8d1d-300x167.jpg 300w, https:\/\/radianslighting.com\/wp-content\/uploads\/2024\/04\/\u706f\u5177-2-\u62f7\u8d1d-1024x571.jpg 1024w, https:\/\/radianslighting.com\/wp-content\/uploads\/2024\/04\/\u706f\u5177-2-\u62f7\u8d1d-768x428.jpg 768w, https:\/\/radianslighting.com\/wp-content\/uploads\/2024\/04\/\u706f\u5177-2-\u62f7\u8d1d-1536x856.jpg 1536w, https:\/\/radianslighting.com\/wp-content\/uploads\/2024\/04\/\u706f\u5177-2-\u62f7\u8d1d-600x335.jpg 600w\" sizes=\"(max-width: 2000px) 100vw, 2000px\" \/><\/h2>\n<h2>H\u00e4ufig gestellte Fragen:<\/h2>\n<p><strong>Frage<\/strong>: Sind Sie eine Fabrik?<br \/>\n<strong>Antwort<\/strong>: Ja, wir sind ein professioneller Hersteller mit vielen erfahrenen Ingenieuren und Mitarbeitern.<\/p>\n<p><strong>Frage<\/strong>: Gibt es bei Ihnen eine Mindestbestellmenge (MOQ) f\u00fcr LED-Lichtbestellungen?<br \/>\n<strong>Antwort<\/strong>: Nein. Keine Mindestbestellmenge begrenzt. Sie k\u00f6nnen 1 St\u00fcck zum Testen und Pr\u00fcfen abgeben.<\/p>\n<p><strong>Frage<\/strong>: Wie sieht es mit Ihrer Vorlaufzeit aus?<br \/>\n<strong>Antwort<\/strong>: 3-5 Arbeitstage f\u00fcr Muster, 15 Arbeitstage f\u00fcr Sammelbestellungen.<\/p>\n<p><strong>Frage<\/strong>: Wie viele Jahre Garantie bieten Sie auf Ihr Downlight?<br \/>\n<strong>Antwort<\/strong>:F\u00fcr die meisten unserer Downlights bieten wir grunds\u00e4tzlich eine Garantie von 3 oder 5 Jahren. Bei weiteren Fragen stehen wir Ihnen gerne zur Verf\u00fcgung.<\/p>\n<p><strong>Frage<\/strong>: Kann ich mein Logo auf Ihr Produkt und Ihre Verpackung setzen?<br \/>\n<strong>Antwort<\/strong>: Sicher. Aber wir haben MOQ f\u00fcr OEM-Service f\u00fcr verschiedene Produkte.<\/p>","protected":false},"excerpt":{"rendered":"<ul>\n<li>Modellnummer: RSRD1G7R<\/li>\n<li>Leistung: 6W\/8W<\/li>\n<li>Spannung: AC 120 V\/AC 22\u2013240 V, 50\u201360 Hz<\/li>\n<li>Lumen: 720lm<\/li>\n<li>CCT: 2700K\/3000K\/4000K\/57000K\/DTW<\/li>\n<li>CRI: 80\/90 oder \u00fcber Ra93, Ra95 verf\u00fcgbar.<\/li>\n<li>SDCM: 3<\/li>\n<li>Dimmen: Kein Dimmen, Triac, 0\/1-10V, DALI, Tuya, Zigbee<\/li>\n<li>Leistungsfaktor: 0,9<\/li>\n<li>Abstrahlwinkel: 15\u00b0\/25\u00b0\/38\u00b0\/60\u00b0<\/li>\n<li>Ausschnitt: \u03c668mm\/\u03c675-83mm<\/li>\n<li>IP-Schutzart: IP44<\/li>\n<li>Abmessungen: \u03c682x34mm\/\u03c695x42mm<\/li>\n<li>Farbe: Wei\u00df\/Schwarz\/Nickel\/Chrom\/Golden\/Andere<\/li>\n<li>Material: Aluminiumlegierung.<\/li>\n<li>Lebensdauer: 25.000 Stunden oder 50.000 Stunden<\/li>\n<li>Garantie: 3 Jahre\/ 5 Jahre<\/li>\n<li>Bemerkung: Downlight Orientable<\/li>\n<\/ul>","protected":false},"featured_media":7027,"comment_status":"closed","ping_status":"closed","template":"","meta":[],"product_cat":[504,520,521,522,523,526,524,542,483,491,497,481,506,580,531,532,513,538,493,485,494,487,534,150,492,509,507,200,590,545,484,503,510,505,498],"product_tag":[41,42,44,45,46,47,51,83,84,87,88,89,90,91,92,93,472,94,96,343,107,287,355,162,174,196,223,224,225,226,227,250,251,252,253],"class_list":{"0":"post-5992","1":"product","2":"type-product","3":"status-publish","4":"has-post-thumbnail","6":"product_cat-2700k-downlight","7":"product_cat-68mm-cut-out-downlights","8":"product_cat-70mm-downlight","9":"product_cat-75mm-downlight","10":"product_cat-80mm-cut-out-downlights","11":"product_cat-83mm-cut-out-downlights","12":"product_cat-85mm-cut-out-downlights","13":"product_cat-8w-led-downlight","14":"product_cat-adjustable-downlights","15":"product_cat-bedroom-downlights","16":"product_cat-black-downlights","17":"product_cat-cob-downlight","18":"product_cat-cool-white-downlight","19":"product_cat-dim-to-warm-downlights","20":"product_cat-dimmable-downlights","21":"product_cat-dimmable-led-downlights","22":"product_cat-downlight-ip44","23":"product_cat-downlight-led-6w","24":"product_cat-downlights-for-hallway","25":"product_cat-gimble-downlight","26":"product_cat-hotel-downlight","27":"product_cat-ic-rated-downlights","28":"product_cat-led-dimmable-spotlights","29":"product_cat-led-downlight","30":"product_cat-living-room-downlights","31":"product_cat-low-profile-led-downlights","32":"product_cat-neutral-light-downlight","33":"product_cat-recessed-downlight","34":"product_cat-recessed-spotlights","35":"product_cat-round-led-downlight","36":"product_cat-tilt-led-downlights","37":"product_cat-tri-colour-downlight","38":"product_cat-ultra-slim-downlights","39":"product_cat-warm-led-downlights","40":"product_cat-white-downlights","41":"product_tag-6w-led-downlight","42":"product_tag-70mm-cut-out-downlights","43":"product_tag-adjustable-down-lights","44":"product_tag-adjustable-downlights","45":"product_tag-adjustable-led-downlight","46":"product_tag-adjustable-led-recessed-lighting","47":"product_tag-bathroom-downlights","48":"product_tag-cob-led-downlight","49":"product_tag-cool-white-spotlights","50":"product_tag-dimmable-down-lights","51":"product_tag-dimmable-downlight","52":"product_tag-dimmable-downlights","53":"product_tag-dimmable-led-downlights","54":"product_tag-dimmable-led-spotlights","55":"product_tag-dimmable-spotlights","56":"product_tag-dimmer-downlights","57":"product_tag-dimmer-downlightsac","58":"product_tag-dimmer-led-spots","59":"product_tag-down-lights-ceiling","60":"product_tag-downlight-orientable","61":"product_tag-fire-rated-dimmable-led-downlights","62":"product_tag-gyro-led-downlight","63":"product_tag-led-dimmable-spotlights","64":"product_tag-led-recessed-lighting-dimmable","65":"product_tag-low-profile-led-downlights","66":"product_tag-recessed-adjustable-downlight","67":"product_tag-smd-led-downlight","68":"product_tag-spot-dimmable","69":"product_tag-spot-dimmable-led","70":"product_tag-spot-downlight-led","71":"product_tag-spot-led-dimmable","72":"product_tag-tilt-downlights","73":"product_tag-tilt-led-downlights","74":"product_tag-tilt-spotlights","75":"product_tag-tiltable-downlights","77":"first","78":"instock","79":"featured","80":"shipping-taxable","81":"purchasable","82":"product-type-simple"},"yoast_head":"<!-- This site is optimized with the Yoast SEO Premium plugin v20.8 (Yoast SEO v21.9.1) - https:\/\/yoast.com\/wordpress\/plugins\/seo\/ -->\n<title>Orientable Downlight High-Efficiency LED 100lm\/w 8W CE Certified Radians<\/title>\n<meta name=\"description\" content=\"Discover bulk pricing for our orientable downlights. Enjoy quick shipping, versatile color temps, and durable design. Ideal for commercial spaces.\" \/>\n<meta name=\"robots\" content=\"index, follow, max-snippet:-1, max-image-preview:large, max-video-preview:-1\" \/>\n<link rel=\"canonical\" href=\"https:\/\/radianslighting.com\/de\/produkt\/downlight-orientable\/\" \/>\n<meta property=\"og:locale\" content=\"de_DE\" \/>\n<meta property=\"og:type\" content=\"article\" \/>\n<meta property=\"og:title\" content=\"Downlight Orientable\" \/>\n<meta property=\"og:description\" content=\"Discover bulk pricing for our orientable downlights. Enjoy quick shipping, versatile color temps, and durable design. Ideal for commercial spaces.\" \/>\n<meta property=\"og:url\" content=\"https:\/\/radianslighting.com\/de\/produkt\/downlight-orientable\/\" \/>\n<meta property=\"og:site_name\" content=\"Radians Lighting\" \/>\n<meta property=\"article:modified_time\" content=\"2025-04-27T03:51:11+00:00\" \/>\n<meta property=\"og:image\" content=\"https:\/\/radianslighting.com\/wp-content\/uploads\/2024\/04\/RSRD1G7R-\u62f7\u8d1d.jpg\" \/>\n\t<meta property=\"og:image:width\" content=\"1000\" \/>\n\t<meta property=\"og:image:height\" content=\"1000\" \/>\n\t<meta property=\"og:image:type\" content=\"image\/jpeg\" \/>\n<meta name=\"twitter:card\" content=\"summary_large_image\" \/>\n<meta name=\"twitter:label1\" content=\"Gesch\u00e4tzte Lesezeit\" \/>\n\t<meta name=\"twitter:data1\" content=\"2\u00a0Minuten\" \/>\n<script type=\"application\/ld+json\" class=\"yoast-schema-graph\">{\"@context\":\"https:\/\/schema.org\",\"@graph\":[{\"@type\":\"WebPage\",\"@id\":\"https:\/\/radianslighting.com\/product\/downlight-orientable\",\"url\":\"https:\/\/radianslighting.com\/product\/downlight-orientable\",\"name\":\"Orientable Downlight High-Efficiency LED 100lm\/w 8W CE Certified Radians\",\"isPartOf\":{\"@id\":\"https:\/\/radianslighting.com\/#website\"},\"datePublished\":\"2024-04-22T06:48:27+00:00\",\"dateModified\":\"2025-04-27T03:51:11+00:00\",\"description\":\"Discover bulk pricing for our orientable downlights. Enjoy quick shipping, versatile color temps, and durable design. Ideal for commercial spaces.\",\"breadcrumb\":{\"@id\":\"https:\/\/radianslighting.com\/product\/downlight-orientable#breadcrumb\"},\"inLanguage\":\"de\",\"potentialAction\":[{\"@type\":\"ReadAction\",\"target\":[\"https:\/\/radianslighting.com\/product\/downlight-orientable\"]}]},{\"@type\":\"BreadcrumbList\",\"@id\":\"https:\/\/radianslighting.com\/product\/downlight-orientable#breadcrumb\",\"itemListElement\":[{\"@type\":\"ListItem\",\"position\":1,\"name\":\"Home\",\"item\":\"https:\/\/radianslighting.com\/\"},{\"@type\":\"ListItem\",\"position\":2,\"name\":\"Shop\",\"item\":\"https:\/\/radianslighting.com\/shop\"},{\"@type\":\"ListItem\",\"position\":3,\"name\":\"Downlight Orientable\"}]},{\"@type\":\"WebSite\",\"@id\":\"https:\/\/radianslighting.com\/#website\",\"url\":\"https:\/\/radianslighting.com\/\",\"name\":\"Radians Lighting\",\"description\":\"LED Lights Manufacturer | LED Downlights | Track Lights | High-Efficiency, 5-year warranty | Radians\",\"publisher\":{\"@id\":\"https:\/\/radianslighting.com\/#organization\"},\"potentialAction\":[{\"@type\":\"SearchAction\",\"target\":{\"@type\":\"EntryPoint\",\"urlTemplate\":\"https:\/\/radianslighting.com\/?s={search_term_string}\"},\"query-input\":\"required name=search_term_string\"}],\"inLanguage\":\"de\"},{\"@type\":\"Organization\",\"@id\":\"https:\/\/radianslighting.com\/#organization\",\"name\":\"Radians Lighting\",\"url\":\"https:\/\/radianslighting.com\/\",\"logo\":{\"@type\":\"ImageObject\",\"inLanguage\":\"de\",\"@id\":\"https:\/\/radianslighting.com\/#\/schema\/logo\/image\/\",\"url\":\"https:\/\/radianslighting.com\/wp-content\/uploads\/2024\/07\/LOGO-1.jpg\",\"contentUrl\":\"https:\/\/radianslighting.com\/wp-content\/uploads\/2024\/07\/LOGO-1.jpg\",\"width\":1835,\"height\":411,\"caption\":\"Radians Lighting\"},\"image\":{\"@id\":\"https:\/\/radianslighting.com\/#\/schema\/logo\/image\/\"}}]}<\/script>\n<!-- \/ Yoast SEO Premium plugin. -->","yoast_head_json":{"title":"Orientable Downlight High-Efficiency LED 100lm\/w 8W CE Certified Radians","description":"Discover bulk pricing for our orientable downlights. Enjoy quick shipping, versatile color temps, and durable design. Ideal for commercial spaces.","robots":{"index":"index","follow":"follow","max-snippet":"max-snippet:-1","max-image-preview":"max-image-preview:large","max-video-preview":"max-video-preview:-1"},"canonical":"https:\/\/radianslighting.com\/de\/produkt\/downlight-orientable\/","og_locale":"de_DE","og_type":"article","og_title":"Downlight Orientable","og_description":"Discover bulk pricing for our orientable downlights. Enjoy quick shipping, versatile color temps, and durable design. Ideal for commercial spaces.","og_url":"https:\/\/radianslighting.com\/de\/produkt\/downlight-orientable\/","og_site_name":"Radians Lighting","article_modified_time":"2025-04-27T03:51:11+00:00","og_image":[{"width":1000,"height":1000,"url":"https:\/\/radianslighting.com\/wp-content\/uploads\/2024\/04\/RSRD1G7R-\u62f7\u8d1d.jpg","type":"image\/jpeg"}],"twitter_card":"summary_large_image","twitter_misc":{"Gesch\u00e4tzte Lesezeit":"2\u00a0Minuten"},"schema":{"@context":"https:\/\/schema.org","@graph":[{"@type":"WebPage","@id":"https:\/\/radianslighting.com\/product\/downlight-orientable","url":"https:\/\/radianslighting.com\/product\/downlight-orientable","name":"Orientable Downlight High-Efficiency LED 100lm\/w 8W CE Certified Radians","isPartOf":{"@id":"https:\/\/radianslighting.com\/#website"},"datePublished":"2024-04-22T06:48:27+00:00","dateModified":"2025-04-27T03:51:11+00:00","description":"Discover bulk pricing for our orientable downlights. Enjoy quick shipping, versatile color temps, and durable design. Ideal for commercial spaces.","breadcrumb":{"@id":"https:\/\/radianslighting.com\/product\/downlight-orientable#breadcrumb"},"inLanguage":"de","potentialAction":[{"@type":"ReadAction","target":["https:\/\/radianslighting.com\/product\/downlight-orientable"]}]},{"@type":"BreadcrumbList","@id":"https:\/\/radianslighting.com\/product\/downlight-orientable#breadcrumb","itemListElement":[{"@type":"ListItem","position":1,"name":"Home","item":"https:\/\/radianslighting.com\/"},{"@type":"ListItem","position":2,"name":"Shop","item":"https:\/\/radianslighting.com\/shop"},{"@type":"ListItem","position":3,"name":"Downlight Orientable"}]},{"@type":"WebSite","@id":"https:\/\/radianslighting.com\/#website","url":"https:\/\/radianslighting.com\/","name":"Radians Lighting","description":"LED Lights Manufacturer | LED Downlights | Track Lights | High-Efficiency, 5-year warranty | Radians","publisher":{"@id":"https:\/\/radianslighting.com\/#organization"},"potentialAction":[{"@type":"SearchAction","target":{"@type":"EntryPoint","urlTemplate":"https:\/\/radianslighting.com\/?s={search_term_string}"},"query-input":"required name=search_term_string"}],"inLanguage":"de"},{"@type":"Organization","@id":"https:\/\/radianslighting.com\/#organization","name":"Radians Lighting","url":"https:\/\/radianslighting.com\/","logo":{"@type":"ImageObject","inLanguage":"de","@id":"https:\/\/radianslighting.com\/#\/schema\/logo\/image\/","url":"https:\/\/radianslighting.com\/wp-content\/uploads\/2024\/07\/LOGO-1.jpg","contentUrl":"https:\/\/radianslighting.com\/wp-content\/uploads\/2024\/07\/LOGO-1.jpg","width":1835,"height":411,"caption":"Radians Lighting"},"image":{"@id":"https:\/\/radianslighting.com\/#\/schema\/logo\/image\/"}}]}},"_links":{"self":[{"href":"https:\/\/radianslighting.com\/de\/wp-json\/wp\/v2\/product\/5992"}],"collection":[{"href":"https:\/\/radianslighting.com\/de\/wp-json\/wp\/v2\/product"}],"about":[{"href":"https:\/\/radianslighting.com\/de\/wp-json\/wp\/v2\/types\/product"}],"replies":[{"embeddable":true,"href":"https:\/\/radianslighting.com\/de\/wp-json\/wp\/v2\/comments?post=5992"}],"wp:featuredmedia":[{"embeddable":true,"href":"https:\/\/radianslighting.com\/de\/wp-json\/wp\/v2\/media\/7027"}],"wp:attachment":[{"href":"https:\/\/radianslighting.com\/de\/wp-json\/wp\/v2\/media?parent=5992"}],"wp:term":[{"taxonomy":"product_cat","embeddable":true,"href":"https:\/\/radianslighting.com\/de\/wp-json\/wp\/v2\/product_cat?post=5992"},{"taxonomy":"product_tag","embeddable":true,"href":"https:\/\/radianslighting.com\/de\/wp-json\/wp\/v2\/product_tag?post=5992"}],"curies":[{"name":"wp","href":"https:\/\/api.w.org\/{rel}","templated":true}]}}