{"id":5038,"date":"2023-02-23T08:34:42","date_gmt":"2023-02-23T08:34:42","guid":{"rendered":"https:\/\/radianslighting.com\/?post_type=product&#038;p=5038"},"modified":"2025-03-31T07:43:29","modified_gmt":"2025-03-31T07:43:29","slug":"outdoor-led-wall","status":"publish","type":"product","link":"https:\/\/radianslighting.com\/de\/produkt\/outdoor-led-wall","title":{"rendered":"LED-Au\u00dfenwand -RS-WL008C"},"content":{"rendered":"<h2>LED-Au\u00dfenwand<\/h2>\n<p>Die Outdoor LED Wall strahlt stimmungsvolles warmwei\u00dfes Licht aus und besteht aus pflegeleichtem Aluminium. Diese Outdoor LED Wall leuchtet sowohl nach oben als auch nach unten, wodurch ein besonders cooler Lichteffekt an der Wand entsteht. Dank der Schutzklasse IP65 k\u00f6nnen Sie die Outdoor LED Wall sowohl im Innen- als auch im Au\u00dfenbereich einsetzen. Damit die Outdoor LED Wall auch nach Jahren noch ihre mattschwarze Farbe beh\u00e4lt, wurde sie mit einer feuchtigkeits- und UV-best\u00e4ndigen Pulverbeschichtung versehen.<\/p>\n<p>Pulverbeschichtungen von AkzoNobel: Diese Beschichtung ist besonders langlebig, chemikalienbest\u00e4ndig und witterungsbest\u00e4ndig und somit f\u00fcr den Au\u00dfenbereich geeignet. Sie gew\u00e4hrleistet, dass die Farbe auch bei l\u00e4ngerer Feuchtigkeitseinwirkung nicht abbl\u00e4ttert. Au\u00dferdem ist sie UV-best\u00e4ndig.<\/p>\n<p>IP65 wasserdicht: So k\u00f6nnen Sie die zweiseitige Wandleuchte das ganze Jahr \u00fcber im Freien h\u00e4ngen lassen. Feuchtigkeit, K\u00e4lte und Hitze k\u00f6nnen der Outdoor LED Wall nichts anhaben. Sie ist eine hervorragende Wahl f\u00fcr die Au\u00dfenbeleuchtung und bietet Langlebigkeit und Sicherheit selbst bei h\u00e4rtesten Wetterbedingungen.<\/p>\n<p>Integrierte Lichtquelle: LED-Au\u00dfenw\u00e4nde zeichnen sich durch Langlebigkeit und geringen Wartungsaufwand aus. Dank der LED-Technologie k\u00f6nnen langlebige Leuchtmittel verwendet werden, die weniger oft als herk\u00f6mmliche Gl\u00fchlampen ausgetauscht werden m\u00fcssen. Das reduziert sowohl die Wartungskosten als auch die Umweltbelastung.<\/p>\n<p>Zul\u00e4ssige Bereiche: Geeignet f\u00fcr Badezimmer, Wohnzimmer, B\u00fcro, Schlafzimmer, Flur und Garten.<\/p>\n<p>Kontaktieren Sie uns, um mehr \u00fcber Outdoor-LED-W\u00e4nde zu erfahren\u2026..<strong>\u00a0Oder kontaktieren Sie uns unter <a href=\"https:\/\/www.facebook.com\/profile.php?id=100080041047950\">Facebook online<\/a>.<\/strong><\/p>\n<h2>Beschreibung:<\/h2>\n<p>LED-Wand f\u00fcr den Au\u00dfenbereich.<br \/>\nMarke: Radians\/OEM verf\u00fcgbar.<br \/>\nMindestbestellmenge: 500 St\u00fcck<br \/>\nZahlungsbedingungen: 30%, da Anzahlung und Restbetrag vor dem Versand zu zahlen sind.<br \/>\nVerpackung: Wei\u00dfe\/graue\/farbige Box f\u00fcr die Innenverpackung, Karton f\u00fcr die Au\u00dfenverpackung.<br \/>\nVorlaufzeit: 3-5 Arbeitstage f\u00fcr Muster, 15 Arbeitstage f\u00fcr Sammelbestellungen.<br \/>\nZertifikat: CE, RoHS.<br \/>\nOriginal: VR China<\/p>\n<h2>Datenblatt der Outdoor-LED-Wand:<\/h2>\n<table>\n<tbody>\n<tr>\n<td width=\"206\"><strong><b>Eingangsspannung (V)<\/b><\/strong><\/td>\n<td width=\"283\">AC200-240V~50\/60Hz<\/td>\n<td width=\"249\"><strong><b>Leistung:\u00a0\u00a0<\/b><\/strong><\/td>\n<td width=\"206\">6W\/8W\/10W\/12W<\/td>\n<\/tr>\n<tr>\n<td width=\"206\"><strong><b>Lichtquelle<\/b><\/strong><\/td>\n<td width=\"283\">SMD-LED<\/td>\n<td width=\"249\"><strong><b>Lichtausbeute\u00a0<\/b><\/strong><\/td>\n<td width=\"206\">90 lm\/W<\/td>\n<\/tr>\n<tr>\n<td width=\"206\"><strong><b>Lichtleistung\u00a0<\/b><\/strong><\/td>\n<td width=\"283\">720 lm<\/td>\n<td width=\"249\"><strong><b>Lichtfarbe<\/b><\/strong><\/td>\n<td width=\"206\">2700K\/3000K\/4000K<\/td>\n<\/tr>\n<tr>\n<td width=\"206\"><strong><b>Dimmbar<\/b><\/strong><\/td>\n<td width=\"283\">Verf\u00fcgbar<\/td>\n<td width=\"249\"><strong><b>Lampengr\u00f6\u00dfe<\/b><\/strong><\/td>\n<td width=\"206\">220 x 80 x 40 mm<\/td>\n<\/tr>\n<tr>\n<td width=\"206\"><b>Material<\/b><\/td>\n<td width=\"283\">Auminmum<\/td>\n<td width=\"249\"><b>CRI (Ra)<\/b><\/td>\n<td width=\"206\">80<\/td>\n<\/tr>\n<tr>\n<td width=\"206\"><strong><b>Lampenfarbe<\/b><\/strong><\/td>\n<td width=\"283\">Wei\u00df\/Schwarz\/Gold<\/td>\n<td width=\"249\"><strong><b>Lampenk\u00f6rpermaterial<\/b><\/strong><\/td>\n<td width=\"206\">Aluminiumlegierung<\/td>\n<\/tr>\n<tr>\n<td width=\"206\"><strong><b>IP-Schutzart<\/b><\/strong><\/td>\n<td width=\"283\">IP65<\/td>\n<td width=\"249\"><strong><b>Garantie (Jahre)<\/b><\/strong><\/td>\n<td width=\"206\">3 Jahre\/5 Jahre<\/td>\n<\/tr>\n<tr>\n<td width=\"206\"><strong><b>Zertifizierung<\/b><\/strong><\/td>\n<td width=\"283\">CE\/RoHS<\/td>\n<td width=\"249\"><strong><b>Anwendung<\/b><\/strong><\/td>\n<td width=\"206\">Innen\/Au\u00dfen<\/td>\n<\/tr>\n<\/tbody>\n<\/table>\n<h2>Produktshow der Outdoor-LED-Wand:<\/h2>\n<p><img fetchpriority=\"high\" decoding=\"async\" class=\"aligncenter size-full wp-image-5339\" src=\"https:\/\/radianslighting.com\/wp-content\/uploads\/2023\/04\/outdoor-led-wall-rs-wl008c.jpg\" width=\"1000\" height=\"1000\" alt=\"Outdoor LED Wall -RS-WL008C\" title=\"LED-Au\u00dfenwand -RS-WL008C\" srcset=\"https:\/\/radianslighting.com\/wp-content\/uploads\/2023\/04\/outdoor-led-wall-rs-wl008c.jpg 1000w, https:\/\/radianslighting.com\/wp-content\/uploads\/2023\/04\/outdoor-led-wall-rs-wl008c-300x300.jpg 300w, https:\/\/radianslighting.com\/wp-content\/uploads\/2023\/04\/outdoor-led-wall-rs-wl008c-100x100.jpg 100w, https:\/\/radianslighting.com\/wp-content\/uploads\/2023\/04\/outdoor-led-wall-rs-wl008c-600x600.jpg 600w, https:\/\/radianslighting.com\/wp-content\/uploads\/2023\/04\/outdoor-led-wall-rs-wl008c-150x150.jpg 150w, https:\/\/radianslighting.com\/wp-content\/uploads\/2023\/04\/outdoor-led-wall-rs-wl008c-768x768.jpg 768w\" sizes=\"(max-width: 1000px) 100vw, 1000px\" \/><\/p>\n<p><img decoding=\"async\" class=\"aligncenter size-full wp-image-5340\" src=\"https:\/\/radianslighting.com\/wp-content\/uploads\/2023\/04\/outdoor-led-wall-rs-wl008c-1.jpg\" width=\"1000\" height=\"1000\" alt=\"Outdoor LED Wall -RS-WL008C\" title=\"LED-Au\u00dfenwand -RS-WL008C\" srcset=\"https:\/\/radianslighting.com\/wp-content\/uploads\/2023\/04\/outdoor-led-wall-rs-wl008c-1.jpg 1000w, https:\/\/radianslighting.com\/wp-content\/uploads\/2023\/04\/outdoor-led-wall-rs-wl008c-1-300x300.jpg 300w, https:\/\/radianslighting.com\/wp-content\/uploads\/2023\/04\/outdoor-led-wall-rs-wl008c-1-100x100.jpg 100w, https:\/\/radianslighting.com\/wp-content\/uploads\/2023\/04\/outdoor-led-wall-rs-wl008c-1-600x600.jpg 600w, https:\/\/radianslighting.com\/wp-content\/uploads\/2023\/04\/outdoor-led-wall-rs-wl008c-1-150x150.jpg 150w, https:\/\/radianslighting.com\/wp-content\/uploads\/2023\/04\/outdoor-led-wall-rs-wl008c-1-768x768.jpg 768w\" sizes=\"(max-width: 1000px) 100vw, 1000px\" \/><\/p>","protected":false},"excerpt":{"rendered":"<ul>\n<li>Hergestellt aus Aluminiumlegierung<\/li>\n<li>Pulverbeschichtet mit spezieller Vorbehandlung f\u00fcr den Au\u00dfenbereich<\/li>\n<li>Optische Linse, sch\u00f6ne Strahlform<\/li>\n<li>Mehrere Leistungs- und Gr\u00f6\u00dfenoptionen<\/li>\n<li>5 Jahre Garantie verf\u00fcgbar<\/li>\n<\/ul>","protected":false},"featured_media":5336,"comment_status":"closed","ping_status":"closed","template":"","meta":[],"product_cat":[275,170,189],"product_tag":[188,262],"class_list":{"0":"post-5038","1":"product","2":"type-product","3":"status-publish","4":"has-post-thumbnail","6":"product_cat-indoor-led-wall-light","7":"product_cat-led-wall-light","8":"product_cat-outdoor-led-wall-light","9":"product_tag-outdoor-led-wall","10":"product_tag-up-and-down-lights","12":"first","13":"instock","14":"shipping-taxable","15":"purchasable","16":"product-type-simple"},"yoast_head":"<!-- This site is optimized with the Yoast SEO Premium plugin v20.8 (Yoast SEO v21.9.1) - https:\/\/yoast.com\/wordpress\/plugins\/seo\/ -->\n<title>Outdoor LED Wall -RS-WL008C - Radians Lighting Factory<\/title>\n<meta name=\"description\" content=\"Radians lighting is a professional manufacturer working on design and manufacturing of quality Outdoor LED Wall or use indoor.\" \/>\n<meta name=\"robots\" content=\"index, follow, max-snippet:-1, max-image-preview:large, max-video-preview:-1\" \/>\n<link rel=\"canonical\" href=\"https:\/\/radianslighting.com\/de\/produkt\/outdoor-led-wall\/\" \/>\n<meta property=\"og:locale\" content=\"de_DE\" \/>\n<meta property=\"og:type\" content=\"article\" \/>\n<meta property=\"og:title\" content=\"Outdoor LED Wall -RS-WL008C\" \/>\n<meta property=\"og:description\" content=\"Radians lighting is a professional manufacturer working on design and manufacturing of quality Outdoor LED Wall or use indoor.\" \/>\n<meta property=\"og:url\" content=\"https:\/\/radianslighting.com\/de\/produkt\/outdoor-led-wall\/\" \/>\n<meta property=\"og:site_name\" content=\"Radians Lighting\" \/>\n<meta property=\"article:modified_time\" content=\"2025-03-31T07:43:29+00:00\" \/>\n<meta property=\"og:image\" content=\"https:\/\/radianslighting.com\/wp-content\/uploads\/2023\/02\/Outdoor-LED-Wall-RS-WL008C.jpeg\" \/>\n\t<meta property=\"og:image:width\" content=\"1000\" \/>\n\t<meta property=\"og:image:height\" content=\"1000\" \/>\n\t<meta property=\"og:image:type\" content=\"image\/jpeg\" \/>\n<meta name=\"twitter:card\" content=\"summary_large_image\" \/>\n<meta name=\"twitter:label1\" content=\"Gesch\u00e4tzte Lesezeit\" \/>\n\t<meta name=\"twitter:data1\" content=\"2\u00a0Minuten\" \/>\n<script type=\"application\/ld+json\" class=\"yoast-schema-graph\">{\"@context\":\"https:\/\/schema.org\",\"@graph\":[{\"@type\":\"WebPage\",\"@id\":\"https:\/\/radianslighting.com\/product\/outdoor-led-wall\",\"url\":\"https:\/\/radianslighting.com\/product\/outdoor-led-wall\",\"name\":\"Outdoor LED Wall -RS-WL008C - Radians Lighting Factory\",\"isPartOf\":{\"@id\":\"https:\/\/radianslighting.com\/#website\"},\"datePublished\":\"2023-02-23T08:34:42+00:00\",\"dateModified\":\"2025-03-31T07:43:29+00:00\",\"description\":\"Radians lighting is a professional manufacturer working on design and manufacturing of quality Outdoor LED Wall or use indoor.\",\"breadcrumb\":{\"@id\":\"https:\/\/radianslighting.com\/product\/outdoor-led-wall#breadcrumb\"},\"inLanguage\":\"de\",\"potentialAction\":[{\"@type\":\"ReadAction\",\"target\":[\"https:\/\/radianslighting.com\/product\/outdoor-led-wall\"]}]},{\"@type\":\"BreadcrumbList\",\"@id\":\"https:\/\/radianslighting.com\/product\/outdoor-led-wall#breadcrumb\",\"itemListElement\":[{\"@type\":\"ListItem\",\"position\":1,\"name\":\"Home\",\"item\":\"https:\/\/radianslighting.com\/\"},{\"@type\":\"ListItem\",\"position\":2,\"name\":\"Shop\",\"item\":\"https:\/\/radianslighting.com\/shop\"},{\"@type\":\"ListItem\",\"position\":3,\"name\":\"Outdoor LED Wall -RS-WL008C\"}]},{\"@type\":\"WebSite\",\"@id\":\"https:\/\/radianslighting.com\/#website\",\"url\":\"https:\/\/radianslighting.com\/\",\"name\":\"Radians Lighting\",\"description\":\"LED Lights Manufacturer | LED Downlights | Track Lights | High-Efficiency, 5-year warranty | Radians\",\"publisher\":{\"@id\":\"https:\/\/radianslighting.com\/#organization\"},\"potentialAction\":[{\"@type\":\"SearchAction\",\"target\":{\"@type\":\"EntryPoint\",\"urlTemplate\":\"https:\/\/radianslighting.com\/?s={search_term_string}\"},\"query-input\":\"required name=search_term_string\"}],\"inLanguage\":\"de\"},{\"@type\":\"Organization\",\"@id\":\"https:\/\/radianslighting.com\/#organization\",\"name\":\"Radians Lighting\",\"url\":\"https:\/\/radianslighting.com\/\",\"logo\":{\"@type\":\"ImageObject\",\"inLanguage\":\"de\",\"@id\":\"https:\/\/radianslighting.com\/#\/schema\/logo\/image\/\",\"url\":\"https:\/\/radianslighting.com\/wp-content\/uploads\/2024\/07\/LOGO-1.jpg\",\"contentUrl\":\"https:\/\/radianslighting.com\/wp-content\/uploads\/2024\/07\/LOGO-1.jpg\",\"width\":1835,\"height\":411,\"caption\":\"Radians Lighting\"},\"image\":{\"@id\":\"https:\/\/radianslighting.com\/#\/schema\/logo\/image\/\"}}]}<\/script>\n<!-- \/ Yoast SEO Premium plugin. -->","yoast_head_json":{"title":"Outdoor LED Wall -RS-WL008C - Radians Lighting Factory","description":"Radians lighting is a professional manufacturer working on design and manufacturing of quality Outdoor LED Wall or use indoor.","robots":{"index":"index","follow":"follow","max-snippet":"max-snippet:-1","max-image-preview":"max-image-preview:large","max-video-preview":"max-video-preview:-1"},"canonical":"https:\/\/radianslighting.com\/de\/produkt\/outdoor-led-wall\/","og_locale":"de_DE","og_type":"article","og_title":"Outdoor LED Wall -RS-WL008C","og_description":"Radians lighting is a professional manufacturer working on design and manufacturing of quality Outdoor LED Wall or use indoor.","og_url":"https:\/\/radianslighting.com\/de\/produkt\/outdoor-led-wall\/","og_site_name":"Radians Lighting","article_modified_time":"2025-03-31T07:43:29+00:00","og_image":[{"width":1000,"height":1000,"url":"https:\/\/radianslighting.com\/wp-content\/uploads\/2023\/02\/Outdoor-LED-Wall-RS-WL008C.jpeg","type":"image\/jpeg"}],"twitter_card":"summary_large_image","twitter_misc":{"Gesch\u00e4tzte Lesezeit":"2\u00a0Minuten"},"schema":{"@context":"https:\/\/schema.org","@graph":[{"@type":"WebPage","@id":"https:\/\/radianslighting.com\/product\/outdoor-led-wall","url":"https:\/\/radianslighting.com\/product\/outdoor-led-wall","name":"Outdoor LED Wall -RS-WL008C - Radians Lighting Factory","isPartOf":{"@id":"https:\/\/radianslighting.com\/#website"},"datePublished":"2023-02-23T08:34:42+00:00","dateModified":"2025-03-31T07:43:29+00:00","description":"Radians lighting is a professional manufacturer working on design and manufacturing of quality Outdoor LED Wall or use indoor.","breadcrumb":{"@id":"https:\/\/radianslighting.com\/product\/outdoor-led-wall#breadcrumb"},"inLanguage":"de","potentialAction":[{"@type":"ReadAction","target":["https:\/\/radianslighting.com\/product\/outdoor-led-wall"]}]},{"@type":"BreadcrumbList","@id":"https:\/\/radianslighting.com\/product\/outdoor-led-wall#breadcrumb","itemListElement":[{"@type":"ListItem","position":1,"name":"Home","item":"https:\/\/radianslighting.com\/"},{"@type":"ListItem","position":2,"name":"Shop","item":"https:\/\/radianslighting.com\/shop"},{"@type":"ListItem","position":3,"name":"Outdoor LED Wall -RS-WL008C"}]},{"@type":"WebSite","@id":"https:\/\/radianslighting.com\/#website","url":"https:\/\/radianslighting.com\/","name":"Radians Lighting","description":"LED Lights Manufacturer | LED Downlights | Track Lights | High-Efficiency, 5-year warranty | Radians","publisher":{"@id":"https:\/\/radianslighting.com\/#organization"},"potentialAction":[{"@type":"SearchAction","target":{"@type":"EntryPoint","urlTemplate":"https:\/\/radianslighting.com\/?s={search_term_string}"},"query-input":"required name=search_term_string"}],"inLanguage":"de"},{"@type":"Organization","@id":"https:\/\/radianslighting.com\/#organization","name":"Radians Lighting","url":"https:\/\/radianslighting.com\/","logo":{"@type":"ImageObject","inLanguage":"de","@id":"https:\/\/radianslighting.com\/#\/schema\/logo\/image\/","url":"https:\/\/radianslighting.com\/wp-content\/uploads\/2024\/07\/LOGO-1.jpg","contentUrl":"https:\/\/radianslighting.com\/wp-content\/uploads\/2024\/07\/LOGO-1.jpg","width":1835,"height":411,"caption":"Radians Lighting"},"image":{"@id":"https:\/\/radianslighting.com\/#\/schema\/logo\/image\/"}}]}},"_links":{"self":[{"href":"https:\/\/radianslighting.com\/de\/wp-json\/wp\/v2\/product\/5038"}],"collection":[{"href":"https:\/\/radianslighting.com\/de\/wp-json\/wp\/v2\/product"}],"about":[{"href":"https:\/\/radianslighting.com\/de\/wp-json\/wp\/v2\/types\/product"}],"replies":[{"embeddable":true,"href":"https:\/\/radianslighting.com\/de\/wp-json\/wp\/v2\/comments?post=5038"}],"wp:featuredmedia":[{"embeddable":true,"href":"https:\/\/radianslighting.com\/de\/wp-json\/wp\/v2\/media\/5336"}],"wp:attachment":[{"href":"https:\/\/radianslighting.com\/de\/wp-json\/wp\/v2\/media?parent=5038"}],"wp:term":[{"taxonomy":"product_cat","embeddable":true,"href":"https:\/\/radianslighting.com\/de\/wp-json\/wp\/v2\/product_cat?post=5038"},{"taxonomy":"product_tag","embeddable":true,"href":"https:\/\/radianslighting.com\/de\/wp-json\/wp\/v2\/product_tag?post=5038"}],"curies":[{"name":"wp","href":"https:\/\/api.w.org\/{rel}","templated":true}]}}