{"id":4975,"date":"2023-02-21T13:51:41","date_gmt":"2023-02-21T13:51:41","guid":{"rendered":"https:\/\/radianslighting.com\/?post_type=product&#038;p=4975"},"modified":"2025-03-31T07:43:41","modified_gmt":"2025-03-31T07:43:41","slug":"outdoor-wall-lamp","status":"publish","type":"product","link":"https:\/\/radianslighting.com\/de\/produkt\/outdoor-wall-lamp","title":{"rendered":"Au\u00dfenwandleuchte -RS-WL012B"},"content":{"rendered":"<h2>Au\u00dfenwandleuchte<\/h2>\n<p>Die Au\u00dfenwandleuchte strahlt stimmungsvolles warmwei\u00dfes Licht aus und besteht aus pflegeleichtem Aluminium. Sie strahlt sowohl nach oben als auch nach unten und erzeugt so einen besonders sch\u00f6nen Lichteffekt an der Wand. Dank der Schutzklasse IP65 kann die Au\u00dfenwandleuchte sowohl im Innen- als auch im Au\u00dfenbereich eingesetzt werden. Damit die Au\u00dfenwandleuchte auch nach Jahren noch ihre mattschwarze Farbe beh\u00e4lt, wurde sie mit einer feuchtigkeits- und UV-best\u00e4ndigen Pulverbeschichtung versehen.<\/p>\n<p>AKZO-Nobel Pulverbeschichtung: Diese Beschichtung sorgt daf\u00fcr, dass die Farbe auch bei l\u00e4ngerer Feuchtigkeitseinwirkung nicht abbl\u00e4ttert. Zudem ist diese Beschichtung UV-best\u00e4ndig.<\/p>\n<p>IP65 wasserdicht: So k\u00f6nnen Sie die zweiseitige Wandleuchte das ganze Jahr \u00fcber im Freien h\u00e4ngen lassen. Feuchtigkeit, K\u00e4lte und Hitze k\u00f6nnen der Au\u00dfenwandleuchte nichts anhaben. Dadurch eignet sich die Wandleuchte auch sehr gut f\u00fcr das Badezimmer.<\/p>\n<p>Integrierte Lichtquelle: Diese Au\u00dfenwandleuchte verf\u00fcgt \u00fcber eine integrierte Lichtquelle mit der neuesten LED-Chip-Technologie.<\/p>\n<p>Alle Bereiche: Geeignet f\u00fcr Bad, Wohnzimmer, B\u00fcro, Schlafzimmer, Flur und Garten.<\/p>\n<p>Kontaktieren Sie uns, um mehr \u00fcber Au\u00dfenwandlampen zu erfahren\u2026..<strong>\u00a0Oder kontaktieren Sie uns unter <a href=\"https:\/\/www.facebook.com\/profile.php?id=100080041047950\">Facebook online<\/a>.<\/strong><\/p>\n<h2>Beschreibung:<\/h2>\n<p>Au\u00dfenwandleuchte.<br \/>\nMarke: Radians\/OEM verf\u00fcgbar.<br \/>\nMindestbestellmenge: 500 St\u00fcck<br \/>\nZahlungsbedingungen: 30%, da Anzahlung und Restbetrag vor dem Versand zu zahlen sind.<br \/>\nVerpackung: Wei\u00dfe\/graue\/farbige Box f\u00fcr die Innenverpackung, Karton f\u00fcr die Au\u00dfenverpackung.<br \/>\nVorlaufzeit: 3-5 Arbeitstage f\u00fcr Muster, 15 Arbeitstage f\u00fcr Sammelbestellungen.<br \/>\nZertifikat: CE, RoHS.<br \/>\nOriginal: VR China<\/p>\n<h2>Datenblatt der Au\u00dfenwandleuchte:<\/h2>\n<table>\n<tbody>\n<tr>\n<td width=\"206\"><strong><b>Eingangsspannung (V)<\/b><\/strong><\/td>\n<td width=\"283\">AC200-240V~50\/60Hz<\/td>\n<td width=\"249\"><strong><b>Leistung:\u00a0\u00a0<\/b><\/strong><\/td>\n<td width=\"206\">4W\/6W\/8W\/10W\/12W<\/td>\n<\/tr>\n<tr>\n<td width=\"206\"><strong><b>Lichtquelle<\/b><\/strong><\/td>\n<td width=\"283\">SMD-LED<\/td>\n<td width=\"249\"><strong><b>Lichtausbeute\u00a0<\/b><\/strong><\/td>\n<td width=\"206\">90 lm\/W<\/td>\n<\/tr>\n<tr>\n<td width=\"206\"><strong><b>Lichtleistung\u00a0<\/b><\/strong><\/td>\n<td width=\"283\">1080lm<\/td>\n<td width=\"249\"><strong><b>Lichtfarbe<\/b><\/strong><\/td>\n<td width=\"206\">2700K\/3000K\/4000K<\/td>\n<\/tr>\n<tr>\n<td width=\"206\"><strong><b>Dimmbar<\/b><\/strong><\/td>\n<td width=\"283\">Verf\u00fcgbar<\/td>\n<td width=\"249\"><strong><b>Lampengr\u00f6\u00dfe<\/b><\/strong><\/td>\n<td width=\"206\">320 x 80 x 40 mm<\/td>\n<\/tr>\n<tr>\n<td width=\"206\"><b>Material<\/b><\/td>\n<td width=\"283\">Auminmum<\/td>\n<td width=\"249\"><b>CRI (Ra)<\/b><\/td>\n<td width=\"206\">80<\/td>\n<\/tr>\n<tr>\n<td width=\"206\"><strong><b>Lampenfarbe<\/b><\/strong><\/td>\n<td width=\"283\">Wei\u00df\/Schwarz\/Gold<\/td>\n<td width=\"249\"><strong><b>Lampenk\u00f6rpermaterial<\/b><\/strong><\/td>\n<td width=\"206\">Aluminiumlegierung<\/td>\n<\/tr>\n<tr>\n<td width=\"206\"><strong><b>IP-Schutzart<\/b><\/strong><\/td>\n<td width=\"283\">IP65<\/td>\n<td width=\"249\"><strong><b>Garantie (Jahre)<\/b><\/strong><\/td>\n<td width=\"206\">3 Jahre\/5 Jahre<\/td>\n<\/tr>\n<tr>\n<td width=\"206\"><strong><b>Zertifizierung<\/b><\/strong><\/td>\n<td width=\"283\">CE\/RoHS<\/td>\n<td width=\"249\"><strong><b>Anwendung<\/b><\/strong><\/td>\n<td width=\"206\">Innen\/Au\u00dfen<\/td>\n<\/tr>\n<\/tbody>\n<\/table>\n<h2>Produktshow der Au\u00dfenwandleuchte:<\/h2>\n<p><img fetchpriority=\"high\" decoding=\"async\" class=\"aligncenter size-full wp-image-5349\" src=\"https:\/\/radianslighting.com\/wp-content\/uploads\/2023\/04\/outdoor-wall-lamp-rs-wl012b.jpg\" width=\"1000\" height=\"1000\" alt=\"Outdoor Wall Lamp -RS-WL012B\" title=\"Au\u00dfenwandleuchte -RS-WL012B\" srcset=\"https:\/\/radianslighting.com\/wp-content\/uploads\/2023\/04\/outdoor-wall-lamp-rs-wl012b.jpg 1000w, https:\/\/radianslighting.com\/wp-content\/uploads\/2023\/04\/outdoor-wall-lamp-rs-wl012b-300x300.jpg 300w, https:\/\/radianslighting.com\/wp-content\/uploads\/2023\/04\/outdoor-wall-lamp-rs-wl012b-100x100.jpg 100w, https:\/\/radianslighting.com\/wp-content\/uploads\/2023\/04\/outdoor-wall-lamp-rs-wl012b-600x600.jpg 600w, https:\/\/radianslighting.com\/wp-content\/uploads\/2023\/04\/outdoor-wall-lamp-rs-wl012b-150x150.jpg 150w, https:\/\/radianslighting.com\/wp-content\/uploads\/2023\/04\/outdoor-wall-lamp-rs-wl012b-768x768.jpg 768w\" sizes=\"(max-width: 1000px) 100vw, 1000px\" \/><\/p>\n<p><img decoding=\"async\" class=\"aligncenter size-full wp-image-5350\" src=\"https:\/\/radianslighting.com\/wp-content\/uploads\/2023\/04\/outdoor-wall-lamp-rs-wl012b-1.jpg\" width=\"1000\" height=\"1000\" alt=\"Outdoor Wall Lamp -RS-WL012B\" title=\"Au\u00dfenwandleuchte -RS-WL012B\" srcset=\"https:\/\/radianslighting.com\/wp-content\/uploads\/2023\/04\/outdoor-wall-lamp-rs-wl012b-1.jpg 1000w, https:\/\/radianslighting.com\/wp-content\/uploads\/2023\/04\/outdoor-wall-lamp-rs-wl012b-1-300x300.jpg 300w, https:\/\/radianslighting.com\/wp-content\/uploads\/2023\/04\/outdoor-wall-lamp-rs-wl012b-1-100x100.jpg 100w, https:\/\/radianslighting.com\/wp-content\/uploads\/2023\/04\/outdoor-wall-lamp-rs-wl012b-1-600x600.jpg 600w, https:\/\/radianslighting.com\/wp-content\/uploads\/2023\/04\/outdoor-wall-lamp-rs-wl012b-1-150x150.jpg 150w, https:\/\/radianslighting.com\/wp-content\/uploads\/2023\/04\/outdoor-wall-lamp-rs-wl012b-1-768x768.jpg 768w\" sizes=\"(max-width: 1000px) 100vw, 1000px\" \/><\/p>","protected":false},"excerpt":{"rendered":"<ul>\n<li>Hergestellt aus Aluminiumlegierung<\/li>\n<li>Pulverbeschichtet mit spezieller Vorbehandlung f\u00fcr den Au\u00dfenbereich<\/li>\n<li>Optische Linse, sch\u00f6ne Strahlform<\/li>\n<li>Mehrere Leistungs- und Gr\u00f6\u00dfenoptionen<\/li>\n<li>5 Jahre Garantie verf\u00fcgbar<\/li>\n<\/ul>","protected":false},"featured_media":5346,"comment_status":"closed","ping_status":"closed","template":"","meta":[],"product_cat":[275,170,189],"product_tag":[171],"class_list":{"0":"post-4975","1":"product","2":"type-product","3":"status-publish","4":"has-post-thumbnail","6":"product_cat-indoor-led-wall-light","7":"product_cat-led-wall-light","8":"product_cat-outdoor-led-wall-light","9":"product_tag-led-wall-lights","11":"first","12":"instock","13":"shipping-taxable","14":"purchasable","15":"product-type-simple"},"yoast_head":"<!-- This site is optimized with the Yoast SEO Premium plugin v20.8 (Yoast SEO v21.9.1) - https:\/\/yoast.com\/wordpress\/plugins\/seo\/ -->\n<title>Outdoor Wall Lamp -RS-WL012B - Radians Lighting Factory<\/title>\n<meta name=\"description\" content=\"Radians lighting is a professional manufacturer working on design and manufacturing of quality outdoor Wall Lamp suitable for indoor and outdoor.\" \/>\n<meta name=\"robots\" content=\"index, follow, max-snippet:-1, max-image-preview:large, max-video-preview:-1\" \/>\n<link rel=\"canonical\" href=\"https:\/\/radianslighting.com\/de\/produkt\/outdoor-wall-lamp\/\" \/>\n<meta property=\"og:locale\" content=\"de_DE\" \/>\n<meta property=\"og:type\" content=\"article\" \/>\n<meta property=\"og:title\" content=\"Outdoor Wall Lamp -RS-WL012B\" \/>\n<meta property=\"og:description\" content=\"Radians lighting is a professional manufacturer working on design and manufacturing of quality outdoor Wall Lamp suitable for indoor and outdoor.\" \/>\n<meta property=\"og:url\" content=\"https:\/\/radianslighting.com\/de\/produkt\/outdoor-wall-lamp\/\" \/>\n<meta property=\"og:site_name\" content=\"Radians Lighting\" \/>\n<meta property=\"article:modified_time\" content=\"2025-03-31T07:43:41+00:00\" \/>\n<meta property=\"og:image\" content=\"https:\/\/radianslighting.com\/wp-content\/uploads\/2023\/02\/Outdoor-Wall-Lamp-RS-WL012B.jpeg\" \/>\n\t<meta property=\"og:image:width\" content=\"1000\" \/>\n\t<meta property=\"og:image:height\" content=\"1000\" \/>\n\t<meta property=\"og:image:type\" content=\"image\/jpeg\" \/>\n<meta name=\"twitter:card\" content=\"summary_large_image\" \/>\n<meta name=\"twitter:label1\" content=\"Gesch\u00e4tzte Lesezeit\" \/>\n\t<meta name=\"twitter:data1\" content=\"2\u00a0Minuten\" \/>\n<script type=\"application\/ld+json\" class=\"yoast-schema-graph\">{\"@context\":\"https:\/\/schema.org\",\"@graph\":[{\"@type\":\"WebPage\",\"@id\":\"https:\/\/radianslighting.com\/product\/outdoor-wall-lamp\",\"url\":\"https:\/\/radianslighting.com\/product\/outdoor-wall-lamp\",\"name\":\"Outdoor Wall Lamp -RS-WL012B - Radians Lighting Factory\",\"isPartOf\":{\"@id\":\"https:\/\/radianslighting.com\/#website\"},\"datePublished\":\"2023-02-21T13:51:41+00:00\",\"dateModified\":\"2025-03-31T07:43:41+00:00\",\"description\":\"Radians lighting is a professional manufacturer working on design and manufacturing of quality outdoor Wall Lamp suitable for indoor and outdoor.\",\"breadcrumb\":{\"@id\":\"https:\/\/radianslighting.com\/product\/outdoor-wall-lamp#breadcrumb\"},\"inLanguage\":\"de\",\"potentialAction\":[{\"@type\":\"ReadAction\",\"target\":[\"https:\/\/radianslighting.com\/product\/outdoor-wall-lamp\"]}]},{\"@type\":\"BreadcrumbList\",\"@id\":\"https:\/\/radianslighting.com\/product\/outdoor-wall-lamp#breadcrumb\",\"itemListElement\":[{\"@type\":\"ListItem\",\"position\":1,\"name\":\"Home\",\"item\":\"https:\/\/radianslighting.com\/\"},{\"@type\":\"ListItem\",\"position\":2,\"name\":\"Shop\",\"item\":\"https:\/\/radianslighting.com\/shop\"},{\"@type\":\"ListItem\",\"position\":3,\"name\":\"Outdoor Wall Lamp -RS-WL012B\"}]},{\"@type\":\"WebSite\",\"@id\":\"https:\/\/radianslighting.com\/#website\",\"url\":\"https:\/\/radianslighting.com\/\",\"name\":\"Radians Lighting\",\"description\":\"LED Lights Manufacturer | LED Downlights | Track Lights | High-Efficiency, 5-year warranty | Radians\",\"publisher\":{\"@id\":\"https:\/\/radianslighting.com\/#organization\"},\"potentialAction\":[{\"@type\":\"SearchAction\",\"target\":{\"@type\":\"EntryPoint\",\"urlTemplate\":\"https:\/\/radianslighting.com\/?s={search_term_string}\"},\"query-input\":\"required name=search_term_string\"}],\"inLanguage\":\"de\"},{\"@type\":\"Organization\",\"@id\":\"https:\/\/radianslighting.com\/#organization\",\"name\":\"Radians Lighting\",\"url\":\"https:\/\/radianslighting.com\/\",\"logo\":{\"@type\":\"ImageObject\",\"inLanguage\":\"de\",\"@id\":\"https:\/\/radianslighting.com\/#\/schema\/logo\/image\/\",\"url\":\"https:\/\/radianslighting.com\/wp-content\/uploads\/2024\/07\/LOGO-1.jpg\",\"contentUrl\":\"https:\/\/radianslighting.com\/wp-content\/uploads\/2024\/07\/LOGO-1.jpg\",\"width\":1835,\"height\":411,\"caption\":\"Radians Lighting\"},\"image\":{\"@id\":\"https:\/\/radianslighting.com\/#\/schema\/logo\/image\/\"}}]}<\/script>\n<!-- \/ Yoast SEO Premium plugin. -->","yoast_head_json":{"title":"Outdoor Wall Lamp -RS-WL012B - Radians Lighting Factory","description":"Radians lighting is a professional manufacturer working on design and manufacturing of quality outdoor Wall Lamp suitable for indoor and outdoor.","robots":{"index":"index","follow":"follow","max-snippet":"max-snippet:-1","max-image-preview":"max-image-preview:large","max-video-preview":"max-video-preview:-1"},"canonical":"https:\/\/radianslighting.com\/de\/produkt\/outdoor-wall-lamp\/","og_locale":"de_DE","og_type":"article","og_title":"Outdoor Wall Lamp -RS-WL012B","og_description":"Radians lighting is a professional manufacturer working on design and manufacturing of quality outdoor Wall Lamp suitable for indoor and outdoor.","og_url":"https:\/\/radianslighting.com\/de\/produkt\/outdoor-wall-lamp\/","og_site_name":"Radians Lighting","article_modified_time":"2025-03-31T07:43:41+00:00","og_image":[{"width":1000,"height":1000,"url":"https:\/\/radianslighting.com\/wp-content\/uploads\/2023\/02\/Outdoor-Wall-Lamp-RS-WL012B.jpeg","type":"image\/jpeg"}],"twitter_card":"summary_large_image","twitter_misc":{"Gesch\u00e4tzte Lesezeit":"2\u00a0Minuten"},"schema":{"@context":"https:\/\/schema.org","@graph":[{"@type":"WebPage","@id":"https:\/\/radianslighting.com\/product\/outdoor-wall-lamp","url":"https:\/\/radianslighting.com\/product\/outdoor-wall-lamp","name":"Outdoor Wall Lamp -RS-WL012B - Radians Lighting Factory","isPartOf":{"@id":"https:\/\/radianslighting.com\/#website"},"datePublished":"2023-02-21T13:51:41+00:00","dateModified":"2025-03-31T07:43:41+00:00","description":"Radians lighting is a professional manufacturer working on design and manufacturing of quality outdoor Wall Lamp suitable for indoor and outdoor.","breadcrumb":{"@id":"https:\/\/radianslighting.com\/product\/outdoor-wall-lamp#breadcrumb"},"inLanguage":"de","potentialAction":[{"@type":"ReadAction","target":["https:\/\/radianslighting.com\/product\/outdoor-wall-lamp"]}]},{"@type":"BreadcrumbList","@id":"https:\/\/radianslighting.com\/product\/outdoor-wall-lamp#breadcrumb","itemListElement":[{"@type":"ListItem","position":1,"name":"Home","item":"https:\/\/radianslighting.com\/"},{"@type":"ListItem","position":2,"name":"Shop","item":"https:\/\/radianslighting.com\/shop"},{"@type":"ListItem","position":3,"name":"Outdoor Wall Lamp -RS-WL012B"}]},{"@type":"WebSite","@id":"https:\/\/radianslighting.com\/#website","url":"https:\/\/radianslighting.com\/","name":"Radians Lighting","description":"LED Lights Manufacturer | LED Downlights | Track Lights | High-Efficiency, 5-year warranty | Radians","publisher":{"@id":"https:\/\/radianslighting.com\/#organization"},"potentialAction":[{"@type":"SearchAction","target":{"@type":"EntryPoint","urlTemplate":"https:\/\/radianslighting.com\/?s={search_term_string}"},"query-input":"required name=search_term_string"}],"inLanguage":"de"},{"@type":"Organization","@id":"https:\/\/radianslighting.com\/#organization","name":"Radians Lighting","url":"https:\/\/radianslighting.com\/","logo":{"@type":"ImageObject","inLanguage":"de","@id":"https:\/\/radianslighting.com\/#\/schema\/logo\/image\/","url":"https:\/\/radianslighting.com\/wp-content\/uploads\/2024\/07\/LOGO-1.jpg","contentUrl":"https:\/\/radianslighting.com\/wp-content\/uploads\/2024\/07\/LOGO-1.jpg","width":1835,"height":411,"caption":"Radians Lighting"},"image":{"@id":"https:\/\/radianslighting.com\/#\/schema\/logo\/image\/"}}]}},"_links":{"self":[{"href":"https:\/\/radianslighting.com\/de\/wp-json\/wp\/v2\/product\/4975"}],"collection":[{"href":"https:\/\/radianslighting.com\/de\/wp-json\/wp\/v2\/product"}],"about":[{"href":"https:\/\/radianslighting.com\/de\/wp-json\/wp\/v2\/types\/product"}],"replies":[{"embeddable":true,"href":"https:\/\/radianslighting.com\/de\/wp-json\/wp\/v2\/comments?post=4975"}],"wp:featuredmedia":[{"embeddable":true,"href":"https:\/\/radianslighting.com\/de\/wp-json\/wp\/v2\/media\/5346"}],"wp:attachment":[{"href":"https:\/\/radianslighting.com\/de\/wp-json\/wp\/v2\/media?parent=4975"}],"wp:term":[{"taxonomy":"product_cat","embeddable":true,"href":"https:\/\/radianslighting.com\/de\/wp-json\/wp\/v2\/product_cat?post=4975"},{"taxonomy":"product_tag","embeddable":true,"href":"https:\/\/radianslighting.com\/de\/wp-json\/wp\/v2\/product_tag?post=4975"}],"curies":[{"name":"wp","href":"https:\/\/api.w.org\/{rel}","templated":true}]}}