{"id":4504,"date":"2022-05-11T08:16:17","date_gmt":"2022-05-11T08:16:17","guid":{"rendered":"https:\/\/radianslighting.com\/?post_type=product&#038;p=4504"},"modified":"2025-03-31T07:43:17","modified_gmt":"2025-03-31T07:43:17","slug":"smart-rgbcw-gu10-bulb","status":"publish","type":"product","link":"https:\/\/radianslighting.com\/de\/produkt\/smart-rgbcw-gu10-bulb","title":{"rendered":"Smart RGBCW GU10 Gl\u00fchbirne-RSGU10-RGB"},"content":{"rendered":"<p>Die intelligente RGBCW GU10-Gl\u00fchbirne ist mit Tuya, Hue, Zigbee, Google Home, Alexa usw. kompatibel. Sie k\u00f6nnen Ihr intelligentes Licht \u00fcber Ihr Telefon oder Tablet steuern, ein- und ausschalten, die Zeiteinstellung \u00e4ndern, die Farbe \u00e4ndern,<\/p>\n<p>Diese GU10 RGB Smart-Gl\u00fchbirne nutzt das Tuya-System und wird \u00fcber die mobile App \u201eSmart Life\u201c gesteuert. Die Verwendung von PA- und PC-Lampenk\u00f6rpermaterial sorgt f\u00fcr gute W\u00e4rmeableitung, hohe Qualit\u00e4t und ein gutes Preis-Leistungs-Verh\u00e4ltnis. Unsere dimmbare Smart-Gl\u00fchbirne bietet eine hohe Lichtleistung und spart mehr als 901 TP3T Strom, ohne an Helligkeit zu verlieren.<\/p>\n<p><a href=\"https:\/\/radianslighting.com\/de\/produkt-kategorie\/led-grow-light\/\">Mehr LED-Dunkellicht\u2026..<\/a><strong>\u00a0Oder kontaktieren Sie uns unter <a href=\"https:\/\/www.facebook.com\/profile.php?id=100080041047950\">Facebook online<\/a>.<\/strong><\/p>\n<h2>Beschreibung:<\/h2>\n<p>Runder Durchmesser \u03c650 mm, 56 mm H\u00f6he, 5 W Smart RGBCW GU10-Gl\u00fchbirne.<br \/>\nMarke: Radians\/OEM verf\u00fcgbar.<br \/>\nMindestbestellmenge: 1000 St\u00fcck<br \/>\nZahlungsbedingungen: 30%, da Anzahlung und Restbetrag vor dem Versand zu zahlen sind.<br \/>\nVerpackung: Wei\u00dfe\/graue\/farbige Box f\u00fcr die Innenverpackung, Karton f\u00fcr die Au\u00dfenverpackung.<br \/>\nVorlaufzeit: 3-5 Arbeitstage f\u00fcr Muster, 15 Arbeitstage f\u00fcr Sammelbestellungen.<br \/>\nZertifikat: CE, RoHS<br \/>\nOriginal: VR China<\/p>\n<h2>Datenblatt der Smart RGBCW GU10-Gl\u00fchbirne:<\/h2>\n<table>\n<tbody>\n<tr>\n<td>Anwendung:<\/td>\n<td>Innenbereich<\/td>\n<td>Eingangsspannung (V):<\/td>\n<td>220\u2013240 V ~50\/60 Hz\/AC 120 V<\/td>\n<\/tr>\n<tr>\n<td>Watt (W):<\/td>\n<td>4,8 W<\/td>\n<td>Lumen (lm):<\/td>\n<td>350<\/td>\n<\/tr>\n<tr>\n<td>Material des Lampenk\u00f6rpers:<\/td>\n<td>PC<\/td>\n<td>CRI (Ra&gt;):<\/td>\n<td>&gt;80<\/td>\n<\/tr>\n<tr>\n<td>Zertifizierung:<\/td>\n<td>CE, RoHS,<\/td>\n<td>IP-Schutzart:<\/td>\n<td>IP21<\/td>\n<\/tr>\n<tr>\n<td>Lebensdauer:<\/td>\n<td>25000 Stunden<\/td>\n<td>Abstrahlwinkel:<\/td>\n<td>60\u00b0<\/td>\n<\/tr>\n<tr>\n<td>Garantie:<\/td>\n<td>3 Jahre<\/td>\n<td>CCT:<\/td>\n<td>\u00a02700-6000k+RGB<\/td>\n<\/tr>\n<tr>\n<td>Installation:<\/td>\n<td>Smarte RGBCW GU10-Gl\u00fchbirne f\u00fcr den Einbau und die Oberfl\u00e4che<\/td>\n<td>Farbe:<\/td>\n<td>Wei\u00df<\/td>\n<\/tr>\n<tr>\n<td>Treiber:<\/td>\n<td>Interner Treiber<\/td>\n<td>Lichtquelle:<\/td>\n<td>SMD2835<\/td>\n<\/tr>\n<\/tbody>\n<\/table>\n<p><span style=\"font-size: 1.7em; font-weight: bold;\">Produktpr\u00e4sentation der Smart RGBCW GU10-Gl\u00fchbirne:<\/span><\/p>\n<p><img fetchpriority=\"high\" decoding=\"async\" class=\"aligncenter size-full wp-image-5387\" title=\"Smarte RGBCW GU10-Gl\u00fchbirne - RS-GU10-05RGB\" src=\"https:\/\/radianslighting.com\/wp-content\/uploads\/2023\/04\/smart-rgbcw-gu10-bulb-rs-gu10-05rgb.gif\" alt=\"Smart RGBCW GU10 Bulb - RS-GU10-05RGB\" width=\"900\" height=\"978\" \/><\/p>\n<p><img decoding=\"async\" class=\"aligncenter size-full wp-image-5388\" title=\"Smarte RGBCW GU10-Gl\u00fchbirne - RS-GU10-05RGB\" src=\"https:\/\/radianslighting.com\/wp-content\/uploads\/2023\/04\/smart-rgbcw-gu10-bulb-rs-gu10-05rgb.jpg\" alt=\"Smart RGBCW GU10 Bulb - RS-GU10-05RGB\" width=\"900\" height=\"640\" srcset=\"https:\/\/radianslighting.com\/wp-content\/uploads\/2023\/04\/smart-rgbcw-gu10-bulb-rs-gu10-05rgb.jpg 900w, https:\/\/radianslighting.com\/wp-content\/uploads\/2023\/04\/smart-rgbcw-gu10-bulb-rs-gu10-05rgb-600x427.jpg 600w, https:\/\/radianslighting.com\/wp-content\/uploads\/2023\/04\/smart-rgbcw-gu10-bulb-rs-gu10-05rgb-300x213.jpg 300w, https:\/\/radianslighting.com\/wp-content\/uploads\/2023\/04\/smart-rgbcw-gu10-bulb-rs-gu10-05rgb-768x546.jpg 768w\" sizes=\"(max-width: 900px) 100vw, 900px\" \/><\/p>\n<p><img decoding=\"async\" class=\"aligncenter size-full wp-image-5389\" title=\"Smarte RGBCW GU10-Gl\u00fchbirne - RS-GU10-05RGB\" src=\"https:\/\/radianslighting.com\/wp-content\/uploads\/2023\/04\/smart-rgbcw-gu10-bulb-rs-gu10-05rgb-1.jpg\" alt=\"Smart RGBCW GU10 Bulb - RS-GU10-05RGB\" width=\"900\" height=\"394\" srcset=\"https:\/\/radianslighting.com\/wp-content\/uploads\/2023\/04\/smart-rgbcw-gu10-bulb-rs-gu10-05rgb-1.jpg 900w, https:\/\/radianslighting.com\/wp-content\/uploads\/2023\/04\/smart-rgbcw-gu10-bulb-rs-gu10-05rgb-1-600x263.jpg 600w, https:\/\/radianslighting.com\/wp-content\/uploads\/2023\/04\/smart-rgbcw-gu10-bulb-rs-gu10-05rgb-1-300x131.jpg 300w, https:\/\/radianslighting.com\/wp-content\/uploads\/2023\/04\/smart-rgbcw-gu10-bulb-rs-gu10-05rgb-1-768x336.jpg 768w\" sizes=\"(max-width: 900px) 100vw, 900px\" \/><\/p>\n<p><img loading=\"lazy\" decoding=\"async\" class=\"aligncenter size-full wp-image-5390\" title=\"Smarte RGBCW GU10-Gl\u00fchbirne - RS-GU10-05RGB\" src=\"https:\/\/radianslighting.com\/wp-content\/uploads\/2023\/04\/smart-rgbcw-gu10-bulb-rs-gu10-05rgb-2.jpg\" alt=\"Smart RGBCW GU10 Bulb - RS-GU10-05RGB\" width=\"900\" height=\"582\" srcset=\"https:\/\/radianslighting.com\/wp-content\/uploads\/2023\/04\/smart-rgbcw-gu10-bulb-rs-gu10-05rgb-2.jpg 900w, https:\/\/radianslighting.com\/wp-content\/uploads\/2023\/04\/smart-rgbcw-gu10-bulb-rs-gu10-05rgb-2-600x388.jpg 600w, https:\/\/radianslighting.com\/wp-content\/uploads\/2023\/04\/smart-rgbcw-gu10-bulb-rs-gu10-05rgb-2-300x194.jpg 300w, https:\/\/radianslighting.com\/wp-content\/uploads\/2023\/04\/smart-rgbcw-gu10-bulb-rs-gu10-05rgb-2-768x497.jpg 768w\" sizes=\"(max-width: 900px) 100vw, 900px\" \/><\/p>\n<p><img loading=\"lazy\" decoding=\"async\" class=\"aligncenter size-full wp-image-5391\" title=\"Smarte RGBCW GU10-Gl\u00fchbirne - RS-GU10-05RGB\" src=\"https:\/\/radianslighting.com\/wp-content\/uploads\/2023\/04\/smart-rgbcw-gu10-bulb-rs-gu10-05rgb-3.jpg\" alt=\"Smart RGBCW GU10 Bulb - RS-GU10-05RGB\" width=\"900\" height=\"638\" srcset=\"https:\/\/radianslighting.com\/wp-content\/uploads\/2023\/04\/smart-rgbcw-gu10-bulb-rs-gu10-05rgb-3.jpg 900w, https:\/\/radianslighting.com\/wp-content\/uploads\/2023\/04\/smart-rgbcw-gu10-bulb-rs-gu10-05rgb-3-600x425.jpg 600w, https:\/\/radianslighting.com\/wp-content\/uploads\/2023\/04\/smart-rgbcw-gu10-bulb-rs-gu10-05rgb-3-300x213.jpg 300w, https:\/\/radianslighting.com\/wp-content\/uploads\/2023\/04\/smart-rgbcw-gu10-bulb-rs-gu10-05rgb-3-768x544.jpg 768w\" sizes=\"(max-width: 900px) 100vw, 900px\" \/><\/p>\n<p><img loading=\"lazy\" decoding=\"async\" class=\"aligncenter size-full wp-image-5392\" title=\"Smarte RGBCW GU10-Gl\u00fchbirne - RS-GU10-05RGB\" src=\"https:\/\/radianslighting.com\/wp-content\/uploads\/2023\/04\/smart-rgbcw-gu10-bulb-rs-gu10-05rgb-4.jpg\" alt=\"Smart RGBCW GU10 Bulb - RS-GU10-05RGB\" width=\"900\" height=\"448\" srcset=\"https:\/\/radianslighting.com\/wp-content\/uploads\/2023\/04\/smart-rgbcw-gu10-bulb-rs-gu10-05rgb-4.jpg 900w, https:\/\/radianslighting.com\/wp-content\/uploads\/2023\/04\/smart-rgbcw-gu10-bulb-rs-gu10-05rgb-4-600x299.jpg 600w, https:\/\/radianslighting.com\/wp-content\/uploads\/2023\/04\/smart-rgbcw-gu10-bulb-rs-gu10-05rgb-4-300x149.jpg 300w, https:\/\/radianslighting.com\/wp-content\/uploads\/2023\/04\/smart-rgbcw-gu10-bulb-rs-gu10-05rgb-4-768x382.jpg 768w\" sizes=\"(max-width: 900px) 100vw, 900px\" \/><\/p>\n<p><img loading=\"lazy\" decoding=\"async\" class=\"aligncenter size-full wp-image-5393\" title=\"Smarte RGBCW GU10-Gl\u00fchbirne - RS-GU10-05RGB\" src=\"https:\/\/radianslighting.com\/wp-content\/uploads\/2023\/04\/smart-rgbcw-gu10-bulb-rs-gu10-05rgb-5.jpg\" alt=\"Smart RGBCW GU10 Bulb - RS-GU10-05RGB\" width=\"800\" height=\"1200\" srcset=\"https:\/\/radianslighting.com\/wp-content\/uploads\/2023\/04\/smart-rgbcw-gu10-bulb-rs-gu10-05rgb-5.jpg 800w, https:\/\/radianslighting.com\/wp-content\/uploads\/2023\/04\/smart-rgbcw-gu10-bulb-rs-gu10-05rgb-5-600x900.jpg 600w, https:\/\/radianslighting.com\/wp-content\/uploads\/2023\/04\/smart-rgbcw-gu10-bulb-rs-gu10-05rgb-5-200x300.jpg 200w, https:\/\/radianslighting.com\/wp-content\/uploads\/2023\/04\/smart-rgbcw-gu10-bulb-rs-gu10-05rgb-5-683x1024.jpg 683w, https:\/\/radianslighting.com\/wp-content\/uploads\/2023\/04\/smart-rgbcw-gu10-bulb-rs-gu10-05rgb-5-768x1152.jpg 768w\" sizes=\"(max-width: 800px) 100vw, 800px\" \/><\/p>\n<h2>H\u00e4ufig gestellte Fragen:<\/h2>\n<p><strong>Frage<\/strong>: Sind Sie eine Fabrik?<br \/>\n<strong>Antwort<\/strong>: Ja, wir sind ein professioneller Hersteller mit vielen erfahrenen Ingenieuren und Mitarbeitern.<\/p>\n<p><strong>Frage<\/strong>:Gibt es bei Ihnen eine Mindestbestellmenge f\u00fcr die Bestellung von LED-Leuchten?<br \/>\n<strong>Antwort<\/strong>: Nein. Keine Mindestbestellmenge begrenzt. Sie k\u00f6nnen 1 St\u00fcck zum Testen und Pr\u00fcfen abgeben.<\/p>\n<p><strong>Frage<\/strong>: Wie sieht es mit Ihrer Vorlaufzeit aus?<br \/>\n<strong>Antwort<\/strong>: 3-5 Arbeitstage f\u00fcr Muster, 15 Arbeitstage f\u00fcr Sammelbestellungen.<\/p>\n<p><strong>Frage<\/strong>: Wie viele Jahre Garantie bieten Sie f\u00fcr Ihr Downlight?<br \/>\n<strong>Antwort<\/strong>:F\u00fcr die meisten unserer Downlights bieten wir grunds\u00e4tzlich eine Garantie von 3 oder 5 Jahren. Bei weiteren Fragen stehen wir Ihnen gerne zur Verf\u00fcgung.<\/p>\n<p><strong>Frage<\/strong>:Kann ich mein Logo auf Ihr Produkt und Ihre Verpackung setzen?<br \/>\n<strong>Antwort<\/strong>: Sicher. Aber wir haben MOQ f\u00fcr OEM-Service f\u00fcr verschiedene Produkte.<\/p>","protected":false},"excerpt":{"rendered":"<ul>\n<li>APP-Fernbedienung:<\/li>\n<li>Sprachsteuerung:<\/li>\n<li>Intelligente Timer-Einstellung und Fernbedienung \u00fcber extrem gro\u00dfe Entfernungen:<\/li>\n<li>Gruppensteuerung und gemeinsame Steuerung:<\/li>\n<li>RGB+C+W Smart-Licht:<\/li>\n<li>Mit Musik synchronisieren:<\/li>\n<li>Modellnummer: Smart RGBCW GU10-Gl\u00fchbirne RSGU10-RGB<\/li>\n<\/ul>","protected":false},"featured_media":6492,"comment_status":"closed","ping_status":"closed","template":"","meta":[],"product_cat":[150,502,221,533],"product_tag":[218,222],"class_list":{"0":"post-4504","1":"product","2":"type-product","3":"status-publish","4":"has-post-thumbnail","6":"product_cat-led-downlight","7":"product_cat-rgb-downlight","8":"product_cat-smart-light","9":"product_cat-zigbee-downlight","10":"product_tag-smart-downlights","11":"product_tag-smart-rgbcw-gu10-bulb","13":"first","14":"instock","15":"shipping-taxable","16":"purchasable","17":"product-type-simple"},"yoast_head":"<!-- This site is optimized with the Yoast SEO Premium plugin v20.8 (Yoast SEO v21.9.1) - https:\/\/yoast.com\/wordpress\/plugins\/seo\/ -->\n<title>Smart RGBCW GU10 Bulb: Energy-Efficient, CE Certified, Bulk Discounts | Radians<\/title>\n<meta name=\"description\" content=\"Discover Smart RGBCW GU10 Bulbs with bulk pricing, quick shipping, and CE certification. Ideal for commercial use, offering a long lifespan and energy savings.\" \/>\n<meta name=\"robots\" content=\"index, follow, max-snippet:-1, max-image-preview:large, max-video-preview:-1\" \/>\n<link rel=\"canonical\" href=\"https:\/\/radianslighting.com\/de\/produkt\/smart-rgbcw-gu10-bulb\/\" \/>\n<meta property=\"og:locale\" content=\"de_DE\" \/>\n<meta property=\"og:type\" content=\"article\" \/>\n<meta property=\"og:title\" content=\"Smart RGBCW GU10 Bulb-RSGU10-RGB\" \/>\n<meta property=\"og:description\" content=\"Discover Smart RGBCW GU10 Bulbs with bulk pricing, quick shipping, and CE certification. Ideal for commercial use, offering a long lifespan and energy savings.\" \/>\n<meta property=\"og:url\" content=\"https:\/\/radianslighting.com\/de\/produkt\/smart-rgbcw-gu10-bulb\/\" \/>\n<meta property=\"og:site_name\" content=\"Radians Lighting\" \/>\n<meta property=\"article:modified_time\" content=\"2025-03-31T07:43:17+00:00\" \/>\n<meta property=\"og:image\" content=\"https:\/\/radianslighting.com\/wp-content\/uploads\/2022\/05\/20211207094914MFEODi.jpg\" \/>\n\t<meta property=\"og:image:width\" content=\"800\" \/>\n\t<meta property=\"og:image:height\" content=\"800\" \/>\n\t<meta property=\"og:image:type\" content=\"image\/jpeg\" \/>\n<meta name=\"twitter:card\" content=\"summary_large_image\" \/>\n<meta name=\"twitter:label1\" content=\"Gesch\u00e4tzte Lesezeit\" \/>\n\t<meta name=\"twitter:data1\" content=\"4\u00a0Minuten\" \/>\n<script type=\"application\/ld+json\" class=\"yoast-schema-graph\">{\"@context\":\"https:\/\/schema.org\",\"@graph\":[{\"@type\":\"WebPage\",\"@id\":\"https:\/\/radianslighting.com\/product\/smart-rgbcw-gu10-bulb\",\"url\":\"https:\/\/radianslighting.com\/product\/smart-rgbcw-gu10-bulb\",\"name\":\"Smart RGBCW GU10 Bulb: Energy-Efficient, CE Certified, Bulk Discounts | Radians\",\"isPartOf\":{\"@id\":\"https:\/\/radianslighting.com\/#website\"},\"datePublished\":\"2022-05-11T08:16:17+00:00\",\"dateModified\":\"2025-03-31T07:43:17+00:00\",\"description\":\"Discover Smart RGBCW GU10 Bulbs with bulk pricing, quick shipping, and CE certification. Ideal for commercial use, offering a long lifespan and energy savings.\",\"breadcrumb\":{\"@id\":\"https:\/\/radianslighting.com\/product\/smart-rgbcw-gu10-bulb#breadcrumb\"},\"inLanguage\":\"de\",\"potentialAction\":[{\"@type\":\"ReadAction\",\"target\":[\"https:\/\/radianslighting.com\/product\/smart-rgbcw-gu10-bulb\"]}]},{\"@type\":\"BreadcrumbList\",\"@id\":\"https:\/\/radianslighting.com\/product\/smart-rgbcw-gu10-bulb#breadcrumb\",\"itemListElement\":[{\"@type\":\"ListItem\",\"position\":1,\"name\":\"Home\",\"item\":\"https:\/\/radianslighting.com\/\"},{\"@type\":\"ListItem\",\"position\":2,\"name\":\"Shop\",\"item\":\"https:\/\/radianslighting.com\/shop\"},{\"@type\":\"ListItem\",\"position\":3,\"name\":\"Smart RGBCW GU10 Bulb-RSGU10-RGB\"}]},{\"@type\":\"WebSite\",\"@id\":\"https:\/\/radianslighting.com\/#website\",\"url\":\"https:\/\/radianslighting.com\/\",\"name\":\"Radians Lighting\",\"description\":\"LED Lights Manufacturer | LED Downlights | Track Lights | High-Efficiency, 5-year warranty | Radians\",\"publisher\":{\"@id\":\"https:\/\/radianslighting.com\/#organization\"},\"potentialAction\":[{\"@type\":\"SearchAction\",\"target\":{\"@type\":\"EntryPoint\",\"urlTemplate\":\"https:\/\/radianslighting.com\/?s={search_term_string}\"},\"query-input\":\"required name=search_term_string\"}],\"inLanguage\":\"de\"},{\"@type\":\"Organization\",\"@id\":\"https:\/\/radianslighting.com\/#organization\",\"name\":\"Radians Lighting\",\"url\":\"https:\/\/radianslighting.com\/\",\"logo\":{\"@type\":\"ImageObject\",\"inLanguage\":\"de\",\"@id\":\"https:\/\/radianslighting.com\/#\/schema\/logo\/image\/\",\"url\":\"https:\/\/radianslighting.com\/wp-content\/uploads\/2024\/07\/LOGO-1.jpg\",\"contentUrl\":\"https:\/\/radianslighting.com\/wp-content\/uploads\/2024\/07\/LOGO-1.jpg\",\"width\":1835,\"height\":411,\"caption\":\"Radians Lighting\"},\"image\":{\"@id\":\"https:\/\/radianslighting.com\/#\/schema\/logo\/image\/\"}}]}<\/script>\n<!-- \/ Yoast SEO Premium plugin. -->","yoast_head_json":{"title":"Smart RGBCW GU10 Bulb: Energy-Efficient, CE Certified, Bulk Discounts | Radians","description":"Discover Smart RGBCW GU10 Bulbs with bulk pricing, quick shipping, and CE certification. Ideal for commercial use, offering a long lifespan and energy savings.","robots":{"index":"index","follow":"follow","max-snippet":"max-snippet:-1","max-image-preview":"max-image-preview:large","max-video-preview":"max-video-preview:-1"},"canonical":"https:\/\/radianslighting.com\/de\/produkt\/smart-rgbcw-gu10-bulb\/","og_locale":"de_DE","og_type":"article","og_title":"Smart RGBCW GU10 Bulb-RSGU10-RGB","og_description":"Discover Smart RGBCW GU10 Bulbs with bulk pricing, quick shipping, and CE certification. Ideal for commercial use, offering a long lifespan and energy savings.","og_url":"https:\/\/radianslighting.com\/de\/produkt\/smart-rgbcw-gu10-bulb\/","og_site_name":"Radians Lighting","article_modified_time":"2025-03-31T07:43:17+00:00","og_image":[{"width":800,"height":800,"url":"https:\/\/radianslighting.com\/wp-content\/uploads\/2022\/05\/20211207094914MFEODi.jpg","type":"image\/jpeg"}],"twitter_card":"summary_large_image","twitter_misc":{"Gesch\u00e4tzte Lesezeit":"4\u00a0Minuten"},"schema":{"@context":"https:\/\/schema.org","@graph":[{"@type":"WebPage","@id":"https:\/\/radianslighting.com\/product\/smart-rgbcw-gu10-bulb","url":"https:\/\/radianslighting.com\/product\/smart-rgbcw-gu10-bulb","name":"Smart RGBCW GU10 Bulb: Energy-Efficient, CE Certified, Bulk Discounts | Radians","isPartOf":{"@id":"https:\/\/radianslighting.com\/#website"},"datePublished":"2022-05-11T08:16:17+00:00","dateModified":"2025-03-31T07:43:17+00:00","description":"Discover Smart RGBCW GU10 Bulbs with bulk pricing, quick shipping, and CE certification. Ideal for commercial use, offering a long lifespan and energy savings.","breadcrumb":{"@id":"https:\/\/radianslighting.com\/product\/smart-rgbcw-gu10-bulb#breadcrumb"},"inLanguage":"de","potentialAction":[{"@type":"ReadAction","target":["https:\/\/radianslighting.com\/product\/smart-rgbcw-gu10-bulb"]}]},{"@type":"BreadcrumbList","@id":"https:\/\/radianslighting.com\/product\/smart-rgbcw-gu10-bulb#breadcrumb","itemListElement":[{"@type":"ListItem","position":1,"name":"Home","item":"https:\/\/radianslighting.com\/"},{"@type":"ListItem","position":2,"name":"Shop","item":"https:\/\/radianslighting.com\/shop"},{"@type":"ListItem","position":3,"name":"Smart RGBCW GU10 Bulb-RSGU10-RGB"}]},{"@type":"WebSite","@id":"https:\/\/radianslighting.com\/#website","url":"https:\/\/radianslighting.com\/","name":"Radians Lighting","description":"LED Lights Manufacturer | LED Downlights | Track Lights | High-Efficiency, 5-year warranty | Radians","publisher":{"@id":"https:\/\/radianslighting.com\/#organization"},"potentialAction":[{"@type":"SearchAction","target":{"@type":"EntryPoint","urlTemplate":"https:\/\/radianslighting.com\/?s={search_term_string}"},"query-input":"required name=search_term_string"}],"inLanguage":"de"},{"@type":"Organization","@id":"https:\/\/radianslighting.com\/#organization","name":"Radians Lighting","url":"https:\/\/radianslighting.com\/","logo":{"@type":"ImageObject","inLanguage":"de","@id":"https:\/\/radianslighting.com\/#\/schema\/logo\/image\/","url":"https:\/\/radianslighting.com\/wp-content\/uploads\/2024\/07\/LOGO-1.jpg","contentUrl":"https:\/\/radianslighting.com\/wp-content\/uploads\/2024\/07\/LOGO-1.jpg","width":1835,"height":411,"caption":"Radians Lighting"},"image":{"@id":"https:\/\/radianslighting.com\/#\/schema\/logo\/image\/"}}]}},"_links":{"self":[{"href":"https:\/\/radianslighting.com\/de\/wp-json\/wp\/v2\/product\/4504"}],"collection":[{"href":"https:\/\/radianslighting.com\/de\/wp-json\/wp\/v2\/product"}],"about":[{"href":"https:\/\/radianslighting.com\/de\/wp-json\/wp\/v2\/types\/product"}],"replies":[{"embeddable":true,"href":"https:\/\/radianslighting.com\/de\/wp-json\/wp\/v2\/comments?post=4504"}],"wp:featuredmedia":[{"embeddable":true,"href":"https:\/\/radianslighting.com\/de\/wp-json\/wp\/v2\/media\/6492"}],"wp:attachment":[{"href":"https:\/\/radianslighting.com\/de\/wp-json\/wp\/v2\/media?parent=4504"}],"wp:term":[{"taxonomy":"product_cat","embeddable":true,"href":"https:\/\/radianslighting.com\/de\/wp-json\/wp\/v2\/product_cat?post=4504"},{"taxonomy":"product_tag","embeddable":true,"href":"https:\/\/radianslighting.com\/de\/wp-json\/wp\/v2\/product_tag?post=4504"}],"curies":[{"name":"wp","href":"https:\/\/api.w.org\/{rel}","templated":true}]}}