{"id":4166,"date":"2023-02-24T06:00:27","date_gmt":"2023-02-24T06:00:27","guid":{"rendered":"https:\/\/radianslighting.com\/?post_type=product&#038;p=4166"},"modified":"2025-04-27T03:50:58","modified_gmt":"2025-04-27T03:50:58","slug":"mini-led-downlights","status":"publish","type":"product","link":"https:\/\/radianslighting.com\/de\/produkt\/mini-led-downlights","title":{"rendered":"Mini-LED-Downlights"},"content":{"rendered":"<p>Diese Mini-LED-Downlights eignen sich f\u00fcr Schr\u00e4nke und Vitrinen. Sie k\u00f6nnen verwendet werden, um kleine R\u00e4ume zu beleuchten und die Besonderheiten kleiner Objekte hervorzuheben. Gleichzeitig k\u00f6nnen sie im Raum platziert werden, um einen sch\u00f6nen Blick auf den Sternenhimmel zu erm\u00f6glichen.<\/p>\n<h2>Produktpr\u00e4sentation der Mini-LED-Downlights:<\/h2>\n<p><img fetchpriority=\"high\" decoding=\"async\" class=\"size-full wp-image-6446\" src=\"https:\/\/radianslighting.com\/wp-content\/uploads\/2023\/02\/001-1.png\" alt=\"Kitchen Spotlights\" width=\"1000\" height=\"1115\" srcset=\"https:\/\/radianslighting.com\/wp-content\/uploads\/2023\/02\/001-1.png 1000w, https:\/\/radianslighting.com\/wp-content\/uploads\/2023\/02\/001-1-269x300.png 269w, https:\/\/radianslighting.com\/wp-content\/uploads\/2023\/02\/001-1-918x1024.png 918w, https:\/\/radianslighting.com\/wp-content\/uploads\/2023\/02\/001-1-768x856.png 768w, https:\/\/radianslighting.com\/wp-content\/uploads\/2023\/02\/001-1-600x669.png 600w\" sizes=\"(max-width: 1000px) 100vw, 1000px\" \/><\/p>\n<p><img decoding=\"async\" class=\"size-full wp-image-6449\" src=\"https:\/\/radianslighting.com\/wp-content\/uploads\/2023\/02\/001-4.png\" alt=\"Kitchen Spotlights\" width=\"1000\" height=\"421\" srcset=\"https:\/\/radianslighting.com\/wp-content\/uploads\/2023\/02\/001-4.png 1000w, https:\/\/radianslighting.com\/wp-content\/uploads\/2023\/02\/001-4-300x126.png 300w, https:\/\/radianslighting.com\/wp-content\/uploads\/2023\/02\/001-4-768x323.png 768w, https:\/\/radianslighting.com\/wp-content\/uploads\/2023\/02\/001-4-600x253.png 600w\" sizes=\"(max-width: 1000px) 100vw, 1000px\" \/><\/p>\n<h2>H\u00e4ufig gestellte Fragen:<\/h2>\n<p><strong>Frage<\/strong>: Sind Sie eine Fabrik?<br \/>\n<strong>Antwort<\/strong>: Ja, wir sind ein professioneller Hersteller mit vielen erfahrenen Ingenieuren und Mitarbeitern.<\/p>\n<p><strong>Frage<\/strong>: Gibt es bei Ihnen eine Mindestbestellmenge (MOQ) f\u00fcr LED-Lichtbestellungen?<br \/>\n<strong>Antwort<\/strong>: Nein. Keine Mindestbestellmenge begrenzt. Sie k\u00f6nnen 1 St\u00fcck zum Testen und Pr\u00fcfen abgeben.<\/p>\n<p><strong>Frage<\/strong>: Wie sieht es mit Ihrer Vorlaufzeit aus?<br \/>\n<strong>Antwort<\/strong>: 3-5 Arbeitstage f\u00fcr Muster und 15 f\u00fcr Sammelbestellungen.<\/p>\n<p><strong>Frage<\/strong>: Wie viele Jahre Garantie bieten Sie auf Ihr Downlight?<br \/>\n<strong>Antwort<\/strong>: F\u00fcr die meisten unserer Downlights bieten wir grunds\u00e4tzlich 3 oder 5 Jahre Garantie. Bei weiteren W\u00fcnschen k\u00f6nnen Sie uns gerne kontaktieren.<\/p>\n<p><strong>Frage<\/strong>: Kann ich mein Logo auf Ihr Produkt und Ihre Verpackung setzen?<br \/>\n<strong>Antwort<\/strong>: Sicher. Aber wir haben MOQ f\u00fcr OEM-Service f\u00fcr verschiedene Produkte.<\/p>","protected":false},"excerpt":{"rendered":"<ul>\n<li>Modellnummer: RSRD001<\/li>\n<li>Spannung: DC3V-Ausgang, 120 V AC\/220\u2013240 V AC-Eingang<\/li>\n<li>Leistung: 3W<\/li>\n<li>Lumen: 240lm<\/li>\n<li>CCT: 2700K\/3000K\/4000K\/57000K\/DTW<\/li>\n<li>Dimmen: Nicht dimmen, Triac, 0\/1-10 V, DALI<\/li>\n<li>Abstrahlwinkel: 38\u00b0<\/li>\n<li>Ausschnitt: \u03c642-45mm<\/li>\n<li>Leistungsfaktor: 0,9<\/li>\n<li>SDCM:3<\/li>\n<li>IP-Schutzart: IP44<\/li>\n<li>Abmessungen: \u03c652x24mm<\/li>\n<li>Farbe: Wei\u00df\/Schwarz\/Nickel\/Chrom oder andere k\u00f6nnen angepasst werden<\/li>\n<li>Geh\u00e4usematerial: Aluminiumlegierung<\/li>\n<li>Lebensdauer: 25.000 Stunden oder 50.000 Stunden Stunden Stunden<\/li>\n<li>Garantie: 3 Jahre\/ 5 Jahre<\/li>\n<li>Bemerkung: Mini LED Downlights<\/li>\n<\/ul>","protected":false},"featured_media":6314,"comment_status":"closed","ping_status":"closed","template":"","meta":[],"product_cat":[504,536,515,483,491,497,481,506,531,532,494,389,534,150,291,200,590,545,508,484,489,505,498],"product_tag":[36,38,44,45,46,47,70,71,87,88,89,90,91,92,93,472,94,324,103,343,107,287,137,140,146,355,162,168,177,178,179,180,325,181,182,183,196,205,213,323,302,214,215,344,216,223,224,225,226,227,231,250,251,252,253,260,381,383,261,382,405],"class_list":{"0":"post-4166","1":"product","2":"type-product","3":"status-publish","4":"has-post-thumbnail","6":"product_cat-2700k-downlight","7":"product_cat-3w-led-downlight","8":"product_cat-50mm-downlight","9":"product_cat-adjustable-downlights","10":"product_cat-bedroom-downlights","11":"product_cat-black-downlights","12":"product_cat-cob-downlight","13":"product_cat-cool-white-downlight","14":"product_cat-dimmable-downlights","15":"product_cat-dimmable-led-downlights","16":"product_cat-hotel-downlight","17":"product_cat-kitchen-under-cabinet-downlights","18":"product_cat-led-dimmable-spotlights","19":"product_cat-led-downlight","20":"product_cat-mini-downlight","21":"product_cat-recessed-downlight","22":"product_cat-recessed-spotlights","23":"product_cat-round-led-downlight","24":"product_cat-slim-downlights","25":"product_cat-tilt-led-downlights","26":"product_cat-under-cabinet-lighting","27":"product_cat-warm-led-downlights","28":"product_cat-white-downlights","29":"product_tag-3-watt-led-downlight","30":"product_tag-3w-led-spotlight","31":"product_tag-adjustable-down-lights","32":"product_tag-adjustable-downlights","33":"product_tag-adjustable-led-downlight","34":"product_tag-adjustable-led-recessed-lighting","35":"product_tag-cabinet-downlight","36":"product_tag-cabinet-spotlight","37":"product_tag-dimmable-down-lights","38":"product_tag-dimmable-downlight","39":"product_tag-dimmable-downlights","40":"product_tag-dimmable-led-downlights","41":"product_tag-dimmable-led-spotlights","42":"product_tag-dimmable-spotlights","43":"product_tag-dimmer-downlights","44":"product_tag-dimmer-downlightsac","45":"product_tag-dimmer-led-spots","46":"product_tag-downlight-led-3w","47":"product_tag-downlight-mini","48":"product_tag-downlight-orientable","49":"product_tag-fire-rated-dimmable-led-downlights","50":"product_tag-gyro-led-downlight","51":"product_tag-kitchen-cabinet-downlights","52":"product_tag-kitchen-downlights","53":"product_tag-led-cabinet-downlights","54":"product_tag-led-dimmable-spotlights","55":"product_tag-led-recessed-lighting-dimmable","56":"product_tag-led-spotlights-kitchen-ceiling","57":"product_tag-mini-down-lights","58":"product_tag-mini-downlights","59":"product_tag-mini-downlights-ip65","60":"product_tag-mini-led-downlights","61":"product_tag-mini-led-downlights-3w-dimmable","62":"product_tag-mini-led-spotlights","63":"product_tag-mini-spot-lights-led","64":"product_tag-mini-spotlight","65":"product_tag-recessed-adjustable-downlight","66":"product_tag-recessed-under-cabinet-lighting","67":"product_tag-small-ceiling-spotlights","68":"product_tag-small-down-lights","69":"product_tag-small-downlights","70":"product_tag-small-led-downlights","71":"product_tag-small-led-spotlights","72":"product_tag-small-recessed-lights","73":"product_tag-small-spotlight","74":"product_tag-smd-led-downlight","75":"product_tag-spot-dimmable","76":"product_tag-spot-dimmable-led","77":"product_tag-spot-downlight-led","78":"product_tag-spot-led-dimmable","79":"product_tag-spot-lights-for-kitchen","80":"product_tag-tilt-downlights","81":"product_tag-tilt-led-downlights","82":"product_tag-tilt-spotlights","83":"product_tag-tiltable-downlights","84":"product_tag-under-cabinet-downlights","85":"product_tag-under-cabinet-led-lighting","86":"product_tag-under-cabinet-lighting","87":"product_tag-under-counter-spotlights","88":"product_tag-under-kitchen-cabinet-lighting","89":"product_tag-under-kitchen-cabinet-lightingchrome-spot-lights","91":"first","92":"instock","93":"shipping-taxable","94":"purchasable","95":"product-type-simple"},"yoast_head":"<!-- This site is optimized with the Yoast SEO Premium plugin v20.8 (Yoast SEO v21.9.1) - https:\/\/yoast.com\/wordpress\/plugins\/seo\/ -->\n<title>Wholesale Mini LED Downlights: 240lm, IP44,36\u00b0 Beam Angle | Radians<\/title>\n<meta name=\"description\" content=\"uy in bulk: Tiered pricing for mini LED downlights. Fast shipping, versatile applications, and energy-efficient designs for commercial use.\" \/>\n<meta name=\"robots\" content=\"index, follow, max-snippet:-1, max-image-preview:large, max-video-preview:-1\" \/>\n<link rel=\"canonical\" href=\"https:\/\/radianslighting.com\/de\/produkt\/mini-led-downlights\/\" \/>\n<meta property=\"og:locale\" content=\"de_DE\" \/>\n<meta property=\"og:type\" content=\"article\" \/>\n<meta property=\"og:title\" content=\"Mini LED Downlights\" \/>\n<meta property=\"og:description\" content=\"uy in bulk: Tiered pricing for mini LED downlights. Fast shipping, versatile applications, and energy-efficient designs for commercial use.\" \/>\n<meta property=\"og:url\" content=\"https:\/\/radianslighting.com\/de\/produkt\/mini-led-downlights\/\" \/>\n<meta property=\"og:site_name\" content=\"Radians Lighting\" \/>\n<meta property=\"article:modified_time\" content=\"2025-04-27T03:50:58+00:00\" \/>\n<meta property=\"og:image\" content=\"https:\/\/radianslighting.com\/wp-content\/uploads\/2023\/02\/\u4e3b\u56feLOGO\u8ba4\u8bc1-1.jpg\" \/>\n\t<meta property=\"og:image:width\" content=\"1000\" \/>\n\t<meta property=\"og:image:height\" content=\"1000\" \/>\n\t<meta property=\"og:image:type\" content=\"image\/jpeg\" \/>\n<meta name=\"twitter:card\" content=\"summary_large_image\" \/>\n<meta name=\"twitter:label1\" content=\"Gesch\u00e4tzte Lesezeit\" \/>\n\t<meta name=\"twitter:data1\" content=\"2\u00a0Minuten\" \/>\n<script type=\"application\/ld+json\" class=\"yoast-schema-graph\">{\"@context\":\"https:\/\/schema.org\",\"@graph\":[{\"@type\":\"WebPage\",\"@id\":\"https:\/\/radianslighting.com\/product\/mini-led-downlights\",\"url\":\"https:\/\/radianslighting.com\/product\/mini-led-downlights\",\"name\":\"Wholesale Mini LED Downlights: 240lm, IP44,36\u00b0 Beam Angle | Radians\",\"isPartOf\":{\"@id\":\"https:\/\/radianslighting.com\/#website\"},\"datePublished\":\"2023-02-24T06:00:27+00:00\",\"dateModified\":\"2025-04-27T03:50:58+00:00\",\"description\":\"uy in bulk: Tiered pricing for mini LED downlights. Fast shipping, versatile applications, and energy-efficient designs for commercial use.\",\"breadcrumb\":{\"@id\":\"https:\/\/radianslighting.com\/product\/mini-led-downlights#breadcrumb\"},\"inLanguage\":\"de\",\"potentialAction\":[{\"@type\":\"ReadAction\",\"target\":[\"https:\/\/radianslighting.com\/product\/mini-led-downlights\"]}]},{\"@type\":\"BreadcrumbList\",\"@id\":\"https:\/\/radianslighting.com\/product\/mini-led-downlights#breadcrumb\",\"itemListElement\":[{\"@type\":\"ListItem\",\"position\":1,\"name\":\"Home\",\"item\":\"https:\/\/radianslighting.com\/\"},{\"@type\":\"ListItem\",\"position\":2,\"name\":\"Shop\",\"item\":\"https:\/\/radianslighting.com\/shop\"},{\"@type\":\"ListItem\",\"position\":3,\"name\":\"Mini LED Downlights\"}]},{\"@type\":\"WebSite\",\"@id\":\"https:\/\/radianslighting.com\/#website\",\"url\":\"https:\/\/radianslighting.com\/\",\"name\":\"Radians Lighting\",\"description\":\"LED Lights Manufacturer | LED Downlights | Track Lights | High-Efficiency, 5-year warranty | Radians\",\"publisher\":{\"@id\":\"https:\/\/radianslighting.com\/#organization\"},\"potentialAction\":[{\"@type\":\"SearchAction\",\"target\":{\"@type\":\"EntryPoint\",\"urlTemplate\":\"https:\/\/radianslighting.com\/?s={search_term_string}\"},\"query-input\":\"required name=search_term_string\"}],\"inLanguage\":\"de\"},{\"@type\":\"Organization\",\"@id\":\"https:\/\/radianslighting.com\/#organization\",\"name\":\"Radians Lighting\",\"url\":\"https:\/\/radianslighting.com\/\",\"logo\":{\"@type\":\"ImageObject\",\"inLanguage\":\"de\",\"@id\":\"https:\/\/radianslighting.com\/#\/schema\/logo\/image\/\",\"url\":\"https:\/\/radianslighting.com\/wp-content\/uploads\/2024\/07\/LOGO-1.jpg\",\"contentUrl\":\"https:\/\/radianslighting.com\/wp-content\/uploads\/2024\/07\/LOGO-1.jpg\",\"width\":1835,\"height\":411,\"caption\":\"Radians Lighting\"},\"image\":{\"@id\":\"https:\/\/radianslighting.com\/#\/schema\/logo\/image\/\"}}]}<\/script>\n<!-- \/ Yoast SEO Premium plugin. -->","yoast_head_json":{"title":"Wholesale Mini LED Downlights: 240lm, IP44,36\u00b0 Beam Angle | Radians","description":"uy in bulk: Tiered pricing for mini LED downlights. Fast shipping, versatile applications, and energy-efficient designs for commercial use.","robots":{"index":"index","follow":"follow","max-snippet":"max-snippet:-1","max-image-preview":"max-image-preview:large","max-video-preview":"max-video-preview:-1"},"canonical":"https:\/\/radianslighting.com\/de\/produkt\/mini-led-downlights\/","og_locale":"de_DE","og_type":"article","og_title":"Mini LED Downlights","og_description":"uy in bulk: Tiered pricing for mini LED downlights. Fast shipping, versatile applications, and energy-efficient designs for commercial use.","og_url":"https:\/\/radianslighting.com\/de\/produkt\/mini-led-downlights\/","og_site_name":"Radians Lighting","article_modified_time":"2025-04-27T03:50:58+00:00","og_image":[{"width":1000,"height":1000,"url":"https:\/\/radianslighting.com\/wp-content\/uploads\/2023\/02\/\u4e3b\u56feLOGO\u8ba4\u8bc1-1.jpg","type":"image\/jpeg"}],"twitter_card":"summary_large_image","twitter_misc":{"Gesch\u00e4tzte Lesezeit":"2\u00a0Minuten"},"schema":{"@context":"https:\/\/schema.org","@graph":[{"@type":"WebPage","@id":"https:\/\/radianslighting.com\/product\/mini-led-downlights","url":"https:\/\/radianslighting.com\/product\/mini-led-downlights","name":"Wholesale Mini LED Downlights: 240lm, IP44,36\u00b0 Beam Angle | Radians","isPartOf":{"@id":"https:\/\/radianslighting.com\/#website"},"datePublished":"2023-02-24T06:00:27+00:00","dateModified":"2025-04-27T03:50:58+00:00","description":"uy in bulk: Tiered pricing for mini LED downlights. Fast shipping, versatile applications, and energy-efficient designs for commercial use.","breadcrumb":{"@id":"https:\/\/radianslighting.com\/product\/mini-led-downlights#breadcrumb"},"inLanguage":"de","potentialAction":[{"@type":"ReadAction","target":["https:\/\/radianslighting.com\/product\/mini-led-downlights"]}]},{"@type":"BreadcrumbList","@id":"https:\/\/radianslighting.com\/product\/mini-led-downlights#breadcrumb","itemListElement":[{"@type":"ListItem","position":1,"name":"Home","item":"https:\/\/radianslighting.com\/"},{"@type":"ListItem","position":2,"name":"Shop","item":"https:\/\/radianslighting.com\/shop"},{"@type":"ListItem","position":3,"name":"Mini LED Downlights"}]},{"@type":"WebSite","@id":"https:\/\/radianslighting.com\/#website","url":"https:\/\/radianslighting.com\/","name":"Radians Lighting","description":"LED Lights Manufacturer | LED Downlights | Track Lights | High-Efficiency, 5-year warranty | Radians","publisher":{"@id":"https:\/\/radianslighting.com\/#organization"},"potentialAction":[{"@type":"SearchAction","target":{"@type":"EntryPoint","urlTemplate":"https:\/\/radianslighting.com\/?s={search_term_string}"},"query-input":"required name=search_term_string"}],"inLanguage":"de"},{"@type":"Organization","@id":"https:\/\/radianslighting.com\/#organization","name":"Radians Lighting","url":"https:\/\/radianslighting.com\/","logo":{"@type":"ImageObject","inLanguage":"de","@id":"https:\/\/radianslighting.com\/#\/schema\/logo\/image\/","url":"https:\/\/radianslighting.com\/wp-content\/uploads\/2024\/07\/LOGO-1.jpg","contentUrl":"https:\/\/radianslighting.com\/wp-content\/uploads\/2024\/07\/LOGO-1.jpg","width":1835,"height":411,"caption":"Radians Lighting"},"image":{"@id":"https:\/\/radianslighting.com\/#\/schema\/logo\/image\/"}}]}},"_links":{"self":[{"href":"https:\/\/radianslighting.com\/de\/wp-json\/wp\/v2\/product\/4166"}],"collection":[{"href":"https:\/\/radianslighting.com\/de\/wp-json\/wp\/v2\/product"}],"about":[{"href":"https:\/\/radianslighting.com\/de\/wp-json\/wp\/v2\/types\/product"}],"replies":[{"embeddable":true,"href":"https:\/\/radianslighting.com\/de\/wp-json\/wp\/v2\/comments?post=4166"}],"wp:featuredmedia":[{"embeddable":true,"href":"https:\/\/radianslighting.com\/de\/wp-json\/wp\/v2\/media\/6314"}],"wp:attachment":[{"href":"https:\/\/radianslighting.com\/de\/wp-json\/wp\/v2\/media?parent=4166"}],"wp:term":[{"taxonomy":"product_cat","embeddable":true,"href":"https:\/\/radianslighting.com\/de\/wp-json\/wp\/v2\/product_cat?post=4166"},{"taxonomy":"product_tag","embeddable":true,"href":"https:\/\/radianslighting.com\/de\/wp-json\/wp\/v2\/product_tag?post=4166"}],"curies":[{"name":"wp","href":"https:\/\/api.w.org\/{rel}","templated":true}]}}