{"id":8050,"date":"2025-01-16T02:12:33","date_gmt":"2025-01-16T02:12:33","guid":{"rendered":"https:\/\/radianslighting.com\/?post_type=product&#038;p=8050"},"modified":"2025-04-27T03:53:20","modified_gmt":"2025-04-27T03:53:20","slug":"smart-led-downlights","status":"publish","type":"product","link":"https:\/\/radianslighting.com\/da\/vare\/smart-led-downlights","title":{"rendered":"Smart LED downlights"},"content":{"rendered":"<p>Smart LED downlights er en moderne belysningsl\u00f8sning, der giver mange fordele. Disse lys giver skarp belysning, mens de er energieffektive. De kan passe ind i ethvert rum og skabe en hyggelig atmosf\u00e6re. Du kan nemt styre dem med en smartphone eller stemmekommandoer.<\/p>\n<p>En stor fordel ved smarte lys er deres energibesparelser. De bruger mindre str\u00f8m end traditionelle p\u00e6rer, hvilket hj\u00e6lper med at reducere elregningen. Denne effektivitet er ogs\u00e5 godt for milj\u00f8et. Ved at bruge mindre energi s\u00e6nker du dit CO2-fodaftryk.<\/p>\n<p>Installationen er ligetil. Du kan placere dem i lofter eller v\u00e6gge for at forbedre dit rum. Mange modeller kommer med justerbar lysstyrke og farvemuligheder. Denne fleksibilitet giver dig mulighed for at skabe den perfekte stemning til enhver lejlighed.<\/p>\n<p>Smart LED downlights tilbyder ogs\u00e5 bekvemmelighed. Du kan planl\u00e6gge dem til at t\u00e6nde eller slukke p\u00e5 bestemte tidspunkter. Denne funktion tilf\u00f8jer sikkerhed ved at f\u00e5 det til at se ud som om nogen er hjemme. Du kan ogs\u00e5 fjernstyre dem, n\u00e5r du er v\u00e6k.<\/p>\n<p>En anden fantastisk funktion er deres kompatibilitet med smart home-systemer. De kan oprette forbindelse til enheder som Amazon Alexa eller Google Assistant. Denne integration lader dig styre dine lys med enkle stemmekommandoer.<\/p>\n<p>Sammenfattende er smarte belysningsl\u00f8sninger som disse downlights praktiske og stilfulde. De sparer energi, tilbyder bekvemmelighed og forbedrer dit boligareal. Med deres moderne teknologi passer de perfekt ind i nutidens hjem.<\/p>\n<h2>Ofte stillede sp\u00f8rgsm\u00e5l:<\/h2>\n<p><strong>Sp\u00f8rgsm\u00e5l<\/strong>: Er du en fabrik?<br \/>\n<strong>Svar<\/strong>: Ja, vi er en professionel producent med mange erfarne ingeni\u00f8rer og medarbejdere.<\/p>\n<p><strong>Sp\u00f8rgsm\u00e5l<\/strong>: Har du nogen MOQ-gr\u00e6nse for LED-lysordrer?<br \/>\n<strong>Svar<\/strong>: Nej. Ingen MOQ begr\u00e6nset. Du kan placere 1 stk til test og inspektion.<\/p>\n<p><strong>Sp\u00f8rgsm\u00e5l<\/strong>: Hvad med din leveringstid?<br \/>\n<strong>Svar<\/strong>: 3-5 arbejdsdage for pr\u00f8ver, 15 arbejdsdage for batchordrer.<\/p>\n<p><strong>Sp\u00f8rgsm\u00e5l<\/strong>: Hvor mange \u00e5rs garanti tilbyder du for din downlight?<br \/>\n<strong>Svar<\/strong>: Generelt tilbyder vi 3 \u00e5r eller 5 \u00e5r for de fleste af vores downlights. Hvis du har yderligere \u00f8nsker, er du velkommen til at give os besked.<\/p>\n<p><strong>Sp\u00f8rgsm\u00e5l<\/strong>: Kan jeg s\u00e6tte mit logo p\u00e5 dit produkt og din pakke?<br \/>\n<strong>Svar<\/strong>: Selvf\u00f8lgelig. Men vi har MOQ til OEM-service for forskellige produkter.<\/p>","protected":false},"excerpt":{"rendered":"<ul>\n<li>Model nr.: RSRD1G7R-RGB<\/li>\n<li>Effekt: 6W\/8W<\/li>\n<li>Sp\u00e6nding: AC 120V\/ AC22-240V 50~60Hz<\/li>\n<li>Lumen: 450lm@6W, 600lm@880\/90<\/li>\n<li>CCT: RGB+CCT<\/li>\n<li>CRI: 80\/90 eller over Ra93, Ra95 tilg\u00e6ngelig.<\/li>\n<li>Dim: Tuya, Zigbee, tr\u00e5dl\u00f8s controller<\/li>\n<li>Effektfaktor: 0,5<\/li>\n<li>Str\u00e5levinkel: 40\u00b0 reflektor<\/li>\n<li>Udsk\u00e6ring: \u03c668mm\/\u03c675-83mm<\/li>\n<li>IP-klassificering: IP44<\/li>\n<li>Dimension: \u03c682x34mm\/\u03c695x42mm<\/li>\n<li>Farve: Hvid\/Sort\/Nikkel\/Krom\/Gylden\/Andet<\/li>\n<li>Materiale: Aluminiumslegering.<\/li>\n<li>Levetid: 25.000 timer eller 50.000 timer<\/li>\n<li>Garanti: 3 \u00e5r<\/li>\n<li>Bem\u00e6rkning: Smart LED Downlights<\/li>\n<\/ul>","protected":false},"featured_media":8051,"comment_status":"closed","ping_status":"closed","template":"","meta":[],"product_cat":[504,522,542,483,491,497,481,506,513,493,485,494,487,150,492,509,507,200,590,502,545,221,484,510,505,498,533],"product_tag":[44,45,46,47,343,287,196,206,460,218,220,459,250,251,252,253],"class_list":{"0":"post-8050","1":"product","2":"type-product","3":"status-publish","4":"has-post-thumbnail","6":"product_cat-2700k-downlight","7":"product_cat-75mm-downlight","8":"product_cat-8w-led-downlight","9":"product_cat-adjustable-downlights","10":"product_cat-bedroom-downlights","11":"product_cat-black-downlights","12":"product_cat-cob-downlight","13":"product_cat-cool-white-downlight","14":"product_cat-downlight-ip44","15":"product_cat-downlights-for-hallway","16":"product_cat-gimble-downlight","17":"product_cat-hotel-downlight","18":"product_cat-ic-rated-downlights","19":"product_cat-led-downlight","20":"product_cat-living-room-downlights","21":"product_cat-low-profile-led-downlights","22":"product_cat-neutral-light-downlight","23":"product_cat-recessed-downlight","24":"product_cat-recessed-spotlights","25":"product_cat-rgb-downlight","26":"product_cat-round-led-downlight","27":"product_cat-smart-light","28":"product_cat-tilt-led-downlights","29":"product_cat-ultra-slim-downlights","30":"product_cat-warm-led-downlights","31":"product_cat-white-downlights","32":"product_cat-zigbee-downlight","33":"product_tag-adjustable-down-lights","34":"product_tag-adjustable-downlights","35":"product_tag-adjustable-led-downlight","36":"product_tag-adjustable-led-recessed-lighting","37":"product_tag-downlight-orientable","38":"product_tag-gyro-led-downlight","39":"product_tag-recessed-adjustable-downlight","40":"product_tag-rgb-downlight","41":"product_tag-rgb-led-downlights","42":"product_tag-smart-downlights","43":"product_tag-smart-led-downlights","44":"product_tag-smart-recessed-lighting","45":"product_tag-tilt-downlights","46":"product_tag-tilt-led-downlights","47":"product_tag-tilt-spotlights","48":"product_tag-tiltable-downlights","50":"first","51":"instock","52":"shipping-taxable","53":"purchasable","54":"product-type-simple"},"yoast_head":"<!-- This site is optimized with the Yoast SEO Premium plugin v20.8 (Yoast SEO v21.9.1) - https:\/\/yoast.com\/wordpress\/plugins\/seo\/ -->\n<title>Energy-Efficient Smart LED Downlights | CE Certified, 30,000hr Lifespan | Bulk Discounts | Radians<\/title>\n<meta name=\"description\" content=\"Explore bulk discounts on Smart LED Downlights! Enjoy energy efficiency, quick shipping, and customizable options for your commercial needs\" \/>\n<meta name=\"robots\" content=\"index, follow, max-snippet:-1, max-image-preview:large, max-video-preview:-1\" \/>\n<link rel=\"canonical\" href=\"https:\/\/radianslighting.com\/da\/vare\/smart-led-downlights\/\" \/>\n<meta property=\"og:locale\" content=\"da_DK\" \/>\n<meta property=\"og:type\" content=\"article\" \/>\n<meta property=\"og:title\" content=\"Smart LED Downlights\" \/>\n<meta property=\"og:description\" content=\"Explore bulk discounts on Smart LED Downlights! Enjoy energy efficiency, quick shipping, and customizable options for your commercial needs\" \/>\n<meta property=\"og:url\" content=\"https:\/\/radianslighting.com\/da\/vare\/smart-led-downlights\/\" \/>\n<meta property=\"og:site_name\" content=\"Radians Lighting\" \/>\n<meta property=\"article:modified_time\" content=\"2025-04-27T03:53:20+00:00\" \/>\n<meta property=\"og:image\" content=\"https:\/\/radianslighting.com\/wp-content\/uploads\/2025\/01\/RSRD1G7R-RGB.jpg\" \/>\n\t<meta property=\"og:image:width\" content=\"1000\" \/>\n\t<meta property=\"og:image:height\" content=\"1000\" \/>\n\t<meta property=\"og:image:type\" content=\"image\/jpeg\" \/>\n<meta name=\"twitter:card\" content=\"summary_large_image\" \/>\n<meta name=\"twitter:label1\" content=\"Estimeret l\u00e6setid\" \/>\n\t<meta name=\"twitter:data1\" content=\"2 minutter\" \/>\n<script type=\"application\/ld+json\" class=\"yoast-schema-graph\">{\"@context\":\"https:\/\/schema.org\",\"@graph\":[{\"@type\":\"WebPage\",\"@id\":\"https:\/\/radianslighting.com\/product\/smart-led-downlights\",\"url\":\"https:\/\/radianslighting.com\/product\/smart-led-downlights\",\"name\":\"Energy-Efficient Smart LED Downlights | CE Certified, 30,000hr Lifespan | Bulk Discounts | Radians\",\"isPartOf\":{\"@id\":\"https:\/\/radianslighting.com\/#website\"},\"datePublished\":\"2025-01-16T02:12:33+00:00\",\"dateModified\":\"2025-04-27T03:53:20+00:00\",\"description\":\"Explore bulk discounts on Smart LED Downlights! Enjoy energy efficiency, quick shipping, and customizable options for your commercial needs\",\"breadcrumb\":{\"@id\":\"https:\/\/radianslighting.com\/product\/smart-led-downlights#breadcrumb\"},\"inLanguage\":\"da-DK\",\"potentialAction\":[{\"@type\":\"ReadAction\",\"target\":[\"https:\/\/radianslighting.com\/product\/smart-led-downlights\"]}]},{\"@type\":\"BreadcrumbList\",\"@id\":\"https:\/\/radianslighting.com\/product\/smart-led-downlights#breadcrumb\",\"itemListElement\":[{\"@type\":\"ListItem\",\"position\":1,\"name\":\"Home\",\"item\":\"https:\/\/radianslighting.com\/\"},{\"@type\":\"ListItem\",\"position\":2,\"name\":\"Shop\",\"item\":\"https:\/\/radianslighting.com\/shop\"},{\"@type\":\"ListItem\",\"position\":3,\"name\":\"Smart LED Downlights\"}]},{\"@type\":\"WebSite\",\"@id\":\"https:\/\/radianslighting.com\/#website\",\"url\":\"https:\/\/radianslighting.com\/\",\"name\":\"Radians Lighting\",\"description\":\"LED Lights Manufacturer | LED Downlights | Track Lights | High-Efficiency, 5-year warranty | Radians\",\"publisher\":{\"@id\":\"https:\/\/radianslighting.com\/#organization\"},\"potentialAction\":[{\"@type\":\"SearchAction\",\"target\":{\"@type\":\"EntryPoint\",\"urlTemplate\":\"https:\/\/radianslighting.com\/?s={search_term_string}\"},\"query-input\":\"required name=search_term_string\"}],\"inLanguage\":\"da-DK\"},{\"@type\":\"Organization\",\"@id\":\"https:\/\/radianslighting.com\/#organization\",\"name\":\"Radians Lighting\",\"url\":\"https:\/\/radianslighting.com\/\",\"logo\":{\"@type\":\"ImageObject\",\"inLanguage\":\"da-DK\",\"@id\":\"https:\/\/radianslighting.com\/#\/schema\/logo\/image\/\",\"url\":\"https:\/\/radianslighting.com\/wp-content\/uploads\/2024\/07\/LOGO-1.jpg\",\"contentUrl\":\"https:\/\/radianslighting.com\/wp-content\/uploads\/2024\/07\/LOGO-1.jpg\",\"width\":1835,\"height\":411,\"caption\":\"Radians Lighting\"},\"image\":{\"@id\":\"https:\/\/radianslighting.com\/#\/schema\/logo\/image\/\"}}]}<\/script>\n<!-- \/ Yoast SEO Premium plugin. -->","yoast_head_json":{"title":"Energy-Efficient Smart LED Downlights | CE Certified, 30,000hr Lifespan | Bulk Discounts | Radians","description":"Explore bulk discounts on Smart LED Downlights! Enjoy energy efficiency, quick shipping, and customizable options for your commercial needs","robots":{"index":"index","follow":"follow","max-snippet":"max-snippet:-1","max-image-preview":"max-image-preview:large","max-video-preview":"max-video-preview:-1"},"canonical":"https:\/\/radianslighting.com\/da\/vare\/smart-led-downlights\/","og_locale":"da_DK","og_type":"article","og_title":"Smart LED Downlights","og_description":"Explore bulk discounts on Smart LED Downlights! Enjoy energy efficiency, quick shipping, and customizable options for your commercial needs","og_url":"https:\/\/radianslighting.com\/da\/vare\/smart-led-downlights\/","og_site_name":"Radians Lighting","article_modified_time":"2025-04-27T03:53:20+00:00","og_image":[{"width":1000,"height":1000,"url":"https:\/\/radianslighting.com\/wp-content\/uploads\/2025\/01\/RSRD1G7R-RGB.jpg","type":"image\/jpeg"}],"twitter_card":"summary_large_image","twitter_misc":{"Estimeret l\u00e6setid":"2 minutter"},"schema":{"@context":"https:\/\/schema.org","@graph":[{"@type":"WebPage","@id":"https:\/\/radianslighting.com\/product\/smart-led-downlights","url":"https:\/\/radianslighting.com\/product\/smart-led-downlights","name":"Energy-Efficient Smart LED Downlights | CE Certified, 30,000hr Lifespan | Bulk Discounts | Radians","isPartOf":{"@id":"https:\/\/radianslighting.com\/#website"},"datePublished":"2025-01-16T02:12:33+00:00","dateModified":"2025-04-27T03:53:20+00:00","description":"Explore bulk discounts on Smart LED Downlights! Enjoy energy efficiency, quick shipping, and customizable options for your commercial needs","breadcrumb":{"@id":"https:\/\/radianslighting.com\/product\/smart-led-downlights#breadcrumb"},"inLanguage":"da-DK","potentialAction":[{"@type":"ReadAction","target":["https:\/\/radianslighting.com\/product\/smart-led-downlights"]}]},{"@type":"BreadcrumbList","@id":"https:\/\/radianslighting.com\/product\/smart-led-downlights#breadcrumb","itemListElement":[{"@type":"ListItem","position":1,"name":"Home","item":"https:\/\/radianslighting.com\/"},{"@type":"ListItem","position":2,"name":"Shop","item":"https:\/\/radianslighting.com\/shop"},{"@type":"ListItem","position":3,"name":"Smart LED Downlights"}]},{"@type":"WebSite","@id":"https:\/\/radianslighting.com\/#website","url":"https:\/\/radianslighting.com\/","name":"Radians Lighting","description":"LED Lights Manufacturer | LED Downlights | Track Lights | High-Efficiency, 5-year warranty | Radians","publisher":{"@id":"https:\/\/radianslighting.com\/#organization"},"potentialAction":[{"@type":"SearchAction","target":{"@type":"EntryPoint","urlTemplate":"https:\/\/radianslighting.com\/?s={search_term_string}"},"query-input":"required name=search_term_string"}],"inLanguage":"da-DK"},{"@type":"Organization","@id":"https:\/\/radianslighting.com\/#organization","name":"Radians Lighting","url":"https:\/\/radianslighting.com\/","logo":{"@type":"ImageObject","inLanguage":"da-DK","@id":"https:\/\/radianslighting.com\/#\/schema\/logo\/image\/","url":"https:\/\/radianslighting.com\/wp-content\/uploads\/2024\/07\/LOGO-1.jpg","contentUrl":"https:\/\/radianslighting.com\/wp-content\/uploads\/2024\/07\/LOGO-1.jpg","width":1835,"height":411,"caption":"Radians Lighting"},"image":{"@id":"https:\/\/radianslighting.com\/#\/schema\/logo\/image\/"}}]}},"_links":{"self":[{"href":"https:\/\/radianslighting.com\/da\/wp-json\/wp\/v2\/product\/8050"}],"collection":[{"href":"https:\/\/radianslighting.com\/da\/wp-json\/wp\/v2\/product"}],"about":[{"href":"https:\/\/radianslighting.com\/da\/wp-json\/wp\/v2\/types\/product"}],"replies":[{"embeddable":true,"href":"https:\/\/radianslighting.com\/da\/wp-json\/wp\/v2\/comments?post=8050"}],"wp:featuredmedia":[{"embeddable":true,"href":"https:\/\/radianslighting.com\/da\/wp-json\/wp\/v2\/media\/8051"}],"wp:attachment":[{"href":"https:\/\/radianslighting.com\/da\/wp-json\/wp\/v2\/media?parent=8050"}],"wp:term":[{"taxonomy":"product_cat","embeddable":true,"href":"https:\/\/radianslighting.com\/da\/wp-json\/wp\/v2\/product_cat?post=8050"},{"taxonomy":"product_tag","embeddable":true,"href":"https:\/\/radianslighting.com\/da\/wp-json\/wp\/v2\/product_tag?post=8050"}],"curies":[{"name":"wp","href":"https:\/\/api.w.org\/{rel}","templated":true}]}}