{"id":8049,"date":"2025-01-16T02:11:41","date_gmt":"2025-01-16T02:11:41","guid":{"rendered":"https:\/\/radianslighting.com\/?post_type=product&#038;p=8049"},"modified":"2025-06-06T02:47:51","modified_gmt":"2025-06-06T02:47:51","slug":"rgb-downlight","status":"publish","type":"product","link":"https:\/\/radianslighting.com\/da\/vare\/rgb-downlight","title":{"rendered":"RGB Downlight"},"content":{"rendered":"<p>RGB downlights er en unik type lysarmatur, der fremh\u00e6ver ethvert rum med farve. Disse lys bruger en kombination af r\u00f8de, gr\u00f8nne og bl\u00e5 LED&#039;er til at skabe levende nuancer. Denne funktion giver brugerne mulighed for at indstille stemningen efter deres pr\u00e6ferencer eller begivenheder.<\/p>\n<p>En af de bedste ting ved RGB downlights er deres fleksibilitet i design og funktion. Du kan installere dem p\u00e5 forskellige steder som k\u00f8kkener, stuer eller endda udend\u00f8rs. Deres evne til at blande sig med forskellige indretningsstile g\u00f8r dem til en favorit blandt designere.<\/p>\n<p>RGB-downlights hj\u00e6lper ogs\u00e5 med at fremh\u00e6ve bestemte omr\u00e5der eller genstande i et rum. Ved at justere farven og lysstyrken kan du henlede opm\u00e6rksomheden p\u00e5 kunstv\u00e6rker eller arkitektoniske tr\u00e6k. Denne egenskab tilf\u00f8jer dybde og interesse til dine indre rum.<\/p>\n<p>Et andet godt aspekt ved disse lys er deres brugervenlighed. Mange RGB-downlights kommer med brugervenlige kontroller, der g\u00f8r justeringer enkle. Du kan \u00e6ndre farver med blot et tryk p\u00e5 din telefon eller et klik p\u00e5 en fjernbetjening.<\/p>\n<p>Energieffektivitet er en anden v\u00e6sentlig fordel ved RGB downlights. De bruger mindre elektricitet end traditionelle p\u00e6rer, mens de giver den samme eller bedre belysning. Denne effektivitet betyder lavere energiregninger og mindre hyppige udskiftninger.<\/p>\n<p>Afslutningsvis tilbyder RGB downlights en sp\u00e6ndende m\u00e5de at forbedre din lysoplevelse derhjemme eller p\u00e5 arbejdet. Deres alsidighed, brugervenlighed, energibesparelser og evne til at skabe fantastiske billeder g\u00f8r dem til en attraktiv mulighed for mange.<\/p>\n<h2>Produktudstilling af Downlight Spotlight:<\/h2>\n<h2><img fetchpriority=\"high\" decoding=\"async\" class=\"alignnone size-full wp-image-6476\" src=\"https:\/\/radianslighting.com\/wp-content\/uploads\/2023\/02\/\u4ea7\u54c11.780.png\" alt=\"LED Spot Downlight\" width=\"7680\" height=\"5760\" srcset=\"https:\/\/radianslighting.com\/wp-content\/uploads\/2023\/02\/\u4ea7\u54c11.780.png 7680w, https:\/\/radianslighting.com\/wp-content\/uploads\/2023\/02\/\u4ea7\u54c11.780-300x225.png 300w, https:\/\/radianslighting.com\/wp-content\/uploads\/2023\/02\/\u4ea7\u54c11.780-1024x768.png 1024w, https:\/\/radianslighting.com\/wp-content\/uploads\/2023\/02\/\u4ea7\u54c11.780-768x576.png 768w, https:\/\/radianslighting.com\/wp-content\/uploads\/2023\/02\/\u4ea7\u54c11.780-1536x1152.png 1536w, https:\/\/radianslighting.com\/wp-content\/uploads\/2023\/02\/\u4ea7\u54c11.780-2048x1536.png 2048w, https:\/\/radianslighting.com\/wp-content\/uploads\/2023\/02\/\u4ea7\u54c11.780-600x450.png 600w\" sizes=\"(max-width: 7680px) 100vw, 7680px\" \/> <img decoding=\"async\" class=\"alignnone size-full wp-image-6475\" src=\"https:\/\/radianslighting.com\/wp-content\/uploads\/2023\/02\/\u4ea7\u54c11.782.png\" alt=\"LED Spot Downlight\" width=\"7680\" height=\"5760\" srcset=\"https:\/\/radianslighting.com\/wp-content\/uploads\/2023\/02\/\u4ea7\u54c11.782.png 7680w, https:\/\/radianslighting.com\/wp-content\/uploads\/2023\/02\/\u4ea7\u54c11.782-300x225.png 300w, https:\/\/radianslighting.com\/wp-content\/uploads\/2023\/02\/\u4ea7\u54c11.782-1024x768.png 1024w, https:\/\/radianslighting.com\/wp-content\/uploads\/2023\/02\/\u4ea7\u54c11.782-768x576.png 768w, https:\/\/radianslighting.com\/wp-content\/uploads\/2023\/02\/\u4ea7\u54c11.782-1536x1152.png 1536w, https:\/\/radianslighting.com\/wp-content\/uploads\/2023\/02\/\u4ea7\u54c11.782-2048x1536.png 2048w, https:\/\/radianslighting.com\/wp-content\/uploads\/2023\/02\/\u4ea7\u54c11.782-600x450.png 600w\" sizes=\"(max-width: 7680px) 100vw, 7680px\" \/> <img decoding=\"async\" class=\"alignnone size-full wp-image-6474\" src=\"https:\/\/radianslighting.com\/wp-content\/uploads\/2023\/02\/\u4ea7\u54c11.781.png\" alt=\"LED Spot Downlight\" width=\"7680\" height=\"5760\" srcset=\"https:\/\/radianslighting.com\/wp-content\/uploads\/2023\/02\/\u4ea7\u54c11.781.png 7680w, https:\/\/radianslighting.com\/wp-content\/uploads\/2023\/02\/\u4ea7\u54c11.781-300x225.png 300w, https:\/\/radianslighting.com\/wp-content\/uploads\/2023\/02\/\u4ea7\u54c11.781-1024x768.png 1024w, https:\/\/radianslighting.com\/wp-content\/uploads\/2023\/02\/\u4ea7\u54c11.781-768x576.png 768w, https:\/\/radianslighting.com\/wp-content\/uploads\/2023\/02\/\u4ea7\u54c11.781-1536x1152.png 1536w, https:\/\/radianslighting.com\/wp-content\/uploads\/2023\/02\/\u4ea7\u54c11.781-2048x1536.png 2048w, https:\/\/radianslighting.com\/wp-content\/uploads\/2023\/02\/\u4ea7\u54c11.781-600x450.png 600w\" sizes=\"(max-width: 7680px) 100vw, 7680px\" \/><\/h2>\n<h2>Ofte stillede sp\u00f8rgsm\u00e5l:<\/h2>\n<p><strong>Sp\u00f8rgsm\u00e5l<\/strong>: Er du en fabrik?<br \/>\n<strong>Svar<\/strong>: Ja, vi er en professionel producent med mange erfarne ingeni\u00f8rer og medarbejdere.<\/p>\n<p><strong>Sp\u00f8rgsm\u00e5l<\/strong>: Har du nogen MOQ-gr\u00e6nse for LED-lysordrer?<br \/>\n<strong>Svar<\/strong>: Nej. Ingen MOQ begr\u00e6nset. Du kan placere 1 stk til test og inspektion.<\/p>\n<p><strong>Sp\u00f8rgsm\u00e5l<\/strong>: Hvad med din leveringstid?<br \/>\n<strong>Svar<\/strong>: 3-5 arbejdsdage for pr\u00f8ver, 15 arbejdsdage for batchordrer.<\/p>\n<p><strong>Sp\u00f8rgsm\u00e5l<\/strong>: Hvor mange \u00e5rs garanti tilbyder du for din downlight?<br \/>\n<strong>Svar<\/strong>:Generelt tilbyder vi 3 \u00e5r eller 5 \u00e5r for det meste af vores downlight. Hvis du har yderligere anmodninger, er du velkommen til at give os besked.<\/p>\n<p><strong>Sp\u00f8rgsm\u00e5l<\/strong>: Kan jeg s\u00e6tte mit logo p\u00e5 dit produkt og din pakke?<br \/>\n<strong>Svar<\/strong>: Selvf\u00f8lgelig. Men vi har MOQ til OEM-service for forskellige produkter.<\/p>","protected":false},"excerpt":{"rendered":"<ul>\n<li>Model nr.: RSRD1T6R-RGB<\/li>\n<li>Effekt: 6W<\/li>\n<li>Sp\u00e6nding: AC 120V\/ AC22-240V 50~60Hz<\/li>\n<li>Lumen: 450lm\/500lm<\/li>\n<li>Lysfarve: RGB+CCT<\/li>\n<li>CRI: 80\/90<\/li>\n<li>Dim: Tuya, Zigbee, tr\u00e5dl\u00f8s controller<\/li>\n<li>Effektfaktor: 0,5<\/li>\n<li>Str\u00e5levinkel: 40\u00b0 reflektor eller 100\u00b0 diffuser<\/li>\n<li>Udsk\u00e6ring: \u03c668-75 mm<\/li>\n<li>IP-klassificering: IP44<\/li>\n<li>M\u00e5l: \u03c685x32mm<\/li>\n<li>Farve: Hvid\/Sort\/Nikkel\/Krom\/Gylden\/Andet<\/li>\n<li>Materiale: Aluminiumslegering<\/li>\n<li>Levetid: 25.000 timer<\/li>\n<li>Garanti: 3 \u00e5r<\/li>\n<li>Bem\u00e6rkning: RGB Downlight<\/li>\n<\/ul>","protected":false},"featured_media":8052,"comment_status":"closed","ping_status":"closed","template":"","meta":[],"product_cat":[520,521,522,483,491,497,499,501,500,481,513,493,494,487,150,492,509,200,590,502,545,221,484,498,533],"product_tag":[44,45,46,47,343,287,196,206,460,218,220,459,250,251,252,253],"class_list":{"0":"post-8049","1":"product","2":"type-product","3":"status-publish","4":"has-post-thumbnail","6":"product_cat-68mm-cut-out-downlights","7":"product_cat-70mm-downlight","8":"product_cat-75mm-downlight","9":"product_cat-adjustable-downlights","10":"product_cat-bedroom-downlights","11":"product_cat-black-downlights","12":"product_cat-brushed-brass-downlights","13":"product_cat-brushed-steel-downlights","14":"product_cat-chrome-downlights","15":"product_cat-cob-downlight","16":"product_cat-downlight-ip44","17":"product_cat-downlights-for-hallway","18":"product_cat-hotel-downlight","19":"product_cat-ic-rated-downlights","20":"product_cat-led-downlight","21":"product_cat-living-room-downlights","22":"product_cat-low-profile-led-downlights","23":"product_cat-recessed-downlight","24":"product_cat-recessed-spotlights","25":"product_cat-rgb-downlight","26":"product_cat-round-led-downlight","27":"product_cat-smart-light","28":"product_cat-tilt-led-downlights","29":"product_cat-white-downlights","30":"product_cat-zigbee-downlight","31":"product_tag-adjustable-down-lights","32":"product_tag-adjustable-downlights","33":"product_tag-adjustable-led-downlight","34":"product_tag-adjustable-led-recessed-lighting","35":"product_tag-downlight-orientable","36":"product_tag-gyro-led-downlight","37":"product_tag-recessed-adjustable-downlight","38":"product_tag-rgb-downlight","39":"product_tag-rgb-led-downlights","40":"product_tag-smart-downlights","41":"product_tag-smart-led-downlights","42":"product_tag-smart-recessed-lighting","43":"product_tag-tilt-downlights","44":"product_tag-tilt-led-downlights","45":"product_tag-tilt-spotlights","46":"product_tag-tiltable-downlights","48":"first","49":"instock","50":"featured","51":"shipping-taxable","52":"purchasable","53":"product-type-simple"},"yoast_head":"<!-- This site is optimized with the Yoast SEO Premium plugin v20.8 (Yoast SEO v21.9.1) - https:\/\/yoast.com\/wordpress\/plugins\/seo\/ -->\n<title>RGB Downlights: 30,000hr Lifespan, CE Certified, High lumen | Radians<\/title>\n<meta name=\"description\" content=\"Discover bulk RGB downlights with 25,000 hour lifespan and tiered pricing. Quick shipping and energy-efficient options for commercial use. Order now!\" \/>\n<meta name=\"robots\" content=\"index, follow, max-snippet:-1, max-image-preview:large, max-video-preview:-1\" \/>\n<link rel=\"canonical\" href=\"https:\/\/radianslighting.com\/da\/vare\/rgb-downlight\/\" \/>\n<meta property=\"og:locale\" content=\"da_DK\" \/>\n<meta property=\"og:type\" content=\"article\" \/>\n<meta property=\"og:title\" content=\"RGB Downlight\" \/>\n<meta property=\"og:description\" content=\"Discover bulk RGB downlights with 25,000 hour lifespan and tiered pricing. Quick shipping and energy-efficient options for commercial use. Order now!\" \/>\n<meta property=\"og:url\" content=\"https:\/\/radianslighting.com\/da\/vare\/rgb-downlight\/\" \/>\n<meta property=\"og:site_name\" content=\"Radians Lighting\" \/>\n<meta property=\"article:modified_time\" content=\"2025-06-06T02:47:51+00:00\" \/>\n<meta property=\"og:image\" content=\"https:\/\/radianslighting.com\/wp-content\/uploads\/2025\/01\/RSRD1T6R-RGB.jpg\" \/>\n\t<meta property=\"og:image:width\" content=\"1000\" \/>\n\t<meta property=\"og:image:height\" content=\"1000\" \/>\n\t<meta property=\"og:image:type\" content=\"image\/jpeg\" \/>\n<meta name=\"twitter:card\" content=\"summary_large_image\" \/>\n<meta name=\"twitter:label1\" content=\"Estimeret l\u00e6setid\" \/>\n\t<meta name=\"twitter:data1\" content=\"3 minutter\" \/>\n<script type=\"application\/ld+json\" class=\"yoast-schema-graph\">{\"@context\":\"https:\/\/schema.org\",\"@graph\":[{\"@type\":\"WebPage\",\"@id\":\"https:\/\/radianslighting.com\/product\/rgb-downlight\",\"url\":\"https:\/\/radianslighting.com\/product\/rgb-downlight\",\"name\":\"RGB Downlights: 30,000hr Lifespan, CE Certified, High lumen | Radians\",\"isPartOf\":{\"@id\":\"https:\/\/radianslighting.com\/#website\"},\"datePublished\":\"2025-01-16T02:11:41+00:00\",\"dateModified\":\"2025-06-06T02:47:51+00:00\",\"description\":\"Discover bulk RGB downlights with 25,000 hour lifespan and tiered pricing. Quick shipping and energy-efficient options for commercial use. Order now!\",\"breadcrumb\":{\"@id\":\"https:\/\/radianslighting.com\/product\/rgb-downlight#breadcrumb\"},\"inLanguage\":\"da-DK\",\"potentialAction\":[{\"@type\":\"ReadAction\",\"target\":[\"https:\/\/radianslighting.com\/product\/rgb-downlight\"]}]},{\"@type\":\"BreadcrumbList\",\"@id\":\"https:\/\/radianslighting.com\/product\/rgb-downlight#breadcrumb\",\"itemListElement\":[{\"@type\":\"ListItem\",\"position\":1,\"name\":\"Home\",\"item\":\"https:\/\/radianslighting.com\/\"},{\"@type\":\"ListItem\",\"position\":2,\"name\":\"Shop\",\"item\":\"https:\/\/radianslighting.com\/shop\"},{\"@type\":\"ListItem\",\"position\":3,\"name\":\"RGB Downlight\"}]},{\"@type\":\"WebSite\",\"@id\":\"https:\/\/radianslighting.com\/#website\",\"url\":\"https:\/\/radianslighting.com\/\",\"name\":\"Radians Lighting\",\"description\":\"LED Lights Manufacturer | LED Downlights | Track Lights | High-Efficiency, 5-year warranty | Radians\",\"publisher\":{\"@id\":\"https:\/\/radianslighting.com\/#organization\"},\"potentialAction\":[{\"@type\":\"SearchAction\",\"target\":{\"@type\":\"EntryPoint\",\"urlTemplate\":\"https:\/\/radianslighting.com\/?s={search_term_string}\"},\"query-input\":\"required name=search_term_string\"}],\"inLanguage\":\"da-DK\"},{\"@type\":\"Organization\",\"@id\":\"https:\/\/radianslighting.com\/#organization\",\"name\":\"Radians Lighting\",\"url\":\"https:\/\/radianslighting.com\/\",\"logo\":{\"@type\":\"ImageObject\",\"inLanguage\":\"da-DK\",\"@id\":\"https:\/\/radianslighting.com\/#\/schema\/logo\/image\/\",\"url\":\"https:\/\/radianslighting.com\/wp-content\/uploads\/2024\/07\/LOGO-1.jpg\",\"contentUrl\":\"https:\/\/radianslighting.com\/wp-content\/uploads\/2024\/07\/LOGO-1.jpg\",\"width\":1835,\"height\":411,\"caption\":\"Radians Lighting\"},\"image\":{\"@id\":\"https:\/\/radianslighting.com\/#\/schema\/logo\/image\/\"}}]}<\/script>\n<!-- \/ Yoast SEO Premium plugin. -->","yoast_head_json":{"title":"RGB Downlights: 30,000hr Lifespan, CE Certified, High lumen | Radians","description":"Discover bulk RGB downlights with 25,000 hour lifespan and tiered pricing. Quick shipping and energy-efficient options for commercial use. Order now!","robots":{"index":"index","follow":"follow","max-snippet":"max-snippet:-1","max-image-preview":"max-image-preview:large","max-video-preview":"max-video-preview:-1"},"canonical":"https:\/\/radianslighting.com\/da\/vare\/rgb-downlight\/","og_locale":"da_DK","og_type":"article","og_title":"RGB Downlight","og_description":"Discover bulk RGB downlights with 25,000 hour lifespan and tiered pricing. Quick shipping and energy-efficient options for commercial use. Order now!","og_url":"https:\/\/radianslighting.com\/da\/vare\/rgb-downlight\/","og_site_name":"Radians Lighting","article_modified_time":"2025-06-06T02:47:51+00:00","og_image":[{"width":1000,"height":1000,"url":"https:\/\/radianslighting.com\/wp-content\/uploads\/2025\/01\/RSRD1T6R-RGB.jpg","type":"image\/jpeg"}],"twitter_card":"summary_large_image","twitter_misc":{"Estimeret l\u00e6setid":"3 minutter"},"schema":{"@context":"https:\/\/schema.org","@graph":[{"@type":"WebPage","@id":"https:\/\/radianslighting.com\/product\/rgb-downlight","url":"https:\/\/radianslighting.com\/product\/rgb-downlight","name":"RGB Downlights: 30,000hr Lifespan, CE Certified, High lumen | Radians","isPartOf":{"@id":"https:\/\/radianslighting.com\/#website"},"datePublished":"2025-01-16T02:11:41+00:00","dateModified":"2025-06-06T02:47:51+00:00","description":"Discover bulk RGB downlights with 25,000 hour lifespan and tiered pricing. Quick shipping and energy-efficient options for commercial use. Order now!","breadcrumb":{"@id":"https:\/\/radianslighting.com\/product\/rgb-downlight#breadcrumb"},"inLanguage":"da-DK","potentialAction":[{"@type":"ReadAction","target":["https:\/\/radianslighting.com\/product\/rgb-downlight"]}]},{"@type":"BreadcrumbList","@id":"https:\/\/radianslighting.com\/product\/rgb-downlight#breadcrumb","itemListElement":[{"@type":"ListItem","position":1,"name":"Home","item":"https:\/\/radianslighting.com\/"},{"@type":"ListItem","position":2,"name":"Shop","item":"https:\/\/radianslighting.com\/shop"},{"@type":"ListItem","position":3,"name":"RGB Downlight"}]},{"@type":"WebSite","@id":"https:\/\/radianslighting.com\/#website","url":"https:\/\/radianslighting.com\/","name":"Radians Lighting","description":"LED Lights Manufacturer | LED Downlights | Track Lights | High-Efficiency, 5-year warranty | Radians","publisher":{"@id":"https:\/\/radianslighting.com\/#organization"},"potentialAction":[{"@type":"SearchAction","target":{"@type":"EntryPoint","urlTemplate":"https:\/\/radianslighting.com\/?s={search_term_string}"},"query-input":"required name=search_term_string"}],"inLanguage":"da-DK"},{"@type":"Organization","@id":"https:\/\/radianslighting.com\/#organization","name":"Radians Lighting","url":"https:\/\/radianslighting.com\/","logo":{"@type":"ImageObject","inLanguage":"da-DK","@id":"https:\/\/radianslighting.com\/#\/schema\/logo\/image\/","url":"https:\/\/radianslighting.com\/wp-content\/uploads\/2024\/07\/LOGO-1.jpg","contentUrl":"https:\/\/radianslighting.com\/wp-content\/uploads\/2024\/07\/LOGO-1.jpg","width":1835,"height":411,"caption":"Radians Lighting"},"image":{"@id":"https:\/\/radianslighting.com\/#\/schema\/logo\/image\/"}}]}},"_links":{"self":[{"href":"https:\/\/radianslighting.com\/da\/wp-json\/wp\/v2\/product\/8049"}],"collection":[{"href":"https:\/\/radianslighting.com\/da\/wp-json\/wp\/v2\/product"}],"about":[{"href":"https:\/\/radianslighting.com\/da\/wp-json\/wp\/v2\/types\/product"}],"replies":[{"embeddable":true,"href":"https:\/\/radianslighting.com\/da\/wp-json\/wp\/v2\/comments?post=8049"}],"wp:featuredmedia":[{"embeddable":true,"href":"https:\/\/radianslighting.com\/da\/wp-json\/wp\/v2\/media\/8052"}],"wp:attachment":[{"href":"https:\/\/radianslighting.com\/da\/wp-json\/wp\/v2\/media?parent=8049"}],"wp:term":[{"taxonomy":"product_cat","embeddable":true,"href":"https:\/\/radianslighting.com\/da\/wp-json\/wp\/v2\/product_cat?post=8049"},{"taxonomy":"product_tag","embeddable":true,"href":"https:\/\/radianslighting.com\/da\/wp-json\/wp\/v2\/product_tag?post=8049"}],"curies":[{"name":"wp","href":"https:\/\/api.w.org\/{rel}","templated":true}]}}