{"id":7491,"date":"2025-01-03T03:49:43","date_gmt":"2025-01-03T03:49:43","guid":{"rendered":"https:\/\/radianslighting.com\/?post_type=product&#038;p=7491"},"modified":"2025-07-21T02:43:51","modified_gmt":"2025-07-21T02:43:51","slug":"under-cabinet-lighting","status":"publish","type":"product","link":"https:\/\/radianslighting.com\/da\/vare\/under-cabinet-lighting","title":{"rendered":"Under skabsbelysning"},"content":{"rendered":"<p>Underskabsbelysning er et popul\u00e6rt valg til mange k\u00f8kkener. Det giver fokuseret lys lige hvor du har brug for det. Denne type belysning installeres under skabene, oplysende bordplader og arbejdsomr\u00e5der. Det hj\u00e6lper med at reducere skygger, mens du laver mad eller tilbereder mad.<\/p>\n<p>En stor fordel ved underskabsbelysning er dens omkostningseffektivitet. I stedet for at installere nye lamper eller loftarmaturer, kan du tilf\u00f8je lys direkte i eksisterende skabe. Dette sparer b\u00e5de tid og penge under installationen.<\/p>\n<p>En anden fordel er energieffektivitet. Under kabinetlys dirigerer lyset til specifikke omr\u00e5der, hvilket minimerer spild af energi. De bruger ofte LED-teknologi, som bruger mindre str\u00f8m end traditionelle p\u00e6rer.<\/p>\n<p>Der er forskellige stilarter af underskabsbelysning at v\u00e6lge imellem:<\/p>\n<ul>\n<li><strong>Puck lys:<\/strong> Disse sm\u00e5, runde lamper giver fokuserede lys og er nemme at installere.<\/li>\n<li><strong>Reb lys:<\/strong> Tynde og diskrete giver de en bl\u00f8dere gl\u00f8d og kan formes til at passe til ethvert rum.<\/li>\n<\/ul>\n<p>Installationsmulighederne varierer ogs\u00e5. Du kan v\u00e6lge mellem plug-in, batteridrevne eller fastkablede systemer. Plug-in lys er enkle at s\u00e6tte op, mens kabelforbundne muligheder kan kr\u00e6ve en elektriker.<\/p>\n<p>Sammenfattende, underskabsbelysning forbedrer k\u00f8kkenets funktionalitet og stil. Det forbedrer synlighed under madlavning og tilf\u00f8jer et moderne touch til dit rum. Med forskellige stilarter og installationsmetoder tilg\u00e6ngelige, er det nemt at finde den rigtige pasform til dit hjem.<\/p>\n<h2>Produktudstilling af underskabsbelysning:<\/h2>\n<p><img fetchpriority=\"high\" decoding=\"async\" class=\"alignnone size-full wp-image-7503\" src=\"https:\/\/radianslighting.com\/wp-content\/uploads\/2025\/01\/Under-cabinet-shelf-light.jpg\" alt=\"Under Cabinet Lighting\" width=\"2000\" height=\"1126\" srcset=\"https:\/\/radianslighting.com\/wp-content\/uploads\/2025\/01\/Under-cabinet-shelf-light.jpg 2000w, https:\/\/radianslighting.com\/wp-content\/uploads\/2025\/01\/Under-cabinet-shelf-light-300x169.jpg 300w, https:\/\/radianslighting.com\/wp-content\/uploads\/2025\/01\/Under-cabinet-shelf-light-1024x577.jpg 1024w, https:\/\/radianslighting.com\/wp-content\/uploads\/2025\/01\/Under-cabinet-shelf-light-768x432.jpg 768w, https:\/\/radianslighting.com\/wp-content\/uploads\/2025\/01\/Under-cabinet-shelf-light-1536x865.jpg 1536w, https:\/\/radianslighting.com\/wp-content\/uploads\/2025\/01\/Under-cabinet-shelf-light-600x338.jpg 600w\" sizes=\"(max-width: 2000px) 100vw, 2000px\" \/><\/p>\n<h2>Ofte stillede sp\u00f8rgsm\u00e5l:<\/h2>\n<p><strong>Sp\u00f8rgsm\u00e5l<\/strong>: Er du en fabrik?<br \/>\n<strong>Svar<\/strong>: Ja, vi er en professionel producent med mange erfarne ingeni\u00f8rer og medarbejdere.<\/p>\n<p><strong>Sp\u00f8rgsm\u00e5l<\/strong>: Har du nogen MOQ-gr\u00e6nse for LED-lysordrer?<br \/>\n<strong>Svar<\/strong>: Nej. Ingen MOQ begr\u00e6nset. Du kan placere 1 stk til test og inspektion.<\/p>\n<p><strong>Sp\u00f8rgsm\u00e5l<\/strong>: Hvad med din leveringstid?<br \/>\n<strong>Svar<\/strong>: 3-5 arbejdsdage for pr\u00f8ver, 15 arbejdsdage for batchordrer.<\/p>\n<p><strong>Sp\u00f8rgsm\u00e5l<\/strong>: Hvor mange \u00e5rs garanti tilbyder du for din downlight?<br \/>\n<strong>Svar<\/strong>:Generelt tilbyder vi 3 \u00e5r eller 5 \u00e5r for det meste af vores downlight. Hvis du har yderligere anmodninger, er du velkommen til at give os besked.<\/p>\n<p><strong>Sp\u00f8rgsm\u00e5l<\/strong>: Kan jeg s\u00e6tte mit logo p\u00e5 dit produkt og din pakke?<br \/>\n<strong>Svar<\/strong>: Selvf\u00f8lgelig. Men vi har MOQ til OEM-service for forskellige produkter.<\/p>","protected":false},"excerpt":{"rendered":"<ul>\n<li>Model nr.: RSRD1F3L<\/li>\n<li>Effekt: 3W (2-6 stk armaturer kan tilsluttes med en driver.)<\/li>\n<li>Sp\u00e6nding: AC 120V\/ AC22-240V 50~60Hz<\/li>\n<li>Lumen: 240lm<\/li>\n<li>CCT: 2700K\/3000K\/4000K\/57000K\/DTW<\/li>\n<li>CRI: 80\/90 eller over Ra93, Ra95 tilg\u00e6ngelig.<\/li>\n<li>SDCM: 3<\/li>\n<li>Dim: Ingen d\u00e6mpning, triac, 0\/1-10V, DALI<\/li>\n<li>Effektfaktor: 0,6<\/li>\n<li>Str\u00e5levinkel: 90\u00b0<\/li>\n<li>Udsk\u00e6ring: \u03c655-60mm<\/li>\n<li>IP-klassificering: IP44<\/li>\n<li>Dimension: \u03c670x15mm (12,5mm dybde)<\/li>\n<li>Farve: Hvid\/Sort\/Nikkel\/Krom\/Gylden\/Andet<\/li>\n<li>Materiale: Rustfri.<\/li>\n<li>Levetid: 25.000 timer eller 50.000 timer<\/li>\n<li>Garanti: 3 \u00e5r\/5 \u00e5r<\/li>\n<li>Bem\u00e6rkning: Underskabsbelysning<\/li>\n<\/ul>","protected":false},"featured_media":7502,"comment_status":"open","ping_status":"closed","template":"","meta":[],"product_cat":[504,536,516,499,501,500,481,506,513,389,150,291,200,545,508,482,489,498],"product_tag":[70,71,79,84,87,88,89,90,91,92,93,472,94,324,103,107,137,140,146,355,162,168,174,177,178,179,180,325,181,182,183,205,213,323,302,214,215,344,216,223,224,225,226,227,231,260,381,383,261,382,405],"class_list":{"0":"post-7491","1":"product","2":"type-product","3":"status-publish","4":"has-post-thumbnail","6":"product_cat-2700k-downlight","7":"product_cat-3w-led-downlight","8":"product_cat-60mm-cut-out-downlights","9":"product_cat-brushed-brass-downlights","10":"product_cat-brushed-steel-downlights","11":"product_cat-chrome-downlights","12":"product_cat-cob-downlight","13":"product_cat-cool-white-downlight","14":"product_cat-downlight-ip44","15":"product_cat-kitchen-under-cabinet-downlights","16":"product_cat-led-downlight","17":"product_cat-mini-downlight","18":"product_cat-recessed-downlight","19":"product_cat-round-led-downlight","20":"product_cat-slim-downlights","21":"product_cat-smd-led-downlight","22":"product_cat-under-cabinet-lighting","23":"product_cat-white-downlights","24":"product_tag-cabinet-downlight","25":"product_tag-cabinet-spotlight","26":"product_tag-chrome-spot-lights","27":"product_tag-cool-white-spotlights","28":"product_tag-dimmable-down-lights","29":"product_tag-dimmable-downlight","30":"product_tag-dimmable-downlights","31":"product_tag-dimmable-led-downlights","32":"product_tag-dimmable-led-spotlights","33":"product_tag-dimmable-spotlights","34":"product_tag-dimmer-downlights","35":"product_tag-dimmer-downlightsac","36":"product_tag-dimmer-led-spots","37":"product_tag-downlight-led-3w","38":"product_tag-downlight-mini","39":"product_tag-fire-rated-dimmable-led-downlights","40":"product_tag-kitchen-cabinet-downlights","41":"product_tag-kitchen-downlights","42":"product_tag-led-cabinet-downlights","43":"product_tag-led-dimmable-spotlights","44":"product_tag-led-recessed-lighting-dimmable","45":"product_tag-led-spotlights-kitchen-ceiling","46":"product_tag-low-profile-led-downlights","47":"product_tag-mini-down-lights","48":"product_tag-mini-downlights","49":"product_tag-mini-downlights-ip65","50":"product_tag-mini-led-downlights","51":"product_tag-mini-led-downlights-3w-dimmable","52":"product_tag-mini-led-spotlights","53":"product_tag-mini-spot-lights-led","54":"product_tag-mini-spotlight","55":"product_tag-recessed-under-cabinet-lighting","56":"product_tag-small-ceiling-spotlights","57":"product_tag-small-down-lights","58":"product_tag-small-downlights","59":"product_tag-small-led-downlights","60":"product_tag-small-led-spotlights","61":"product_tag-small-recessed-lights","62":"product_tag-small-spotlight","63":"product_tag-smd-led-downlight","64":"product_tag-spot-dimmable","65":"product_tag-spot-dimmable-led","66":"product_tag-spot-downlight-led","67":"product_tag-spot-led-dimmable","68":"product_tag-spot-lights-for-kitchen","69":"product_tag-under-cabinet-downlights","70":"product_tag-under-cabinet-led-lighting","71":"product_tag-under-cabinet-lighting","72":"product_tag-under-counter-spotlights","73":"product_tag-under-kitchen-cabinet-lighting","74":"product_tag-under-kitchen-cabinet-lightingchrome-spot-lights","76":"first","77":"instock","78":"shipping-taxable","79":"purchasable","80":"product-type-simple"},"yoast_head":"<!-- This site is optimized with the Yoast SEO Premium plugin v20.8 (Yoast SEO v21.9.1) - https:\/\/yoast.com\/wordpress\/plugins\/seo\/ -->\n<title>Energy-Efficient LED Under Cabinet Lighting - 3000K, IP44, 50,000hr Lifespan | Radians<\/title>\n<meta name=\"description\" content=\"Discover bulk discounts on high-quality LED under cabinet lighting. Enjoy quick shipping, tiered pricing, and long-term energy savings. Ideal for commercial kitchens and offices.\" \/>\n<meta name=\"robots\" content=\"index, follow, max-snippet:-1, max-image-preview:large, max-video-preview:-1\" \/>\n<link rel=\"canonical\" href=\"https:\/\/radianslighting.com\/da\/vare\/under-cabinet-lighting\/\" \/>\n<meta property=\"og:locale\" content=\"da_DK\" \/>\n<meta property=\"og:type\" content=\"article\" \/>\n<meta property=\"og:title\" content=\"Under Cabinet Lighting\" \/>\n<meta property=\"og:description\" content=\"Discover bulk discounts on high-quality LED under cabinet lighting. Enjoy quick shipping, tiered pricing, and long-term energy savings. Ideal for commercial kitchens and offices.\" \/>\n<meta property=\"og:url\" content=\"https:\/\/radianslighting.com\/da\/vare\/under-cabinet-lighting\/\" \/>\n<meta property=\"og:site_name\" content=\"Radians Lighting\" \/>\n<meta property=\"article:modified_time\" content=\"2025-07-21T02:43:51+00:00\" \/>\n<meta property=\"og:image\" content=\"https:\/\/radianslighting.com\/wp-content\/uploads\/2025\/01\/cabinet-spot-11.jpg\" \/>\n\t<meta property=\"og:image:width\" content=\"1000\" \/>\n\t<meta property=\"og:image:height\" content=\"1000\" \/>\n\t<meta property=\"og:image:type\" content=\"image\/jpeg\" \/>\n<meta name=\"twitter:card\" content=\"summary_large_image\" \/>\n<meta name=\"twitter:label1\" content=\"Estimeret l\u00e6setid\" \/>\n\t<meta name=\"twitter:data1\" content=\"2 minutter\" \/>\n<script type=\"application\/ld+json\" class=\"yoast-schema-graph\">{\"@context\":\"https:\/\/schema.org\",\"@graph\":[{\"@type\":\"WebPage\",\"@id\":\"https:\/\/radianslighting.com\/product\/under-cabinet-lighting\",\"url\":\"https:\/\/radianslighting.com\/product\/under-cabinet-lighting\",\"name\":\"Energy-Efficient LED Under Cabinet Lighting - 3000K, IP44, 50,000hr Lifespan | Radians\",\"isPartOf\":{\"@id\":\"https:\/\/radianslighting.com\/#website\"},\"datePublished\":\"2025-01-03T03:49:43+00:00\",\"dateModified\":\"2025-07-21T02:43:51+00:00\",\"description\":\"Discover bulk discounts on high-quality LED under cabinet lighting. Enjoy quick shipping, tiered pricing, and long-term energy savings. Ideal for commercial kitchens and offices.\",\"breadcrumb\":{\"@id\":\"https:\/\/radianslighting.com\/product\/under-cabinet-lighting#breadcrumb\"},\"inLanguage\":\"da-DK\",\"potentialAction\":[{\"@type\":\"ReadAction\",\"target\":[\"https:\/\/radianslighting.com\/product\/under-cabinet-lighting\"]}]},{\"@type\":\"BreadcrumbList\",\"@id\":\"https:\/\/radianslighting.com\/product\/under-cabinet-lighting#breadcrumb\",\"itemListElement\":[{\"@type\":\"ListItem\",\"position\":1,\"name\":\"Home\",\"item\":\"https:\/\/radianslighting.com\/\"},{\"@type\":\"ListItem\",\"position\":2,\"name\":\"Shop\",\"item\":\"https:\/\/radianslighting.com\/shop\"},{\"@type\":\"ListItem\",\"position\":3,\"name\":\"Under Cabinet Lighting\"}]},{\"@type\":\"WebSite\",\"@id\":\"https:\/\/radianslighting.com\/#website\",\"url\":\"https:\/\/radianslighting.com\/\",\"name\":\"Radians Lighting\",\"description\":\"LED Lights Manufacturer | LED Downlights | Track Lights | High-Efficiency, 5-year warranty | Radians\",\"publisher\":{\"@id\":\"https:\/\/radianslighting.com\/#organization\"},\"potentialAction\":[{\"@type\":\"SearchAction\",\"target\":{\"@type\":\"EntryPoint\",\"urlTemplate\":\"https:\/\/radianslighting.com\/?s={search_term_string}\"},\"query-input\":\"required name=search_term_string\"}],\"inLanguage\":\"da-DK\"},{\"@type\":\"Organization\",\"@id\":\"https:\/\/radianslighting.com\/#organization\",\"name\":\"Radians Lighting\",\"url\":\"https:\/\/radianslighting.com\/\",\"logo\":{\"@type\":\"ImageObject\",\"inLanguage\":\"da-DK\",\"@id\":\"https:\/\/radianslighting.com\/#\/schema\/logo\/image\/\",\"url\":\"https:\/\/radianslighting.com\/wp-content\/uploads\/2024\/07\/LOGO-1.jpg\",\"contentUrl\":\"https:\/\/radianslighting.com\/wp-content\/uploads\/2024\/07\/LOGO-1.jpg\",\"width\":1835,\"height\":411,\"caption\":\"Radians Lighting\"},\"image\":{\"@id\":\"https:\/\/radianslighting.com\/#\/schema\/logo\/image\/\"}}]}<\/script>\n<!-- \/ Yoast SEO Premium plugin. -->","yoast_head_json":{"title":"Energy-Efficient LED Under Cabinet Lighting - 3000K, IP44, 50,000hr Lifespan | Radians","description":"Discover bulk discounts on high-quality LED under cabinet lighting. Enjoy quick shipping, tiered pricing, and long-term energy savings. Ideal for commercial kitchens and offices.","robots":{"index":"index","follow":"follow","max-snippet":"max-snippet:-1","max-image-preview":"max-image-preview:large","max-video-preview":"max-video-preview:-1"},"canonical":"https:\/\/radianslighting.com\/da\/vare\/under-cabinet-lighting\/","og_locale":"da_DK","og_type":"article","og_title":"Under Cabinet Lighting","og_description":"Discover bulk discounts on high-quality LED under cabinet lighting. Enjoy quick shipping, tiered pricing, and long-term energy savings. Ideal for commercial kitchens and offices.","og_url":"https:\/\/radianslighting.com\/da\/vare\/under-cabinet-lighting\/","og_site_name":"Radians Lighting","article_modified_time":"2025-07-21T02:43:51+00:00","og_image":[{"width":1000,"height":1000,"url":"https:\/\/radianslighting.com\/wp-content\/uploads\/2025\/01\/cabinet-spot-11.jpg","type":"image\/jpeg"}],"twitter_card":"summary_large_image","twitter_misc":{"Estimeret l\u00e6setid":"2 minutter"},"schema":{"@context":"https:\/\/schema.org","@graph":[{"@type":"WebPage","@id":"https:\/\/radianslighting.com\/product\/under-cabinet-lighting","url":"https:\/\/radianslighting.com\/product\/under-cabinet-lighting","name":"Energy-Efficient LED Under Cabinet Lighting - 3000K, IP44, 50,000hr Lifespan | Radians","isPartOf":{"@id":"https:\/\/radianslighting.com\/#website"},"datePublished":"2025-01-03T03:49:43+00:00","dateModified":"2025-07-21T02:43:51+00:00","description":"Discover bulk discounts on high-quality LED under cabinet lighting. Enjoy quick shipping, tiered pricing, and long-term energy savings. Ideal for commercial kitchens and offices.","breadcrumb":{"@id":"https:\/\/radianslighting.com\/product\/under-cabinet-lighting#breadcrumb"},"inLanguage":"da-DK","potentialAction":[{"@type":"ReadAction","target":["https:\/\/radianslighting.com\/product\/under-cabinet-lighting"]}]},{"@type":"BreadcrumbList","@id":"https:\/\/radianslighting.com\/product\/under-cabinet-lighting#breadcrumb","itemListElement":[{"@type":"ListItem","position":1,"name":"Home","item":"https:\/\/radianslighting.com\/"},{"@type":"ListItem","position":2,"name":"Shop","item":"https:\/\/radianslighting.com\/shop"},{"@type":"ListItem","position":3,"name":"Under Cabinet Lighting"}]},{"@type":"WebSite","@id":"https:\/\/radianslighting.com\/#website","url":"https:\/\/radianslighting.com\/","name":"Radians Lighting","description":"LED Lights Manufacturer | LED Downlights | Track Lights | High-Efficiency, 5-year warranty | Radians","publisher":{"@id":"https:\/\/radianslighting.com\/#organization"},"potentialAction":[{"@type":"SearchAction","target":{"@type":"EntryPoint","urlTemplate":"https:\/\/radianslighting.com\/?s={search_term_string}"},"query-input":"required name=search_term_string"}],"inLanguage":"da-DK"},{"@type":"Organization","@id":"https:\/\/radianslighting.com\/#organization","name":"Radians Lighting","url":"https:\/\/radianslighting.com\/","logo":{"@type":"ImageObject","inLanguage":"da-DK","@id":"https:\/\/radianslighting.com\/#\/schema\/logo\/image\/","url":"https:\/\/radianslighting.com\/wp-content\/uploads\/2024\/07\/LOGO-1.jpg","contentUrl":"https:\/\/radianslighting.com\/wp-content\/uploads\/2024\/07\/LOGO-1.jpg","width":1835,"height":411,"caption":"Radians Lighting"},"image":{"@id":"https:\/\/radianslighting.com\/#\/schema\/logo\/image\/"}}]}},"_links":{"self":[{"href":"https:\/\/radianslighting.com\/da\/wp-json\/wp\/v2\/product\/7491"}],"collection":[{"href":"https:\/\/radianslighting.com\/da\/wp-json\/wp\/v2\/product"}],"about":[{"href":"https:\/\/radianslighting.com\/da\/wp-json\/wp\/v2\/types\/product"}],"replies":[{"embeddable":true,"href":"https:\/\/radianslighting.com\/da\/wp-json\/wp\/v2\/comments?post=7491"}],"wp:featuredmedia":[{"embeddable":true,"href":"https:\/\/radianslighting.com\/da\/wp-json\/wp\/v2\/media\/7502"}],"wp:attachment":[{"href":"https:\/\/radianslighting.com\/da\/wp-json\/wp\/v2\/media?parent=7491"}],"wp:term":[{"taxonomy":"product_cat","embeddable":true,"href":"https:\/\/radianslighting.com\/da\/wp-json\/wp\/v2\/product_cat?post=7491"},{"taxonomy":"product_tag","embeddable":true,"href":"https:\/\/radianslighting.com\/da\/wp-json\/wp\/v2\/product_tag?post=7491"}],"curies":[{"name":"wp","href":"https:\/\/api.w.org\/{rel}","templated":true}]}}