{"id":6753,"date":"2024-12-06T02:12:40","date_gmt":"2024-12-06T02:12:40","guid":{"rendered":"https:\/\/radianslighting.com\/?post_type=product&#038;p=6753"},"modified":"2025-03-31T07:12:11","modified_gmt":"2025-03-31T07:12:11","slug":"surface-downlight-led","status":"publish","type":"product","link":"https:\/\/radianslighting.com\/da\/vare\/surface-downlight-led","title":{"rendered":"Overflade Downlight LED"},"content":{"rendered":"<p>Dette er en multi-power, multi-form Surface Downlight LED, fra 4 watt til 40 watt at v\u00e6lge imellem. De kan bruges til forskellige rum, fra nogle v\u00e6relser til hotellets hall. .<\/p>\n<p>Samtidig er dette Surface Downlight LED-hus ogs\u00e5 lavet af aluminiumslegering, som har et premium-look og fremragende kvalitet til lang levetid. Vi tilbyder ogs\u00e5 forskellige d\u00e6mpningsmetoder til denne lampe at v\u00e6lge imellem, triac d\u00e6mpning, 0\/1-10V eller DALI, vi har erfarne ingeni\u00f8rer, og du er velkommen til at bede om skr\u00e6ddersyet service.<\/p>\n<table style=\"border-collapse: collapse; width: 800px; height: 189px;\" border=\"0\" width=\"544\" cellspacing=\"0\" cellpadding=\"0\">\n<tbody>\n<tr style=\"height: 13.50pt;\">\n<td class=\"et2\" style=\"height: 13.5pt; width: 51pt; text-align: center;\" width=\"136\" height=\"36\"><strong>Model nr.<\/strong><\/td>\n<td class=\"et2\" style=\"width: 51pt; text-align: center;\" width=\"136\"><strong>Magt<\/strong><\/td>\n<td class=\"et2\" style=\"width: 51pt; text-align: center;\" width=\"136\"><strong>Installationsm\u00e5de<\/strong><\/td>\n<td class=\"et2\" style=\"width: 51pt; text-align: center;\" width=\"136\"><strong>Dimension<\/strong><\/td>\n<\/tr>\n<tr style=\"height: 13.50pt;\">\n<td class=\"et2\" style=\"height: 13.5pt; text-align: center;\" height=\"36\">RSSD2F4L<\/td>\n<td class=\"et2\" style=\"text-align: center;\">4w<\/td>\n<td class=\"et2\" style=\"text-align: center;\">Overflademonteret<\/td>\n<td class=\"et2\" style=\"text-align: center;\">36x38x29mm<\/td>\n<\/tr>\n<tr style=\"height: 13.50pt;\">\n<td class=\"et2\" style=\"height: 13.5pt; text-align: center;\" height=\"36\">RSSD2F12L<\/td>\n<td class=\"et2\" style=\"text-align: center;\">12w<\/td>\n<td class=\"et2\" style=\"text-align: center;\">Overflademonteret<\/td>\n<td class=\"et2\" style=\"text-align: center;\">114x38x29mm<\/td>\n<\/tr>\n<tr style=\"height: 13.50pt;\">\n<td class=\"et2\" style=\"height: 13.5pt; text-align: center;\" height=\"36\">RSSD2F16L<\/td>\n<td class=\"et2\" style=\"text-align: center;\">16w<\/td>\n<td class=\"et2\" style=\"text-align: center;\">Overflademonteret<\/td>\n<td class=\"et2\" style=\"text-align: center;\">76x76x29mm<\/td>\n<\/tr>\n<tr style=\"height: 13.50pt;\">\n<td class=\"et2\" style=\"height: 13.5pt; text-align: center;\" height=\"36\">RSSD2F20L<\/td>\n<td class=\"et2\" style=\"text-align: center;\">20w<\/td>\n<td class=\"et2\" style=\"text-align: center;\">Overflademonteret<\/td>\n<td class=\"et2\" style=\"text-align: center;\">189x38x29mm<\/td>\n<\/tr>\n<tr style=\"height: 13.50pt;\">\n<td class=\"et2\" style=\"height: 13.5pt; text-align: center;\" height=\"36\">RSSD2F36L<\/td>\n<td class=\"et2\" style=\"text-align: center;\">36w<\/td>\n<td class=\"et2\" style=\"text-align: center;\">Overflademonteret<\/td>\n<td class=\"et2\" style=\"text-align: center;\">110x110x29 mm<\/td>\n<\/tr>\n<tr style=\"height: 13.50pt;\">\n<td class=\"et2\" style=\"height: 13.5pt; text-align: center;\" height=\"36\">RSSD2F40L<\/td>\n<td class=\"et2\" style=\"text-align: center;\">40w<\/td>\n<td class=\"et2\" style=\"text-align: center;\">Overflademonteret<\/td>\n<td class=\"et2\" style=\"text-align: center;\">379x38x29mm<\/td>\n<\/tr>\n<\/tbody>\n<\/table>\n<h3><span style=\"font-size: 1.7em; font-weight: bold;\">Produktudstilling af Surface Downlight LED:\u00a0 \u00a0<\/span><\/h3>\n<p><img fetchpriority=\"high\" decoding=\"async\" class=\"alignnone size-full wp-image-6763\" src=\"https:\/\/radianslighting.com\/wp-content\/uploads\/2024\/12\/\u96c6\u5408\u56fe-2.jpg\" alt=\"surface downlight led\" width=\"1200\" height=\"800\" srcset=\"https:\/\/radianslighting.com\/wp-content\/uploads\/2024\/12\/\u96c6\u5408\u56fe-2.jpg 1200w, https:\/\/radianslighting.com\/wp-content\/uploads\/2024\/12\/\u96c6\u5408\u56fe-2-300x200.jpg 300w, https:\/\/radianslighting.com\/wp-content\/uploads\/2024\/12\/\u96c6\u5408\u56fe-2-1024x683.jpg 1024w, https:\/\/radianslighting.com\/wp-content\/uploads\/2024\/12\/\u96c6\u5408\u56fe-2-768x512.jpg 768w, https:\/\/radianslighting.com\/wp-content\/uploads\/2024\/12\/\u96c6\u5408\u56fe-2-600x400.jpg 600w\" sizes=\"(max-width: 1200px) 100vw, 1200px\" \/> <img decoding=\"async\" class=\"alignnone size-full wp-image-6764\" src=\"https:\/\/radianslighting.com\/wp-content\/uploads\/2024\/12\/\u96c6\u5408\u56fe-3.jpg\" alt=\"surface downlight led\" width=\"1200\" height=\"801\" srcset=\"https:\/\/radianslighting.com\/wp-content\/uploads\/2024\/12\/\u96c6\u5408\u56fe-3.jpg 1200w, https:\/\/radianslighting.com\/wp-content\/uploads\/2024\/12\/\u96c6\u5408\u56fe-3-300x200.jpg 300w, https:\/\/radianslighting.com\/wp-content\/uploads\/2024\/12\/\u96c6\u5408\u56fe-3-1024x684.jpg 1024w, https:\/\/radianslighting.com\/wp-content\/uploads\/2024\/12\/\u96c6\u5408\u56fe-3-768x513.jpg 768w, https:\/\/radianslighting.com\/wp-content\/uploads\/2024\/12\/\u96c6\u5408\u56fe-3-600x401.jpg 600w\" sizes=\"(max-width: 1200px) 100vw, 1200px\" \/> <img decoding=\"async\" class=\"alignnone size-full wp-image-6765\" src=\"https:\/\/radianslighting.com\/wp-content\/uploads\/2024\/12\/\u96c6\u5408\u56fe.jpg\" alt=\"surface downlight led\" width=\"1079\" height=\"1009\" srcset=\"https:\/\/radianslighting.com\/wp-content\/uploads\/2024\/12\/\u96c6\u5408\u56fe.jpg 1079w, https:\/\/radianslighting.com\/wp-content\/uploads\/2024\/12\/\u96c6\u5408\u56fe-300x281.jpg 300w, https:\/\/radianslighting.com\/wp-content\/uploads\/2024\/12\/\u96c6\u5408\u56fe-1024x958.jpg 1024w, https:\/\/radianslighting.com\/wp-content\/uploads\/2024\/12\/\u96c6\u5408\u56fe-768x718.jpg 768w, https:\/\/radianslighting.com\/wp-content\/uploads\/2024\/12\/\u96c6\u5408\u56fe-600x561.jpg 600w\" sizes=\"(max-width: 1079px) 100vw, 1079px\" \/><\/p>\n<h2>Ofte stillede sp\u00f8rgsm\u00e5l:<\/h2>\n<p><strong>Sp\u00f8rgsm\u00e5l<\/strong>: Er du en fabrik?<br \/>\n<strong>Svar<\/strong>: Ja, vi er en professionel producent med mange erfarne ingeni\u00f8rer og medarbejdere.<\/p>\n<p><strong>Sp\u00f8rgsm\u00e5l<\/strong>: Har du nogen MOQ-gr\u00e6nse for LED-lysordrer?<br \/>\n<strong>Svar<\/strong>: Nej. Ingen MOQ begr\u00e6nset. Du kan placere 1 stk til test og inspektion.<\/p>\n<p><strong>Sp\u00f8rgsm\u00e5l<\/strong>: Hvad med din leveringstid?<br \/>\n<strong>Svar<\/strong>: 3-5 arbejdsdage for pr\u00f8ver og 15 arbejdsdage for batchordrer.<\/p>\n<p><strong>Sp\u00f8rgsm\u00e5l<\/strong>: Hvor mange \u00e5rs garanti tilbyder du for din downlight?<br \/>\n<strong>Svar<\/strong>: Vi tilbyder generelt 3 \u00e5r eller 5 \u00e5r for de fleste af vores downlights. Hvis du har yderligere \u00f8nsker, er du velkommen til at give os besked.<\/p>\n<p><strong>Sp\u00f8rgsm\u00e5l<\/strong>: Kan jeg s\u00e6tte mit logo p\u00e5 dit produkt og din pakke?<br \/>\n<strong>Svar<\/strong>: Selvf\u00f8lgelig. Men vi har MOQ til OEM-service for forskellige produkter.<\/p>","protected":false},"excerpt":{"rendered":"<ul>\n<li>Model nr.: RSSD2F36L<\/li>\n<li>Effekt: 36W<\/li>\n<li>Sp\u00e6nding: AC 120V\/ AC22-240V 50~60Hz<\/li>\n<li>Lumen: 2880lm<\/li>\n<li>CCT: 2700K\/3000K\/4000K\/57000K\/DTW\/RGBCW<\/li>\n<li>CRI: 80\/90 eller over Ra93, Ra95 tilg\u00e6ngelig.<\/li>\n<li>SDCM: 3<\/li>\n<li>Effektfaktor: 0,9<\/li>\n<li>Dim: Ingen d\u00e6mpning, triac, 0\/1-10V, DALI, Tuya, Zigbee<\/li>\n<li>Str\u00e5levinkel: 60\u00b0<\/li>\n<li>Installationsm\u00e5de: Overflademonteret<\/li>\n<li>IP-klassificering: IP44<\/li>\n<li>M\u00e5l: 110x110x29mm<\/li>\n<li>Farve: Hvid\/sort eller anden farve kan tilpasses.<\/li>\n<li>Materiale: Aluminiumslegering<\/li>\n<li>Levetid: 25.000 timer eller 50.000 timer<\/li>\n<li>Garanti: 3 \u00e5r\/ 5 \u00e5rSurface Downlight LED<\/li>\n<li>Bem\u00e6rkning: Firkantede LED Downlights<\/li>\n<\/ul>","protected":false},"featured_media":6760,"comment_status":"open","ping_status":"closed","template":"","meta":[],"product_cat":[20,543,551,504,491,497,481,506,549,513,493,494,150,492,544,238,488,505,498],"product_tag":[51,357,363,361,358,362,359,239,356,364,240,241,360,404],"class_list":{"0":"post-6753","1":"product","2":"type-product","3":"status-publish","4":"has-post-thumbnail","6":"product_cat-anti-glare-downlights","7":"product_cat-12-watt-downlight","8":"product_cat-15w-downlight","9":"product_cat-2700k-downlight","10":"product_cat-bedroom-downlights","11":"product_cat-black-downlights","12":"product_cat-cob-downlight","13":"product_cat-cool-white-downlight","14":"product_cat-downlight-18w","15":"product_cat-downlight-ip44","16":"product_cat-downlights-for-hallway","17":"product_cat-hotel-downlight","18":"product_cat-led-downlight","19":"product_cat-living-room-downlights","20":"product_cat-square-downlights","21":"product_cat-surface-downlight","22":"product_cat-twin-downlights","23":"product_cat-warm-led-downlights","24":"product_cat-white-downlights","25":"product_tag-bathroom-downlights","26":"product_tag-black-surface-mounted-downlight","27":"product_tag-round-surface-mount-led-lights","28":"product_tag-slim-surface-mounted-led-downlights","29":"product_tag-square-surface-mounted-downlight","30":"product_tag-surface-cob-downlight","31":"product_tag-surface-down-light","32":"product_tag-surface-downlight","33":"product_tag-surface-downlight-led","34":"product_tag-surface-mounted-adjustable-downlight","35":"product_tag-surface-mounted-downlight","36":"product_tag-surface-mounted-led-downlight","37":"product_tag-surface-mounted-led-downlights","38":"product_tag-surface-mounted-led-downlightssurface-mounted-led-downlight","40":"first","41":"instock","42":"shipping-taxable","43":"purchasable","44":"product-type-simple"},"yoast_head":"<!-- This site is optimized with the Yoast SEO Premium plugin v20.8 (Yoast SEO v21.9.1) - https:\/\/yoast.com\/wordpress\/plugins\/seo\/ -->\n<title>Energy-Efficient Surface Downlight LED, 3000K, 90lm\/W | Radians<\/title>\n<meta name=\"description\" content=\"Bulk Surface Downlight LEDs with tiered pricing. Quick shipping &amp; hassle-free ordering. Ideal for commercial projects with high energy efficiency &amp; durability.\" \/>\n<meta name=\"robots\" content=\"index, follow, max-snippet:-1, max-image-preview:large, max-video-preview:-1\" \/>\n<link rel=\"canonical\" href=\"https:\/\/radianslighting.com\/da\/vare\/surface-downlight-led\/\" \/>\n<meta property=\"og:locale\" content=\"da_DK\" \/>\n<meta property=\"og:type\" content=\"article\" \/>\n<meta property=\"og:title\" content=\"Surface Downlight LED\" \/>\n<meta property=\"og:description\" content=\"Bulk Surface Downlight LEDs with tiered pricing. Quick shipping &amp; hassle-free ordering. Ideal for commercial projects with high energy efficiency &amp; durability.\" \/>\n<meta property=\"og:url\" content=\"https:\/\/radianslighting.com\/da\/vare\/surface-downlight-led\/\" \/>\n<meta property=\"og:site_name\" content=\"Radians Lighting\" \/>\n<meta property=\"article:modified_time\" content=\"2025-03-31T07:12:11+00:00\" \/>\n<meta property=\"og:image\" content=\"https:\/\/radianslighting.com\/wp-content\/uploads\/2024\/12\/RSSD2F36L.jpg\" \/>\n\t<meta property=\"og:image:width\" content=\"1000\" \/>\n\t<meta property=\"og:image:height\" content=\"1000\" \/>\n\t<meta property=\"og:image:type\" content=\"image\/jpeg\" \/>\n<meta name=\"twitter:card\" content=\"summary_large_image\" \/>\n<meta name=\"twitter:label1\" content=\"Estimeret l\u00e6setid\" \/>\n\t<meta name=\"twitter:data1\" content=\"2 minutter\" \/>\n<script type=\"application\/ld+json\" class=\"yoast-schema-graph\">{\"@context\":\"https:\/\/schema.org\",\"@graph\":[{\"@type\":\"WebPage\",\"@id\":\"https:\/\/radianslighting.com\/product\/surface-downlight-led\",\"url\":\"https:\/\/radianslighting.com\/product\/surface-downlight-led\",\"name\":\"Energy-Efficient Surface Downlight LED, 3000K, 90lm\/W | Radians\",\"isPartOf\":{\"@id\":\"https:\/\/radianslighting.com\/#website\"},\"datePublished\":\"2024-12-06T02:12:40+00:00\",\"dateModified\":\"2025-03-31T07:12:11+00:00\",\"description\":\"Bulk Surface Downlight LEDs with tiered pricing. Quick shipping & hassle-free ordering. Ideal for commercial projects with high energy efficiency & durability.\",\"breadcrumb\":{\"@id\":\"https:\/\/radianslighting.com\/product\/surface-downlight-led#breadcrumb\"},\"inLanguage\":\"da-DK\",\"potentialAction\":[{\"@type\":\"ReadAction\",\"target\":[\"https:\/\/radianslighting.com\/product\/surface-downlight-led\"]}]},{\"@type\":\"BreadcrumbList\",\"@id\":\"https:\/\/radianslighting.com\/product\/surface-downlight-led#breadcrumb\",\"itemListElement\":[{\"@type\":\"ListItem\",\"position\":1,\"name\":\"Home\",\"item\":\"https:\/\/radianslighting.com\/\"},{\"@type\":\"ListItem\",\"position\":2,\"name\":\"Shop\",\"item\":\"https:\/\/radianslighting.com\/shop\"},{\"@type\":\"ListItem\",\"position\":3,\"name\":\"Surface Downlight LED\"}]},{\"@type\":\"WebSite\",\"@id\":\"https:\/\/radianslighting.com\/#website\",\"url\":\"https:\/\/radianslighting.com\/\",\"name\":\"Radians Lighting\",\"description\":\"LED Lights Manufacturer | LED Downlights | Track Lights | High-Efficiency, 5-year warranty | Radians\",\"publisher\":{\"@id\":\"https:\/\/radianslighting.com\/#organization\"},\"potentialAction\":[{\"@type\":\"SearchAction\",\"target\":{\"@type\":\"EntryPoint\",\"urlTemplate\":\"https:\/\/radianslighting.com\/?s={search_term_string}\"},\"query-input\":\"required name=search_term_string\"}],\"inLanguage\":\"da-DK\"},{\"@type\":\"Organization\",\"@id\":\"https:\/\/radianslighting.com\/#organization\",\"name\":\"Radians Lighting\",\"url\":\"https:\/\/radianslighting.com\/\",\"logo\":{\"@type\":\"ImageObject\",\"inLanguage\":\"da-DK\",\"@id\":\"https:\/\/radianslighting.com\/#\/schema\/logo\/image\/\",\"url\":\"https:\/\/radianslighting.com\/wp-content\/uploads\/2024\/07\/LOGO-1.jpg\",\"contentUrl\":\"https:\/\/radianslighting.com\/wp-content\/uploads\/2024\/07\/LOGO-1.jpg\",\"width\":1835,\"height\":411,\"caption\":\"Radians Lighting\"},\"image\":{\"@id\":\"https:\/\/radianslighting.com\/#\/schema\/logo\/image\/\"}}]}<\/script>\n<!-- \/ Yoast SEO Premium plugin. -->","yoast_head_json":{"title":"Energy-Efficient Surface Downlight LED, 3000K, 90lm\/W | Radians","description":"Bulk Surface Downlight LEDs with tiered pricing. Quick shipping & hassle-free ordering. Ideal for commercial projects with high energy efficiency & durability.","robots":{"index":"index","follow":"follow","max-snippet":"max-snippet:-1","max-image-preview":"max-image-preview:large","max-video-preview":"max-video-preview:-1"},"canonical":"https:\/\/radianslighting.com\/da\/vare\/surface-downlight-led\/","og_locale":"da_DK","og_type":"article","og_title":"Surface Downlight LED","og_description":"Bulk Surface Downlight LEDs with tiered pricing. Quick shipping & hassle-free ordering. Ideal for commercial projects with high energy efficiency & durability.","og_url":"https:\/\/radianslighting.com\/da\/vare\/surface-downlight-led\/","og_site_name":"Radians Lighting","article_modified_time":"2025-03-31T07:12:11+00:00","og_image":[{"width":1000,"height":1000,"url":"https:\/\/radianslighting.com\/wp-content\/uploads\/2024\/12\/RSSD2F36L.jpg","type":"image\/jpeg"}],"twitter_card":"summary_large_image","twitter_misc":{"Estimeret l\u00e6setid":"2 minutter"},"schema":{"@context":"https:\/\/schema.org","@graph":[{"@type":"WebPage","@id":"https:\/\/radianslighting.com\/product\/surface-downlight-led","url":"https:\/\/radianslighting.com\/product\/surface-downlight-led","name":"Energy-Efficient Surface Downlight LED, 3000K, 90lm\/W | Radians","isPartOf":{"@id":"https:\/\/radianslighting.com\/#website"},"datePublished":"2024-12-06T02:12:40+00:00","dateModified":"2025-03-31T07:12:11+00:00","description":"Bulk Surface Downlight LEDs with tiered pricing. Quick shipping & hassle-free ordering. Ideal for commercial projects with high energy efficiency & durability.","breadcrumb":{"@id":"https:\/\/radianslighting.com\/product\/surface-downlight-led#breadcrumb"},"inLanguage":"da-DK","potentialAction":[{"@type":"ReadAction","target":["https:\/\/radianslighting.com\/product\/surface-downlight-led"]}]},{"@type":"BreadcrumbList","@id":"https:\/\/radianslighting.com\/product\/surface-downlight-led#breadcrumb","itemListElement":[{"@type":"ListItem","position":1,"name":"Home","item":"https:\/\/radianslighting.com\/"},{"@type":"ListItem","position":2,"name":"Shop","item":"https:\/\/radianslighting.com\/shop"},{"@type":"ListItem","position":3,"name":"Surface Downlight LED"}]},{"@type":"WebSite","@id":"https:\/\/radianslighting.com\/#website","url":"https:\/\/radianslighting.com\/","name":"Radians Lighting","description":"LED Lights Manufacturer | LED Downlights | Track Lights | High-Efficiency, 5-year warranty | Radians","publisher":{"@id":"https:\/\/radianslighting.com\/#organization"},"potentialAction":[{"@type":"SearchAction","target":{"@type":"EntryPoint","urlTemplate":"https:\/\/radianslighting.com\/?s={search_term_string}"},"query-input":"required name=search_term_string"}],"inLanguage":"da-DK"},{"@type":"Organization","@id":"https:\/\/radianslighting.com\/#organization","name":"Radians Lighting","url":"https:\/\/radianslighting.com\/","logo":{"@type":"ImageObject","inLanguage":"da-DK","@id":"https:\/\/radianslighting.com\/#\/schema\/logo\/image\/","url":"https:\/\/radianslighting.com\/wp-content\/uploads\/2024\/07\/LOGO-1.jpg","contentUrl":"https:\/\/radianslighting.com\/wp-content\/uploads\/2024\/07\/LOGO-1.jpg","width":1835,"height":411,"caption":"Radians Lighting"},"image":{"@id":"https:\/\/radianslighting.com\/#\/schema\/logo\/image\/"}}]}},"_links":{"self":[{"href":"https:\/\/radianslighting.com\/da\/wp-json\/wp\/v2\/product\/6753"}],"collection":[{"href":"https:\/\/radianslighting.com\/da\/wp-json\/wp\/v2\/product"}],"about":[{"href":"https:\/\/radianslighting.com\/da\/wp-json\/wp\/v2\/types\/product"}],"replies":[{"embeddable":true,"href":"https:\/\/radianslighting.com\/da\/wp-json\/wp\/v2\/comments?post=6753"}],"wp:featuredmedia":[{"embeddable":true,"href":"https:\/\/radianslighting.com\/da\/wp-json\/wp\/v2\/media\/6760"}],"wp:attachment":[{"href":"https:\/\/radianslighting.com\/da\/wp-json\/wp\/v2\/media?parent=6753"}],"wp:term":[{"taxonomy":"product_cat","embeddable":true,"href":"https:\/\/radianslighting.com\/da\/wp-json\/wp\/v2\/product_cat?post=6753"},{"taxonomy":"product_tag","embeddable":true,"href":"https:\/\/radianslighting.com\/da\/wp-json\/wp\/v2\/product_tag?post=6753"}],"curies":[{"name":"wp","href":"https:\/\/api.w.org\/{rel}","templated":true}]}}