{"id":6369,"date":"2024-11-02T06:20:55","date_gmt":"2024-11-02T06:20:55","guid":{"rendered":"https:\/\/radianslighting.com\/?post_type=product&#038;p=6369"},"modified":"2025-04-11T08:37:44","modified_gmt":"2025-04-11T08:37:44","slug":"decorative-track-lighting","status":"publish","type":"product","link":"https:\/\/radianslighting.com\/da\/vare\/decorative-track-lighting","title":{"rendered":"Dekorativ skinnebelysning-RSTL600"},"content":{"rendered":"<p>Radians 600-serien, som har overflademonteret version og semi-fors\u00e6nket version. I mellemtiden er det kompatibelt med triac-d\u00e6mpning, 0\/1-10V, DALI, Tuya smart system, n\u00e5r vi bruger forskellige kombinationer af drivere og led-chips. Vi har mange tilbeh\u00f8r til at im\u00f8dekomme din eftersp\u00f8rgsel til forskellige applikationer, s\u00e5som honeycomb, oval snoot, barndoors osv.<\/p>\n<h3><span style=\"font-size: 1.7em; font-weight: bold;\">Produktudstilling af dekorativ skinnebelysning:<\/span><\/h3>\n<p><img fetchpriority=\"high\" decoding=\"async\" class=\"alignnone size-full wp-image-6505\" src=\"https:\/\/radianslighting.com\/wp-content\/uploads\/2024\/11\/\u534a\u5b89\u88c5\u548c\u660e\u88c5\u548c\u9a71\u52a8\u4e00\u4f53\u5316-1.png\" alt=\"track light\" width=\"1658\" height=\"310\" srcset=\"https:\/\/radianslighting.com\/wp-content\/uploads\/2024\/11\/\u534a\u5b89\u88c5\u548c\u660e\u88c5\u548c\u9a71\u52a8\u4e00\u4f53\u5316-1.png 1658w, https:\/\/radianslighting.com\/wp-content\/uploads\/2024\/11\/\u534a\u5b89\u88c5\u548c\u660e\u88c5\u548c\u9a71\u52a8\u4e00\u4f53\u5316-1-300x56.png 300w, https:\/\/radianslighting.com\/wp-content\/uploads\/2024\/11\/\u534a\u5b89\u88c5\u548c\u660e\u88c5\u548c\u9a71\u52a8\u4e00\u4f53\u5316-1-1024x191.png 1024w, https:\/\/radianslighting.com\/wp-content\/uploads\/2024\/11\/\u534a\u5b89\u88c5\u548c\u660e\u88c5\u548c\u9a71\u52a8\u4e00\u4f53\u5316-1-768x144.png 768w, https:\/\/radianslighting.com\/wp-content\/uploads\/2024\/11\/\u534a\u5b89\u88c5\u548c\u660e\u88c5\u548c\u9a71\u52a8\u4e00\u4f53\u5316-1-1536x287.png 1536w, https:\/\/radianslighting.com\/wp-content\/uploads\/2024\/11\/\u534a\u5b89\u88c5\u548c\u660e\u88c5\u548c\u9a71\u52a8\u4e00\u4f53\u5316-1-600x112.png 600w\" sizes=\"(max-width: 1658px) 100vw, 1658px\" \/><\/p>\n<p>Forskellige installationsm\u00e5der er tilg\u00e6ngelige, for spor jernbane, overflademonteret og semi-fors\u00e6nket.<\/p>\n<p><img decoding=\"async\" class=\"alignnone size-full wp-image-6503\" src=\"https:\/\/radianslighting.com\/wp-content\/uploads\/2024\/11\/2\u7ebf3\u7ebf4\u7ebf5\u7ebf.png\" alt=\"track light\" width=\"2000\" height=\"387\" srcset=\"https:\/\/radianslighting.com\/wp-content\/uploads\/2024\/11\/2\u7ebf3\u7ebf4\u7ebf5\u7ebf.png 2000w, https:\/\/radianslighting.com\/wp-content\/uploads\/2024\/11\/2\u7ebf3\u7ebf4\u7ebf5\u7ebf-300x58.png 300w, https:\/\/radianslighting.com\/wp-content\/uploads\/2024\/11\/2\u7ebf3\u7ebf4\u7ebf5\u7ebf-1024x198.png 1024w, https:\/\/radianslighting.com\/wp-content\/uploads\/2024\/11\/2\u7ebf3\u7ebf4\u7ebf5\u7ebf-768x149.png 768w, https:\/\/radianslighting.com\/wp-content\/uploads\/2024\/11\/2\u7ebf3\u7ebf4\u7ebf5\u7ebf-1536x297.png 1536w, https:\/\/radianslighting.com\/wp-content\/uploads\/2024\/11\/2\u7ebf3\u7ebf4\u7ebf5\u7ebf-600x116.png 600w\" sizes=\"(max-width: 2000px) 100vw, 2000px\" \/><\/p>\n<p>2-vejs, 3-vejs, 4-vejs og 5-vejs adapter tilg\u00e6ngelig.<\/p>\n<p>&nbsp;<\/p>\n<p><img decoding=\"async\" class=\"alignnone size-full wp-image-6502\" src=\"https:\/\/radianslighting.com\/wp-content\/uploads\/2024\/11\/\u56db\u9875\u677f-1.png\" alt=\"track light\" width=\"534\" height=\"384\" srcset=\"https:\/\/radianslighting.com\/wp-content\/uploads\/2024\/11\/\u56db\u9875\u677f-1.png 534w, https:\/\/radianslighting.com\/wp-content\/uploads\/2024\/11\/\u56db\u9875\u677f-1-300x216.png 300w\" sizes=\"(max-width: 534px) 100vw, 534px\" \/><\/p>\n<p>&nbsp;<\/p>\n<p>Mange tilbeh\u00f8r til at im\u00f8dekomme dine krav til forskellige applikationer. honeycomb, oval snoot, staldd\u00f8re mm.<\/p>\n<p><img loading=\"lazy\" decoding=\"async\" class=\"alignnone size-full wp-image-6373\" src=\"https:\/\/radianslighting.com\/wp-content\/uploads\/2024\/11\/PLS600-ABE.png\" alt=\"Decorative Track Lighting\" width=\"1905\" height=\"832\" srcset=\"https:\/\/radianslighting.com\/wp-content\/uploads\/2024\/11\/PLS600-ABE.png 1905w, https:\/\/radianslighting.com\/wp-content\/uploads\/2024\/11\/PLS600-ABE-300x131.png 300w, https:\/\/radianslighting.com\/wp-content\/uploads\/2024\/11\/PLS600-ABE-1024x447.png 1024w, https:\/\/radianslighting.com\/wp-content\/uploads\/2024\/11\/PLS600-ABE-768x335.png 768w, https:\/\/radianslighting.com\/wp-content\/uploads\/2024\/11\/PLS600-ABE-1536x671.png 1536w, https:\/\/radianslighting.com\/wp-content\/uploads\/2024\/11\/PLS600-ABE-600x262.png 600w\" sizes=\"(max-width: 1905px) 100vw, 1905px\" \/><\/p>\n<p>&nbsp;<\/p>\n<h2>Ofte stillede sp\u00f8rgsm\u00e5l:<\/h2>\n<p><strong>Sp\u00f8rgsm\u00e5l<\/strong>: Er du en fabrik?<br \/>\n<strong>Svar<\/strong>: Ja, vi er en professionel producent med mange erfarne ingeni\u00f8rer og medarbejdere.<\/p>\n<p><strong>Sp\u00f8rgsm\u00e5l<\/strong>: Har du nogen MOQ-gr\u00e6nse for LED-lysordrer?<br \/>\n<strong>Svar<\/strong>: Nej. Ingen MOQ begr\u00e6nset. Du kan placere 1 stk til test og inspektion.<\/p>\n<p><strong>Sp\u00f8rgsm\u00e5l<\/strong>: Hvad med din leveringstid?<br \/>\n<strong>Svar<\/strong>: 3-5 arbejdsdage for pr\u00f8ver og 15 arbejdsdage for batchordrer.<\/p>\n<p><strong>Sp\u00f8rgsm\u00e5l<\/strong>: Hvor mange \u00e5rs garanti tilbyder du for din downlight?<br \/>\n<strong>Svar<\/strong>: Vi tilbyder generelt 3 \u00e5r eller 5 \u00e5r for de fleste af vores downlights. Hvis du har yderligere \u00f8nsker, er du velkommen til at give os besked.<\/p>\n<p><strong>Sp\u00f8rgsm\u00e5l<\/strong>: Kan jeg s\u00e6tte mit logo p\u00e5 dit produkt og din pakke?<br \/>\n<strong>Svar<\/strong>: Selvf\u00f8lgelig. Men vi har MOQ til OEM-service for forskellige produkter.<\/p>","protected":false},"excerpt":{"rendered":"<ul>\n<li>Model nr.: RSTL600<\/li>\n<li>Effekt: 15W<\/li>\n<li>Lumen: 1200lm<\/li>\n<li>CCT: 2700K\/3000K\/4000K\/57000K\/DTW\/RGBCW<\/li>\n<li>Dim: Ingen d\u00e6mpning, triac, 0\/1-10V, DALI, Tuya, Zigbee<\/li>\n<li>Str\u00e5levinkel: 15\u00b0\/24\u00b0\/36\u00b0<\/li>\n<li>Adapter: 2 veje, 3 veje, 4 veje<\/li>\n<li>IP-klassificering: IP44<\/li>\n<li>M\u00e5l: \u03c6113x\u03c660mm<\/li>\n<li>Farve: Hvid\/Sort<\/li>\n<li>Garanti: 3 \u00e5r\/5 \u00e5r<\/li>\n<li>Bem\u00e6rkning: Dekorativ skinnebelysning<\/li>\n<\/ul>","protected":false},"featured_media":6370,"comment_status":"closed","ping_status":"closed","template":"","meta":[],"product_cat":[564,412,554,555,561,409,411,410,290,556],"product_tag":[415,423,443,414,439,425,418,417,432,424,455,435,427,456,454,433,413,436,447,430,452,442,300,429,444,420,421,416,428,434,437,422,451,457,298,441,450,453,426,449,446,448,445,419,299],"class_list":{"0":"post-6369","1":"product","2":"type-product","3":"status-publish","4":"has-post-thumbnail","6":"product_cat-30w-led-track-light","7":"product_cat-adjustable-track-lighting","8":"product_cat-bathroom-track-lighting","9":"product_cat-bedroom-track-lighting","10":"product_cat-black-track-lighting","11":"product_cat-commercial-track-lighting","12":"product_cat-dimmable-track-lighting","13":"product_cat-kitchen-track-lighting","14":"product_cat-led-track-light","15":"product_cat-track-lights-for-dining-room","16":"product_tag-black-led-track-lighting","17":"product_tag-black-spotlight-track","18":"product_tag-black-track-lighting","19":"product_tag-black-track-lighting-modern","20":"product_tag-ceiling-track-light-fixture","21":"product_tag-ceiling-track-spotlights","22":"product_tag-custom-track-lighting","23":"product_tag-dimmable-led-track-lighting","24":"product_tag-dimmable-track-lighting-led","25":"product_tag-indoor-track-lighting","26":"product_tag-led-lights-for-track-lighting","27":"product_tag-led-track-lighting","28":"product_tag-led-track-spotlights","29":"product_tag-light-track-lighting","30":"product_tag-lights-for-track-lighting","31":"product_tag-low-profile-led-track-lighting","32":"product_tag-low-profile-track-lighting","33":"product_tag-magnetic-track-light","34":"product_tag-magnetic-track-light-ceiling","35":"product_tag-magnetic-track-light-white","36":"product_tag-magnetic-track-lights-ceiling","37":"product_tag-modern-track-lighting","38":"product_tag-rail-lighting","39":"product_tag-rail-spotlight","40":"product_tag-recessed-track-lighting","41":"product_tag-restaurant-track-lighting","42":"product_tag-slim-track-lighting","43":"product_tag-spotlight-track-lighting","44":"product_tag-track-downlights","45":"product_tag-track-light","46":"product_tag-track-light-ceiling","47":"product_tag-track-light-magnetic","48":"product_tag-track-light-recessed","49":"product_tag-track-light-spot","50":"product_tag-track-light-spotlight","51":"product_tag-track-light-track-light","52":"product_tag-track-lighting-magnetic","53":"product_tag-track-lighting-track","54":"product_tag-track-luminaire","55":"product_tag-track-recessed-lighting","56":"product_tag-track-spotlights","57":"product_tag-track-spotlights-kitchen","58":"product_tag-wall-mounted-track-lighting","59":"product_tag-white-led-track-lighting","60":"product_tag-white-track-lighting","62":"first","63":"instock","64":"shipping-taxable","65":"purchasable","66":"product-type-simple"},"yoast_head":"<!-- This site is optimized with the Yoast SEO Premium plugin v20.8 (Yoast SEO v21.9.1) - https:\/\/yoast.com\/wordpress\/plugins\/seo\/ -->\n<title>Decorative Track Lighting-RSTL600 - Radians Lighting Factory<\/title>\n<meta name=\"description\" content=\"Radians lighting is a professional manufacturer working on design and solution of Decorative Track Lighting for commercial and residential.\" \/>\n<meta name=\"robots\" content=\"index, follow, max-snippet:-1, max-image-preview:large, max-video-preview:-1\" \/>\n<link rel=\"canonical\" href=\"https:\/\/radianslighting.com\/da\/vare\/decorative-track-lighting\/\" \/>\n<meta property=\"og:locale\" content=\"da_DK\" \/>\n<meta property=\"og:type\" content=\"article\" \/>\n<meta property=\"og:title\" content=\"Decorative Track Lighting-RSTL600\" \/>\n<meta property=\"og:description\" content=\"Radians lighting is a professional manufacturer working on design and solution of Decorative Track Lighting for commercial and residential.\" \/>\n<meta property=\"og:url\" content=\"https:\/\/radianslighting.com\/da\/vare\/decorative-track-lighting\/\" \/>\n<meta property=\"og:site_name\" content=\"Radians Lighting\" \/>\n<meta property=\"article:modified_time\" content=\"2025-04-11T08:37:44+00:00\" \/>\n<meta property=\"og:image\" content=\"https:\/\/radianslighting.com\/wp-content\/uploads\/2024\/11\/PLS600C.jpg\" \/>\n\t<meta property=\"og:image:width\" content=\"1000\" \/>\n\t<meta property=\"og:image:height\" content=\"1000\" \/>\n\t<meta property=\"og:image:type\" content=\"image\/jpeg\" \/>\n<meta name=\"twitter:card\" content=\"summary_large_image\" \/>\n<meta name=\"twitter:label1\" content=\"Estimeret l\u00e6setid\" \/>\n\t<meta name=\"twitter:data1\" content=\"2 minutter\" \/>\n<script type=\"application\/ld+json\" class=\"yoast-schema-graph\">{\"@context\":\"https:\/\/schema.org\",\"@graph\":[{\"@type\":\"WebPage\",\"@id\":\"https:\/\/radianslighting.com\/product\/decorative-track-lighting\",\"url\":\"https:\/\/radianslighting.com\/product\/decorative-track-lighting\",\"name\":\"Decorative Track Lighting-RSTL600 - Radians Lighting Factory\",\"isPartOf\":{\"@id\":\"https:\/\/radianslighting.com\/#website\"},\"datePublished\":\"2024-11-02T06:20:55+00:00\",\"dateModified\":\"2025-04-11T08:37:44+00:00\",\"description\":\"Radians lighting is a professional manufacturer working on design and solution of Decorative Track Lighting for commercial and residential.\",\"breadcrumb\":{\"@id\":\"https:\/\/radianslighting.com\/product\/decorative-track-lighting#breadcrumb\"},\"inLanguage\":\"da-DK\",\"potentialAction\":[{\"@type\":\"ReadAction\",\"target\":[\"https:\/\/radianslighting.com\/product\/decorative-track-lighting\"]}]},{\"@type\":\"BreadcrumbList\",\"@id\":\"https:\/\/radianslighting.com\/product\/decorative-track-lighting#breadcrumb\",\"itemListElement\":[{\"@type\":\"ListItem\",\"position\":1,\"name\":\"Home\",\"item\":\"https:\/\/radianslighting.com\/\"},{\"@type\":\"ListItem\",\"position\":2,\"name\":\"Shop\",\"item\":\"https:\/\/radianslighting.com\/shop\"},{\"@type\":\"ListItem\",\"position\":3,\"name\":\"Decorative Track Lighting-RSTL600\"}]},{\"@type\":\"WebSite\",\"@id\":\"https:\/\/radianslighting.com\/#website\",\"url\":\"https:\/\/radianslighting.com\/\",\"name\":\"Radians Lighting\",\"description\":\"LED Lights Manufacturer | LED Downlights | Track Lights | High-Efficiency, 5-year warranty | Radians\",\"publisher\":{\"@id\":\"https:\/\/radianslighting.com\/#organization\"},\"potentialAction\":[{\"@type\":\"SearchAction\",\"target\":{\"@type\":\"EntryPoint\",\"urlTemplate\":\"https:\/\/radianslighting.com\/?s={search_term_string}\"},\"query-input\":\"required name=search_term_string\"}],\"inLanguage\":\"da-DK\"},{\"@type\":\"Organization\",\"@id\":\"https:\/\/radianslighting.com\/#organization\",\"name\":\"Radians Lighting\",\"url\":\"https:\/\/radianslighting.com\/\",\"logo\":{\"@type\":\"ImageObject\",\"inLanguage\":\"da-DK\",\"@id\":\"https:\/\/radianslighting.com\/#\/schema\/logo\/image\/\",\"url\":\"https:\/\/radianslighting.com\/wp-content\/uploads\/2024\/07\/LOGO-1.jpg\",\"contentUrl\":\"https:\/\/radianslighting.com\/wp-content\/uploads\/2024\/07\/LOGO-1.jpg\",\"width\":1835,\"height\":411,\"caption\":\"Radians Lighting\"},\"image\":{\"@id\":\"https:\/\/radianslighting.com\/#\/schema\/logo\/image\/\"}}]}<\/script>\n<!-- \/ Yoast SEO Premium plugin. -->","yoast_head_json":{"title":"Decorative Track Lighting-RSTL600 - Radians Lighting Factory","description":"Radians lighting is a professional manufacturer working on design and solution of Decorative Track Lighting for commercial and residential.","robots":{"index":"index","follow":"follow","max-snippet":"max-snippet:-1","max-image-preview":"max-image-preview:large","max-video-preview":"max-video-preview:-1"},"canonical":"https:\/\/radianslighting.com\/da\/vare\/decorative-track-lighting\/","og_locale":"da_DK","og_type":"article","og_title":"Decorative Track Lighting-RSTL600","og_description":"Radians lighting is a professional manufacturer working on design and solution of Decorative Track Lighting for commercial and residential.","og_url":"https:\/\/radianslighting.com\/da\/vare\/decorative-track-lighting\/","og_site_name":"Radians Lighting","article_modified_time":"2025-04-11T08:37:44+00:00","og_image":[{"width":1000,"height":1000,"url":"https:\/\/radianslighting.com\/wp-content\/uploads\/2024\/11\/PLS600C.jpg","type":"image\/jpeg"}],"twitter_card":"summary_large_image","twitter_misc":{"Estimeret l\u00e6setid":"2 minutter"},"schema":{"@context":"https:\/\/schema.org","@graph":[{"@type":"WebPage","@id":"https:\/\/radianslighting.com\/product\/decorative-track-lighting","url":"https:\/\/radianslighting.com\/product\/decorative-track-lighting","name":"Decorative Track Lighting-RSTL600 - Radians Lighting Factory","isPartOf":{"@id":"https:\/\/radianslighting.com\/#website"},"datePublished":"2024-11-02T06:20:55+00:00","dateModified":"2025-04-11T08:37:44+00:00","description":"Radians lighting is a professional manufacturer working on design and solution of Decorative Track Lighting for commercial and residential.","breadcrumb":{"@id":"https:\/\/radianslighting.com\/product\/decorative-track-lighting#breadcrumb"},"inLanguage":"da-DK","potentialAction":[{"@type":"ReadAction","target":["https:\/\/radianslighting.com\/product\/decorative-track-lighting"]}]},{"@type":"BreadcrumbList","@id":"https:\/\/radianslighting.com\/product\/decorative-track-lighting#breadcrumb","itemListElement":[{"@type":"ListItem","position":1,"name":"Home","item":"https:\/\/radianslighting.com\/"},{"@type":"ListItem","position":2,"name":"Shop","item":"https:\/\/radianslighting.com\/shop"},{"@type":"ListItem","position":3,"name":"Decorative Track Lighting-RSTL600"}]},{"@type":"WebSite","@id":"https:\/\/radianslighting.com\/#website","url":"https:\/\/radianslighting.com\/","name":"Radians Lighting","description":"LED Lights Manufacturer | LED Downlights | Track Lights | High-Efficiency, 5-year warranty | Radians","publisher":{"@id":"https:\/\/radianslighting.com\/#organization"},"potentialAction":[{"@type":"SearchAction","target":{"@type":"EntryPoint","urlTemplate":"https:\/\/radianslighting.com\/?s={search_term_string}"},"query-input":"required name=search_term_string"}],"inLanguage":"da-DK"},{"@type":"Organization","@id":"https:\/\/radianslighting.com\/#organization","name":"Radians Lighting","url":"https:\/\/radianslighting.com\/","logo":{"@type":"ImageObject","inLanguage":"da-DK","@id":"https:\/\/radianslighting.com\/#\/schema\/logo\/image\/","url":"https:\/\/radianslighting.com\/wp-content\/uploads\/2024\/07\/LOGO-1.jpg","contentUrl":"https:\/\/radianslighting.com\/wp-content\/uploads\/2024\/07\/LOGO-1.jpg","width":1835,"height":411,"caption":"Radians Lighting"},"image":{"@id":"https:\/\/radianslighting.com\/#\/schema\/logo\/image\/"}}]}},"_links":{"self":[{"href":"https:\/\/radianslighting.com\/da\/wp-json\/wp\/v2\/product\/6369"}],"collection":[{"href":"https:\/\/radianslighting.com\/da\/wp-json\/wp\/v2\/product"}],"about":[{"href":"https:\/\/radianslighting.com\/da\/wp-json\/wp\/v2\/types\/product"}],"replies":[{"embeddable":true,"href":"https:\/\/radianslighting.com\/da\/wp-json\/wp\/v2\/comments?post=6369"}],"wp:featuredmedia":[{"embeddable":true,"href":"https:\/\/radianslighting.com\/da\/wp-json\/wp\/v2\/media\/6370"}],"wp:attachment":[{"href":"https:\/\/radianslighting.com\/da\/wp-json\/wp\/v2\/media?parent=6369"}],"wp:term":[{"taxonomy":"product_cat","embeddable":true,"href":"https:\/\/radianslighting.com\/da\/wp-json\/wp\/v2\/product_cat?post=6369"},{"taxonomy":"product_tag","embeddable":true,"href":"https:\/\/radianslighting.com\/da\/wp-json\/wp\/v2\/product_tag?post=6369"}],"curies":[{"name":"wp","href":"https:\/\/api.w.org\/{rel}","templated":true}]}}