{"id":6358,"date":"2024-11-02T06:09:11","date_gmt":"2024-11-02T06:09:11","guid":{"rendered":"https:\/\/radianslighting.com\/?post_type=product&#038;p=6358"},"modified":"2025-04-01T14:52:35","modified_gmt":"2025-04-01T14:52:35","slug":"dimmable-track-lighting","status":"publish","type":"product","link":"https:\/\/radianslighting.com\/da\/vare\/dimmable-track-lighting","title":{"rendered":"D\u00e6mpbar skinnebelysning-RSTL6002"},"content":{"rendered":"<p>Radians 6002-serien, som kommer med et patenteret design, giver brugerne mulighed for at skifte linser med forskellige str\u00e5levinkler fra forsiden. I mellemtiden er det kompatibelt med triac-d\u00e6mpning, 0\/1-10V, DALI, Tuya smart system, n\u00e5r vi bruger forskellige kombinationer af drivere og led-chips. Vi har mange tilbeh\u00f8r til at im\u00f8dekomme din eftersp\u00f8rgsel til forskellige applikationer, s\u00e5som honeycomb, oval snoot, barndoors osv.<\/p>\n<h3><span style=\"font-size: 1.7em; font-weight: bold;\">Produktudstilling af d\u00e6mpbar skinnebelysning:<\/span><\/h3>\n<p><img fetchpriority=\"high\" decoding=\"async\" class=\"alignnone size-full wp-image-6500\" src=\"https:\/\/radianslighting.com\/wp-content\/uploads\/2024\/11\/e.jpg\" alt=\"Dimmable Track Lighting\" width=\"1000\" height=\"1000\" srcset=\"https:\/\/radianslighting.com\/wp-content\/uploads\/2024\/11\/e.jpg 1000w, https:\/\/radianslighting.com\/wp-content\/uploads\/2024\/11\/e-300x300.jpg 300w, https:\/\/radianslighting.com\/wp-content\/uploads\/2024\/11\/e-150x150.jpg 150w, https:\/\/radianslighting.com\/wp-content\/uploads\/2024\/11\/e-768x768.jpg 768w, https:\/\/radianslighting.com\/wp-content\/uploads\/2024\/11\/e-600x600.jpg 600w, https:\/\/radianslighting.com\/wp-content\/uploads\/2024\/11\/e-100x100.jpg 100w\" sizes=\"(max-width: 1000px) 100vw, 1000px\" \/> <img decoding=\"async\" class=\"alignnone size-full wp-image-6499\" src=\"https:\/\/radianslighting.com\/wp-content\/uploads\/2024\/11\/w.jpg\" alt=\"Dimmable Track Lighting\" width=\"1000\" height=\"1000\" srcset=\"https:\/\/radianslighting.com\/wp-content\/uploads\/2024\/11\/w.jpg 1000w, https:\/\/radianslighting.com\/wp-content\/uploads\/2024\/11\/w-300x300.jpg 300w, https:\/\/radianslighting.com\/wp-content\/uploads\/2024\/11\/w-150x150.jpg 150w, https:\/\/radianslighting.com\/wp-content\/uploads\/2024\/11\/w-768x768.jpg 768w, https:\/\/radianslighting.com\/wp-content\/uploads\/2024\/11\/w-600x600.jpg 600w, https:\/\/radianslighting.com\/wp-content\/uploads\/2024\/11\/w-100x100.jpg 100w\" sizes=\"(max-width: 1000px) 100vw, 1000px\" \/> <img decoding=\"async\" class=\"alignnone size-full wp-image-6497\" src=\"https:\/\/radianslighting.com\/wp-content\/uploads\/2024\/11\/t.jpg\" alt=\"Dimmable Track Lighting\" width=\"1000\" height=\"1000\" srcset=\"https:\/\/radianslighting.com\/wp-content\/uploads\/2024\/11\/t.jpg 1000w, https:\/\/radianslighting.com\/wp-content\/uploads\/2024\/11\/t-300x300.jpg 300w, https:\/\/radianslighting.com\/wp-content\/uploads\/2024\/11\/t-150x150.jpg 150w, https:\/\/radianslighting.com\/wp-content\/uploads\/2024\/11\/t-768x768.jpg 768w, https:\/\/radianslighting.com\/wp-content\/uploads\/2024\/11\/t-600x600.jpg 600w, https:\/\/radianslighting.com\/wp-content\/uploads\/2024\/11\/t-100x100.jpg 100w\" sizes=\"(max-width: 1000px) 100vw, 1000px\" \/> <img loading=\"lazy\" decoding=\"async\" class=\"alignnone size-full wp-image-6498\" src=\"https:\/\/radianslighting.com\/wp-content\/uploads\/2024\/11\/q.jpg\" alt=\"Dimmable Track Lighting\" width=\"1000\" height=\"1000\" srcset=\"https:\/\/radianslighting.com\/wp-content\/uploads\/2024\/11\/q.jpg 1000w, https:\/\/radianslighting.com\/wp-content\/uploads\/2024\/11\/q-300x300.jpg 300w, https:\/\/radianslighting.com\/wp-content\/uploads\/2024\/11\/q-150x150.jpg 150w, https:\/\/radianslighting.com\/wp-content\/uploads\/2024\/11\/q-768x768.jpg 768w, https:\/\/radianslighting.com\/wp-content\/uploads\/2024\/11\/q-600x600.jpg 600w, https:\/\/radianslighting.com\/wp-content\/uploads\/2024\/11\/q-100x100.jpg 100w\" sizes=\"(max-width: 1000px) 100vw, 1000px\" \/><\/p>\n<p><img loading=\"lazy\" decoding=\"async\" class=\"alignnone size-full wp-image-6366\" src=\"https:\/\/radianslighting.com\/wp-content\/uploads\/2024\/11\/PLS6002-4.jpg\" alt=\"Dimmable Track Lighting\" width=\"1000\" height=\"1000\" srcset=\"https:\/\/radianslighting.com\/wp-content\/uploads\/2024\/11\/PLS6002-4.jpg 1000w, https:\/\/radianslighting.com\/wp-content\/uploads\/2024\/11\/PLS6002-4-300x300.jpg 300w, https:\/\/radianslighting.com\/wp-content\/uploads\/2024\/11\/PLS6002-4-150x150.jpg 150w, https:\/\/radianslighting.com\/wp-content\/uploads\/2024\/11\/PLS6002-4-768x768.jpg 768w, https:\/\/radianslighting.com\/wp-content\/uploads\/2024\/11\/PLS6002-4-600x600.jpg 600w, https:\/\/radianslighting.com\/wp-content\/uploads\/2024\/11\/PLS6002-4-100x100.jpg 100w\" sizes=\"(max-width: 1000px) 100vw, 1000px\" \/> <img loading=\"lazy\" decoding=\"async\" class=\"alignnone size-full wp-image-6367\" src=\"https:\/\/radianslighting.com\/wp-content\/uploads\/2024\/11\/PLS6002-8.jpg\" alt=\"Dimmable Track Lighting\" width=\"1000\" height=\"1000\" srcset=\"https:\/\/radianslighting.com\/wp-content\/uploads\/2024\/11\/PLS6002-8.jpg 1000w, https:\/\/radianslighting.com\/wp-content\/uploads\/2024\/11\/PLS6002-8-300x300.jpg 300w, https:\/\/radianslighting.com\/wp-content\/uploads\/2024\/11\/PLS6002-8-150x150.jpg 150w, https:\/\/radianslighting.com\/wp-content\/uploads\/2024\/11\/PLS6002-8-768x768.jpg 768w, https:\/\/radianslighting.com\/wp-content\/uploads\/2024\/11\/PLS6002-8-600x600.jpg 600w, https:\/\/radianslighting.com\/wp-content\/uploads\/2024\/11\/PLS6002-8-100x100.jpg 100w\" sizes=\"(max-width: 1000px) 100vw, 1000px\" \/> <img loading=\"lazy\" decoding=\"async\" class=\"alignnone size-full wp-image-6368\" src=\"https:\/\/radianslighting.com\/wp-content\/uploads\/2024\/11\/PLS6002-2.jpg\" alt=\"Dimmable Track Lighting\" width=\"1000\" height=\"1000\" srcset=\"https:\/\/radianslighting.com\/wp-content\/uploads\/2024\/11\/PLS6002-2.jpg 1000w, https:\/\/radianslighting.com\/wp-content\/uploads\/2024\/11\/PLS6002-2-300x300.jpg 300w, https:\/\/radianslighting.com\/wp-content\/uploads\/2024\/11\/PLS6002-2-150x150.jpg 150w, https:\/\/radianslighting.com\/wp-content\/uploads\/2024\/11\/PLS6002-2-768x768.jpg 768w, https:\/\/radianslighting.com\/wp-content\/uploads\/2024\/11\/PLS6002-2-600x600.jpg 600w, https:\/\/radianslighting.com\/wp-content\/uploads\/2024\/11\/PLS6002-2-100x100.jpg 100w\" sizes=\"(max-width: 1000px) 100vw, 1000px\" \/><\/p>\n<h2>Ofte stillede sp\u00f8rgsm\u00e5l:<\/h2>\n<p><strong>Sp\u00f8rgsm\u00e5l<\/strong>: Er du en fabrik?<br \/>\n<strong>Svar<\/strong>: Ja, vi er en professionel producent med mange erfarne ingeni\u00f8rer og medarbejdere.<\/p>\n<p><strong>Sp\u00f8rgsm\u00e5l<\/strong>: Har du nogen MOQ-gr\u00e6nse for LED-lysordrer?<br \/>\n<strong>Svar<\/strong>: Nej. Ingen MOQ begr\u00e6nset. Du kan placere 1 stk til test og inspektion.<\/p>\n<p><strong>Sp\u00f8rgsm\u00e5l<\/strong>: Hvad med din leveringstid?<br \/>\n<strong>Svar<\/strong>: 3-5 arbejdsdage for pr\u00f8ver og 15 arbejdsdage for batchordrer.<\/p>\n<p><strong>Sp\u00f8rgsm\u00e5l<\/strong>: Hvor mange \u00e5rs garanti tilbyder du for din downlight?<br \/>\n<strong>Svar<\/strong>: Vi tilbyder generelt 3 \u00e5r eller 5 \u00e5r for de fleste af vores downlights. Hvis du har yderligere \u00f8nsker, er du velkommen til at give os besked.<\/p>\n<p><strong>Sp\u00f8rgsm\u00e5l<\/strong>: Kan jeg s\u00e6tte mit logo p\u00e5 dit produkt og din pakke?<br \/>\n<strong>Svar<\/strong>: Selvf\u00f8lgelig. Men vi har MOQ til OEM-service for forskellige produkter.<\/p>","protected":false},"excerpt":{"rendered":"<ul>\n<li>Model nr.: RSTL6002<\/li>\n<li>Effekt: 8W<\/li>\n<li>Lumen: 640 lm<\/li>\n<li>CCT: 2700K\/3000K\/4000K\/57000K\/DTW\/RGBCW<\/li>\n<li>Dim: Ingen d\u00e6mpning, triac, 0\/1-10V, DALI, Tuya, Zigbee<\/li>\n<li>Str\u00e5levinkel: 10\u00b0\/15\u00b0\/24\u00b0\/36\u00b0\/50\u00b0<\/li>\n<li>Adapter: 2 veje, 3 veje, 4 veje<\/li>\n<li>IP-klassificering: IP44<\/li>\n<li>M\u00e5l: \u03c6106x\u03c660mm<\/li>\n<li>Farve: Hvid\/Sort<\/li>\n<li>Garanti: 3 \u00e5r\/5 \u00e5r<\/li>\n<li>Bem\u00e6rkning: D\u00e6mpbar skinnebelysning<\/li>\n<\/ul>","protected":false},"featured_media":6359,"comment_status":"closed","ping_status":"closed","template":"","meta":[],"product_cat":[412,554,555,409,411,410,290,556],"product_tag":[415,423,443,414,439,425,418,417,432,424,455,435,427,456,454,433,413,436,447,430,452,442,300,429,444,420,421,416,428,434,437,422,451,457,298,441,450,453,426,449,446,448,445,419,299],"class_list":{"0":"post-6358","1":"product","2":"type-product","3":"status-publish","4":"has-post-thumbnail","6":"product_cat-adjustable-track-lighting","7":"product_cat-bathroom-track-lighting","8":"product_cat-bedroom-track-lighting","9":"product_cat-commercial-track-lighting","10":"product_cat-dimmable-track-lighting","11":"product_cat-kitchen-track-lighting","12":"product_cat-led-track-light","13":"product_cat-track-lights-for-dining-room","14":"product_tag-black-led-track-lighting","15":"product_tag-black-spotlight-track","16":"product_tag-black-track-lighting","17":"product_tag-black-track-lighting-modern","18":"product_tag-ceiling-track-light-fixture","19":"product_tag-ceiling-track-spotlights","20":"product_tag-custom-track-lighting","21":"product_tag-dimmable-led-track-lighting","22":"product_tag-dimmable-track-lighting-led","23":"product_tag-indoor-track-lighting","24":"product_tag-led-lights-for-track-lighting","25":"product_tag-led-track-lighting","26":"product_tag-led-track-spotlights","27":"product_tag-light-track-lighting","28":"product_tag-lights-for-track-lighting","29":"product_tag-low-profile-led-track-lighting","30":"product_tag-low-profile-track-lighting","31":"product_tag-magnetic-track-light","32":"product_tag-magnetic-track-light-ceiling","33":"product_tag-magnetic-track-light-white","34":"product_tag-magnetic-track-lights-ceiling","35":"product_tag-modern-track-lighting","36":"product_tag-rail-lighting","37":"product_tag-rail-spotlight","38":"product_tag-recessed-track-lighting","39":"product_tag-restaurant-track-lighting","40":"product_tag-slim-track-lighting","41":"product_tag-spotlight-track-lighting","42":"product_tag-track-downlights","43":"product_tag-track-light","44":"product_tag-track-light-ceiling","45":"product_tag-track-light-magnetic","46":"product_tag-track-light-recessed","47":"product_tag-track-light-spot","48":"product_tag-track-light-spotlight","49":"product_tag-track-light-track-light","50":"product_tag-track-lighting-magnetic","51":"product_tag-track-lighting-track","52":"product_tag-track-luminaire","53":"product_tag-track-recessed-lighting","54":"product_tag-track-spotlights","55":"product_tag-track-spotlights-kitchen","56":"product_tag-wall-mounted-track-lighting","57":"product_tag-white-led-track-lighting","58":"product_tag-white-track-lighting","60":"first","61":"instock","62":"featured","63":"shipping-taxable","64":"purchasable","65":"product-type-simple"},"yoast_head":"<!-- This site is optimized with the Yoast SEO Premium plugin v20.8 (Yoast SEO v21.9.1) - https:\/\/yoast.com\/wordpress\/plugins\/seo\/ -->\n<title>Dimmable Track Lighting-RSTL6002 - Radians Lighting Factory<\/title>\n<meta name=\"description\" content=\"Radians lighting is a professional manufacturer working on design and solution of Dimmable Track Lightingfor commercial and residential.\" \/>\n<meta name=\"robots\" content=\"index, follow, max-snippet:-1, max-image-preview:large, max-video-preview:-1\" \/>\n<link rel=\"canonical\" href=\"https:\/\/radianslighting.com\/da\/vare\/dimmable-track-lighting\/\" \/>\n<meta property=\"og:locale\" content=\"da_DK\" \/>\n<meta property=\"og:type\" content=\"article\" \/>\n<meta property=\"og:title\" content=\"Dimmable Track Lighting-RSTL6002\" \/>\n<meta property=\"og:description\" content=\"Radians lighting is a professional manufacturer working on design and solution of Dimmable Track Lightingfor commercial and residential.\" \/>\n<meta property=\"og:url\" content=\"https:\/\/radianslighting.com\/da\/vare\/dimmable-track-lighting\/\" \/>\n<meta property=\"og:site_name\" content=\"Radians Lighting\" \/>\n<meta property=\"article:modified_time\" content=\"2025-04-01T14:52:35+00:00\" \/>\n<meta property=\"og:image\" content=\"https:\/\/radianslighting.com\/wp-content\/uploads\/2024\/11\/RSTL6002.jpg\" \/>\n\t<meta property=\"og:image:width\" content=\"1000\" \/>\n\t<meta property=\"og:image:height\" content=\"1000\" \/>\n\t<meta property=\"og:image:type\" content=\"image\/jpeg\" \/>\n<meta name=\"twitter:card\" content=\"summary_large_image\" \/>\n<meta name=\"twitter:label1\" content=\"Estimeret l\u00e6setid\" \/>\n\t<meta name=\"twitter:data1\" content=\"3 minutter\" \/>\n<script type=\"application\/ld+json\" class=\"yoast-schema-graph\">{\"@context\":\"https:\/\/schema.org\",\"@graph\":[{\"@type\":\"WebPage\",\"@id\":\"https:\/\/radianslighting.com\/product\/dimmable-track-lighting\",\"url\":\"https:\/\/radianslighting.com\/product\/dimmable-track-lighting\",\"name\":\"Dimmable Track Lighting-RSTL6002 - Radians Lighting Factory\",\"isPartOf\":{\"@id\":\"https:\/\/radianslighting.com\/#website\"},\"datePublished\":\"2024-11-02T06:09:11+00:00\",\"dateModified\":\"2025-04-01T14:52:35+00:00\",\"description\":\"Radians lighting is a professional manufacturer working on design and solution of Dimmable Track Lightingfor commercial and residential.\",\"breadcrumb\":{\"@id\":\"https:\/\/radianslighting.com\/product\/dimmable-track-lighting#breadcrumb\"},\"inLanguage\":\"da-DK\",\"potentialAction\":[{\"@type\":\"ReadAction\",\"target\":[\"https:\/\/radianslighting.com\/product\/dimmable-track-lighting\"]}]},{\"@type\":\"BreadcrumbList\",\"@id\":\"https:\/\/radianslighting.com\/product\/dimmable-track-lighting#breadcrumb\",\"itemListElement\":[{\"@type\":\"ListItem\",\"position\":1,\"name\":\"Home\",\"item\":\"https:\/\/radianslighting.com\/\"},{\"@type\":\"ListItem\",\"position\":2,\"name\":\"Shop\",\"item\":\"https:\/\/radianslighting.com\/shop\"},{\"@type\":\"ListItem\",\"position\":3,\"name\":\"Dimmable Track Lighting-RSTL6002\"}]},{\"@type\":\"WebSite\",\"@id\":\"https:\/\/radianslighting.com\/#website\",\"url\":\"https:\/\/radianslighting.com\/\",\"name\":\"Radians Lighting\",\"description\":\"LED Lights Manufacturer | LED Downlights | Track Lights | High-Efficiency, 5-year warranty | Radians\",\"publisher\":{\"@id\":\"https:\/\/radianslighting.com\/#organization\"},\"potentialAction\":[{\"@type\":\"SearchAction\",\"target\":{\"@type\":\"EntryPoint\",\"urlTemplate\":\"https:\/\/radianslighting.com\/?s={search_term_string}\"},\"query-input\":\"required name=search_term_string\"}],\"inLanguage\":\"da-DK\"},{\"@type\":\"Organization\",\"@id\":\"https:\/\/radianslighting.com\/#organization\",\"name\":\"Radians Lighting\",\"url\":\"https:\/\/radianslighting.com\/\",\"logo\":{\"@type\":\"ImageObject\",\"inLanguage\":\"da-DK\",\"@id\":\"https:\/\/radianslighting.com\/#\/schema\/logo\/image\/\",\"url\":\"https:\/\/radianslighting.com\/wp-content\/uploads\/2024\/07\/LOGO-1.jpg\",\"contentUrl\":\"https:\/\/radianslighting.com\/wp-content\/uploads\/2024\/07\/LOGO-1.jpg\",\"width\":1835,\"height\":411,\"caption\":\"Radians Lighting\"},\"image\":{\"@id\":\"https:\/\/radianslighting.com\/#\/schema\/logo\/image\/\"}}]}<\/script>\n<!-- \/ Yoast SEO Premium plugin. -->","yoast_head_json":{"title":"Dimmable Track Lighting-RSTL6002 - Radians Lighting Factory","description":"Radians lighting is a professional manufacturer working on design and solution of Dimmable Track Lightingfor commercial and residential.","robots":{"index":"index","follow":"follow","max-snippet":"max-snippet:-1","max-image-preview":"max-image-preview:large","max-video-preview":"max-video-preview:-1"},"canonical":"https:\/\/radianslighting.com\/da\/vare\/dimmable-track-lighting\/","og_locale":"da_DK","og_type":"article","og_title":"Dimmable Track Lighting-RSTL6002","og_description":"Radians lighting is a professional manufacturer working on design and solution of Dimmable Track Lightingfor commercial and residential.","og_url":"https:\/\/radianslighting.com\/da\/vare\/dimmable-track-lighting\/","og_site_name":"Radians Lighting","article_modified_time":"2025-04-01T14:52:35+00:00","og_image":[{"width":1000,"height":1000,"url":"https:\/\/radianslighting.com\/wp-content\/uploads\/2024\/11\/RSTL6002.jpg","type":"image\/jpeg"}],"twitter_card":"summary_large_image","twitter_misc":{"Estimeret l\u00e6setid":"3 minutter"},"schema":{"@context":"https:\/\/schema.org","@graph":[{"@type":"WebPage","@id":"https:\/\/radianslighting.com\/product\/dimmable-track-lighting","url":"https:\/\/radianslighting.com\/product\/dimmable-track-lighting","name":"Dimmable Track Lighting-RSTL6002 - Radians Lighting Factory","isPartOf":{"@id":"https:\/\/radianslighting.com\/#website"},"datePublished":"2024-11-02T06:09:11+00:00","dateModified":"2025-04-01T14:52:35+00:00","description":"Radians lighting is a professional manufacturer working on design and solution of Dimmable Track Lightingfor commercial and residential.","breadcrumb":{"@id":"https:\/\/radianslighting.com\/product\/dimmable-track-lighting#breadcrumb"},"inLanguage":"da-DK","potentialAction":[{"@type":"ReadAction","target":["https:\/\/radianslighting.com\/product\/dimmable-track-lighting"]}]},{"@type":"BreadcrumbList","@id":"https:\/\/radianslighting.com\/product\/dimmable-track-lighting#breadcrumb","itemListElement":[{"@type":"ListItem","position":1,"name":"Home","item":"https:\/\/radianslighting.com\/"},{"@type":"ListItem","position":2,"name":"Shop","item":"https:\/\/radianslighting.com\/shop"},{"@type":"ListItem","position":3,"name":"Dimmable Track Lighting-RSTL6002"}]},{"@type":"WebSite","@id":"https:\/\/radianslighting.com\/#website","url":"https:\/\/radianslighting.com\/","name":"Radians Lighting","description":"LED Lights Manufacturer | LED Downlights | Track Lights | High-Efficiency, 5-year warranty | Radians","publisher":{"@id":"https:\/\/radianslighting.com\/#organization"},"potentialAction":[{"@type":"SearchAction","target":{"@type":"EntryPoint","urlTemplate":"https:\/\/radianslighting.com\/?s={search_term_string}"},"query-input":"required name=search_term_string"}],"inLanguage":"da-DK"},{"@type":"Organization","@id":"https:\/\/radianslighting.com\/#organization","name":"Radians Lighting","url":"https:\/\/radianslighting.com\/","logo":{"@type":"ImageObject","inLanguage":"da-DK","@id":"https:\/\/radianslighting.com\/#\/schema\/logo\/image\/","url":"https:\/\/radianslighting.com\/wp-content\/uploads\/2024\/07\/LOGO-1.jpg","contentUrl":"https:\/\/radianslighting.com\/wp-content\/uploads\/2024\/07\/LOGO-1.jpg","width":1835,"height":411,"caption":"Radians Lighting"},"image":{"@id":"https:\/\/radianslighting.com\/#\/schema\/logo\/image\/"}}]}},"_links":{"self":[{"href":"https:\/\/radianslighting.com\/da\/wp-json\/wp\/v2\/product\/6358"}],"collection":[{"href":"https:\/\/radianslighting.com\/da\/wp-json\/wp\/v2\/product"}],"about":[{"href":"https:\/\/radianslighting.com\/da\/wp-json\/wp\/v2\/types\/product"}],"replies":[{"embeddable":true,"href":"https:\/\/radianslighting.com\/da\/wp-json\/wp\/v2\/comments?post=6358"}],"wp:featuredmedia":[{"embeddable":true,"href":"https:\/\/radianslighting.com\/da\/wp-json\/wp\/v2\/media\/6359"}],"wp:attachment":[{"href":"https:\/\/radianslighting.com\/da\/wp-json\/wp\/v2\/media?parent=6358"}],"wp:term":[{"taxonomy":"product_cat","embeddable":true,"href":"https:\/\/radianslighting.com\/da\/wp-json\/wp\/v2\/product_cat?post=6358"},{"taxonomy":"product_tag","embeddable":true,"href":"https:\/\/radianslighting.com\/da\/wp-json\/wp\/v2\/product_tag?post=6358"}],"curies":[{"name":"wp","href":"https:\/\/api.w.org\/{rel}","templated":true}]}}