{"id":6351,"date":"2024-11-01T08:01:29","date_gmt":"2024-11-01T08:01:29","guid":{"rendered":"https:\/\/radianslighting.com\/?post_type=product&#038;p=6351"},"modified":"2025-03-31T07:15:34","modified_gmt":"2025-03-31T07:15:34","slug":"lighting-for-classrooms","status":"publish","type":"product","link":"https:\/\/radianslighting.com\/da\/vare\/lighting-for-classrooms","title":{"rendered":"Belysning til klassev\u00e6relser-RSPL3F36D-X"},"content":{"rendered":"<h2>Belysning til klassev\u00e6relser-RSPL3F36D-X<\/h2>\n<p>\u25cf Strukturelt materiale: aluminiumsramme, god tekstur og antioxidation, metalchassis, god varmeafledning, lavt lysnedfald, lang levetid for lampeperler.<br \/>\n\u25cf Professionel \u00f8jenbeskyttelse: autoritativ certificering, UGR-v\u00e6rdi \u226416, ensartet og bl\u00f8dt lys, h\u00f8jkvalitets uddannelseslysmilj\u00f8, bl\u00e5t lysfare RG0 ubegr\u00e6nset niveau, undg\u00e5 effektivt bl\u00e5t lysskader, undg\u00e5 langvarig brug af lys, der for\u00e5rsager gulning af nethinden.<br \/>\n\u25cf Intet flimmerdesign, hvilket effektivt reducerer visuel tr\u00e6thed.<br \/>\n\u25cf Fuldt spektrum: sollignende spektrum, \u00e6gte farvegendannelse:<br \/>\n\u25cf Dybt fors\u00e6nket med udskiftelig reflektor hvid og sort UGR&lt;16.<\/p>\n<h2>Produktudstilling af belysning til klassev\u00e6relser:<\/h2>\n<p><img fetchpriority=\"high\" decoding=\"async\" class=\"alignnone size-full wp-image-6352\" src=\"https:\/\/radianslighting.com\/wp-content\/uploads\/2024\/11\/1e4216c72e463c7dc73e7744cdd72e2.jpg\" alt=\"Lighting For Classrooms\" width=\"800\" height=\"570\" srcset=\"https:\/\/radianslighting.com\/wp-content\/uploads\/2024\/11\/1e4216c72e463c7dc73e7744cdd72e2.jpg 800w, https:\/\/radianslighting.com\/wp-content\/uploads\/2024\/11\/1e4216c72e463c7dc73e7744cdd72e2-300x214.jpg 300w, https:\/\/radianslighting.com\/wp-content\/uploads\/2024\/11\/1e4216c72e463c7dc73e7744cdd72e2-768x547.jpg 768w, https:\/\/radianslighting.com\/wp-content\/uploads\/2024\/11\/1e4216c72e463c7dc73e7744cdd72e2-600x428.jpg 600w\" sizes=\"(max-width: 800px) 100vw, 800px\" \/><\/p>\n<h2>Ofte stillede sp\u00f8rgsm\u00e5l:<\/h2>\n<p><strong>Sp\u00f8rgsm\u00e5l<\/strong>: Er du en fabrik?<br \/>\n<strong>Svar<\/strong>: Ja, vi er en professionel producent med mange erfarne ingeni\u00f8rer og medarbejdere.<\/p>\n<p><strong>Sp\u00f8rgsm\u00e5l<\/strong>: Har du nogen MOQ-gr\u00e6nse for LED-lysordrer?<br \/>\n<strong>Svar<\/strong>: Nej. Ingen MOQ begr\u00e6nset. Du kan placere 1 stk til test og inspektion.<\/p>\n<p><strong>Sp\u00f8rgsm\u00e5l<\/strong>: Hvad med din leveringstid?<br \/>\n<strong>Svar<\/strong>: 3-5 arbejdsdage for pr\u00f8ver, 15 arbejdsdage for batchordrer.<\/p>\n<p><strong>Sp\u00f8rgsm\u00e5l<\/strong>: Hvor mange \u00e5rs garanti tilbyder du for din downlight?<br \/>\n<strong>Svar<\/strong>: Generelt tilbyder vi 3 \u00e5r eller 5 \u00e5r for de fleste af vores downlights. Hvis du har yderligere \u00f8nsker, er du velkommen til at give os besked.<\/p>\n<p><strong>Sp\u00f8rgsm\u00e5l<\/strong>: Kan jeg s\u00e6tte mit logo p\u00e5 dit produkt og din pakke?<br \/>\n<strong>Svar<\/strong>: Selvf\u00f8lgelig. Men vi har MOQ til OEM-service for forskellige produkter.<\/p>","protected":false},"excerpt":{"rendered":"<ul>\n<li>Model nr.: RSPL3F36D-X<\/li>\n<li>Effekt: 36W<\/li>\n<li>Lumen: 3060lm<\/li>\n<li>CCT: 2700K\/3000K\/4000K\/57000K<\/li>\n<li>Dim: Ingen d\u00e6mpning, triac, 0\/1-10V, DALI, Tuya, Zigbee<\/li>\n<li>Effektfaktor: 0,9<\/li>\n<li>Monteringsm\u00e5de: Vedh\u00e6ng<\/li>\n<li>IP-klassificering: IP44<\/li>\n<li>M\u00e5l: 1187*281*67mm<\/li>\n<li>Farve: S\u00f8lv<\/li>\n<li>Garanti: 3 \u00e5r\/5 \u00e5r<\/li>\n<li>Bem\u00e6rkning: Belysning til klassev\u00e6relser<\/li>\n<\/ul>","protected":false},"featured_media":6353,"comment_status":"closed","ping_status":"closed","template":"","meta":[],"product_cat":[289],"product_tag":[293],"class_list":{"0":"post-6351","1":"product","2":"type-product","3":"status-publish","4":"has-post-thumbnail","6":"product_cat-classroom-led-light","7":"product_tag-lighting-for-classrooms","9":"first","10":"instock","11":"shipping-taxable","12":"purchasable","13":"product-type-simple"},"yoast_head":"<!-- This site is optimized with the Yoast SEO Premium plugin v20.8 (Yoast SEO v21.9.1) - https:\/\/yoast.com\/wordpress\/plugins\/seo\/ -->\n<title>Lighting For Classrooms-RSPL3F36D-X - Radians Lighting Factory<\/title>\n<meta name=\"description\" content=\"Radians lighting is a professional manufacturer working on design and solution of LED Lighting For Classrooms for commercial and residential.\" \/>\n<meta name=\"robots\" content=\"index, follow, max-snippet:-1, max-image-preview:large, max-video-preview:-1\" \/>\n<link rel=\"canonical\" href=\"https:\/\/radianslighting.com\/da\/vare\/lighting-for-classrooms\/\" \/>\n<meta property=\"og:locale\" content=\"da_DK\" \/>\n<meta property=\"og:type\" content=\"article\" \/>\n<meta property=\"og:title\" content=\"Lighting For Classrooms-RSPL3F36D-X\" \/>\n<meta property=\"og:description\" content=\"Radians lighting is a professional manufacturer working on design and solution of LED Lighting For Classrooms for commercial and residential.\" \/>\n<meta property=\"og:url\" content=\"https:\/\/radianslighting.com\/da\/vare\/lighting-for-classrooms\/\" \/>\n<meta property=\"og:site_name\" content=\"Radians Lighting\" \/>\n<meta property=\"article:modified_time\" content=\"2025-03-31T07:15:34+00:00\" \/>\n<meta property=\"og:image\" content=\"https:\/\/radianslighting.com\/wp-content\/uploads\/2024\/11\/\u6559\u5e08\u706f-2.jpg\" \/>\n\t<meta property=\"og:image:width\" content=\"1000\" \/>\n\t<meta property=\"og:image:height\" content=\"1000\" \/>\n\t<meta property=\"og:image:type\" content=\"image\/jpeg\" \/>\n<meta name=\"twitter:card\" content=\"summary_large_image\" \/>\n<meta name=\"twitter:label1\" content=\"Estimeret l\u00e6setid\" \/>\n\t<meta name=\"twitter:data1\" content=\"2 minutter\" \/>\n<script type=\"application\/ld+json\" class=\"yoast-schema-graph\">{\"@context\":\"https:\/\/schema.org\",\"@graph\":[{\"@type\":\"WebPage\",\"@id\":\"https:\/\/radianslighting.com\/product\/lighting-for-classrooms\",\"url\":\"https:\/\/radianslighting.com\/product\/lighting-for-classrooms\",\"name\":\"Lighting For Classrooms-RSPL3F36D-X - Radians Lighting Factory\",\"isPartOf\":{\"@id\":\"https:\/\/radianslighting.com\/#website\"},\"datePublished\":\"2024-11-01T08:01:29+00:00\",\"dateModified\":\"2025-03-31T07:15:34+00:00\",\"description\":\"Radians lighting is a professional manufacturer working on design and solution of LED Lighting For Classrooms for commercial and residential.\",\"breadcrumb\":{\"@id\":\"https:\/\/radianslighting.com\/product\/lighting-for-classrooms#breadcrumb\"},\"inLanguage\":\"da-DK\",\"potentialAction\":[{\"@type\":\"ReadAction\",\"target\":[\"https:\/\/radianslighting.com\/product\/lighting-for-classrooms\"]}]},{\"@type\":\"BreadcrumbList\",\"@id\":\"https:\/\/radianslighting.com\/product\/lighting-for-classrooms#breadcrumb\",\"itemListElement\":[{\"@type\":\"ListItem\",\"position\":1,\"name\":\"Home\",\"item\":\"https:\/\/radianslighting.com\/\"},{\"@type\":\"ListItem\",\"position\":2,\"name\":\"Shop\",\"item\":\"https:\/\/radianslighting.com\/shop\"},{\"@type\":\"ListItem\",\"position\":3,\"name\":\"Lighting For Classrooms-RSPL3F36D-X\"}]},{\"@type\":\"WebSite\",\"@id\":\"https:\/\/radianslighting.com\/#website\",\"url\":\"https:\/\/radianslighting.com\/\",\"name\":\"Radians Lighting\",\"description\":\"LED Lights Manufacturer | LED Downlights | Track Lights | High-Efficiency, 5-year warranty | Radians\",\"publisher\":{\"@id\":\"https:\/\/radianslighting.com\/#organization\"},\"potentialAction\":[{\"@type\":\"SearchAction\",\"target\":{\"@type\":\"EntryPoint\",\"urlTemplate\":\"https:\/\/radianslighting.com\/?s={search_term_string}\"},\"query-input\":\"required name=search_term_string\"}],\"inLanguage\":\"da-DK\"},{\"@type\":\"Organization\",\"@id\":\"https:\/\/radianslighting.com\/#organization\",\"name\":\"Radians Lighting\",\"url\":\"https:\/\/radianslighting.com\/\",\"logo\":{\"@type\":\"ImageObject\",\"inLanguage\":\"da-DK\",\"@id\":\"https:\/\/radianslighting.com\/#\/schema\/logo\/image\/\",\"url\":\"https:\/\/radianslighting.com\/wp-content\/uploads\/2024\/07\/LOGO-1.jpg\",\"contentUrl\":\"https:\/\/radianslighting.com\/wp-content\/uploads\/2024\/07\/LOGO-1.jpg\",\"width\":1835,\"height\":411,\"caption\":\"Radians Lighting\"},\"image\":{\"@id\":\"https:\/\/radianslighting.com\/#\/schema\/logo\/image\/\"}}]}<\/script>\n<!-- \/ Yoast SEO Premium plugin. -->","yoast_head_json":{"title":"Lighting For Classrooms-RSPL3F36D-X - Radians Lighting Factory","description":"Radians lighting is a professional manufacturer working on design and solution of LED Lighting For Classrooms for commercial and residential.","robots":{"index":"index","follow":"follow","max-snippet":"max-snippet:-1","max-image-preview":"max-image-preview:large","max-video-preview":"max-video-preview:-1"},"canonical":"https:\/\/radianslighting.com\/da\/vare\/lighting-for-classrooms\/","og_locale":"da_DK","og_type":"article","og_title":"Lighting For Classrooms-RSPL3F36D-X","og_description":"Radians lighting is a professional manufacturer working on design and solution of LED Lighting For Classrooms for commercial and residential.","og_url":"https:\/\/radianslighting.com\/da\/vare\/lighting-for-classrooms\/","og_site_name":"Radians Lighting","article_modified_time":"2025-03-31T07:15:34+00:00","og_image":[{"width":1000,"height":1000,"url":"https:\/\/radianslighting.com\/wp-content\/uploads\/2024\/11\/\u6559\u5e08\u706f-2.jpg","type":"image\/jpeg"}],"twitter_card":"summary_large_image","twitter_misc":{"Estimeret l\u00e6setid":"2 minutter"},"schema":{"@context":"https:\/\/schema.org","@graph":[{"@type":"WebPage","@id":"https:\/\/radianslighting.com\/product\/lighting-for-classrooms","url":"https:\/\/radianslighting.com\/product\/lighting-for-classrooms","name":"Lighting For Classrooms-RSPL3F36D-X - Radians Lighting Factory","isPartOf":{"@id":"https:\/\/radianslighting.com\/#website"},"datePublished":"2024-11-01T08:01:29+00:00","dateModified":"2025-03-31T07:15:34+00:00","description":"Radians lighting is a professional manufacturer working on design and solution of LED Lighting For Classrooms for commercial and residential.","breadcrumb":{"@id":"https:\/\/radianslighting.com\/product\/lighting-for-classrooms#breadcrumb"},"inLanguage":"da-DK","potentialAction":[{"@type":"ReadAction","target":["https:\/\/radianslighting.com\/product\/lighting-for-classrooms"]}]},{"@type":"BreadcrumbList","@id":"https:\/\/radianslighting.com\/product\/lighting-for-classrooms#breadcrumb","itemListElement":[{"@type":"ListItem","position":1,"name":"Home","item":"https:\/\/radianslighting.com\/"},{"@type":"ListItem","position":2,"name":"Shop","item":"https:\/\/radianslighting.com\/shop"},{"@type":"ListItem","position":3,"name":"Lighting For Classrooms-RSPL3F36D-X"}]},{"@type":"WebSite","@id":"https:\/\/radianslighting.com\/#website","url":"https:\/\/radianslighting.com\/","name":"Radians Lighting","description":"LED Lights Manufacturer | LED Downlights | Track Lights | High-Efficiency, 5-year warranty | Radians","publisher":{"@id":"https:\/\/radianslighting.com\/#organization"},"potentialAction":[{"@type":"SearchAction","target":{"@type":"EntryPoint","urlTemplate":"https:\/\/radianslighting.com\/?s={search_term_string}"},"query-input":"required name=search_term_string"}],"inLanguage":"da-DK"},{"@type":"Organization","@id":"https:\/\/radianslighting.com\/#organization","name":"Radians Lighting","url":"https:\/\/radianslighting.com\/","logo":{"@type":"ImageObject","inLanguage":"da-DK","@id":"https:\/\/radianslighting.com\/#\/schema\/logo\/image\/","url":"https:\/\/radianslighting.com\/wp-content\/uploads\/2024\/07\/LOGO-1.jpg","contentUrl":"https:\/\/radianslighting.com\/wp-content\/uploads\/2024\/07\/LOGO-1.jpg","width":1835,"height":411,"caption":"Radians Lighting"},"image":{"@id":"https:\/\/radianslighting.com\/#\/schema\/logo\/image\/"}}]}},"_links":{"self":[{"href":"https:\/\/radianslighting.com\/da\/wp-json\/wp\/v2\/product\/6351"}],"collection":[{"href":"https:\/\/radianslighting.com\/da\/wp-json\/wp\/v2\/product"}],"about":[{"href":"https:\/\/radianslighting.com\/da\/wp-json\/wp\/v2\/types\/product"}],"replies":[{"embeddable":true,"href":"https:\/\/radianslighting.com\/da\/wp-json\/wp\/v2\/comments?post=6351"}],"wp:featuredmedia":[{"embeddable":true,"href":"https:\/\/radianslighting.com\/da\/wp-json\/wp\/v2\/media\/6353"}],"wp:attachment":[{"href":"https:\/\/radianslighting.com\/da\/wp-json\/wp\/v2\/media?parent=6351"}],"wp:term":[{"taxonomy":"product_cat","embeddable":true,"href":"https:\/\/radianslighting.com\/da\/wp-json\/wp\/v2\/product_cat?post=6351"},{"taxonomy":"product_tag","embeddable":true,"href":"https:\/\/radianslighting.com\/da\/wp-json\/wp\/v2\/product_tag?post=6351"}],"curies":[{"name":"wp","href":"https:\/\/api.w.org\/{rel}","templated":true}]}}