{"id":6074,"date":"2024-05-14T06:56:09","date_gmt":"2024-05-14T06:56:09","guid":{"rendered":"https:\/\/radianslighting.com\/?post_type=product&#038;p=6074"},"modified":"2025-03-31T07:17:44","modified_gmt":"2025-03-31T07:17:44","slug":"square-led-downlights","status":"publish","type":"product","link":"https:\/\/radianslighting.com\/da\/vare\/square-led-downlights","title":{"rendered":"Firkantede LED downlights"},"content":{"rendered":"<p style=\"text-align: left;\">Dybe rammer g\u00f8r lyset blidere, naturligt, bl\u00f8dere og uden at bl\u00e6nde, uanset hvor du ser det i dit v\u00e6relse. LED fors\u00e6nkede downlights er velegnede til nogle kommercielle applikationer s\u00e5som hoteller, villaer, lejligheder og boliger i stuer og sovev\u00e6relser.<\/p>\n<table style=\"border-collapse: collapse; width: 800px; height: 255px;\" border=\"0\" width=\"544\" cellspacing=\"0\" cellpadding=\"0\">\n<tbody>\n<tr style=\"height: 13.50pt;\">\n<td class=\"et2\" style=\"height: 13.5pt; width: 51pt; text-align: center;\" width=\"136\" height=\"36\"><strong>Model nr.<\/strong><\/td>\n<td class=\"et2\" style=\"width: 51pt; text-align: center;\" width=\"136\"><strong>Magt<\/strong><\/td>\n<td class=\"et2\" style=\"width: 51pt; text-align: center;\" width=\"136\"><strong>Udsk\u00e6ring<\/strong><\/td>\n<td class=\"et2\" style=\"width: 51pt; text-align: center;\" width=\"136\"><strong>Dimension<\/strong><\/td>\n<\/tr>\n<tr style=\"height: 13.50pt;\">\n<td class=\"et2\" style=\"height: 13.5pt; text-align: center;\" height=\"36\">RSRD1D7R<\/td>\n<td class=\"et2\" style=\"text-align: center;\">7W<\/td>\n<td class=\"et2\" style=\"text-align: center;\">\u03c655 mm<\/td>\n<td class=\"et2\" style=\"text-align: center;\">\u03c665x48mm<\/td>\n<\/tr>\n<tr style=\"height: 13.50pt;\">\n<td class=\"et2\" style=\"height: 13.5pt; text-align: center;\" height=\"36\">RSRD2D7R<\/td>\n<td class=\"et2\" style=\"text-align: center;\">7W<\/td>\n<td class=\"et2\" style=\"text-align: center;\">\u03c655 mm<\/td>\n<td class=\"et2\" style=\"text-align: center;\">65x65x48mm<\/td>\n<\/tr>\n<tr style=\"height: 13.50pt;\">\n<td class=\"et2\" style=\"height: 13.5pt; text-align: center;\" height=\"36\">RSRD1D10R<\/td>\n<td class=\"et2\" style=\"text-align: center;\">10W<\/td>\n<td class=\"et2\" style=\"text-align: center;\">\u03c675 mm<\/td>\n<td class=\"et2\" style=\"text-align: center;\">\u03c685x54mm<\/td>\n<\/tr>\n<tr style=\"height: 13.50pt;\">\n<td class=\"et2\" style=\"height: 13.5pt; text-align: center;\" height=\"36\">RSRD2D10R<\/td>\n<td class=\"et2\" style=\"text-align: center;\">10W<\/td>\n<td class=\"et2\" style=\"text-align: center;\">\u03c675 mm<\/td>\n<td class=\"et2\" style=\"text-align: center;\">85x85x54 mm<\/td>\n<\/tr>\n<tr style=\"height: 13.50pt;\">\n<td class=\"et2\" style=\"height: 13.5pt; text-align: center;\" height=\"36\">RSRD1D15R<\/td>\n<td class=\"et2\" style=\"text-align: center;\">15W<\/td>\n<td class=\"et2\" style=\"text-align: center;\">\u03c695 mm<\/td>\n<td class=\"et2\" style=\"text-align: center;\">\u03c6105x62mm<\/td>\n<\/tr>\n<tr style=\"height: 13.50pt;\">\n<td class=\"et2\" style=\"height: 13.5pt; text-align: center;\" height=\"36\">RSRD2D5R<\/td>\n<td class=\"et2\" style=\"text-align: center;\">15W<\/td>\n<td class=\"et2\" style=\"text-align: center;\">\u03c695 mm<\/td>\n<td class=\"et2\" style=\"text-align: center;\">105x105x62 mm<\/td>\n<\/tr>\n<\/tbody>\n<\/table>\n<h2 style=\"text-align: left;\">Produktudstilling af LED fors\u00e6nket downlight:<\/h2>\n<p style=\"text-align: left;\"><img fetchpriority=\"high\" decoding=\"async\" class=\"alignnone size-full wp-image-6454\" src=\"https:\/\/radianslighting.com\/wp-content\/uploads\/2022\/05\/a-4.jpg\" alt=\"LED Light Downlight\" width=\"1000\" height=\"1000\" srcset=\"https:\/\/radianslighting.com\/wp-content\/uploads\/2022\/05\/a-4.jpg 1000w, https:\/\/radianslighting.com\/wp-content\/uploads\/2022\/05\/a-4-300x300.jpg 300w, https:\/\/radianslighting.com\/wp-content\/uploads\/2022\/05\/a-4-150x150.jpg 150w, https:\/\/radianslighting.com\/wp-content\/uploads\/2022\/05\/a-4-768x768.jpg 768w, https:\/\/radianslighting.com\/wp-content\/uploads\/2022\/05\/a-4-600x600.jpg 600w, https:\/\/radianslighting.com\/wp-content\/uploads\/2022\/05\/a-4-100x100.jpg 100w\" sizes=\"(max-width: 1000px) 100vw, 1000px\" \/> <img decoding=\"async\" class=\"alignnone size-full wp-image-6453\" src=\"https:\/\/radianslighting.com\/wp-content\/uploads\/2022\/05\/a-3.jpg\" alt=\"LED Light Downlight\" width=\"1000\" height=\"1000\" srcset=\"https:\/\/radianslighting.com\/wp-content\/uploads\/2022\/05\/a-3.jpg 1000w, https:\/\/radianslighting.com\/wp-content\/uploads\/2022\/05\/a-3-300x300.jpg 300w, https:\/\/radianslighting.com\/wp-content\/uploads\/2022\/05\/a-3-150x150.jpg 150w, https:\/\/radianslighting.com\/wp-content\/uploads\/2022\/05\/a-3-768x768.jpg 768w, https:\/\/radianslighting.com\/wp-content\/uploads\/2022\/05\/a-3-600x600.jpg 600w, https:\/\/radianslighting.com\/wp-content\/uploads\/2022\/05\/a-3-100x100.jpg 100w\" sizes=\"(max-width: 1000px) 100vw, 1000px\" \/> <img decoding=\"async\" class=\"alignnone size-full wp-image-6452\" src=\"https:\/\/radianslighting.com\/wp-content\/uploads\/2022\/05\/a-2.jpg\" alt=\"LED Light Downlight\" width=\"1000\" height=\"1000\" srcset=\"https:\/\/radianslighting.com\/wp-content\/uploads\/2022\/05\/a-2.jpg 1000w, https:\/\/radianslighting.com\/wp-content\/uploads\/2022\/05\/a-2-300x300.jpg 300w, https:\/\/radianslighting.com\/wp-content\/uploads\/2022\/05\/a-2-150x150.jpg 150w, https:\/\/radianslighting.com\/wp-content\/uploads\/2022\/05\/a-2-768x768.jpg 768w, https:\/\/radianslighting.com\/wp-content\/uploads\/2022\/05\/a-2-600x600.jpg 600w, https:\/\/radianslighting.com\/wp-content\/uploads\/2022\/05\/a-2-100x100.jpg 100w\" sizes=\"(max-width: 1000px) 100vw, 1000px\" \/> <img loading=\"lazy\" decoding=\"async\" class=\"alignnone size-full wp-image-6457\" src=\"https:\/\/radianslighting.com\/wp-content\/uploads\/2022\/05\/a-7.jpg\" alt=\"LED Light Downlight\" width=\"1000\" height=\"1000\" srcset=\"https:\/\/radianslighting.com\/wp-content\/uploads\/2022\/05\/a-7.jpg 1000w, https:\/\/radianslighting.com\/wp-content\/uploads\/2022\/05\/a-7-300x300.jpg 300w, https:\/\/radianslighting.com\/wp-content\/uploads\/2022\/05\/a-7-150x150.jpg 150w, https:\/\/radianslighting.com\/wp-content\/uploads\/2022\/05\/a-7-768x768.jpg 768w, https:\/\/radianslighting.com\/wp-content\/uploads\/2022\/05\/a-7-600x600.jpg 600w, https:\/\/radianslighting.com\/wp-content\/uploads\/2022\/05\/a-7-100x100.jpg 100w\" sizes=\"(max-width: 1000px) 100vw, 1000px\" \/><\/p>\n<p style=\"text-align: left;\"><img loading=\"lazy\" decoding=\"async\" class=\"wp-image-5515 alignleft\" title=\"LED fors\u00e6nket downlight- RS-RD-0914-MW\" src=\"https:\/\/radianslighting.com\/wp-content\/uploads\/2023\/04\/led-recessed-downlight-rs-rd-0914-mw-3.jpg\" alt=\"LED Recessed Downlight- RS-RD-0914-MW\" width=\"1000\" height=\"451\" srcset=\"https:\/\/radianslighting.com\/wp-content\/uploads\/2023\/04\/led-recessed-downlight-rs-rd-0914-mw-3.jpg 900w, https:\/\/radianslighting.com\/wp-content\/uploads\/2023\/04\/led-recessed-downlight-rs-rd-0914-mw-3-600x271.jpg 600w, https:\/\/radianslighting.com\/wp-content\/uploads\/2023\/04\/led-recessed-downlight-rs-rd-0914-mw-3-300x135.jpg 300w, https:\/\/radianslighting.com\/wp-content\/uploads\/2023\/04\/led-recessed-downlight-rs-rd-0914-mw-3-768x346.jpg 768w\" sizes=\"(max-width: 1000px) 100vw, 1000px\" \/><\/p>\n<h2 style=\"text-align: left;\">Ofte stillede sp\u00f8rgsm\u00e5l:<\/h2>\n<p style=\"text-align: left;\"><strong>Sp\u00f8rgsm\u00e5l<\/strong>: Er du en fabrik?<br \/>\n<strong>Svar<\/strong>: Ja, vi er en professionel producent med mange erfarne ingeni\u00f8rer og medarbejdere.<\/p>\n<p style=\"text-align: left;\"><strong>Sp\u00f8rgsm\u00e5l<\/strong>: Har du nogen MOQ-gr\u00e6nse for LED-lysordrer?<br \/>\n<strong>Svar<\/strong>: Nej. Ingen MOQ begr\u00e6nset. Du kan placere 1 stk til test og inspektion.<\/p>\n<p style=\"text-align: left;\"><strong>Sp\u00f8rgsm\u00e5l<\/strong>: Hvad med din leveringstid?<br \/>\n<strong>Svar<\/strong>: 3-5 arbejdsdage for pr\u00f8ver og 15 for batchordrer.<\/p>\n<p style=\"text-align: left;\"><strong>Sp\u00f8rgsm\u00e5l<\/strong>: Hvor mange \u00e5rs garanti tilbyder du for din downlight?<br \/>\n<strong>Svar<\/strong>: Vi tilbyder generelt 3 \u00e5r eller 5 \u00e5r for de fleste af vores downlights. Hvis du har yderligere \u00f8nsker, er du velkommen til at give os besked.<\/p>\n<p style=\"text-align: left;\"><strong>Sp\u00f8rgsm\u00e5l<\/strong>: Kan jeg s\u00e6tte mit logo p\u00e5 dit produkt og din pakke?<br \/>\n<strong>Svar<\/strong>: Selvf\u00f8lgelig. Men vi har MOQ til OEM-service for forskellige produkter.<\/p>","protected":false},"excerpt":{"rendered":"<ul>\n<li>Model nr. RSRD2D7R<\/li>\n<li>Effekt: 7W<\/li>\n<li>Sp\u00e6nding: AC 120V\/ AC22-240V 50~60Hz<\/li>\n<li>Lumen: 560lm<\/li>\n<li>CCT: 2700K\/3000K\/4000K\/57000K\/DTW\/RGBCW<\/li>\n<li>CRI: 80\/90 eller over Ra93, Ra95 tilg\u00e6ngelig.<\/li>\n<li>SDCM: 3<\/li>\n<li>Dim: Ingen d\u00e6mpning, triac, 0\/1-10V, DALI, Tuya, Zigbee<\/li>\n<li>Str\u00e5levinkel: 38\u00b0<\/li>\n<li>Udsk\u00e6ring: 55 mm<\/li>\n<li>IP-klassificering: IP44<\/li>\n<li>M\u00e5l: \u03c665x48mm<\/li>\n<li>Farve: Hvid\/sort eller anden farve kan tilpasses.<\/li>\n<li>Materiale: Aluminiumslegering<\/li>\n<li>Levetid: 25.000 timer eller 50.000 timer<\/li>\n<li>Garanti: 3 \u00e5r\/5 \u00e5r<\/li>\n<li>Bem\u00e6rkning: Firkantede LED Downlights<\/li>\n<\/ul>","protected":false},"featured_media":6289,"comment_status":"closed","ping_status":"closed","template":"","meta":[],"product_cat":[20,527,540,551,504,516,541,491,497,481,506,531,532,513,493,494,487,534,150,492,507,200,482,544,505,498],"product_tag":[51,328,329],"class_list":{"0":"post-6074","1":"product","2":"type-product","3":"status-publish","4":"has-post-thumbnail","6":"product_cat-anti-glare-downlights","7":"product_cat-100mm-downlight","8":"product_cat-10w-led-downlight","9":"product_cat-15w-downlight","10":"product_cat-2700k-downlight","11":"product_cat-60mm-cut-out-downlights","12":"product_cat-9w-led-downlight","13":"product_cat-bedroom-downlights","14":"product_cat-black-downlights","15":"product_cat-cob-downlight","16":"product_cat-cool-white-downlight","17":"product_cat-dimmable-downlights","18":"product_cat-dimmable-led-downlights","19":"product_cat-downlight-ip44","20":"product_cat-downlights-for-hallway","21":"product_cat-hotel-downlight","22":"product_cat-ic-rated-downlights","23":"product_cat-led-dimmable-spotlights","24":"product_cat-led-downlight","25":"product_cat-living-room-downlights","26":"product_cat-neutral-light-downlight","27":"product_cat-recessed-downlight","28":"product_cat-smd-led-downlight","29":"product_cat-square-downlights","30":"product_cat-warm-led-downlights","31":"product_cat-white-downlights","32":"product_tag-bathroom-downlights","33":"product_tag-square-downlights","34":"product_tag-square-led-downlights","36":"first","37":"instock","38":"shipping-taxable","39":"purchasable","40":"product-type-simple"},"yoast_head":"<!-- This site is optimized with the Yoast SEO Premium plugin v20.8 (Yoast SEO v21.9.1) - https:\/\/yoast.com\/wordpress\/plugins\/seo\/ -->\n<title>Energy-Efficient Square LED Downlights, 3000K, High CRI, CE Certified | Radians<\/title>\n<meta name=\"description\" content=\"Discover bulk pricing on Square LED Downlights with ETL certification. Ideal for commercial use, offering quick shipping and long-term energy savings.\" \/>\n<meta name=\"robots\" content=\"index, follow, max-snippet:-1, max-image-preview:large, max-video-preview:-1\" \/>\n<link rel=\"canonical\" href=\"https:\/\/radianslighting.com\/da\/vare\/square-led-downlights\/\" \/>\n<meta property=\"og:locale\" content=\"da_DK\" \/>\n<meta property=\"og:type\" content=\"article\" \/>\n<meta property=\"og:title\" content=\"Square LED Downlights\" \/>\n<meta property=\"og:description\" content=\"Discover bulk pricing on Square LED Downlights with ETL certification. Ideal for commercial use, offering quick shipping and long-term energy savings.\" \/>\n<meta property=\"og:url\" content=\"https:\/\/radianslighting.com\/da\/vare\/square-led-downlights\/\" \/>\n<meta property=\"og:site_name\" content=\"Radians Lighting\" \/>\n<meta property=\"article:modified_time\" content=\"2025-03-31T07:17:44+00:00\" \/>\n<meta property=\"og:image\" content=\"https:\/\/radianslighting.com\/wp-content\/uploads\/2024\/05\/RSRD1D7R.jpg\" \/>\n\t<meta property=\"og:image:width\" content=\"1000\" \/>\n\t<meta property=\"og:image:height\" content=\"1000\" \/>\n\t<meta property=\"og:image:type\" content=\"image\/jpeg\" \/>\n<meta name=\"twitter:card\" content=\"summary_large_image\" \/>\n<meta name=\"twitter:label1\" content=\"Estimeret l\u00e6setid\" \/>\n\t<meta name=\"twitter:data1\" content=\"3 minutter\" \/>\n<script type=\"application\/ld+json\" class=\"yoast-schema-graph\">{\"@context\":\"https:\/\/schema.org\",\"@graph\":[{\"@type\":\"WebPage\",\"@id\":\"https:\/\/radianslighting.com\/product\/square-led-downlights\",\"url\":\"https:\/\/radianslighting.com\/product\/square-led-downlights\",\"name\":\"Energy-Efficient Square LED Downlights, 3000K, High CRI, CE Certified | Radians\",\"isPartOf\":{\"@id\":\"https:\/\/radianslighting.com\/#website\"},\"datePublished\":\"2024-05-14T06:56:09+00:00\",\"dateModified\":\"2025-03-31T07:17:44+00:00\",\"description\":\"Discover bulk pricing on Square LED Downlights with ETL certification. Ideal for commercial use, offering quick shipping and long-term energy savings.\",\"breadcrumb\":{\"@id\":\"https:\/\/radianslighting.com\/product\/square-led-downlights#breadcrumb\"},\"inLanguage\":\"da-DK\",\"potentialAction\":[{\"@type\":\"ReadAction\",\"target\":[\"https:\/\/radianslighting.com\/product\/square-led-downlights\"]}]},{\"@type\":\"BreadcrumbList\",\"@id\":\"https:\/\/radianslighting.com\/product\/square-led-downlights#breadcrumb\",\"itemListElement\":[{\"@type\":\"ListItem\",\"position\":1,\"name\":\"Home\",\"item\":\"https:\/\/radianslighting.com\/\"},{\"@type\":\"ListItem\",\"position\":2,\"name\":\"Shop\",\"item\":\"https:\/\/radianslighting.com\/shop\"},{\"@type\":\"ListItem\",\"position\":3,\"name\":\"Square LED Downlights\"}]},{\"@type\":\"WebSite\",\"@id\":\"https:\/\/radianslighting.com\/#website\",\"url\":\"https:\/\/radianslighting.com\/\",\"name\":\"Radians Lighting\",\"description\":\"LED Lights Manufacturer | LED Downlights | Track Lights | High-Efficiency, 5-year warranty | Radians\",\"publisher\":{\"@id\":\"https:\/\/radianslighting.com\/#organization\"},\"potentialAction\":[{\"@type\":\"SearchAction\",\"target\":{\"@type\":\"EntryPoint\",\"urlTemplate\":\"https:\/\/radianslighting.com\/?s={search_term_string}\"},\"query-input\":\"required name=search_term_string\"}],\"inLanguage\":\"da-DK\"},{\"@type\":\"Organization\",\"@id\":\"https:\/\/radianslighting.com\/#organization\",\"name\":\"Radians Lighting\",\"url\":\"https:\/\/radianslighting.com\/\",\"logo\":{\"@type\":\"ImageObject\",\"inLanguage\":\"da-DK\",\"@id\":\"https:\/\/radianslighting.com\/#\/schema\/logo\/image\/\",\"url\":\"https:\/\/radianslighting.com\/wp-content\/uploads\/2024\/07\/LOGO-1.jpg\",\"contentUrl\":\"https:\/\/radianslighting.com\/wp-content\/uploads\/2024\/07\/LOGO-1.jpg\",\"width\":1835,\"height\":411,\"caption\":\"Radians Lighting\"},\"image\":{\"@id\":\"https:\/\/radianslighting.com\/#\/schema\/logo\/image\/\"}}]}<\/script>\n<!-- \/ Yoast SEO Premium plugin. -->","yoast_head_json":{"title":"Energy-Efficient Square LED Downlights, 3000K, High CRI, CE Certified | Radians","description":"Discover bulk pricing on Square LED Downlights with ETL certification. Ideal for commercial use, offering quick shipping and long-term energy savings.","robots":{"index":"index","follow":"follow","max-snippet":"max-snippet:-1","max-image-preview":"max-image-preview:large","max-video-preview":"max-video-preview:-1"},"canonical":"https:\/\/radianslighting.com\/da\/vare\/square-led-downlights\/","og_locale":"da_DK","og_type":"article","og_title":"Square LED Downlights","og_description":"Discover bulk pricing on Square LED Downlights with ETL certification. Ideal for commercial use, offering quick shipping and long-term energy savings.","og_url":"https:\/\/radianslighting.com\/da\/vare\/square-led-downlights\/","og_site_name":"Radians Lighting","article_modified_time":"2025-03-31T07:17:44+00:00","og_image":[{"width":1000,"height":1000,"url":"https:\/\/radianslighting.com\/wp-content\/uploads\/2024\/05\/RSRD1D7R.jpg","type":"image\/jpeg"}],"twitter_card":"summary_large_image","twitter_misc":{"Estimeret l\u00e6setid":"3 minutter"},"schema":{"@context":"https:\/\/schema.org","@graph":[{"@type":"WebPage","@id":"https:\/\/radianslighting.com\/product\/square-led-downlights","url":"https:\/\/radianslighting.com\/product\/square-led-downlights","name":"Energy-Efficient Square LED Downlights, 3000K, High CRI, CE Certified | Radians","isPartOf":{"@id":"https:\/\/radianslighting.com\/#website"},"datePublished":"2024-05-14T06:56:09+00:00","dateModified":"2025-03-31T07:17:44+00:00","description":"Discover bulk pricing on Square LED Downlights with ETL certification. Ideal for commercial use, offering quick shipping and long-term energy savings.","breadcrumb":{"@id":"https:\/\/radianslighting.com\/product\/square-led-downlights#breadcrumb"},"inLanguage":"da-DK","potentialAction":[{"@type":"ReadAction","target":["https:\/\/radianslighting.com\/product\/square-led-downlights"]}]},{"@type":"BreadcrumbList","@id":"https:\/\/radianslighting.com\/product\/square-led-downlights#breadcrumb","itemListElement":[{"@type":"ListItem","position":1,"name":"Home","item":"https:\/\/radianslighting.com\/"},{"@type":"ListItem","position":2,"name":"Shop","item":"https:\/\/radianslighting.com\/shop"},{"@type":"ListItem","position":3,"name":"Square LED Downlights"}]},{"@type":"WebSite","@id":"https:\/\/radianslighting.com\/#website","url":"https:\/\/radianslighting.com\/","name":"Radians Lighting","description":"LED Lights Manufacturer | LED Downlights | Track Lights | High-Efficiency, 5-year warranty | Radians","publisher":{"@id":"https:\/\/radianslighting.com\/#organization"},"potentialAction":[{"@type":"SearchAction","target":{"@type":"EntryPoint","urlTemplate":"https:\/\/radianslighting.com\/?s={search_term_string}"},"query-input":"required name=search_term_string"}],"inLanguage":"da-DK"},{"@type":"Organization","@id":"https:\/\/radianslighting.com\/#organization","name":"Radians Lighting","url":"https:\/\/radianslighting.com\/","logo":{"@type":"ImageObject","inLanguage":"da-DK","@id":"https:\/\/radianslighting.com\/#\/schema\/logo\/image\/","url":"https:\/\/radianslighting.com\/wp-content\/uploads\/2024\/07\/LOGO-1.jpg","contentUrl":"https:\/\/radianslighting.com\/wp-content\/uploads\/2024\/07\/LOGO-1.jpg","width":1835,"height":411,"caption":"Radians Lighting"},"image":{"@id":"https:\/\/radianslighting.com\/#\/schema\/logo\/image\/"}}]}},"_links":{"self":[{"href":"https:\/\/radianslighting.com\/da\/wp-json\/wp\/v2\/product\/6074"}],"collection":[{"href":"https:\/\/radianslighting.com\/da\/wp-json\/wp\/v2\/product"}],"about":[{"href":"https:\/\/radianslighting.com\/da\/wp-json\/wp\/v2\/types\/product"}],"replies":[{"embeddable":true,"href":"https:\/\/radianslighting.com\/da\/wp-json\/wp\/v2\/comments?post=6074"}],"wp:featuredmedia":[{"embeddable":true,"href":"https:\/\/radianslighting.com\/da\/wp-json\/wp\/v2\/media\/6289"}],"wp:attachment":[{"href":"https:\/\/radianslighting.com\/da\/wp-json\/wp\/v2\/media?parent=6074"}],"wp:term":[{"taxonomy":"product_cat","embeddable":true,"href":"https:\/\/radianslighting.com\/da\/wp-json\/wp\/v2\/product_cat?post=6074"},{"taxonomy":"product_tag","embeddable":true,"href":"https:\/\/radianslighting.com\/da\/wp-json\/wp\/v2\/product_tag?post=6074"}],"curies":[{"name":"wp","href":"https:\/\/api.w.org\/{rel}","templated":true}]}}