{"id":5039,"date":"2023-02-24T01:34:49","date_gmt":"2023-02-24T01:34:49","guid":{"rendered":"https:\/\/radianslighting.com\/?post_type=product&#038;p=5039"},"modified":"2025-03-31T07:42:55","modified_gmt":"2025-03-31T07:42:55","slug":"up-down-lights-outdoor","status":"publish","type":"product","link":"https:\/\/radianslighting.com\/da\/vare\/up-down-lights-outdoor","title":{"rendered":"Up Down Lights Udend\u00f8rs -RS-WL006C"},"content":{"rendered":"<h2>Up Down lyser udend\u00f8rs<\/h2>\n<p>Up Down Lights Outdoor skinner med et atmosf\u00e6risk varmt hvidt lys og er lavet af aluminium med lav vedligeholdelse. Denne Up Down Lights Outdoor skinner b\u00e5de opad og nedad, s\u00e5 du kan skabe en meget cool lyseffekt p\u00e5 v\u00e6ggen. Takket v\u00e6re IP65-beskyttelsesklassen kan du bruge Up Down Lights Outdoor b\u00e5de indend\u00f8rs og udend\u00f8rs. For at sikre at Up Down Lights Outdoor bevarer sin matsorte farve i mange \u00e5r frem, er den blevet afsluttet med en fugtbestandig og UV-bestandig pulverlakering.<\/p>\n<p>AkzoNobels pulverbel\u00e6gninger : Denne bel\u00e6gning er fuld af holdbarhed, kemisk resistens og vejrbestandighed velegnet til udend\u00f8rs brug, hvilket sikrer at malingen ikke flager, n\u00e5r den uds\u00e6ttes for fugt i l\u00e6ngere tid. Denne bel\u00e6gning er ogs\u00e5 UV-bestandig.<\/p>\n<p>IP65 vandt\u00e6t: Dette giver dig mulighed for at lade den tosidede v\u00e6glampe h\u00e6nge udenfor hele \u00e5ret rundt. Udend\u00f8rs v\u00e6glampen p\u00e5virkes ikke af fugt, kulde eller varme. Det er et godt valg til udend\u00f8rs belysning, der giver holdbarhed og sikkerhed under selv de h\u00e5rdeste vejrforhold.<\/p>\n<p>Integreret lyskilde: Up Down Lights Outdoor er ogs\u00e5 kendt for deres holdbarhed og lave vedligeholdelseskrav. LED-teknologi giver mulighed for langtidsholdbare p\u00e6rer, der ikke skal udskiftes s\u00e5 ofte som traditionelle gl\u00f8dep\u00e6rer, hvilket reducerer b\u00e5de vedligeholdelsesomkostninger og milj\u00f8belastning.<\/p>\n<p>Tillad omr\u00e5der: Velegnet til badev\u00e6relset, stuen, kontoret, sovev\u00e6relset, korridoren og haven.<\/p>\n<p>Kontakt os for at vide mere om Up Down Lights Outdoor....<strong>\u00a0Eller kontakt os p\u00e5 <a href=\"https:\/\/www.facebook.com\/profile.php?id=100080041047950\">Facebook online<\/a>.<\/strong><\/p>\n<h2>Beskrivelse:<\/h2>\n<p>Up Down lyser udend\u00f8rs.<br \/>\nM\u00e6rke: Radians\/ OEM tilg\u00e6ngelig.<br \/>\nMOQ: 500 stk<br \/>\nBetalingsbetingelser: 30% som depositum og restbel\u00f8b skal betales f\u00f8r forsendelse.<br \/>\nPakke: Hvid\/gr\u00e5\/farvet \u00e6ske til inderpakke, karton til yderpakke.<br \/>\nLedetid: 3-5 arbejdsdage for pr\u00f8ver, 15 arbejdsdage for batchordre.<br \/>\nCertifikat: CE, RoHS.<br \/>\nOriginal tekst: PRC<\/p>\n<h2>Datoark for Up Down Lights Outdoor:<\/h2>\n<table>\n<tbody>\n<tr>\n<td width=\"206\"><strong><b>Indgangssp\u00e6nding (V)<\/b><\/strong><\/td>\n<td width=\"283\">AC200-240V~50\/60Hz<\/td>\n<td width=\"249\"><strong><b>Watt:\u00a0\u00a0<\/b><\/strong><\/td>\n<td width=\"206\">6W\/8W\/10W\/12W<\/td>\n<\/tr>\n<tr>\n<td width=\"206\"><strong><b>Lyskilde<\/b><\/strong><\/td>\n<td width=\"283\">SMD LED<\/td>\n<td width=\"249\"><strong><b>Lyseffektivitet\u00a0<\/b><\/strong><\/td>\n<td width=\"206\">90LM\/W<\/td>\n<\/tr>\n<tr>\n<td width=\"206\"><strong><b>Lysudgang\u00a0<\/b><\/strong><\/td>\n<td width=\"283\">540 lm<\/td>\n<td width=\"249\"><strong><b>Lys farve<\/b><\/strong><\/td>\n<td width=\"206\">2700K\/3000K\/4000K<\/td>\n<\/tr>\n<tr>\n<td width=\"206\"><strong><b>D\u00e6mpbar<\/b><\/strong><\/td>\n<td width=\"283\">Tilg\u00e6ngelig<\/td>\n<td width=\"249\"><strong><b>Lampe St\u00f8rrelse<\/b><\/strong><\/td>\n<td width=\"206\">170x80x40 mm<\/td>\n<\/tr>\n<tr>\n<td width=\"206\"><b>Materiale<\/b><\/td>\n<td width=\"283\">Auminmum<\/td>\n<td width=\"249\"><b>CRI(Ra)<\/b><\/td>\n<td width=\"206\">80<\/td>\n<\/tr>\n<tr>\n<td width=\"206\"><strong><b>Lampe farve<\/b><\/strong><\/td>\n<td width=\"283\">Hvid\/Sort\/Gylden<\/td>\n<td width=\"249\"><strong><b>Materiale til lampehus<\/b><\/strong><\/td>\n<td width=\"206\">Aluminiumslegering<\/td>\n<\/tr>\n<tr>\n<td width=\"206\"><strong><b>IP-vurdering<\/b><\/strong><\/td>\n<td width=\"283\">IP65<\/td>\n<td width=\"249\"><strong><b>Garanti (\u00e5r)<\/b><\/strong><\/td>\n<td width=\"206\">3 \u00e5r\/5 \u00e5r<\/td>\n<\/tr>\n<tr>\n<td width=\"206\"><strong><b>Certificering<\/b><\/strong><\/td>\n<td width=\"283\">CE\/RoHS<\/td>\n<td width=\"249\"><strong><b>Anvendelse<\/b><\/strong><\/td>\n<td width=\"206\">Indend\u00f8rs\/Udend\u00f8rs<\/td>\n<\/tr>\n<\/tbody>\n<\/table>\n<h2>Produktshow af Up Down Lights Outdoor:<\/h2>\n<p><img fetchpriority=\"high\" decoding=\"async\" class=\"aligncenter size-full wp-image-5334\" src=\"https:\/\/radianslighting.com\/wp-content\/uploads\/2023\/04\/up-down-lights-outdoor-rs-wl006c.jpg\" width=\"1000\" height=\"1000\" alt=\"Up Down Lights Outdoor -RS-WL006C\" title=\"Up Down Lights Udend\u00f8rs -RS-WL006C\" srcset=\"https:\/\/radianslighting.com\/wp-content\/uploads\/2023\/04\/up-down-lights-outdoor-rs-wl006c.jpg 1000w, https:\/\/radianslighting.com\/wp-content\/uploads\/2023\/04\/up-down-lights-outdoor-rs-wl006c-300x300.jpg 300w, https:\/\/radianslighting.com\/wp-content\/uploads\/2023\/04\/up-down-lights-outdoor-rs-wl006c-100x100.jpg 100w, https:\/\/radianslighting.com\/wp-content\/uploads\/2023\/04\/up-down-lights-outdoor-rs-wl006c-600x600.jpg 600w, https:\/\/radianslighting.com\/wp-content\/uploads\/2023\/04\/up-down-lights-outdoor-rs-wl006c-150x150.jpg 150w, https:\/\/radianslighting.com\/wp-content\/uploads\/2023\/04\/up-down-lights-outdoor-rs-wl006c-768x768.jpg 768w\" sizes=\"(max-width: 1000px) 100vw, 1000px\" \/><\/p>\n<p><img decoding=\"async\" class=\"aligncenter size-full wp-image-5335\" src=\"https:\/\/radianslighting.com\/wp-content\/uploads\/2023\/04\/up-down-lights-outdoor-rs-wl006c-1.jpg\" width=\"1000\" height=\"1000\" alt=\"Up Down Lights Outdoor -RS-WL006C\" title=\"Up Down Lights Udend\u00f8rs -RS-WL006C\" srcset=\"https:\/\/radianslighting.com\/wp-content\/uploads\/2023\/04\/up-down-lights-outdoor-rs-wl006c-1.jpg 1000w, https:\/\/radianslighting.com\/wp-content\/uploads\/2023\/04\/up-down-lights-outdoor-rs-wl006c-1-300x300.jpg 300w, https:\/\/radianslighting.com\/wp-content\/uploads\/2023\/04\/up-down-lights-outdoor-rs-wl006c-1-100x100.jpg 100w, https:\/\/radianslighting.com\/wp-content\/uploads\/2023\/04\/up-down-lights-outdoor-rs-wl006c-1-600x600.jpg 600w, https:\/\/radianslighting.com\/wp-content\/uploads\/2023\/04\/up-down-lights-outdoor-rs-wl006c-1-150x150.jpg 150w, https:\/\/radianslighting.com\/wp-content\/uploads\/2023\/04\/up-down-lights-outdoor-rs-wl006c-1-768x768.jpg 768w\" sizes=\"(max-width: 1000px) 100vw, 1000px\" \/><\/p>","protected":false},"excerpt":{"rendered":"<ul>\n<li>Fremstillet af aluminiumslegering<\/li>\n<li>Power coated med speciel forbehandling til udend\u00f8rs brug<\/li>\n<li>Optisk linse, smuk str\u00e5leform<\/li>\n<li>Flere str\u00f8m- og st\u00f8rrelsesmuligheder<\/li>\n<li>5 \u00e5rs garanti tilg\u00e6ngelig<\/li>\n<\/ul>","protected":false},"featured_media":5331,"comment_status":"closed","ping_status":"closed","template":"","meta":[],"product_cat":[275,170,189],"product_tag":[262,263],"class_list":{"0":"post-5039","1":"product","2":"type-product","3":"status-publish","4":"has-post-thumbnail","6":"product_cat-indoor-led-wall-light","7":"product_cat-led-wall-light","8":"product_cat-outdoor-led-wall-light","9":"product_tag-up-and-down-lights","10":"product_tag-up-down-lights-outdoor","12":"first","13":"instock","14":"shipping-taxable","15":"purchasable","16":"product-type-simple"},"yoast_head":"<!-- This site is optimized with the Yoast SEO Premium plugin v20.8 (Yoast SEO v21.9.1) - https:\/\/yoast.com\/wordpress\/plugins\/seo\/ -->\n<title>Up Down Lights Outdoor -RS-WL006C - Radians Lighting Factory<\/title>\n<meta name=\"description\" content=\"Radians lighting is a professional manufacturer working on design and manufacturing of quality Up Down Lights Outdoor and indoor.\" \/>\n<meta name=\"robots\" content=\"index, follow, max-snippet:-1, max-image-preview:large, max-video-preview:-1\" \/>\n<link rel=\"canonical\" href=\"https:\/\/radianslighting.com\/da\/vare\/up-down-lights-outdoor\/\" \/>\n<meta property=\"og:locale\" content=\"da_DK\" \/>\n<meta property=\"og:type\" content=\"article\" \/>\n<meta property=\"og:title\" content=\"Up Down Lights Outdoor -RS-WL006C\" \/>\n<meta property=\"og:description\" content=\"Radians lighting is a professional manufacturer working on design and manufacturing of quality Up Down Lights Outdoor and indoor.\" \/>\n<meta property=\"og:url\" content=\"https:\/\/radianslighting.com\/da\/vare\/up-down-lights-outdoor\/\" \/>\n<meta property=\"og:site_name\" content=\"Radians Lighting\" \/>\n<meta property=\"article:modified_time\" content=\"2025-03-31T07:42:55+00:00\" \/>\n<meta property=\"og:image\" content=\"https:\/\/radianslighting.com\/wp-content\/uploads\/2023\/02\/Up-Down-Lights-Outdoor-RS-WL006C.jpeg\" \/>\n\t<meta property=\"og:image:width\" content=\"1000\" \/>\n\t<meta property=\"og:image:height\" content=\"1000\" \/>\n\t<meta property=\"og:image:type\" content=\"image\/jpeg\" \/>\n<meta name=\"twitter:card\" content=\"summary_large_image\" \/>\n<meta name=\"twitter:label1\" content=\"Estimeret l\u00e6setid\" \/>\n\t<meta name=\"twitter:data1\" content=\"2 minutter\" \/>\n<script type=\"application\/ld+json\" class=\"yoast-schema-graph\">{\"@context\":\"https:\/\/schema.org\",\"@graph\":[{\"@type\":\"WebPage\",\"@id\":\"https:\/\/radianslighting.com\/product\/up-down-lights-outdoor\",\"url\":\"https:\/\/radianslighting.com\/product\/up-down-lights-outdoor\",\"name\":\"Up Down Lights Outdoor -RS-WL006C - Radians Lighting Factory\",\"isPartOf\":{\"@id\":\"https:\/\/radianslighting.com\/#website\"},\"datePublished\":\"2023-02-24T01:34:49+00:00\",\"dateModified\":\"2025-03-31T07:42:55+00:00\",\"description\":\"Radians lighting is a professional manufacturer working on design and manufacturing of quality Up Down Lights Outdoor and indoor.\",\"breadcrumb\":{\"@id\":\"https:\/\/radianslighting.com\/product\/up-down-lights-outdoor#breadcrumb\"},\"inLanguage\":\"da-DK\",\"potentialAction\":[{\"@type\":\"ReadAction\",\"target\":[\"https:\/\/radianslighting.com\/product\/up-down-lights-outdoor\"]}]},{\"@type\":\"BreadcrumbList\",\"@id\":\"https:\/\/radianslighting.com\/product\/up-down-lights-outdoor#breadcrumb\",\"itemListElement\":[{\"@type\":\"ListItem\",\"position\":1,\"name\":\"Home\",\"item\":\"https:\/\/radianslighting.com\/\"},{\"@type\":\"ListItem\",\"position\":2,\"name\":\"Shop\",\"item\":\"https:\/\/radianslighting.com\/shop\"},{\"@type\":\"ListItem\",\"position\":3,\"name\":\"Up Down Lights Outdoor -RS-WL006C\"}]},{\"@type\":\"WebSite\",\"@id\":\"https:\/\/radianslighting.com\/#website\",\"url\":\"https:\/\/radianslighting.com\/\",\"name\":\"Radians Lighting\",\"description\":\"LED Lights Manufacturer | LED Downlights | Track Lights | High-Efficiency, 5-year warranty | Radians\",\"publisher\":{\"@id\":\"https:\/\/radianslighting.com\/#organization\"},\"potentialAction\":[{\"@type\":\"SearchAction\",\"target\":{\"@type\":\"EntryPoint\",\"urlTemplate\":\"https:\/\/radianslighting.com\/?s={search_term_string}\"},\"query-input\":\"required name=search_term_string\"}],\"inLanguage\":\"da-DK\"},{\"@type\":\"Organization\",\"@id\":\"https:\/\/radianslighting.com\/#organization\",\"name\":\"Radians Lighting\",\"url\":\"https:\/\/radianslighting.com\/\",\"logo\":{\"@type\":\"ImageObject\",\"inLanguage\":\"da-DK\",\"@id\":\"https:\/\/radianslighting.com\/#\/schema\/logo\/image\/\",\"url\":\"https:\/\/radianslighting.com\/wp-content\/uploads\/2024\/07\/LOGO-1.jpg\",\"contentUrl\":\"https:\/\/radianslighting.com\/wp-content\/uploads\/2024\/07\/LOGO-1.jpg\",\"width\":1835,\"height\":411,\"caption\":\"Radians Lighting\"},\"image\":{\"@id\":\"https:\/\/radianslighting.com\/#\/schema\/logo\/image\/\"}}]}<\/script>\n<!-- \/ Yoast SEO Premium plugin. -->","yoast_head_json":{"title":"Up Down Lights Outdoor -RS-WL006C - Radians Lighting Factory","description":"Radians lighting is a professional manufacturer working on design and manufacturing of quality Up Down Lights Outdoor and indoor.","robots":{"index":"index","follow":"follow","max-snippet":"max-snippet:-1","max-image-preview":"max-image-preview:large","max-video-preview":"max-video-preview:-1"},"canonical":"https:\/\/radianslighting.com\/da\/vare\/up-down-lights-outdoor\/","og_locale":"da_DK","og_type":"article","og_title":"Up Down Lights Outdoor -RS-WL006C","og_description":"Radians lighting is a professional manufacturer working on design and manufacturing of quality Up Down Lights Outdoor and indoor.","og_url":"https:\/\/radianslighting.com\/da\/vare\/up-down-lights-outdoor\/","og_site_name":"Radians Lighting","article_modified_time":"2025-03-31T07:42:55+00:00","og_image":[{"width":1000,"height":1000,"url":"https:\/\/radianslighting.com\/wp-content\/uploads\/2023\/02\/Up-Down-Lights-Outdoor-RS-WL006C.jpeg","type":"image\/jpeg"}],"twitter_card":"summary_large_image","twitter_misc":{"Estimeret l\u00e6setid":"2 minutter"},"schema":{"@context":"https:\/\/schema.org","@graph":[{"@type":"WebPage","@id":"https:\/\/radianslighting.com\/product\/up-down-lights-outdoor","url":"https:\/\/radianslighting.com\/product\/up-down-lights-outdoor","name":"Up Down Lights Outdoor -RS-WL006C - Radians Lighting Factory","isPartOf":{"@id":"https:\/\/radianslighting.com\/#website"},"datePublished":"2023-02-24T01:34:49+00:00","dateModified":"2025-03-31T07:42:55+00:00","description":"Radians lighting is a professional manufacturer working on design and manufacturing of quality Up Down Lights Outdoor and indoor.","breadcrumb":{"@id":"https:\/\/radianslighting.com\/product\/up-down-lights-outdoor#breadcrumb"},"inLanguage":"da-DK","potentialAction":[{"@type":"ReadAction","target":["https:\/\/radianslighting.com\/product\/up-down-lights-outdoor"]}]},{"@type":"BreadcrumbList","@id":"https:\/\/radianslighting.com\/product\/up-down-lights-outdoor#breadcrumb","itemListElement":[{"@type":"ListItem","position":1,"name":"Home","item":"https:\/\/radianslighting.com\/"},{"@type":"ListItem","position":2,"name":"Shop","item":"https:\/\/radianslighting.com\/shop"},{"@type":"ListItem","position":3,"name":"Up Down Lights Outdoor -RS-WL006C"}]},{"@type":"WebSite","@id":"https:\/\/radianslighting.com\/#website","url":"https:\/\/radianslighting.com\/","name":"Radians Lighting","description":"LED Lights Manufacturer | LED Downlights | Track Lights | High-Efficiency, 5-year warranty | Radians","publisher":{"@id":"https:\/\/radianslighting.com\/#organization"},"potentialAction":[{"@type":"SearchAction","target":{"@type":"EntryPoint","urlTemplate":"https:\/\/radianslighting.com\/?s={search_term_string}"},"query-input":"required name=search_term_string"}],"inLanguage":"da-DK"},{"@type":"Organization","@id":"https:\/\/radianslighting.com\/#organization","name":"Radians Lighting","url":"https:\/\/radianslighting.com\/","logo":{"@type":"ImageObject","inLanguage":"da-DK","@id":"https:\/\/radianslighting.com\/#\/schema\/logo\/image\/","url":"https:\/\/radianslighting.com\/wp-content\/uploads\/2024\/07\/LOGO-1.jpg","contentUrl":"https:\/\/radianslighting.com\/wp-content\/uploads\/2024\/07\/LOGO-1.jpg","width":1835,"height":411,"caption":"Radians Lighting"},"image":{"@id":"https:\/\/radianslighting.com\/#\/schema\/logo\/image\/"}}]}},"_links":{"self":[{"href":"https:\/\/radianslighting.com\/da\/wp-json\/wp\/v2\/product\/5039"}],"collection":[{"href":"https:\/\/radianslighting.com\/da\/wp-json\/wp\/v2\/product"}],"about":[{"href":"https:\/\/radianslighting.com\/da\/wp-json\/wp\/v2\/types\/product"}],"replies":[{"embeddable":true,"href":"https:\/\/radianslighting.com\/da\/wp-json\/wp\/v2\/comments?post=5039"}],"wp:featuredmedia":[{"embeddable":true,"href":"https:\/\/radianslighting.com\/da\/wp-json\/wp\/v2\/media\/5331"}],"wp:attachment":[{"href":"https:\/\/radianslighting.com\/da\/wp-json\/wp\/v2\/media?parent=5039"}],"wp:term":[{"taxonomy":"product_cat","embeddable":true,"href":"https:\/\/radianslighting.com\/da\/wp-json\/wp\/v2\/product_cat?post=5039"},{"taxonomy":"product_tag","embeddable":true,"href":"https:\/\/radianslighting.com\/da\/wp-json\/wp\/v2\/product_tag?post=5039"}],"curies":[{"name":"wp","href":"https:\/\/api.w.org\/{rel}","templated":true}]}}