{"id":4518,"date":"2022-05-12T06:53:25","date_gmt":"2022-05-12T06:53:25","guid":{"rendered":"https:\/\/radianslighting.com\/?post_type=product&#038;p=4518"},"modified":"2025-03-31T07:43:12","modified_gmt":"2025-03-31T07:43:12","slug":"smart-gu10-bulb","status":"publish","type":"product","link":"https:\/\/radianslighting.com\/da\/vare\/smart-gu10-bulb","title":{"rendered":"Smart GU10 p\u00e6re-RSGU10-RGB"},"content":{"rendered":"<p>Smart GU10 Bulb kan v\u00e6re kompatibel med Tuya, Hue, Zigbee, Google home, Alexa osv. Du kan styre dit smarte lys p\u00e5 din telefon eller tablet, slukke og t\u00e6nde, tidsindstilling, farve\u00e6ndring,<\/p>\n<p>Denne GU10 smarte p\u00e6re bruger tuya-systemet og styres med en mobilapp &quot;Smart Life&quot;. Brugen af PA- og PC-lampelegememateriale, god varmeafledning, god kvalitet og h\u00f8j omkostningsydelse. Vores d\u00e6mpbare smarte p\u00e6re giver et h\u00f8jt lumenoutput og sparer mere end 90% str\u00f8mforbrug uden at miste nogen lysstyrke.<\/p>\n<h2>Beskrivelse:<\/h2>\n<p>Rund diameter \u03c650mm, 56mm h\u00f8jde, 5W Smart GU10 p\u00e6re.<br \/>\nM\u00e6rke: Radians\/ OEM tilg\u00e6ngelig.<br \/>\nMOQ: 1000 stk<br \/>\nBetalingsbetingelser: 30% som depositum og restbel\u00f8b skal betales f\u00f8r forsendelse.<br \/>\nPakke: Hvid\/gr\u00e5\/farvet \u00e6ske til inderkasse, gr\u00e5 karton til yderkarton.<br \/>\nLedetid: 3-5 arbejdsdage for pr\u00f8ver, 15 arbejdsdage for batchordre.<\/p>\n<h2>Datoark for Smart RGBCW GU10 p\u00e6re:<\/h2>\n<table>\n<tbody>\n<tr>\n<td>Anvendelse:<\/td>\n<td>Indend\u00f8rs<\/td>\n<td>Indgangssp\u00e6nding (V):<\/td>\n<td>220-240v ~50\/60Hz\/AC 120V<\/td>\n<\/tr>\n<tr>\n<td>Watt (W):<\/td>\n<td>4,8W<\/td>\n<td>Lumen(lm):<\/td>\n<td>400<\/td>\n<\/tr>\n<tr>\n<td>Lampekrop Materiale:<\/td>\n<td>PC<\/td>\n<td>CRI (Ra&gt;):<\/td>\n<td>&gt;80<\/td>\n<\/tr>\n<tr>\n<td>Certificering:<\/td>\n<td>CE, Rohs,<\/td>\n<td>IP-vurdering:<\/td>\n<td>IP21<\/td>\n<\/tr>\n<tr>\n<td>Levetid:<\/td>\n<td>25000 timer<\/td>\n<td>Str\u00e5levinkel:<\/td>\n<td>60\u00b0<\/td>\n<\/tr>\n<tr>\n<td>Garanti:<\/td>\n<td>3 \u00e5r<\/td>\n<td>CCT:<\/td>\n<td>\u00a02700-6000k+RGB<\/td>\n<\/tr>\n<tr>\n<td>Installation:<\/td>\n<td>Fors\u00e6nket&amp;overflade Smart GU10 p\u00e6re<\/td>\n<td>Farve:<\/td>\n<td>Hvid<\/td>\n<\/tr>\n<tr>\n<td>Chauff\u00f8r:<\/td>\n<td>Intern driver<\/td>\n<td>Lyskilde:<\/td>\n<td>SMD2835<\/td>\n<\/tr>\n<\/tbody>\n<\/table>\n<p><span style=\"font-size: 1.7em; font-weight: bold;\">Produktudstilling af Smart GU10-p\u00e6re:<\/span><\/p>\n<p><img fetchpriority=\"high\" decoding=\"async\" class=\"aligncenter size-full wp-image-5376\" title=\"Smart GU10 p\u00e6re - RS-GU10-15RGB\" src=\"https:\/\/radianslighting.com\/wp-content\/uploads\/2023\/04\/smart-gu10-bulb-rs-gu10-15rgb.gif\" alt=\"Smart GU10 Bulb - RS-GU10-15RGB\" width=\"900\" height=\"978\" \/><\/p>\n<p><img decoding=\"async\" class=\"aligncenter size-full wp-image-5377\" title=\"Smart GU10 p\u00e6re - RS-GU10-15RGB\" src=\"https:\/\/radianslighting.com\/wp-content\/uploads\/2023\/04\/smart-gu10-bulb-rs-gu10-15rgb.jpg\" alt=\"Smart GU10 Bulb - RS-GU10-15RGB\" width=\"900\" height=\"640\" srcset=\"https:\/\/radianslighting.com\/wp-content\/uploads\/2023\/04\/smart-gu10-bulb-rs-gu10-15rgb.jpg 900w, https:\/\/radianslighting.com\/wp-content\/uploads\/2023\/04\/smart-gu10-bulb-rs-gu10-15rgb-600x427.jpg 600w, https:\/\/radianslighting.com\/wp-content\/uploads\/2023\/04\/smart-gu10-bulb-rs-gu10-15rgb-300x213.jpg 300w, https:\/\/radianslighting.com\/wp-content\/uploads\/2023\/04\/smart-gu10-bulb-rs-gu10-15rgb-768x546.jpg 768w\" sizes=\"(max-width: 900px) 100vw, 900px\" \/><\/p>\n<p><img decoding=\"async\" class=\"aligncenter size-full wp-image-5378\" title=\"Smart GU10 p\u00e6re - RS-GU10-15RGB\" src=\"https:\/\/radianslighting.com\/wp-content\/uploads\/2023\/04\/smart-gu10-bulb-rs-gu10-15rgb-1.jpg\" alt=\"Smart GU10 Bulb - RS-GU10-15RGB\" width=\"900\" height=\"394\" srcset=\"https:\/\/radianslighting.com\/wp-content\/uploads\/2023\/04\/smart-gu10-bulb-rs-gu10-15rgb-1.jpg 900w, https:\/\/radianslighting.com\/wp-content\/uploads\/2023\/04\/smart-gu10-bulb-rs-gu10-15rgb-1-600x263.jpg 600w, https:\/\/radianslighting.com\/wp-content\/uploads\/2023\/04\/smart-gu10-bulb-rs-gu10-15rgb-1-300x131.jpg 300w, https:\/\/radianslighting.com\/wp-content\/uploads\/2023\/04\/smart-gu10-bulb-rs-gu10-15rgb-1-768x336.jpg 768w\" sizes=\"(max-width: 900px) 100vw, 900px\" \/><\/p>\n<p><img loading=\"lazy\" decoding=\"async\" class=\"aligncenter size-full wp-image-5379\" title=\"Smart GU10 p\u00e6re - RS-GU10-15RGB\" src=\"https:\/\/radianslighting.com\/wp-content\/uploads\/2023\/04\/smart-gu10-bulb-rs-gu10-15rgb-2.jpg\" alt=\"Smart GU10 Bulb - RS-GU10-15RGB\" width=\"900\" height=\"582\" srcset=\"https:\/\/radianslighting.com\/wp-content\/uploads\/2023\/04\/smart-gu10-bulb-rs-gu10-15rgb-2.jpg 900w, https:\/\/radianslighting.com\/wp-content\/uploads\/2023\/04\/smart-gu10-bulb-rs-gu10-15rgb-2-600x388.jpg 600w, https:\/\/radianslighting.com\/wp-content\/uploads\/2023\/04\/smart-gu10-bulb-rs-gu10-15rgb-2-300x194.jpg 300w, https:\/\/radianslighting.com\/wp-content\/uploads\/2023\/04\/smart-gu10-bulb-rs-gu10-15rgb-2-768x497.jpg 768w\" sizes=\"(max-width: 900px) 100vw, 900px\" \/><\/p>\n<p><img loading=\"lazy\" decoding=\"async\" class=\"aligncenter size-full wp-image-5380\" title=\"Smart GU10 p\u00e6re - RS-GU10-15RGB\" src=\"https:\/\/radianslighting.com\/wp-content\/uploads\/2023\/04\/smart-gu10-bulb-rs-gu10-15rgb-3.jpg\" alt=\"Smart GU10 Bulb - RS-GU10-15RGB\" width=\"900\" height=\"638\" srcset=\"https:\/\/radianslighting.com\/wp-content\/uploads\/2023\/04\/smart-gu10-bulb-rs-gu10-15rgb-3.jpg 900w, https:\/\/radianslighting.com\/wp-content\/uploads\/2023\/04\/smart-gu10-bulb-rs-gu10-15rgb-3-600x425.jpg 600w, https:\/\/radianslighting.com\/wp-content\/uploads\/2023\/04\/smart-gu10-bulb-rs-gu10-15rgb-3-300x213.jpg 300w, https:\/\/radianslighting.com\/wp-content\/uploads\/2023\/04\/smart-gu10-bulb-rs-gu10-15rgb-3-768x544.jpg 768w\" sizes=\"(max-width: 900px) 100vw, 900px\" \/><\/p>\n<p><img loading=\"lazy\" decoding=\"async\" class=\"aligncenter size-full wp-image-5381\" title=\"Smart GU10 p\u00e6re - RS-GU10-15RGB\" src=\"https:\/\/radianslighting.com\/wp-content\/uploads\/2023\/04\/smart-gu10-bulb-rs-gu10-15rgb-4.jpg\" alt=\"Smart GU10 Bulb - RS-GU10-15RGB\" width=\"900\" height=\"448\" srcset=\"https:\/\/radianslighting.com\/wp-content\/uploads\/2023\/04\/smart-gu10-bulb-rs-gu10-15rgb-4.jpg 900w, https:\/\/radianslighting.com\/wp-content\/uploads\/2023\/04\/smart-gu10-bulb-rs-gu10-15rgb-4-600x299.jpg 600w, https:\/\/radianslighting.com\/wp-content\/uploads\/2023\/04\/smart-gu10-bulb-rs-gu10-15rgb-4-300x149.jpg 300w, https:\/\/radianslighting.com\/wp-content\/uploads\/2023\/04\/smart-gu10-bulb-rs-gu10-15rgb-4-768x382.jpg 768w\" sizes=\"(max-width: 900px) 100vw, 900px\" \/><\/p>\n<p><img loading=\"lazy\" decoding=\"async\" class=\"aligncenter size-full wp-image-5382\" title=\"Smart GU10 p\u00e6re - RS-GU10-15RGB\" src=\"https:\/\/radianslighting.com\/wp-content\/uploads\/2023\/04\/smart-gu10-bulb-rs-gu10-15rgb-5.jpg\" alt=\"Smart GU10 Bulb - RS-GU10-15RGB\" width=\"800\" height=\"1200\" srcset=\"https:\/\/radianslighting.com\/wp-content\/uploads\/2023\/04\/smart-gu10-bulb-rs-gu10-15rgb-5.jpg 800w, https:\/\/radianslighting.com\/wp-content\/uploads\/2023\/04\/smart-gu10-bulb-rs-gu10-15rgb-5-600x900.jpg 600w, https:\/\/radianslighting.com\/wp-content\/uploads\/2023\/04\/smart-gu10-bulb-rs-gu10-15rgb-5-200x300.jpg 200w, https:\/\/radianslighting.com\/wp-content\/uploads\/2023\/04\/smart-gu10-bulb-rs-gu10-15rgb-5-683x1024.jpg 683w, https:\/\/radianslighting.com\/wp-content\/uploads\/2023\/04\/smart-gu10-bulb-rs-gu10-15rgb-5-768x1152.jpg 768w\" sizes=\"(max-width: 800px) 100vw, 800px\" \/><\/p>\n<h2>Ofte stillede sp\u00f8rgsm\u00e5l:<\/h2>\n<p><strong>Sp\u00f8rgsm\u00e5l<\/strong>: Er du en fabrik?<br \/>\n<strong>Svar<\/strong>: Ja, vi er en professionel producent med mange erfarne ingeni\u00f8rer og medarbejdere.<\/p>\n<p><strong>Sp\u00f8rgsm\u00e5l<\/strong>: Har du nogen MOQ-gr\u00e6nse for LED-lysordrer?<br \/>\n<strong>Svar<\/strong>: Nej. Ingen MOQ begr\u00e6nset. Du kan placere 1 stk til test og inspektion.<\/p>\n<p><strong>Sp\u00f8rgsm\u00e5l<\/strong>: Hvad med din leveringstid?<br \/>\n<strong>Svar<\/strong>: 3-5 arbejdsdage for pr\u00f8ver, 15 arbejdsdage for batchordrer.<\/p>\n<p><strong>Sp\u00f8rgsm\u00e5l<\/strong>: Hvor mange \u00e5rs garanti giver du for din downlight?<br \/>\n<strong>Svar<\/strong>: Generelt tilbyder vi 3 \u00e5r eller 5 \u00e5r for de fleste af vores downlights. Hvis du har yderligere anmodninger, er du velkommen til at give os besked.<\/p>\n<p><strong>Sp\u00f8rgsm\u00e5l<\/strong>: Kan jeg s\u00e6tte mit logo p\u00e5 dit produkt og din pakke?<br \/>\n<strong>Svar<\/strong>: Selvf\u00f8lgelig. Men vi har MOQ til OEM-service for forskellige produkter.<\/p>","protected":false},"excerpt":{"rendered":"<ul>\n<li>APP fjernbetjening:<\/li>\n<li>Stemmestyring:<\/li>\n<li>Smart timerindstilling og fjernbetjening til ultralang afstand:<\/li>\n<li>Gruppekontrol og kontrol sammen:<\/li>\n<li>RGB+C+W smart lys:<\/li>\n<li>Synkroniser med musik:<\/li>\n<li>Model nr.: RS-GU10-15RGB Smart RGBCW GU10 p\u00e6re<\/li>\n<\/ul>","protected":false},"featured_media":6486,"comment_status":"closed","ping_status":"closed","template":"","meta":[],"product_cat":[150,502,221,533],"product_tag":[218,219,222],"class_list":{"0":"post-4518","1":"product","2":"type-product","3":"status-publish","4":"has-post-thumbnail","6":"product_cat-led-downlight","7":"product_cat-rgb-downlight","8":"product_cat-smart-light","9":"product_cat-zigbee-downlight","10":"product_tag-smart-downlights","11":"product_tag-smart-gu10-bulb","12":"product_tag-smart-rgbcw-gu10-bulb","14":"first","15":"instock","16":"shipping-taxable","17":"purchasable","18":"product-type-simple"},"yoast_head":"<!-- This site is optimized with the Yoast SEO Premium plugin v20.8 (Yoast SEO v21.9.1) - https:\/\/yoast.com\/wordpress\/plugins\/seo\/ -->\n<title>Smart GU10 Bulbs - 25,000hr Lifespan, CE Certified, Bulk Discounts | Radians<\/title>\n<meta name=\"description\" content=\"Discover Smart GU10 Bulbs with bulk pricing &amp; quick shipping. Ideal for commercial lighting, offering 80% energy savings &amp; seamless integration with smart systems.\" \/>\n<meta name=\"robots\" content=\"index, follow, max-snippet:-1, max-image-preview:large, max-video-preview:-1\" \/>\n<link rel=\"canonical\" href=\"https:\/\/radianslighting.com\/da\/vare\/smart-gu10-bulb\/\" \/>\n<meta property=\"og:locale\" content=\"da_DK\" \/>\n<meta property=\"og:type\" content=\"article\" \/>\n<meta property=\"og:title\" content=\"Smart GU10 Bulb-RSGU10-RGB\" \/>\n<meta property=\"og:description\" content=\"Discover Smart GU10 Bulbs with bulk pricing &amp; quick shipping. Ideal for commercial lighting, offering 80% energy savings &amp; seamless integration with smart systems.\" \/>\n<meta property=\"og:url\" content=\"https:\/\/radianslighting.com\/da\/vare\/smart-gu10-bulb\/\" \/>\n<meta property=\"og:site_name\" content=\"Radians Lighting\" \/>\n<meta property=\"article:modified_time\" content=\"2025-03-31T07:43:12+00:00\" \/>\n<meta property=\"og:image\" content=\"https:\/\/radianslighting.com\/wp-content\/uploads\/2022\/05\/20211204121817n2cSMa.jpg\" \/>\n\t<meta property=\"og:image:width\" content=\"800\" \/>\n\t<meta property=\"og:image:height\" content=\"800\" \/>\n\t<meta property=\"og:image:type\" content=\"image\/jpeg\" \/>\n<meta name=\"twitter:card\" content=\"summary_large_image\" \/>\n<meta name=\"twitter:label1\" content=\"Estimeret l\u00e6setid\" \/>\n\t<meta name=\"twitter:data1\" content=\"3 minutter\" \/>\n<script type=\"application\/ld+json\" class=\"yoast-schema-graph\">{\"@context\":\"https:\/\/schema.org\",\"@graph\":[{\"@type\":\"WebPage\",\"@id\":\"https:\/\/radianslighting.com\/product\/smart-gu10-bulb\",\"url\":\"https:\/\/radianslighting.com\/product\/smart-gu10-bulb\",\"name\":\"Smart GU10 Bulbs - 25,000hr Lifespan, CE Certified, Bulk Discounts | Radians\",\"isPartOf\":{\"@id\":\"https:\/\/radianslighting.com\/#website\"},\"datePublished\":\"2022-05-12T06:53:25+00:00\",\"dateModified\":\"2025-03-31T07:43:12+00:00\",\"description\":\"Discover Smart GU10 Bulbs with bulk pricing & quick shipping. Ideal for commercial lighting, offering 80% energy savings & seamless integration with smart systems.\",\"breadcrumb\":{\"@id\":\"https:\/\/radianslighting.com\/product\/smart-gu10-bulb#breadcrumb\"},\"inLanguage\":\"da-DK\",\"potentialAction\":[{\"@type\":\"ReadAction\",\"target\":[\"https:\/\/radianslighting.com\/product\/smart-gu10-bulb\"]}]},{\"@type\":\"BreadcrumbList\",\"@id\":\"https:\/\/radianslighting.com\/product\/smart-gu10-bulb#breadcrumb\",\"itemListElement\":[{\"@type\":\"ListItem\",\"position\":1,\"name\":\"Home\",\"item\":\"https:\/\/radianslighting.com\/\"},{\"@type\":\"ListItem\",\"position\":2,\"name\":\"Shop\",\"item\":\"https:\/\/radianslighting.com\/shop\"},{\"@type\":\"ListItem\",\"position\":3,\"name\":\"Smart GU10 Bulb-RSGU10-RGB\"}]},{\"@type\":\"WebSite\",\"@id\":\"https:\/\/radianslighting.com\/#website\",\"url\":\"https:\/\/radianslighting.com\/\",\"name\":\"Radians Lighting\",\"description\":\"LED Lights Manufacturer | LED Downlights | Track Lights | High-Efficiency, 5-year warranty | Radians\",\"publisher\":{\"@id\":\"https:\/\/radianslighting.com\/#organization\"},\"potentialAction\":[{\"@type\":\"SearchAction\",\"target\":{\"@type\":\"EntryPoint\",\"urlTemplate\":\"https:\/\/radianslighting.com\/?s={search_term_string}\"},\"query-input\":\"required name=search_term_string\"}],\"inLanguage\":\"da-DK\"},{\"@type\":\"Organization\",\"@id\":\"https:\/\/radianslighting.com\/#organization\",\"name\":\"Radians Lighting\",\"url\":\"https:\/\/radianslighting.com\/\",\"logo\":{\"@type\":\"ImageObject\",\"inLanguage\":\"da-DK\",\"@id\":\"https:\/\/radianslighting.com\/#\/schema\/logo\/image\/\",\"url\":\"https:\/\/radianslighting.com\/wp-content\/uploads\/2024\/07\/LOGO-1.jpg\",\"contentUrl\":\"https:\/\/radianslighting.com\/wp-content\/uploads\/2024\/07\/LOGO-1.jpg\",\"width\":1835,\"height\":411,\"caption\":\"Radians Lighting\"},\"image\":{\"@id\":\"https:\/\/radianslighting.com\/#\/schema\/logo\/image\/\"}}]}<\/script>\n<!-- \/ Yoast SEO Premium plugin. -->","yoast_head_json":{"title":"Smart GU10 Bulbs - 25,000hr Lifespan, CE Certified, Bulk Discounts | Radians","description":"Discover Smart GU10 Bulbs with bulk pricing & quick shipping. Ideal for commercial lighting, offering 80% energy savings & seamless integration with smart systems.","robots":{"index":"index","follow":"follow","max-snippet":"max-snippet:-1","max-image-preview":"max-image-preview:large","max-video-preview":"max-video-preview:-1"},"canonical":"https:\/\/radianslighting.com\/da\/vare\/smart-gu10-bulb\/","og_locale":"da_DK","og_type":"article","og_title":"Smart GU10 Bulb-RSGU10-RGB","og_description":"Discover Smart GU10 Bulbs with bulk pricing & quick shipping. Ideal for commercial lighting, offering 80% energy savings & seamless integration with smart systems.","og_url":"https:\/\/radianslighting.com\/da\/vare\/smart-gu10-bulb\/","og_site_name":"Radians Lighting","article_modified_time":"2025-03-31T07:43:12+00:00","og_image":[{"width":800,"height":800,"url":"https:\/\/radianslighting.com\/wp-content\/uploads\/2022\/05\/20211204121817n2cSMa.jpg","type":"image\/jpeg"}],"twitter_card":"summary_large_image","twitter_misc":{"Estimeret l\u00e6setid":"3 minutter"},"schema":{"@context":"https:\/\/schema.org","@graph":[{"@type":"WebPage","@id":"https:\/\/radianslighting.com\/product\/smart-gu10-bulb","url":"https:\/\/radianslighting.com\/product\/smart-gu10-bulb","name":"Smart GU10 Bulbs - 25,000hr Lifespan, CE Certified, Bulk Discounts | Radians","isPartOf":{"@id":"https:\/\/radianslighting.com\/#website"},"datePublished":"2022-05-12T06:53:25+00:00","dateModified":"2025-03-31T07:43:12+00:00","description":"Discover Smart GU10 Bulbs with bulk pricing & quick shipping. Ideal for commercial lighting, offering 80% energy savings & seamless integration with smart systems.","breadcrumb":{"@id":"https:\/\/radianslighting.com\/product\/smart-gu10-bulb#breadcrumb"},"inLanguage":"da-DK","potentialAction":[{"@type":"ReadAction","target":["https:\/\/radianslighting.com\/product\/smart-gu10-bulb"]}]},{"@type":"BreadcrumbList","@id":"https:\/\/radianslighting.com\/product\/smart-gu10-bulb#breadcrumb","itemListElement":[{"@type":"ListItem","position":1,"name":"Home","item":"https:\/\/radianslighting.com\/"},{"@type":"ListItem","position":2,"name":"Shop","item":"https:\/\/radianslighting.com\/shop"},{"@type":"ListItem","position":3,"name":"Smart GU10 Bulb-RSGU10-RGB"}]},{"@type":"WebSite","@id":"https:\/\/radianslighting.com\/#website","url":"https:\/\/radianslighting.com\/","name":"Radians Lighting","description":"LED Lights Manufacturer | LED Downlights | Track Lights | High-Efficiency, 5-year warranty | Radians","publisher":{"@id":"https:\/\/radianslighting.com\/#organization"},"potentialAction":[{"@type":"SearchAction","target":{"@type":"EntryPoint","urlTemplate":"https:\/\/radianslighting.com\/?s={search_term_string}"},"query-input":"required name=search_term_string"}],"inLanguage":"da-DK"},{"@type":"Organization","@id":"https:\/\/radianslighting.com\/#organization","name":"Radians Lighting","url":"https:\/\/radianslighting.com\/","logo":{"@type":"ImageObject","inLanguage":"da-DK","@id":"https:\/\/radianslighting.com\/#\/schema\/logo\/image\/","url":"https:\/\/radianslighting.com\/wp-content\/uploads\/2024\/07\/LOGO-1.jpg","contentUrl":"https:\/\/radianslighting.com\/wp-content\/uploads\/2024\/07\/LOGO-1.jpg","width":1835,"height":411,"caption":"Radians Lighting"},"image":{"@id":"https:\/\/radianslighting.com\/#\/schema\/logo\/image\/"}}]}},"_links":{"self":[{"href":"https:\/\/radianslighting.com\/da\/wp-json\/wp\/v2\/product\/4518"}],"collection":[{"href":"https:\/\/radianslighting.com\/da\/wp-json\/wp\/v2\/product"}],"about":[{"href":"https:\/\/radianslighting.com\/da\/wp-json\/wp\/v2\/types\/product"}],"replies":[{"embeddable":true,"href":"https:\/\/radianslighting.com\/da\/wp-json\/wp\/v2\/comments?post=4518"}],"wp:featuredmedia":[{"embeddable":true,"href":"https:\/\/radianslighting.com\/da\/wp-json\/wp\/v2\/media\/6486"}],"wp:attachment":[{"href":"https:\/\/radianslighting.com\/da\/wp-json\/wp\/v2\/media?parent=4518"}],"wp:term":[{"taxonomy":"product_cat","embeddable":true,"href":"https:\/\/radianslighting.com\/da\/wp-json\/wp\/v2\/product_cat?post=4518"},{"taxonomy":"product_tag","embeddable":true,"href":"https:\/\/radianslighting.com\/da\/wp-json\/wp\/v2\/product_tag?post=4518"}],"curies":[{"name":"wp","href":"https:\/\/api.w.org\/{rel}","templated":true}]}}