{"id":4013,"date":"2022-04-27T07:34:21","date_gmt":"2022-04-27T07:34:21","guid":{"rendered":"https:\/\/radianslighting.com\/?post_type=product&#038;p=4013"},"modified":"2025-03-31T07:44:21","modified_gmt":"2025-03-31T07:44:21","slug":"led-wall-lights","status":"publish","type":"product","link":"https:\/\/radianslighting.com\/da\/vare\/led-wall-lights","title":{"rendered":"LED v\u00e6glamper -RS-WL004B"},"content":{"rendered":"<h2>LED v\u00e6glamper<\/h2>\n<p>LED v\u00e6glamper skinner med et atmosf\u00e6risk, varmt hvidt lys og er lavet af aluminium med lav vedligeholdelse. Disse LED v\u00e6glamper skinner b\u00e5de opad og nedad, s\u00e5 du kan skabe en meget cool lyseffekt p\u00e5 v\u00e6ggen. Takket v\u00e6re IP65-beskyttelsesklassen kan du bruge LED-v\u00e6glamper b\u00e5de indend\u00f8rs og udend\u00f8rs. For at sikre, at LED-v\u00e6glamper bevarer sin matsorte farve i mange \u00e5r frem, er den blevet afsluttet med en fugtbestandig og UV-bestandig pulverlakering.<\/p>\n<p>AKZO-Nobel pulverlakering: Denne bel\u00e6gning sikrer, at malingen ikke flager, n\u00e5r den uds\u00e6ttes for fugt i l\u00e6ngere tid. Denne bel\u00e6gning er ogs\u00e5 UV-bestandig.<\/p>\n<p>IP65 vandt\u00e6t: Dette giver dig mulighed for at lade den to-sidede v\u00e6glampe h\u00e6nge udenfor hele \u00e5ret rundt. LED-v\u00e6glamperne p\u00e5virkes ikke af fugt, kulde eller varme. Dette g\u00f8r ogs\u00e5 v\u00e6glampen s\u00e6rdeles velegnet til badev\u00e6relset.<\/p>\n<p>Integreret lyskilde: Denne LED-v\u00e6glampe har en integreret lyskilde med den nyeste LED-chipteknologi.<\/p>\n<p>Alle omr\u00e5der: Velegnet til badev\u00e6relset, stuen, kontoret, sovev\u00e6relset, korridoren og haven.<\/p>\n<p>Kontakt os for at vide mere om LED v\u00e6glamper....<strong>\u00a0Eller kontakt os p\u00e5 <a href=\"https:\/\/www.facebook.com\/profile.php?id=100080041047950\">Facebook online<\/a>.<\/strong><\/p>\n<h2>Beskrivelse:<\/h2>\n<p>LED v\u00e6glamper.<br \/>\nM\u00e6rke: Radians\/ OEM tilg\u00e6ngelig.<br \/>\nMOQ: 500 stk<br \/>\nBetalingsbetingelser: 30% som depositum og restbel\u00f8b skal betales f\u00f8r forsendelse.<br \/>\nPakke: Hvid\/gr\u00e5\/farvet \u00e6ske til inderpakke, karton til yderpakke.<br \/>\nLedetid: 3-5 arbejdsdage for pr\u00f8ver, 15 arbejdsdage for batchordre.<br \/>\nCertifikat: CE, RoHS.<br \/>\nOriginal tekst: PRC<\/p>\n<h2>Datoblad for LED-v\u00e6glamper:<\/h2>\n<table>\n<tbody>\n<tr>\n<td width=\"206\"><strong><b>Indgangssp\u00e6nding (V)<\/b><\/strong><\/td>\n<td width=\"283\">AC200-240V~50\/60Hz<\/td>\n<td width=\"249\"><strong><b>Watt:\u00a0\u00a0<\/b><\/strong><\/td>\n<td width=\"206\">4W\/6W\/8W\/10W\/12W<\/td>\n<\/tr>\n<tr>\n<td width=\"206\"><strong><b>Lyskilde<\/b><\/strong><\/td>\n<td width=\"283\">SMD LED<\/td>\n<td width=\"249\"><strong><b>Lyseffektivitet\u00a0<\/b><\/strong><\/td>\n<td width=\"206\">90LM\/W<\/td>\n<\/tr>\n<tr>\n<td width=\"206\"><strong><b>Lysudgang\u00a0<\/b><\/strong><\/td>\n<td width=\"283\">360 lm<\/td>\n<td width=\"249\"><strong><b>Lys farve<\/b><\/strong><\/td>\n<td width=\"206\">2700K\/3000K\/4000K<\/td>\n<\/tr>\n<tr>\n<td width=\"206\"><strong><b>D\u00e6mpbar<\/b><\/strong><\/td>\n<td width=\"283\">Tilg\u00e6ngelig<\/td>\n<td width=\"249\"><strong><b>Lampe St\u00f8rrelse<\/b><\/strong><\/td>\n<td width=\"206\">120x80x40 mm<\/td>\n<\/tr>\n<tr>\n<td width=\"206\"><b>Materiale<\/b><\/td>\n<td width=\"283\">Auminmum<\/td>\n<td width=\"249\"><b>CRI(Ra)<\/b><\/td>\n<td width=\"206\">80<\/td>\n<\/tr>\n<tr>\n<td width=\"206\"><strong><b>Lampe farve<\/b><\/strong><\/td>\n<td width=\"283\">Hvid\/Sort\/Gylden<\/td>\n<td width=\"249\"><strong><b>Materiale til lampehus<\/b><\/strong><\/td>\n<td width=\"206\">Aluminiumslegering<\/td>\n<\/tr>\n<tr>\n<td width=\"206\"><strong><b>IP-vurdering<\/b><\/strong><\/td>\n<td width=\"283\">IP65<\/td>\n<td width=\"249\"><strong><b>Garanti (\u00e5r)<\/b><\/strong><\/td>\n<td width=\"206\">3 \u00e5r\/5 \u00e5r<\/td>\n<\/tr>\n<tr>\n<td width=\"206\"><strong><b>Certificering<\/b><\/strong><\/td>\n<td width=\"283\">CE\/RoHS<\/td>\n<td width=\"249\"><strong><b>Anvendelse<\/b><\/strong><\/td>\n<td width=\"206\">Indend\u00f8rs\/Udend\u00f8rs<\/td>\n<\/tr>\n<\/tbody>\n<\/table>\n<h2>Produktudstilling af LED-v\u00e6glamper:<\/h2>\n<p><img fetchpriority=\"high\" decoding=\"async\" class=\"aligncenter size-full wp-image-5528\" src=\"https:\/\/radianslighting.com\/wp-content\/uploads\/2023\/04\/led-wall-lights-rs-wl004b.jpg\" width=\"1000\" height=\"1000\" alt=\"LED Wall Lights -RS-WL004B\" title=\"LED v\u00e6glamper -RS-WL004B\" srcset=\"https:\/\/radianslighting.com\/wp-content\/uploads\/2023\/04\/led-wall-lights-rs-wl004b.jpg 1000w, https:\/\/radianslighting.com\/wp-content\/uploads\/2023\/04\/led-wall-lights-rs-wl004b-300x300.jpg 300w, https:\/\/radianslighting.com\/wp-content\/uploads\/2023\/04\/led-wall-lights-rs-wl004b-100x100.jpg 100w, https:\/\/radianslighting.com\/wp-content\/uploads\/2023\/04\/led-wall-lights-rs-wl004b-600x600.jpg 600w, https:\/\/radianslighting.com\/wp-content\/uploads\/2023\/04\/led-wall-lights-rs-wl004b-150x150.jpg 150w, https:\/\/radianslighting.com\/wp-content\/uploads\/2023\/04\/led-wall-lights-rs-wl004b-768x768.jpg 768w\" sizes=\"(max-width: 1000px) 100vw, 1000px\" \/><\/p>\n<p><img decoding=\"async\" class=\"aligncenter size-full wp-image-5529\" src=\"https:\/\/radianslighting.com\/wp-content\/uploads\/2023\/04\/led-wall-lights-rs-wl004b-1.jpg\" width=\"1000\" height=\"1000\" alt=\"LED Wall Lights -RS-WL004B\" title=\"LED v\u00e6glamper -RS-WL004B\" srcset=\"https:\/\/radianslighting.com\/wp-content\/uploads\/2023\/04\/led-wall-lights-rs-wl004b-1.jpg 1000w, https:\/\/radianslighting.com\/wp-content\/uploads\/2023\/04\/led-wall-lights-rs-wl004b-1-300x300.jpg 300w, https:\/\/radianslighting.com\/wp-content\/uploads\/2023\/04\/led-wall-lights-rs-wl004b-1-100x100.jpg 100w, https:\/\/radianslighting.com\/wp-content\/uploads\/2023\/04\/led-wall-lights-rs-wl004b-1-600x600.jpg 600w, https:\/\/radianslighting.com\/wp-content\/uploads\/2023\/04\/led-wall-lights-rs-wl004b-1-150x150.jpg 150w, https:\/\/radianslighting.com\/wp-content\/uploads\/2023\/04\/led-wall-lights-rs-wl004b-1-768x768.jpg 768w\" sizes=\"(max-width: 1000px) 100vw, 1000px\" \/><\/p>","protected":false},"excerpt":{"rendered":"<ul>\n<li>Fremstillet af aluminiumslegering<\/li>\n<li>Power coated med speciel forbehandling til udend\u00f8rs brug<\/li>\n<li>Optisk linse, smuk str\u00e5leform<\/li>\n<li>Flere str\u00f8m- og st\u00f8rrelsesmuligheder<\/li>\n<li>5 \u00e5rs garanti tilg\u00e6ngelig<\/li>\n<\/ul>","protected":false},"featured_media":5526,"comment_status":"closed","ping_status":"closed","template":"","meta":[],"product_cat":[275,170,189],"product_tag":[171],"class_list":{"0":"post-4013","1":"product","2":"type-product","3":"status-publish","4":"has-post-thumbnail","6":"product_cat-indoor-led-wall-light","7":"product_cat-led-wall-light","8":"product_cat-outdoor-led-wall-light","9":"product_tag-led-wall-lights","11":"first","12":"instock","13":"shipping-taxable","14":"purchasable","15":"product-type-simple"},"yoast_head":"<!-- This site is optimized with the Yoast SEO Premium plugin v20.8 (Yoast SEO v21.9.1) - https:\/\/yoast.com\/wordpress\/plugins\/seo\/ -->\n<title>LED Wall Lights -RS-WL004B - Radians Lighting Factory<\/title>\n<meta name=\"description\" content=\"Radians lighting is a professional manufacturer working on design and manufacturing of quality led wall lights suitable for indoor and outdoor.\" \/>\n<meta name=\"robots\" content=\"index, follow, max-snippet:-1, max-image-preview:large, max-video-preview:-1\" \/>\n<link rel=\"canonical\" href=\"https:\/\/radianslighting.com\/da\/vare\/led-wall-lights\/\" \/>\n<meta property=\"og:locale\" content=\"da_DK\" \/>\n<meta property=\"og:type\" content=\"article\" \/>\n<meta property=\"og:title\" content=\"LED Wall Lights -RS-WL004B\" \/>\n<meta property=\"og:description\" content=\"Radians lighting is a professional manufacturer working on design and manufacturing of quality led wall lights suitable for indoor and outdoor.\" \/>\n<meta property=\"og:url\" content=\"https:\/\/radianslighting.com\/da\/vare\/led-wall-lights\/\" \/>\n<meta property=\"og:site_name\" content=\"Radians Lighting\" \/>\n<meta property=\"article:modified_time\" content=\"2025-03-31T07:44:21+00:00\" \/>\n<meta property=\"og:image\" content=\"https:\/\/radianslighting.com\/wp-content\/uploads\/2022\/04\/LED-Wall-Lights-RS-WL004B-3.jpeg\" \/>\n\t<meta property=\"og:image:width\" content=\"1000\" \/>\n\t<meta property=\"og:image:height\" content=\"1000\" \/>\n\t<meta property=\"og:image:type\" content=\"image\/jpeg\" \/>\n<meta name=\"twitter:card\" content=\"summary_large_image\" \/>\n<meta name=\"twitter:label1\" content=\"Estimeret l\u00e6setid\" \/>\n\t<meta name=\"twitter:data1\" content=\"2 minutter\" \/>\n<script type=\"application\/ld+json\" class=\"yoast-schema-graph\">{\"@context\":\"https:\/\/schema.org\",\"@graph\":[{\"@type\":\"WebPage\",\"@id\":\"https:\/\/radianslighting.com\/product\/led-wall-lights\",\"url\":\"https:\/\/radianslighting.com\/product\/led-wall-lights\",\"name\":\"LED Wall Lights -RS-WL004B - Radians Lighting Factory\",\"isPartOf\":{\"@id\":\"https:\/\/radianslighting.com\/#website\"},\"datePublished\":\"2022-04-27T07:34:21+00:00\",\"dateModified\":\"2025-03-31T07:44:21+00:00\",\"description\":\"Radians lighting is a professional manufacturer working on design and manufacturing of quality led wall lights suitable for indoor and outdoor.\",\"breadcrumb\":{\"@id\":\"https:\/\/radianslighting.com\/product\/led-wall-lights#breadcrumb\"},\"inLanguage\":\"da-DK\",\"potentialAction\":[{\"@type\":\"ReadAction\",\"target\":[\"https:\/\/radianslighting.com\/product\/led-wall-lights\"]}]},{\"@type\":\"BreadcrumbList\",\"@id\":\"https:\/\/radianslighting.com\/product\/led-wall-lights#breadcrumb\",\"itemListElement\":[{\"@type\":\"ListItem\",\"position\":1,\"name\":\"Home\",\"item\":\"https:\/\/radianslighting.com\/\"},{\"@type\":\"ListItem\",\"position\":2,\"name\":\"Shop\",\"item\":\"https:\/\/radianslighting.com\/shop\"},{\"@type\":\"ListItem\",\"position\":3,\"name\":\"LED Wall Lights -RS-WL004B\"}]},{\"@type\":\"WebSite\",\"@id\":\"https:\/\/radianslighting.com\/#website\",\"url\":\"https:\/\/radianslighting.com\/\",\"name\":\"Radians Lighting\",\"description\":\"LED Lights Manufacturer | LED Downlights | Track Lights | High-Efficiency, 5-year warranty | Radians\",\"publisher\":{\"@id\":\"https:\/\/radianslighting.com\/#organization\"},\"potentialAction\":[{\"@type\":\"SearchAction\",\"target\":{\"@type\":\"EntryPoint\",\"urlTemplate\":\"https:\/\/radianslighting.com\/?s={search_term_string}\"},\"query-input\":\"required name=search_term_string\"}],\"inLanguage\":\"da-DK\"},{\"@type\":\"Organization\",\"@id\":\"https:\/\/radianslighting.com\/#organization\",\"name\":\"Radians Lighting\",\"url\":\"https:\/\/radianslighting.com\/\",\"logo\":{\"@type\":\"ImageObject\",\"inLanguage\":\"da-DK\",\"@id\":\"https:\/\/radianslighting.com\/#\/schema\/logo\/image\/\",\"url\":\"https:\/\/radianslighting.com\/wp-content\/uploads\/2024\/07\/LOGO-1.jpg\",\"contentUrl\":\"https:\/\/radianslighting.com\/wp-content\/uploads\/2024\/07\/LOGO-1.jpg\",\"width\":1835,\"height\":411,\"caption\":\"Radians Lighting\"},\"image\":{\"@id\":\"https:\/\/radianslighting.com\/#\/schema\/logo\/image\/\"}}]}<\/script>\n<!-- \/ Yoast SEO Premium plugin. -->","yoast_head_json":{"title":"LED Wall Lights -RS-WL004B - Radians Lighting Factory","description":"Radians lighting is a professional manufacturer working on design and manufacturing of quality led wall lights suitable for indoor and outdoor.","robots":{"index":"index","follow":"follow","max-snippet":"max-snippet:-1","max-image-preview":"max-image-preview:large","max-video-preview":"max-video-preview:-1"},"canonical":"https:\/\/radianslighting.com\/da\/vare\/led-wall-lights\/","og_locale":"da_DK","og_type":"article","og_title":"LED Wall Lights -RS-WL004B","og_description":"Radians lighting is a professional manufacturer working on design and manufacturing of quality led wall lights suitable for indoor and outdoor.","og_url":"https:\/\/radianslighting.com\/da\/vare\/led-wall-lights\/","og_site_name":"Radians Lighting","article_modified_time":"2025-03-31T07:44:21+00:00","og_image":[{"width":1000,"height":1000,"url":"https:\/\/radianslighting.com\/wp-content\/uploads\/2022\/04\/LED-Wall-Lights-RS-WL004B-3.jpeg","type":"image\/jpeg"}],"twitter_card":"summary_large_image","twitter_misc":{"Estimeret l\u00e6setid":"2 minutter"},"schema":{"@context":"https:\/\/schema.org","@graph":[{"@type":"WebPage","@id":"https:\/\/radianslighting.com\/product\/led-wall-lights","url":"https:\/\/radianslighting.com\/product\/led-wall-lights","name":"LED Wall Lights -RS-WL004B - Radians Lighting Factory","isPartOf":{"@id":"https:\/\/radianslighting.com\/#website"},"datePublished":"2022-04-27T07:34:21+00:00","dateModified":"2025-03-31T07:44:21+00:00","description":"Radians lighting is a professional manufacturer working on design and manufacturing of quality led wall lights suitable for indoor and outdoor.","breadcrumb":{"@id":"https:\/\/radianslighting.com\/product\/led-wall-lights#breadcrumb"},"inLanguage":"da-DK","potentialAction":[{"@type":"ReadAction","target":["https:\/\/radianslighting.com\/product\/led-wall-lights"]}]},{"@type":"BreadcrumbList","@id":"https:\/\/radianslighting.com\/product\/led-wall-lights#breadcrumb","itemListElement":[{"@type":"ListItem","position":1,"name":"Home","item":"https:\/\/radianslighting.com\/"},{"@type":"ListItem","position":2,"name":"Shop","item":"https:\/\/radianslighting.com\/shop"},{"@type":"ListItem","position":3,"name":"LED Wall Lights -RS-WL004B"}]},{"@type":"WebSite","@id":"https:\/\/radianslighting.com\/#website","url":"https:\/\/radianslighting.com\/","name":"Radians Lighting","description":"LED Lights Manufacturer | LED Downlights | Track Lights | High-Efficiency, 5-year warranty | Radians","publisher":{"@id":"https:\/\/radianslighting.com\/#organization"},"potentialAction":[{"@type":"SearchAction","target":{"@type":"EntryPoint","urlTemplate":"https:\/\/radianslighting.com\/?s={search_term_string}"},"query-input":"required name=search_term_string"}],"inLanguage":"da-DK"},{"@type":"Organization","@id":"https:\/\/radianslighting.com\/#organization","name":"Radians Lighting","url":"https:\/\/radianslighting.com\/","logo":{"@type":"ImageObject","inLanguage":"da-DK","@id":"https:\/\/radianslighting.com\/#\/schema\/logo\/image\/","url":"https:\/\/radianslighting.com\/wp-content\/uploads\/2024\/07\/LOGO-1.jpg","contentUrl":"https:\/\/radianslighting.com\/wp-content\/uploads\/2024\/07\/LOGO-1.jpg","width":1835,"height":411,"caption":"Radians Lighting"},"image":{"@id":"https:\/\/radianslighting.com\/#\/schema\/logo\/image\/"}}]}},"_links":{"self":[{"href":"https:\/\/radianslighting.com\/da\/wp-json\/wp\/v2\/product\/4013"}],"collection":[{"href":"https:\/\/radianslighting.com\/da\/wp-json\/wp\/v2\/product"}],"about":[{"href":"https:\/\/radianslighting.com\/da\/wp-json\/wp\/v2\/types\/product"}],"replies":[{"embeddable":true,"href":"https:\/\/radianslighting.com\/da\/wp-json\/wp\/v2\/comments?post=4013"}],"wp:featuredmedia":[{"embeddable":true,"href":"https:\/\/radianslighting.com\/da\/wp-json\/wp\/v2\/media\/5526"}],"wp:attachment":[{"href":"https:\/\/radianslighting.com\/da\/wp-json\/wp\/v2\/media?parent=4013"}],"wp:term":[{"taxonomy":"product_cat","embeddable":true,"href":"https:\/\/radianslighting.com\/da\/wp-json\/wp\/v2\/product_cat?post=4013"},{"taxonomy":"product_tag","embeddable":true,"href":"https:\/\/radianslighting.com\/da\/wp-json\/wp\/v2\/product_tag?post=4013"}],"curies":[{"name":"wp","href":"https:\/\/api.w.org\/{rel}","templated":true}]}}