{"id":3834,"date":"2022-04-20T12:03:23","date_gmt":"2022-04-20T12:03:23","guid":{"rendered":"https:\/\/radianslighting.com\/?post_type=product&#038;p=3834"},"modified":"2025-03-31T07:44:33","modified_gmt":"2025-03-31T07:44:33","slug":"surface-mounted-downlight","status":"publish","type":"product","link":"https:\/\/radianslighting.com\/da\/vare\/surface-mounted-downlight","title":{"rendered":"Overflademonteret Downlight-RSSD2F6R"},"content":{"rendered":"<p><strong>Overflademonteret led downlight<\/strong> er en type downlight, som kan monteres p\u00e5 loftet uden udsk\u00e6ring eller hul. Dette design ville levere smukt og behageligt lys med linse eller reflektor. Den leveres med et s\u00e6t af h\u00f8jkvalitets led og drivere for at sikre lang levetid.<\/p>\n<h2>Beskrivelse:<\/h2>\n<p>Overflade IP44, kvadratisk 75x75mm, 70mm h\u00f8jde, 6W overflademonteret downlight.<br \/>\nM\u00e6rke: Radians\/ OEM tilg\u00e6ngelig.<br \/>\nMOQ: 300 stk<br \/>\nBetalingsbetingelser: 30% som depositum og restbel\u00f8b skal betales f\u00f8r forsendelse.<br \/>\nPakke: Hvid\/gr\u00e5\/farvet \u00e6ske til inderkasse, gr\u00e5 karton til yderkarton.<br \/>\nLedetid: 3-5 arbejdsdage for pr\u00f8ver, 15 arbejdsdage for batchordre.<\/p>\n<h2>Datoblad af <strong>Overflademonteret led downlight<\/strong>:<\/h2>\n<p>Anvendelse indend\u00f8rs<br \/>\nIP-klassificering IP44<br \/>\nCCT 2700K\/3000K\/4000K\/5000K<br \/>\nCRI Ra&gt;80 (&gt;90 tilg\u00e6ngelig)<br \/>\nStr\u00e5levinkel 12\u00b0\/24\u00b0\/38\u00b0\/55\u00b0<br \/>\nLysstr\u00f8m 480lm<br \/>\nLyseffektivitet 80lm\/W<br \/>\nInstallationsm\u00e5de Fors\u00e6nket<br \/>\nMateriale Aluminiumshus<br \/>\nLysressource COB led\/SMD led<br \/>\nEffekt 6W<br \/>\nBezel farve hvid, b\u00f8rste nikkel, sort<br \/>\nBeskyttelsesklasser Klasse II<br \/>\nM\u00e6rke af led Cree, Luminus, Bridgelux, kinesisk m\u00e6rke led.<br \/>\nSp\u00e6nding\/frekvens AC 220-240V 50\/ 60Hz AC120V(+-10%) 50\/ 60Hz<br \/>\nEffektfaktor &gt;0,9<br \/>\nD\u00e6mpbar D\u00e6mpbar med for- og bagkant (varm d\u00e6mpning tilg\u00e6ngelig)<br \/>\nDriver ekstern driver<br \/>\nLevetid Over 40.000 timer<br \/>\nGaranti 5 \u00e5rs garanti<\/p>\n<h2>Produktudstilling af <strong>Overflademonteret led downlight<\/strong>:<\/h2>\n<p><img fetchpriority=\"high\" decoding=\"async\" class=\"aligncenter size-full wp-image-5545\" title=\"Overflademonteret downlight\" src=\"https:\/\/radianslighting.com\/wp-content\/uploads\/2023\/04\/surface-mounted-downlight.jpg\" alt=\"Surface Mounted Downlight\" width=\"1000\" height=\"1000\" srcset=\"https:\/\/radianslighting.com\/wp-content\/uploads\/2023\/04\/surface-mounted-downlight.jpg 1000w, https:\/\/radianslighting.com\/wp-content\/uploads\/2023\/04\/surface-mounted-downlight-300x300.jpg 300w, https:\/\/radianslighting.com\/wp-content\/uploads\/2023\/04\/surface-mounted-downlight-100x100.jpg 100w, https:\/\/radianslighting.com\/wp-content\/uploads\/2023\/04\/surface-mounted-downlight-600x600.jpg 600w, https:\/\/radianslighting.com\/wp-content\/uploads\/2023\/04\/surface-mounted-downlight-150x150.jpg 150w, https:\/\/radianslighting.com\/wp-content\/uploads\/2023\/04\/surface-mounted-downlight-768x768.jpg 768w\" sizes=\"(max-width: 1000px) 100vw, 1000px\" \/><\/p>\n<p><img decoding=\"async\" class=\"aligncenter size-full wp-image-5546\" title=\"Overflademonteret downlight\" src=\"https:\/\/radianslighting.com\/wp-content\/uploads\/2023\/04\/surface-mounted-downlight-1.jpg\" alt=\"Surface Mounted Downlight\" width=\"1000\" height=\"1000\" srcset=\"https:\/\/radianslighting.com\/wp-content\/uploads\/2023\/04\/surface-mounted-downlight-1.jpg 1000w, https:\/\/radianslighting.com\/wp-content\/uploads\/2023\/04\/surface-mounted-downlight-1-300x300.jpg 300w, https:\/\/radianslighting.com\/wp-content\/uploads\/2023\/04\/surface-mounted-downlight-1-100x100.jpg 100w, https:\/\/radianslighting.com\/wp-content\/uploads\/2023\/04\/surface-mounted-downlight-1-600x600.jpg 600w, https:\/\/radianslighting.com\/wp-content\/uploads\/2023\/04\/surface-mounted-downlight-1-150x150.jpg 150w, https:\/\/radianslighting.com\/wp-content\/uploads\/2023\/04\/surface-mounted-downlight-1-768x768.jpg 768w\" sizes=\"(max-width: 1000px) 100vw, 1000px\" \/><\/p>\n<p><img decoding=\"async\" class=\"aligncenter size-full wp-image-5547\" title=\"Overflademonteret downlight\" src=\"https:\/\/radianslighting.com\/wp-content\/uploads\/2023\/04\/surface-mounted-downlight-2.jpg\" alt=\"Surface Mounted Downlight\" width=\"1000\" height=\"1000\" srcset=\"https:\/\/radianslighting.com\/wp-content\/uploads\/2023\/04\/surface-mounted-downlight-2.jpg 1000w, https:\/\/radianslighting.com\/wp-content\/uploads\/2023\/04\/surface-mounted-downlight-2-300x300.jpg 300w, https:\/\/radianslighting.com\/wp-content\/uploads\/2023\/04\/surface-mounted-downlight-2-100x100.jpg 100w, https:\/\/radianslighting.com\/wp-content\/uploads\/2023\/04\/surface-mounted-downlight-2-600x600.jpg 600w, https:\/\/radianslighting.com\/wp-content\/uploads\/2023\/04\/surface-mounted-downlight-2-150x150.jpg 150w, https:\/\/radianslighting.com\/wp-content\/uploads\/2023\/04\/surface-mounted-downlight-2-768x768.jpg 768w\" sizes=\"(max-width: 1000px) 100vw, 1000px\" \/><\/p>\n<h2>Sp\u00f8rgsm\u00e5l og svar:<\/h2>\n<p><strong>Sp\u00f8rgsm\u00e5l<\/strong>: Er du en fabrik?<br \/>\n<strong>Svar<\/strong>: Ja, vi er en professionel producent med mange erfarne ingeni\u00f8rer og medarbejdere.<\/p>\n<p><strong>Sp\u00f8rgsm\u00e5l<\/strong>: Har du nogen MOQ-gr\u00e6nse for led-lysbestilling?<br \/>\n<strong>Svar<\/strong>: Nej. Ingen MOQ begr\u00e6nset. Du kan placere 1 stk til test og inspektion.<\/p>\n<p><strong>Sp\u00f8rgsm\u00e5l<\/strong>: Hvad med din f\u00f8rende tid?<br \/>\n<strong>Svar<\/strong>: 3-5 arbejdsdage for pr\u00f8ver, 15 arbejdsdage for batchordre.<\/p>\n<p><strong>Sp\u00f8rgsm\u00e5l<\/strong>: Hvor mange \u00e5rs garanti tilbyder du for din downlight?<br \/>\n<strong>Svar<\/strong>:Generelt tilbyder vi 5 \u00e5r for det meste af vores downlight. Hvis du har yderligere anmodninger, er du velkommen til at give os besked.<\/p>\n<p><strong>Sp\u00f8rgsm\u00e5l<\/strong>: Kan jeg s\u00e6tte mit logo p\u00e5 dit produkt og din pakke?<br \/>\n<strong>Svar<\/strong>: Selvf\u00f8lgelig. Men vi har MOQ til OEM-service for forskellige produkter.<\/p>","protected":false},"excerpt":{"rendered":"<ul>\n<li>Trykst\u00f8bt hus<\/li>\n<li>Unikt design linse\/reflektor<\/li>\n<li>Triac d\u00e6mpning, DALI og mere driverl\u00f8sning tilg\u00e6ngelig;<\/li>\n<li>Pr\u00e6fekt lysfordeling.<\/li>\n<li>Model nr.: RSSD2F6R<\/li>\n<\/ul>","protected":false},"featured_media":6495,"comment_status":"closed","ping_status":"closed","template":"","meta":[],"product_cat":[20,504,491,497,481,506,513,538,493,494,150,492,507,545,238,505,498],"product_tag":[124,363,361,358,362,359,239,356,364,240,241,360,404],"class_list":{"0":"post-3834","1":"product","2":"type-product","3":"status-publish","4":"has-post-thumbnail","6":"product_cat-anti-glare-downlights","7":"product_cat-2700k-downlight","8":"product_cat-bedroom-downlights","9":"product_cat-black-downlights","10":"product_cat-cob-downlight","11":"product_cat-cool-white-downlight","12":"product_cat-downlight-ip44","13":"product_cat-downlight-led-6w","14":"product_cat-downlights-for-hallway","15":"product_cat-hotel-downlight","16":"product_cat-led-downlight","17":"product_cat-living-room-downlights","18":"product_cat-neutral-light-downlight","19":"product_cat-round-led-downlight","20":"product_cat-surface-downlight","21":"product_cat-warm-led-downlights","22":"product_cat-white-downlights","23":"product_tag-indoor-lighting","24":"product_tag-round-surface-mount-led-lights","25":"product_tag-slim-surface-mounted-led-downlights","26":"product_tag-square-surface-mounted-downlight","27":"product_tag-surface-cob-downlight","28":"product_tag-surface-down-light","29":"product_tag-surface-downlight","30":"product_tag-surface-downlight-led","31":"product_tag-surface-mounted-adjustable-downlight","32":"product_tag-surface-mounted-downlight","33":"product_tag-surface-mounted-led-downlight","34":"product_tag-surface-mounted-led-downlights","35":"product_tag-surface-mounted-led-downlightssurface-mounted-led-downlight","37":"first","38":"instock","39":"shipping-taxable","40":"purchasable","41":"product-type-simple"},"yoast_head":"<!-- This site is optimized with the Yoast SEO Premium plugin v20.8 (Yoast SEO v21.9.1) - https:\/\/yoast.com\/wordpress\/plugins\/seo\/ -->\n<title>Energy-Efficient Surface Mounted Downlights | 50,000hr Lifespan, CE Certified | Radians<\/title>\n<meta name=\"description\" content=\"Discover bulk pricing on Surface Mounted Downlights with ETL certification. Enjoy quick shipping, tiered discounts, and long-term energy savings. Ideal for commercial lighting projects.\" \/>\n<meta name=\"robots\" content=\"index, follow, max-snippet:-1, max-image-preview:large, max-video-preview:-1\" \/>\n<link rel=\"canonical\" href=\"https:\/\/radianslighting.com\/da\/vare\/surface-mounted-downlight\/\" \/>\n<meta property=\"og:locale\" content=\"da_DK\" \/>\n<meta property=\"og:type\" content=\"article\" \/>\n<meta property=\"og:title\" content=\"Surface Mounted Downlight-RSSD2F6R\" \/>\n<meta property=\"og:description\" content=\"Discover bulk pricing on Surface Mounted Downlights with ETL certification. Enjoy quick shipping, tiered discounts, and long-term energy savings. Ideal for commercial lighting projects.\" \/>\n<meta property=\"og:url\" content=\"https:\/\/radianslighting.com\/da\/vare\/surface-mounted-downlight\/\" \/>\n<meta property=\"og:site_name\" content=\"Radians Lighting\" \/>\n<meta property=\"article:modified_time\" content=\"2025-03-31T07:44:33+00:00\" \/>\n<meta property=\"og:image\" content=\"https:\/\/radianslighting.com\/wp-content\/uploads\/2022\/04\/\u4e3b\u56feLOGO\u8ba4\u8bc1.jpg\" \/>\n\t<meta property=\"og:image:width\" content=\"1000\" \/>\n\t<meta property=\"og:image:height\" content=\"1000\" \/>\n\t<meta property=\"og:image:type\" content=\"image\/jpeg\" \/>\n<meta name=\"twitter:card\" content=\"summary_large_image\" \/>\n<meta name=\"twitter:label1\" content=\"Estimeret l\u00e6setid\" \/>\n\t<meta name=\"twitter:data1\" content=\"3 minutter\" \/>\n<script type=\"application\/ld+json\" class=\"yoast-schema-graph\">{\"@context\":\"https:\/\/schema.org\",\"@graph\":[{\"@type\":\"WebPage\",\"@id\":\"https:\/\/radianslighting.com\/product\/surface-mounted-downlight\",\"url\":\"https:\/\/radianslighting.com\/product\/surface-mounted-downlight\",\"name\":\"Energy-Efficient Surface Mounted Downlights | 50,000hr Lifespan, CE Certified | Radians\",\"isPartOf\":{\"@id\":\"https:\/\/radianslighting.com\/#website\"},\"datePublished\":\"2022-04-20T12:03:23+00:00\",\"dateModified\":\"2025-03-31T07:44:33+00:00\",\"description\":\"Discover bulk pricing on Surface Mounted Downlights with ETL certification. Enjoy quick shipping, tiered discounts, and long-term energy savings. Ideal for commercial lighting projects.\",\"breadcrumb\":{\"@id\":\"https:\/\/radianslighting.com\/product\/surface-mounted-downlight#breadcrumb\"},\"inLanguage\":\"da-DK\",\"potentialAction\":[{\"@type\":\"ReadAction\",\"target\":[\"https:\/\/radianslighting.com\/product\/surface-mounted-downlight\"]}]},{\"@type\":\"BreadcrumbList\",\"@id\":\"https:\/\/radianslighting.com\/product\/surface-mounted-downlight#breadcrumb\",\"itemListElement\":[{\"@type\":\"ListItem\",\"position\":1,\"name\":\"Home\",\"item\":\"https:\/\/radianslighting.com\/\"},{\"@type\":\"ListItem\",\"position\":2,\"name\":\"Shop\",\"item\":\"https:\/\/radianslighting.com\/shop\"},{\"@type\":\"ListItem\",\"position\":3,\"name\":\"Surface Mounted Downlight-RSSD2F6R\"}]},{\"@type\":\"WebSite\",\"@id\":\"https:\/\/radianslighting.com\/#website\",\"url\":\"https:\/\/radianslighting.com\/\",\"name\":\"Radians Lighting\",\"description\":\"LED Lights Manufacturer | LED Downlights | Track Lights | High-Efficiency, 5-year warranty | Radians\",\"publisher\":{\"@id\":\"https:\/\/radianslighting.com\/#organization\"},\"potentialAction\":[{\"@type\":\"SearchAction\",\"target\":{\"@type\":\"EntryPoint\",\"urlTemplate\":\"https:\/\/radianslighting.com\/?s={search_term_string}\"},\"query-input\":\"required name=search_term_string\"}],\"inLanguage\":\"da-DK\"},{\"@type\":\"Organization\",\"@id\":\"https:\/\/radianslighting.com\/#organization\",\"name\":\"Radians Lighting\",\"url\":\"https:\/\/radianslighting.com\/\",\"logo\":{\"@type\":\"ImageObject\",\"inLanguage\":\"da-DK\",\"@id\":\"https:\/\/radianslighting.com\/#\/schema\/logo\/image\/\",\"url\":\"https:\/\/radianslighting.com\/wp-content\/uploads\/2024\/07\/LOGO-1.jpg\",\"contentUrl\":\"https:\/\/radianslighting.com\/wp-content\/uploads\/2024\/07\/LOGO-1.jpg\",\"width\":1835,\"height\":411,\"caption\":\"Radians Lighting\"},\"image\":{\"@id\":\"https:\/\/radianslighting.com\/#\/schema\/logo\/image\/\"}}]}<\/script>\n<!-- \/ Yoast SEO Premium plugin. -->","yoast_head_json":{"title":"Energy-Efficient Surface Mounted Downlights | 50,000hr Lifespan, CE Certified | Radians","description":"Discover bulk pricing on Surface Mounted Downlights with ETL certification. Enjoy quick shipping, tiered discounts, and long-term energy savings. Ideal for commercial lighting projects.","robots":{"index":"index","follow":"follow","max-snippet":"max-snippet:-1","max-image-preview":"max-image-preview:large","max-video-preview":"max-video-preview:-1"},"canonical":"https:\/\/radianslighting.com\/da\/vare\/surface-mounted-downlight\/","og_locale":"da_DK","og_type":"article","og_title":"Surface Mounted Downlight-RSSD2F6R","og_description":"Discover bulk pricing on Surface Mounted Downlights with ETL certification. Enjoy quick shipping, tiered discounts, and long-term energy savings. Ideal for commercial lighting projects.","og_url":"https:\/\/radianslighting.com\/da\/vare\/surface-mounted-downlight\/","og_site_name":"Radians Lighting","article_modified_time":"2025-03-31T07:44:33+00:00","og_image":[{"width":1000,"height":1000,"url":"https:\/\/radianslighting.com\/wp-content\/uploads\/2022\/04\/\u4e3b\u56feLOGO\u8ba4\u8bc1.jpg","type":"image\/jpeg"}],"twitter_card":"summary_large_image","twitter_misc":{"Estimeret l\u00e6setid":"3 minutter"},"schema":{"@context":"https:\/\/schema.org","@graph":[{"@type":"WebPage","@id":"https:\/\/radianslighting.com\/product\/surface-mounted-downlight","url":"https:\/\/radianslighting.com\/product\/surface-mounted-downlight","name":"Energy-Efficient Surface Mounted Downlights | 50,000hr Lifespan, CE Certified | Radians","isPartOf":{"@id":"https:\/\/radianslighting.com\/#website"},"datePublished":"2022-04-20T12:03:23+00:00","dateModified":"2025-03-31T07:44:33+00:00","description":"Discover bulk pricing on Surface Mounted Downlights with ETL certification. Enjoy quick shipping, tiered discounts, and long-term energy savings. Ideal for commercial lighting projects.","breadcrumb":{"@id":"https:\/\/radianslighting.com\/product\/surface-mounted-downlight#breadcrumb"},"inLanguage":"da-DK","potentialAction":[{"@type":"ReadAction","target":["https:\/\/radianslighting.com\/product\/surface-mounted-downlight"]}]},{"@type":"BreadcrumbList","@id":"https:\/\/radianslighting.com\/product\/surface-mounted-downlight#breadcrumb","itemListElement":[{"@type":"ListItem","position":1,"name":"Home","item":"https:\/\/radianslighting.com\/"},{"@type":"ListItem","position":2,"name":"Shop","item":"https:\/\/radianslighting.com\/shop"},{"@type":"ListItem","position":3,"name":"Surface Mounted Downlight-RSSD2F6R"}]},{"@type":"WebSite","@id":"https:\/\/radianslighting.com\/#website","url":"https:\/\/radianslighting.com\/","name":"Radians Lighting","description":"LED Lights Manufacturer | LED Downlights | Track Lights | High-Efficiency, 5-year warranty | Radians","publisher":{"@id":"https:\/\/radianslighting.com\/#organization"},"potentialAction":[{"@type":"SearchAction","target":{"@type":"EntryPoint","urlTemplate":"https:\/\/radianslighting.com\/?s={search_term_string}"},"query-input":"required name=search_term_string"}],"inLanguage":"da-DK"},{"@type":"Organization","@id":"https:\/\/radianslighting.com\/#organization","name":"Radians Lighting","url":"https:\/\/radianslighting.com\/","logo":{"@type":"ImageObject","inLanguage":"da-DK","@id":"https:\/\/radianslighting.com\/#\/schema\/logo\/image\/","url":"https:\/\/radianslighting.com\/wp-content\/uploads\/2024\/07\/LOGO-1.jpg","contentUrl":"https:\/\/radianslighting.com\/wp-content\/uploads\/2024\/07\/LOGO-1.jpg","width":1835,"height":411,"caption":"Radians Lighting"},"image":{"@id":"https:\/\/radianslighting.com\/#\/schema\/logo\/image\/"}}]}},"_links":{"self":[{"href":"https:\/\/radianslighting.com\/da\/wp-json\/wp\/v2\/product\/3834"}],"collection":[{"href":"https:\/\/radianslighting.com\/da\/wp-json\/wp\/v2\/product"}],"about":[{"href":"https:\/\/radianslighting.com\/da\/wp-json\/wp\/v2\/types\/product"}],"replies":[{"embeddable":true,"href":"https:\/\/radianslighting.com\/da\/wp-json\/wp\/v2\/comments?post=3834"}],"wp:featuredmedia":[{"embeddable":true,"href":"https:\/\/radianslighting.com\/da\/wp-json\/wp\/v2\/media\/6495"}],"wp:attachment":[{"href":"https:\/\/radianslighting.com\/da\/wp-json\/wp\/v2\/media?parent=3834"}],"wp:term":[{"taxonomy":"product_cat","embeddable":true,"href":"https:\/\/radianslighting.com\/da\/wp-json\/wp\/v2\/product_cat?post=3834"},{"taxonomy":"product_tag","embeddable":true,"href":"https:\/\/radianslighting.com\/da\/wp-json\/wp\/v2\/product_tag?post=3834"}],"curies":[{"name":"wp","href":"https:\/\/api.w.org\/{rel}","templated":true}]}}