{"id":11891,"date":"2025-07-18T06:06:57","date_gmt":"2025-07-18T06:06:57","guid":{"rendered":"https:\/\/radianslighting.com\/?post_type=product&#038;p=11891"},"modified":"2025-07-21T07:44:12","modified_gmt":"2025-07-21T07:44:12","slug":"multi-functional-dimmable-led-downlight","status":"publish","type":"product","link":"https:\/\/radianslighting.com\/da\/vare\/multi-functional-dimmable-led-downlight","title":{"rendered":"Multifunktionel d\u00e6mpbar LED-downlight"},"content":{"rendered":"<p><!-- Main Content --><\/p>\n<h2>Funktioner ved multifunktionel downlight<\/h2>\n<p><strong>Alsidig installation<\/strong>Tre installationstilstande underst\u00f8ttes. Aftagelige fjedre og klips muligg\u00f8r v\u00e6rkt\u00f8jsfri montering, mens integrerede skruehuller muligg\u00f8r direkte fastg\u00f8relse til standard samled\u00e5ser og tilpasser sig problemfrit til forskellige anvendelsesscenarier.<br \/>\n<strong>Justerbar 3CCT farvetemperatur<\/strong>Skift nemt mellem farvetemperaturer via CCT-kontakter, og der findes ogs\u00e5 en version med d\u00e6mpning til varm belysning for at opn\u00e5 en behagelig omgivelse.<br \/>\n<strong>Robust og str\u00f8mlinet design<\/strong>Har en minimalistisk \u00e6stetik med et holdbart aluminiumshus og indbygget driver for forbedret varmeafledning og lang levetid.<br \/>\n<strong>Udskiftelige lysrammer<\/strong>Tilpas \u00e6stetikken ubesv\u00e6ret \u2013 udskiftelige rammer muligg\u00f8r hurtige farve- eller tekstur\u00e6ndringer, der matcher indretningens pr\u00e6ferencer.<br \/>\n<strong>J\u00e6vn d\u00e6mpning<\/strong>Underst\u00f8tter flimmerfri d\u00e6mpning fra 1% til 100%, hvilket muligg\u00f8r pr\u00e6cis stemningskontrol med bagkantd\u00e6mpere.<br \/>\n<strong>Lydl\u00f8s og flimmerfri drift<\/strong>Avanceret kredsl\u00f8b sikrer nul h\u00f8rbar st\u00f8j og eliminerer \u00f8jenbelastning for\u00e5rsaget af flimmer.<br \/>\n<strong>Universel pasform<\/strong>Kompatibel med loftudsk\u00e6ring p\u00e5 55-70 mm til eftermontering eller nye installationer.<br \/>\n<strong>P\u00e5lidelighed garanteret<\/strong>D\u00e6kket af en 3-\u00e5rs garanti for problemfri brug.<\/p>\n<p><img fetchpriority=\"high\" decoding=\"async\" class=\"alignnone size-full wp-image-11917\" src=\"https:\/\/radianslighting.com\/wp-content\/uploads\/2025\/07\/multi-function-spots.jpg\" alt=\"\" width=\"2028\" height=\"988\" srcset=\"https:\/\/radianslighting.com\/wp-content\/uploads\/2025\/07\/multi-function-spots.jpg 2028w, https:\/\/radianslighting.com\/wp-content\/uploads\/2025\/07\/multi-function-spots-768x374.jpg 768w, https:\/\/radianslighting.com\/wp-content\/uploads\/2025\/07\/multi-function-spots-1536x748.jpg 1536w, https:\/\/radianslighting.com\/wp-content\/uploads\/2025\/07\/multi-function-spots-18x9.jpg 18w, https:\/\/radianslighting.com\/wp-content\/uploads\/2025\/07\/multi-function-spots-600x292.jpg 600w\" sizes=\"(max-width: 2028px) 100vw, 2028px\" \/><\/p>\n<p><img decoding=\"async\" class=\"alignnone size-full wp-image-11463\" src=\"https:\/\/radianslighting.com\/wp-content\/uploads\/2025\/05\/downlight-for-home-use-8.jpg\" alt=\"\" width=\"1200\" height=\"578\" srcset=\"https:\/\/radianslighting.com\/wp-content\/uploads\/2025\/05\/downlight-for-home-use-8.jpg 1200w, https:\/\/radianslighting.com\/wp-content\/uploads\/2025\/05\/downlight-for-home-use-8-768x370.jpg 768w, https:\/\/radianslighting.com\/wp-content\/uploads\/2025\/05\/downlight-for-home-use-8-18x9.jpg 18w, https:\/\/radianslighting.com\/wp-content\/uploads\/2025\/05\/downlight-for-home-use-8-600x289.jpg 600w\" sizes=\"(max-width: 1200px) 100vw, 1200px\" \/><\/p>\n<h2>Ofte stillede sp\u00f8rgsm\u00e5l:<\/h2>\n<dl>\n<dt><strong>Hvorfor er den slanke profil p\u00e5 28 mm vigtig for indbyggede spotlights?\u00a0<\/strong><\/dt>\n<dt>En slank profil muligg\u00f8r installation i lave loftshulrum, hvilket er almindeligt i mange europ\u00e6iske bygninger, og forenkler eftermontering uden st\u00f8rre lofts\u00e6ndringer.<\/dt>\n<dt><strong>Hvordan forbedrer aluminiumshus ydeevnen af indbyggede spotlights?<\/strong><\/dt>\n<dt>Aluminium fungerer som en fremragende k\u00f8leplade, der forhindrer overophedning af LED&#039;er, hvilket \u00f8ger levetiden og opretholder ensartet lysudbytte.<\/dt>\n<dt><strong>Hvilke fordele giver en integreret driver?<\/strong><\/dt>\n<dt>Det reducerer installationens kompleksitet ved at placere driveren inde i armaturet, hvilket minimerer ledningsfejl og forbedrer p\u00e5lideligheden.<\/dt>\n<dt><strong>Hvorfor er flimmerfri d\u00e6mpning vigtig?<\/strong><\/dt>\n<dt>Flimmerfri d\u00e6mpning forhindrer \u00f8jenbelastning og hovedpine, is\u00e6r p\u00e5 arbejdspladser og i sundhedsv\u00e6senet, hvor lyskvaliteten er afg\u00f8rende.<\/dt>\n<dt><strong>Hvilken garanti tilbyder Radians Lighting p\u00e5 indbyggede spotlights?<\/strong><\/dt>\n<dt>Radians tilbyder 3 \u00e5rs garanti, hvilket afspejler tillid til produktets holdbarhed og kvalitet.<\/dt>\n<\/dl>\n<p>Radians Lightings indbyggede spotlights kombinerer teknisk ekspertise med praktisk design, hvilket g\u00f8r dem til et p\u00e5lideligt valg for belysningsprofessionelle i hele Europa. For at se alle produktoplysninger og udforske hele vores sortiment, bes\u00f8g <a href=\"https:\/\/radianslighting.com\/da\/vare-kategori\/led-downlight\/recessed-downlight\/\" target=\"_blank\" rel=\"noopener\">kategori for indbyggede downlights.<\/a><\/p>","protected":false},"excerpt":{"rendered":"<ul>\n<li>Modelnr.: RSRD1D6R-M<\/li>\n<li>Effekt: 6W<\/li>\n<li>Sp\u00e6nding: AC 120V\/ AC22-240V 50~60Hz<\/li>\n<li>Lumen: 600lm<\/li>\n<li>CCT: 2700K\/3000K\/4000K\/57000K\/3CCT omskiftelig\/DTW<\/li>\n<li>CRI: 80\/90 eller derover Ra93 tilg\u00e6ngelig.<\/li>\n<li>SDCM: 6<\/li>\n<li>D\u00e6mpning: Ingen d\u00e6mpning, triac, ELV<\/li>\n<li>Effektfaktor: 0,7<\/li>\n<li>Str\u00e5levinkel: 60\u00b0<\/li>\n<li>Udsk\u00e6ring: \u03c655-70mm<\/li>\n<li>IP-klassificering: IP44<\/li>\n<li>Dimensioner: \u03c680x33mm<\/li>\n<li>Farve: Hvid\/Sort\/Nikkel\/Krom\/Gylden\/Andet<\/li>\n<li>Materiale: Aluminiumslegering<\/li>\n<li>Levetid: 25.000 timer<\/li>\n<li>Garanti: 3 \u00e5r<\/li>\n<li>Bem\u00e6rkning: Multifunktionel d\u00e6mpbar LED-downlight<\/li>\n<\/ul>","protected":false},"featured_media":11901,"comment_status":"closed","ping_status":"closed","template":"","meta":[],"product_cat":[20,504,516,517,520,521,497,499,501,500,481,506,580,531,532,537,513,538,493,486,534,150,492,509,291,507,200,590,508,511,484,503,510,505,498],"product_tag":[609],"class_list":{"0":"post-11891","1":"product","2":"type-product","3":"status-publish","4":"has-post-thumbnail","6":"product_cat-anti-glare-downlights","7":"product_cat-2700k-downlight","8":"product_cat-60mm-cut-out-downlights","9":"product_cat-65mm-cut-out-downlights","10":"product_cat-68mm-cut-out-downlights","11":"product_cat-70mm-downlight","12":"product_cat-black-downlights","13":"product_cat-brushed-brass-downlights","14":"product_cat-brushed-steel-downlights","15":"product_cat-chrome-downlights","16":"product_cat-cob-downlight","17":"product_cat-cool-white-downlight","18":"product_cat-dim-to-warm-downlights","19":"product_cat-dimmable-downlights","20":"product_cat-dimmable-led-downlights","21":"product_cat-downlight-5w","22":"product_cat-downlight-ip44","23":"product_cat-downlight-led-6w","24":"product_cat-downlights-for-hallway","25":"product_cat-integrated-led-downlights","26":"product_cat-led-dimmable-spotlights","27":"product_cat-led-downlight","28":"product_cat-living-room-downlights","29":"product_cat-low-profile-led-downlights","30":"product_cat-mini-downlight","31":"product_cat-neutral-light-downlight","32":"product_cat-recessed-downlight","33":"product_cat-recessed-spotlights","34":"product_cat-slim-downlights","35":"product_cat-thin-downlights","36":"product_cat-tilt-led-downlights","37":"product_cat-tri-colour-downlight","38":"product_cat-ultra-slim-downlights","39":"product_cat-warm-led-downlights","40":"product_cat-white-downlights","41":"product_tag-recessed-spotlight","43":"first","44":"instock","45":"featured","46":"shipping-taxable","47":"purchasable","48":"product-type-simple"},"yoast_head":"<!-- This site is optimized with the Yoast SEO Premium plugin v20.8 (Yoast SEO v21.9.1) - https:\/\/yoast.com\/wordpress\/plugins\/seo\/ -->\n<title>Multi-Functional Dimmable LED Downlight | Radians<\/title>\n<meta name=\"description\" content=\"Bulk orders for CE\/RoHS certified recessed spotlight: 100lm\/W, IP44 rating, 25,000h lifespan. 80% energy savings &amp; 3-year warranty.\" \/>\n<meta name=\"robots\" content=\"index, follow, max-snippet:-1, max-image-preview:large, max-video-preview:-1\" \/>\n<link rel=\"canonical\" href=\"https:\/\/radianslighting.com\/da\/vare\/multi-functional-dimmable-led-downlight\/\" \/>\n<meta property=\"og:locale\" content=\"da_DK\" \/>\n<meta property=\"og:type\" content=\"article\" \/>\n<meta property=\"og:title\" content=\"Multi-Functional Dimmable LED Downlight\" \/>\n<meta property=\"og:description\" content=\"Bulk orders for CE\/RoHS certified recessed spotlight: 100lm\/W, IP44 rating, 25,000h lifespan. 80% energy savings &amp; 3-year warranty.\" \/>\n<meta property=\"og:url\" content=\"https:\/\/radianslighting.com\/da\/vare\/multi-functional-dimmable-led-downlight\/\" \/>\n<meta property=\"og:site_name\" content=\"Radians Lighting\" \/>\n<meta property=\"article:modified_time\" content=\"2025-07-21T07:44:12+00:00\" \/>\n<meta property=\"og:image\" content=\"https:\/\/radianslighting.com\/wp-content\/uploads\/2025\/07\/Multi-function-dimmbable-led-downlight-13.jpg\" \/>\n\t<meta property=\"og:image:width\" content=\"1000\" \/>\n\t<meta property=\"og:image:height\" content=\"1000\" \/>\n\t<meta property=\"og:image:type\" content=\"image\/jpeg\" \/>\n<meta name=\"twitter:card\" content=\"summary_large_image\" \/>\n<meta name=\"twitter:label1\" content=\"Estimeret l\u00e6setid\" \/>\n\t<meta name=\"twitter:data1\" content=\"2 minutter\" \/>\n<script type=\"application\/ld+json\" class=\"yoast-schema-graph\">{\"@context\":\"https:\/\/schema.org\",\"@graph\":[{\"@type\":\"WebPage\",\"@id\":\"https:\/\/radianslighting.com\/product\/multi-functional-dimmable-led-downlight\",\"url\":\"https:\/\/radianslighting.com\/product\/multi-functional-dimmable-led-downlight\",\"name\":\"Multi-Functional Dimmable LED Downlight | Radians\",\"isPartOf\":{\"@id\":\"https:\/\/radianslighting.com\/#website\"},\"datePublished\":\"2025-07-18T06:06:57+00:00\",\"dateModified\":\"2025-07-21T07:44:12+00:00\",\"description\":\"Bulk orders for CE\/RoHS certified recessed spotlight: 100lm\/W, IP44 rating, 25,000h lifespan. 80% energy savings & 3-year warranty.\",\"breadcrumb\":{\"@id\":\"https:\/\/radianslighting.com\/product\/multi-functional-dimmable-led-downlight#breadcrumb\"},\"inLanguage\":\"da-DK\",\"potentialAction\":[{\"@type\":\"ReadAction\",\"target\":[\"https:\/\/radianslighting.com\/product\/multi-functional-dimmable-led-downlight\"]}]},{\"@type\":\"BreadcrumbList\",\"@id\":\"https:\/\/radianslighting.com\/product\/multi-functional-dimmable-led-downlight#breadcrumb\",\"itemListElement\":[{\"@type\":\"ListItem\",\"position\":1,\"name\":\"Home\",\"item\":\"https:\/\/radianslighting.com\/\"},{\"@type\":\"ListItem\",\"position\":2,\"name\":\"Shop\",\"item\":\"https:\/\/radianslighting.com\/shop\"},{\"@type\":\"ListItem\",\"position\":3,\"name\":\"Multi-Functional Dimmable LED Downlight\"}]},{\"@type\":\"WebSite\",\"@id\":\"https:\/\/radianslighting.com\/#website\",\"url\":\"https:\/\/radianslighting.com\/\",\"name\":\"Radians Lighting\",\"description\":\"LED Lights Manufacturer | LED Downlights | Track Lights | High-Efficiency, 5-year warranty | Radians\",\"publisher\":{\"@id\":\"https:\/\/radianslighting.com\/#organization\"},\"potentialAction\":[{\"@type\":\"SearchAction\",\"target\":{\"@type\":\"EntryPoint\",\"urlTemplate\":\"https:\/\/radianslighting.com\/?s={search_term_string}\"},\"query-input\":\"required name=search_term_string\"}],\"inLanguage\":\"da-DK\"},{\"@type\":\"Organization\",\"@id\":\"https:\/\/radianslighting.com\/#organization\",\"name\":\"Radians Lighting\",\"url\":\"https:\/\/radianslighting.com\/\",\"logo\":{\"@type\":\"ImageObject\",\"inLanguage\":\"da-DK\",\"@id\":\"https:\/\/radianslighting.com\/#\/schema\/logo\/image\/\",\"url\":\"https:\/\/radianslighting.com\/wp-content\/uploads\/2024\/07\/LOGO-1.jpg\",\"contentUrl\":\"https:\/\/radianslighting.com\/wp-content\/uploads\/2024\/07\/LOGO-1.jpg\",\"width\":1835,\"height\":411,\"caption\":\"Radians Lighting\"},\"image\":{\"@id\":\"https:\/\/radianslighting.com\/#\/schema\/logo\/image\/\"}}]}<\/script>\n<!-- \/ Yoast SEO Premium plugin. -->","yoast_head_json":{"title":"Multi-Functional Dimmable LED Downlight | Radians","description":"Bulk orders for CE\/RoHS certified recessed spotlight: 100lm\/W, IP44 rating, 25,000h lifespan. 80% energy savings & 3-year warranty.","robots":{"index":"index","follow":"follow","max-snippet":"max-snippet:-1","max-image-preview":"max-image-preview:large","max-video-preview":"max-video-preview:-1"},"canonical":"https:\/\/radianslighting.com\/da\/vare\/multi-functional-dimmable-led-downlight\/","og_locale":"da_DK","og_type":"article","og_title":"Multi-Functional Dimmable LED Downlight","og_description":"Bulk orders for CE\/RoHS certified recessed spotlight: 100lm\/W, IP44 rating, 25,000h lifespan. 80% energy savings & 3-year warranty.","og_url":"https:\/\/radianslighting.com\/da\/vare\/multi-functional-dimmable-led-downlight\/","og_site_name":"Radians Lighting","article_modified_time":"2025-07-21T07:44:12+00:00","og_image":[{"width":1000,"height":1000,"url":"https:\/\/radianslighting.com\/wp-content\/uploads\/2025\/07\/Multi-function-dimmbable-led-downlight-13.jpg","type":"image\/jpeg"}],"twitter_card":"summary_large_image","twitter_misc":{"Estimeret l\u00e6setid":"2 minutter"},"schema":{"@context":"https:\/\/schema.org","@graph":[{"@type":"WebPage","@id":"https:\/\/radianslighting.com\/product\/multi-functional-dimmable-led-downlight","url":"https:\/\/radianslighting.com\/product\/multi-functional-dimmable-led-downlight","name":"Multi-Functional Dimmable LED Downlight | Radians","isPartOf":{"@id":"https:\/\/radianslighting.com\/#website"},"datePublished":"2025-07-18T06:06:57+00:00","dateModified":"2025-07-21T07:44:12+00:00","description":"Bulk orders for CE\/RoHS certified recessed spotlight: 100lm\/W, IP44 rating, 25,000h lifespan. 80% energy savings & 3-year warranty.","breadcrumb":{"@id":"https:\/\/radianslighting.com\/product\/multi-functional-dimmable-led-downlight#breadcrumb"},"inLanguage":"da-DK","potentialAction":[{"@type":"ReadAction","target":["https:\/\/radianslighting.com\/product\/multi-functional-dimmable-led-downlight"]}]},{"@type":"BreadcrumbList","@id":"https:\/\/radianslighting.com\/product\/multi-functional-dimmable-led-downlight#breadcrumb","itemListElement":[{"@type":"ListItem","position":1,"name":"Home","item":"https:\/\/radianslighting.com\/"},{"@type":"ListItem","position":2,"name":"Shop","item":"https:\/\/radianslighting.com\/shop"},{"@type":"ListItem","position":3,"name":"Multi-Functional Dimmable LED Downlight"}]},{"@type":"WebSite","@id":"https:\/\/radianslighting.com\/#website","url":"https:\/\/radianslighting.com\/","name":"Radians Lighting","description":"LED Lights Manufacturer | LED Downlights | Track Lights | High-Efficiency, 5-year warranty | Radians","publisher":{"@id":"https:\/\/radianslighting.com\/#organization"},"potentialAction":[{"@type":"SearchAction","target":{"@type":"EntryPoint","urlTemplate":"https:\/\/radianslighting.com\/?s={search_term_string}"},"query-input":"required name=search_term_string"}],"inLanguage":"da-DK"},{"@type":"Organization","@id":"https:\/\/radianslighting.com\/#organization","name":"Radians Lighting","url":"https:\/\/radianslighting.com\/","logo":{"@type":"ImageObject","inLanguage":"da-DK","@id":"https:\/\/radianslighting.com\/#\/schema\/logo\/image\/","url":"https:\/\/radianslighting.com\/wp-content\/uploads\/2024\/07\/LOGO-1.jpg","contentUrl":"https:\/\/radianslighting.com\/wp-content\/uploads\/2024\/07\/LOGO-1.jpg","width":1835,"height":411,"caption":"Radians Lighting"},"image":{"@id":"https:\/\/radianslighting.com\/#\/schema\/logo\/image\/"}}]}},"_links":{"self":[{"href":"https:\/\/radianslighting.com\/da\/wp-json\/wp\/v2\/product\/11891"}],"collection":[{"href":"https:\/\/radianslighting.com\/da\/wp-json\/wp\/v2\/product"}],"about":[{"href":"https:\/\/radianslighting.com\/da\/wp-json\/wp\/v2\/types\/product"}],"replies":[{"embeddable":true,"href":"https:\/\/radianslighting.com\/da\/wp-json\/wp\/v2\/comments?post=11891"}],"wp:featuredmedia":[{"embeddable":true,"href":"https:\/\/radianslighting.com\/da\/wp-json\/wp\/v2\/media\/11901"}],"wp:attachment":[{"href":"https:\/\/radianslighting.com\/da\/wp-json\/wp\/v2\/media?parent=11891"}],"wp:term":[{"taxonomy":"product_cat","embeddable":true,"href":"https:\/\/radianslighting.com\/da\/wp-json\/wp\/v2\/product_cat?post=11891"},{"taxonomy":"product_tag","embeddable":true,"href":"https:\/\/radianslighting.com\/da\/wp-json\/wp\/v2\/product_tag?post=11891"}],"curies":[{"name":"wp","href":"https:\/\/api.w.org\/{rel}","templated":true}]}}